{"id":597,"date":"2026-04-13T10:35:31","date_gmt":"2026-04-13T08:35:31","guid":{"rendered":"https:\/\/supexup.formatome.fr\/2025-2026\/RPMC\/9\/?post_type=product&#038;p=597"},"modified":"2026-04-13T10:35:31","modified_gmt":"2026-04-13T08:35:31","slug":"tome-1-the-promised-neverland","status":"publish","type":"product","link":"https:\/\/supexup.formatome.fr\/2025-2026\/RPMC\/9\/product\/tome-1-the-promised-neverland\/","title":{"rendered":"Tome 1 The Promised Neverland"},"content":{"rendered":"<p data-start=\"388\" data-end=\"453\">Tout semblait parfait\u2026 jusqu\u2019\u00e0 la d\u00e9couverte qui va tout changer.<\/p>\n<p data-start=\"455\" data-end=\"745\">Dans le tome 1 de <span class=\"hover:entity-accent entity-underline inline cursor-pointer align-baseline\"><span class=\"whitespace-normal\">The Promised Neverland<\/span><\/span>, Emma, Norman et Ray vivent paisiblement dans un orphelinat chaleureux, entour\u00e9s d\u2019autres enfants et sous la bienveillance de leur \u201cmaman\u201d. Leur quotidien est rythm\u00e9 par les jeux, les apprentissages et l\u2019espoir d\u2019\u00eatre un jour adopt\u00e9s.<\/p>\n<p data-start=\"747\" data-end=\"836\">Mais un soir, une v\u00e9rit\u00e9 terrifiante \u00e9clate : cet endroit n\u2019est pas ce qu\u2019il para\u00eet \u00eatre.<\/p>\n<p data-start=\"838\" data-end=\"1050\">Face \u00e0 un destin cruel, les trois enfants d\u00e9cident de r\u00e9sister. Ensemble, ils vont devoir faire preuve d\u2019intelligence, de sang-froid et de strat\u00e9gie pour \u00e9laborer un plan d\u2019\u00e9vasion et sauver tous leurs camarades.<\/p>\n<p data-start=\"1052\" data-end=\"1093\"><strong data-start=\"1055\" data-end=\"1093\">Pourquoi ce manga va te captiver ?<\/strong><\/p>\n<ul data-start=\"1094\" data-end=\"1300\">\n<li data-section-id=\"1lzvkyk\" data-start=\"1094\" data-end=\"1143\">Un sc\u00e9nario haletant plein de rebondissements<\/li>\n<li data-section-id=\"1d1ba02\" data-start=\"1144\" data-end=\"1203\">Des personnages intelligents et profond\u00e9ment attachants<\/li>\n<li data-section-id=\"arc9x7\" data-start=\"1204\" data-end=\"1243\">Une tension psychologique constante<\/li>\n<li data-section-id=\"1nividk\" data-start=\"1244\" data-end=\"1300\">Un m\u00e9lange parfait entre thriller, myst\u00e8re et survie<\/li>\n<\/ul>\n<p data-start=\"1302\" data-end=\"1433\">Un premier tome choc qui pose les bases d\u2019une s\u00e9rie incontournable, o\u00f9 chaque d\u00e9cision peut \u00eatre une question de vie ou de mort.<\/p>\n","protected":false},"excerpt":{"rendered":"<p>Plongez dans l\u2019univers sombre de <span class=\"hover:entity-accent entity-underline inline cursor-pointer align-baseline\"><span class=\"whitespace-normal\">The Promised Neverland<\/span><\/span> Tome 1, o\u00f9 des enfants d\u00e9couvrent que leur orphelinat cache un terrible secret. Entre strat\u00e9gie, tension et suspense, une lutte pour la survie commence.<\/p>\n","protected":false},"featured_media":598,"comment_status":"open","ping_status":"closed","template":"","meta":{"_et_pb_use_builder":"","_et_pb_old_content":"","_et_gb_content_width":""},"product_brand":[],"product_cat":[23],"product_tag":[],"class_list":{"0":"post-597","1":"product","2":"type-product","3":"status-publish","4":"has-post-thumbnail","6":"product_cat-uncategorized","8":"first","9":"instock","10":"shipping-taxable","11":"purchasable","12":"product-type-simple"},"_links":{"self":[{"href":"https:\/\/supexup.formatome.fr\/2025-2026\/RPMC\/9\/wp-json\/wp\/v2\/product\/597","targetHints":{"allow":["GET"]}}],"collection":[{"href":"https:\/\/supexup.formatome.fr\/2025-2026\/RPMC\/9\/wp-json\/wp\/v2\/product"}],"about":[{"href":"https:\/\/supexup.formatome.fr\/2025-2026\/RPMC\/9\/wp-json\/wp\/v2\/types\/product"}],"replies":[{"embeddable":true,"href":"https:\/\/supexup.formatome.fr\/2025-2026\/RPMC\/9\/wp-json\/wp\/v2\/comments?post=597"}],"wp:featuredmedia":[{"embeddable":true,"href":"https:\/\/supexup.formatome.fr\/2025-2026\/RPMC\/9\/wp-json\/wp\/v2\/media\/598"}],"wp:attachment":[{"href":"https:\/\/supexup.formatome.fr\/2025-2026\/RPMC\/9\/wp-json\/wp\/v2\/media?parent=597"}],"wp:term":[{"taxonomy":"product_brand","embeddable":true,"href":"https:\/\/supexup.formatome.fr\/2025-2026\/RPMC\/9\/wp-json\/wp\/v2\/product_brand?post=597"},{"taxonomy":"product_cat","embeddable":true,"href":"https:\/\/supexup.formatome.fr\/2025-2026\/RPMC\/9\/wp-json\/wp\/v2\/product_cat?post=597"},{"taxonomy":"product_tag","embeddable":true,"href":"https:\/\/supexup.formatome.fr\/2025-2026\/RPMC\/9\/wp-json\/wp\/v2\/product_tag?post=597"}],"curies":[{"name":"wp","href":"https:\/\/api.w.org\/{rel}","templated":true}]}}