{"id":590,"date":"2026-04-13T10:23:53","date_gmt":"2026-04-13T08:23:53","guid":{"rendered":"https:\/\/supexup.formatome.fr\/2025-2026\/RPMC\/9\/?post_type=product&#038;p=590"},"modified":"2026-04-13T10:23:53","modified_gmt":"2026-04-13T08:23:53","slug":"tome-1-zom-100-bucket-list-of-the-dead","status":"publish","type":"product","link":"https:\/\/supexup.formatome.fr\/2025-2026\/RPMC\/9\/product\/tome-1-zom-100-bucket-list-of-the-dead\/","title":{"rendered":"Tome 1 Zom 100 : Bucket list of the dead"},"content":{"rendered":"<p data-start=\"406\" data-end=\"474\">Et si la fin du monde \u00e9tait finalement le d\u00e9but de votre vraie vie ?<\/p>\n<p data-start=\"476\" data-end=\"781\">Dans le tome 1 de <span class=\"hover:entity-accent entity-underline inline cursor-pointer align-baseline\"><span class=\"whitespace-normal\">Zom 100 : Bucket List of the Dead<\/span><\/span>, on fait la rencontre d\u2019Akira Tendo, un jeune salari\u00e9 totalement vid\u00e9 par son travail dans une entreprise toxique. Entre journ\u00e9es interminables et pression constante, il n\u2019a plus go\u00fbt \u00e0 rien\u2026 jusqu\u2019au jour o\u00f9 une invasion de zombies frappe le Japon.<\/p>\n<p data-start=\"783\" data-end=\"1010\">L\u00e0 o\u00f9 tout le monde panique, Akira, lui, ressent un immense soulagement : il n\u2019a plus besoin d\u2019aller travailler ! Lib\u00e9r\u00e9 de ses obligations, il d\u00e9cide alors de dresser une liste de 100 choses \u00e0 faire avant de devenir un zombie.<\/p>\n<p data-start=\"1012\" data-end=\"1161\">Commence alors une aventure aussi absurde qu\u2019exaltante, o\u00f9 chaque journ\u00e9e est une nouvelle occasion de vivre \u00e0 fond, malgr\u00e9 les dangers omnipr\u00e9sents.<\/p>\n<p data-start=\"1163\" data-end=\"1202\"><strong data-start=\"1166\" data-end=\"1202\">Pourquoi ce manga va te plaire ?<\/strong><\/p>\n<ul data-start=\"1203\" data-end=\"1425\">\n<li data-section-id=\"1fm93it\" data-start=\"1203\" data-end=\"1266\">Un concept original qui revisite totalement le genre zombie<\/li>\n<li data-section-id=\"1ioqdj8\" data-start=\"1267\" data-end=\"1332\">Un m\u00e9lange explosif d\u2019humour, d\u2019action et de critique sociale<\/li>\n<li data-section-id=\"ffrtnr\" data-start=\"1333\" data-end=\"1374\">Un h\u00e9ros attachant et ultra relatable<\/li>\n<li data-section-id=\"iqnfc0\" data-start=\"1375\" data-end=\"1425\">Une lecture fun, dynamique et pleine d\u2019\u00e9nergie<\/li>\n<\/ul>\n<p data-start=\"1427\" data-end=\"1546\">\u00a0Entre survie et qu\u00eate de bonheur, ce premier tome donne le ton d\u2019une s\u00e9rie rafra\u00eechissante et compl\u00e8tement d\u00e9cal\u00e9e !<\/p>\n","protected":false},"excerpt":{"rendered":"<p>D\u00e9couvrez <span class=\"hover:entity-accent entity-underline inline cursor-pointer align-baseline\"><span class=\"whitespace-normal\">Zom 100 : Bucket List of the Dead<\/span><\/span> Tome 1, un manga d\u00e9jant\u00e9 o\u00f9 apocalypse zombie rime avec libert\u00e9 ! Suivez Akira, un employ\u00e9 \u00e9puis\u00e9 par la vie, qui voit enfin une opportunit\u00e9 de profiter de l\u2019existence\u2026 au milieu du chaos.<\/p>\n","protected":false},"featured_media":591,"comment_status":"open","ping_status":"closed","template":"","meta":{"_et_pb_use_builder":"","_et_pb_old_content":"","_et_gb_content_width":""},"product_brand":[],"product_cat":[23],"product_tag":[],"class_list":{"0":"post-590","1":"product","2":"type-product","3":"status-publish","4":"has-post-thumbnail","6":"product_cat-uncategorized","8":"first","9":"instock","10":"shipping-taxable","11":"purchasable","12":"product-type-simple"},"_links":{"self":[{"href":"https:\/\/supexup.formatome.fr\/2025-2026\/RPMC\/9\/wp-json\/wp\/v2\/product\/590","targetHints":{"allow":["GET"]}}],"collection":[{"href":"https:\/\/supexup.formatome.fr\/2025-2026\/RPMC\/9\/wp-json\/wp\/v2\/product"}],"about":[{"href":"https:\/\/supexup.formatome.fr\/2025-2026\/RPMC\/9\/wp-json\/wp\/v2\/types\/product"}],"replies":[{"embeddable":true,"href":"https:\/\/supexup.formatome.fr\/2025-2026\/RPMC\/9\/wp-json\/wp\/v2\/comments?post=590"}],"wp:featuredmedia":[{"embeddable":true,"href":"https:\/\/supexup.formatome.fr\/2025-2026\/RPMC\/9\/wp-json\/wp\/v2\/media\/591"}],"wp:attachment":[{"href":"https:\/\/supexup.formatome.fr\/2025-2026\/RPMC\/9\/wp-json\/wp\/v2\/media?parent=590"}],"wp:term":[{"taxonomy":"product_brand","embeddable":true,"href":"https:\/\/supexup.formatome.fr\/2025-2026\/RPMC\/9\/wp-json\/wp\/v2\/product_brand?post=590"},{"taxonomy":"product_cat","embeddable":true,"href":"https:\/\/supexup.formatome.fr\/2025-2026\/RPMC\/9\/wp-json\/wp\/v2\/product_cat?post=590"},{"taxonomy":"product_tag","embeddable":true,"href":"https:\/\/supexup.formatome.fr\/2025-2026\/RPMC\/9\/wp-json\/wp\/v2\/product_tag?post=590"}],"curies":[{"name":"wp","href":"https:\/\/api.w.org\/{rel}","templated":true}]}}