{"id":584,"date":"2026-04-13T10:10:30","date_gmt":"2026-04-13T08:10:30","guid":{"rendered":"https:\/\/supexup.formatome.fr\/2025-2026\/RPMC\/9\/?post_type=product&#038;p=584"},"modified":"2026-04-13T10:36:34","modified_gmt":"2026-04-13T08:36:34","slug":"tome-1-carnet-de-lapothicaire","status":"publish","type":"product","link":"https:\/\/supexup.formatome.fr\/2025-2026\/RPMC\/9\/product\/tome-1-carnet-de-lapothicaire\/","title":{"rendered":"Tome 1 carnet de l&rsquo;apothicaire"},"content":{"rendered":"<p data-start=\"207\" data-end=\"376\">Entrez dans les coulisses du palais imp\u00e9rial avec le tome 1 de <span class=\"hover:entity-accent entity-underline inline cursor-pointer align-baseline\"><span class=\"whitespace-normal\">Les Carnets de l&rsquo;apothicaire<\/span><\/span>, une \u0153uvre captivante m\u00ealant myst\u00e8re, intrigues et savoir ancestral.<\/p>\n<p data-start=\"378\" data-end=\"700\">Maomao, jeune apothicaire \u00e0 l\u2019esprit vif et curieux, voit sa vie basculer lorsqu\u2019elle est arrach\u00e9e \u00e0 son quotidien pour devenir servante au c\u0153ur de la cour imp\u00e9riale. Dans cet univers o\u00f9 chaque sourire peut cacher un secret et o\u00f9 le moindre faux pas peut \u00eatre fatal, elle choisit de rester dans l\u2019ombre\u2026 du moins au d\u00e9but.<\/p>\n<p data-start=\"702\" data-end=\"1067\">Mais lorsque d\u2019\u00e9tranges \u00e9v\u00e9nements frappent les enfants de l\u2019empereur, Maomao ne peut s\u2019emp\u00eacher d\u2019intervenir. Gr\u00e2ce \u00e0 ses connaissances en m\u00e9decine et en poisons, elle d\u00e9m\u00eale peu \u00e0 peu les myst\u00e8res qui hantent le palais. Son talent attire alors l\u2019attention de Jinshi, un haut fonctionnaire aussi \u00e9nigmatique que charismatique, qui pourrait bien changer son destin.<\/p>\n<p data-start=\"1069\" data-end=\"1207\">Au fil des pages, laissez-vous emporter par une histoire riche en rebondissements, o\u00f9 intelligence et intuition sont les meilleures armes.<\/p>\n<p data-start=\"1209\" data-end=\"1246\"><strong data-start=\"1212\" data-end=\"1246\">Pourquoi ce manga va te plaire ?<\/strong><\/p>\n<ul data-start=\"1247\" data-end=\"1485\">\n<li data-section-id=\"1mwzwk3\" data-start=\"1247\" data-end=\"1312\">Une intrigue originale centr\u00e9e sur les \u00e9nigmes et la m\u00e9decine<\/li>\n<li data-section-id=\"fnjuh6\" data-start=\"1313\" data-end=\"1366\">Une h\u00e9ro\u00efne ind\u00e9pendante, brillante et attachante<\/li>\n<li data-section-id=\"ev4gw8\" data-start=\"1367\" data-end=\"1436\">Une immersion totale dans un univers inspir\u00e9 de la cour imp\u00e9riale<\/li>\n<li data-section-id=\"lobso\" data-start=\"1437\" data-end=\"1485\">Des relations subtiles et pleines de myst\u00e8re<\/li>\n<\/ul>\n<p data-start=\"1487\" data-end=\"1633\">Un premier tome qui pose les bases d\u2019une s\u00e9rie addictive, id\u00e9ale pour les lecteurs en qu\u00eate d\u2019un manga diff\u00e9rent, m\u00ealant r\u00e9flexion et suspense.<\/p>\n","protected":false},"excerpt":{"rendered":"<p>Plonge dans l\u2019univers intrigant de <span class=\"hover:entity-accent entity-underline inline cursor-pointer align-baseline\"><span class=\"whitespace-normal\">Les Carnets de l&rsquo;apothicaire<\/span><\/span> Tome 1 ! Suivez Maomao, une jeune apothicaire brillante, propuls\u00e9e au c\u0153ur du palais imp\u00e9rial o\u00f9 myst\u00e8res, poisons et complots rythment son quotidien.<\/p>\n","protected":false},"featured_media":585,"comment_status":"open","ping_status":"closed","template":"","meta":{"_et_pb_use_builder":"","_et_pb_old_content":"","_et_gb_content_width":""},"product_brand":[],"product_cat":[23],"product_tag":[],"class_list":{"0":"post-584","1":"product","2":"type-product","3":"status-publish","4":"has-post-thumbnail","6":"product_cat-uncategorized","8":"first","9":"instock","10":"shipping-taxable","11":"purchasable","12":"product-type-simple"},"_links":{"self":[{"href":"https:\/\/supexup.formatome.fr\/2025-2026\/RPMC\/9\/wp-json\/wp\/v2\/product\/584","targetHints":{"allow":["GET"]}}],"collection":[{"href":"https:\/\/supexup.formatome.fr\/2025-2026\/RPMC\/9\/wp-json\/wp\/v2\/product"}],"about":[{"href":"https:\/\/supexup.formatome.fr\/2025-2026\/RPMC\/9\/wp-json\/wp\/v2\/types\/product"}],"replies":[{"embeddable":true,"href":"https:\/\/supexup.formatome.fr\/2025-2026\/RPMC\/9\/wp-json\/wp\/v2\/comments?post=584"}],"wp:featuredmedia":[{"embeddable":true,"href":"https:\/\/supexup.formatome.fr\/2025-2026\/RPMC\/9\/wp-json\/wp\/v2\/media\/585"}],"wp:attachment":[{"href":"https:\/\/supexup.formatome.fr\/2025-2026\/RPMC\/9\/wp-json\/wp\/v2\/media?parent=584"}],"wp:term":[{"taxonomy":"product_brand","embeddable":true,"href":"https:\/\/supexup.formatome.fr\/2025-2026\/RPMC\/9\/wp-json\/wp\/v2\/product_brand?post=584"},{"taxonomy":"product_cat","embeddable":true,"href":"https:\/\/supexup.formatome.fr\/2025-2026\/RPMC\/9\/wp-json\/wp\/v2\/product_cat?post=584"},{"taxonomy":"product_tag","embeddable":true,"href":"https:\/\/supexup.formatome.fr\/2025-2026\/RPMC\/9\/wp-json\/wp\/v2\/product_tag?post=584"}],"curies":[{"name":"wp","href":"https:\/\/api.w.org\/{rel}","templated":true}]}}