{"id":67,"date":"2025-11-10T12:14:57","date_gmt":"2025-11-10T11:14:57","guid":{"rendered":"https:\/\/supexup.formatome.fr\/2025-2026\/RPMC\/8\/?page_id=67"},"modified":"2025-11-10T12:14:57","modified_gmt":"2025-11-10T11:14:57","slug":"67-2","status":"publish","type":"page","link":"https:\/\/supexup.formatome.fr\/2025-2026\/RPMC\/8\/67-2\/","title":{"rendered":""},"content":{"rendered":"<p>[et_pb_section fb_built=\u00a0\u00bb1&Prime; theme_builder_area=\u00a0\u00bbpost_content\u00a0\u00bb _builder_version=\u00a0\u00bb4.27.4&Prime; _module_preset=\u00a0\u00bbdefault\u00a0\u00bb parallax=\u00a0\u00bbon\u00a0\u00bb hover_enabled=\u00a0\u00bb0&Prime; sticky_enabled=\u00a0\u00bb0&Prime; title_text=\u00a0\u00bbPHOTO-2025-11-10-11-28-19&Prime; background_image=\u00a0\u00bbhttp:\/\/supexup.formatome.fr\/2025-2026\/RPMC\/8\/wp-content\/uploads\/2025\/11\/PHOTO-2025-11-10-11-28-19.jpg\u00a0\u00bb custom_padding=\u00a0\u00bb||18px|||\u00a0\u00bb][et_pb_row _builder_version=\u00a0\u00bb4.27.4&Prime; _module_preset=\u00a0\u00bbdefault\u00a0\u00bb theme_builder_area=\u00a0\u00bbpost_content\u00a0\u00bb hover_enabled=\u00a0\u00bb0&Prime; sticky_enabled=\u00a0\u00bb0&Prime;][et_pb_column _builder_version=\u00a0\u00bb4.27.4&Prime; _module_preset=\u00a0\u00bbdefault\u00a0\u00bb type=\u00a0\u00bb4_4&Prime; theme_builder_area=\u00a0\u00bbpost_content\u00a0\u00bb][\/et_pb_column][\/et_pb_row][et_pb_row _builder_version=\u00a0\u00bb4.27.4&Prime; _module_preset=\u00a0\u00bbdefault\u00a0\u00bb theme_builder_area=\u00a0\u00bbpost_content\u00a0\u00bb ab_goal=\u00a0\u00bbon\u00a0\u00bb][et_pb_column _builder_version=\u00a0\u00bb4.27.4&Prime; _module_preset=\u00a0\u00bbdefault\u00a0\u00bb type=\u00a0\u00bb4_4&Prime; theme_builder_area=\u00a0\u00bbpost_content\u00a0\u00bb][et_pb_text _builder_version=\u00a0\u00bb4.27.4&Prime; _module_preset=\u00a0\u00bbdefault\u00a0\u00bb theme_builder_area=\u00a0\u00bbpost_content\u00a0\u00bb content__hover_enabled=\u00a0\u00bbon|desktop\u00a0\u00bb hover_enabled=\u00a0\u00bb0&Prime; sticky_enabled=\u00a0\u00bb0&Prime; inline_fonts=\u00a0\u00bbBasic\u00a0\u00bb content__hover=\u00a0\u00bb<\/p>\n<p><span style=%22font-size: xx-large; font-family: Basic; font-weight: normal;%22><strong><span style=%22color: #ffff00;%22>QG<\/span> <span style=%22color: #f7f7f7;%22>TH\u00c9RAPIE<\/span><\/strong><\/span><\/p>\n<p><span style=%22font-size: x-large; font-family: Basic; font-weight: normal; color: #f7f7f7;%22>Sexoth\u00e9rapie &#8211; Hypnoth\u00e9rapie &#8211; Education \u00e0 la sexualit\u00e9\u00a0<\/span><\/p>\n<p><span style=%22font-size: x-large; font-family: Basic; font-weight: normal; color: #f7f7f7;%22>Montpellier et alentours<\/span><\/p>\n<p><span style=%22font-size: x-large; font-family: Basic; font-weight: normal; color: #f7f7f7;%22>06.10.55.86.05<\/span><\/p>\n<p>\u00ab\u00a0]<\/p>\n<p><span style=\"font-size: xx-large; font-family: Basic; font-weight: normal;\"><strong><span style=\"color: #ffff00;\">QG<\/span> <span style=\"color: #f7f7f7;\">TH\u00c9RAPIE<\/span><\/strong><\/span><\/p>\n<p><span style=\"font-size: x-large; font-family: Basic; font-weight: normal; color: #f7f7f7;\">Sexoth\u00e9rapie &#8211; Hypnoth\u00e9rapie &#8211; Education \u00e0 la sexualit\u00e9\u00a0<\/span><\/p>\n<p><span style=\"font-size: x-large; font-family: Basic; font-weight: normal; color: #f7f7f7;\">Montpellier et alentours<\/span><\/p>\n<p><span style=\"font-size: x-large; font-family: Basic; font-weight: normal; color: #f7f7f7;\">06.10.55.86.05<\/span><\/p>\n<p>[\/et_pb_text][\/et_pb_column][\/et_pb_row][et_pb_row _builder_version=\u00a0\u00bb4.27.4&Prime; _module_preset=\u00a0\u00bbdefault\u00a0\u00bb theme_builder_area=\u00a0\u00bbpost_content\u00a0\u00bb][et_pb_column _builder_version=\u00a0\u00bb4.27.4&Prime; _module_preset=\u00a0\u00bbdefault\u00a0\u00bb type=\u00a0\u00bb4_4&Prime; theme_builder_area=\u00a0\u00bbpost_content\u00a0\u00bb][et_pb_button button_text=\u00a0\u00bbPrenez rendez-vous\u00a0\u00bb _builder_version=\u00a0\u00bb4.27.4&Prime; _module_preset=\u00a0\u00bbdefault\u00a0\u00bb theme_builder_area=\u00a0\u00bbpost_content\u00a0\u00bb hover_enabled=\u00a0\u00bb0&Prime; sticky_enabled=\u00a0\u00bb0&Prime; custom_padding=\u00a0\u00bb||0px|||\u00a0\u00bb ab_subject=\u00a0\u00bbon\u00a0\u00bb ab_subject_id=\u00a0\u00bb1&Prime; box_shadow_horizontal=\u00a0\u00bb9px\u00a0\u00bb box_shadow_vertical=\u00a0\u00bb15px\u00a0\u00bb box_shadow_color=\u00a0\u00bb#EDF000&Prime; background_layout=\u00a0\u00bbdark\u00a0\u00bb custom_button=\u00a0\u00bbon\u00a0\u00bb button_text_size=\u00a0\u00bb15px\u00a0\u00bb animation_style=\u00a0\u00bbfade\u00a0\u00bb button_border_radius=\u00a0\u00bb74px\u00a0\u00bb button_letter_spacing=\u00a0\u00bb6px\u00a0\u00bb button_font=\u00a0\u00bb&#8211;et_global_heading_font|600|||||||\u00a0\u00bb button_bg_color=\u00a0\u00bbRGBA(0,0,0,0.4)\u00a0\u00bb button_border_color=\u00a0\u00bbRGBA(255,255,255,0)\u00a0\u00bb button_border_width=\u00a0\u00bb13px\u00a0\u00bb box_shadow_spread=\u00a0\u00bb1px\u00a0\u00bb button_icon=\u00a0\u00bb&#x33;||divi||400&Prime;][\/et_pb_button][et_pb_button button_text=\u00a0\u00bbPrenez rendez-vous\u00a0\u00bb _builder_version=\u00a0\u00bb4.27.4&Prime; _module_preset=\u00a0\u00bbdefault\u00a0\u00bb theme_builder_area=\u00a0\u00bbpost_content\u00a0\u00bb hover_enabled=\u00a0\u00bb0&Prime; sticky_enabled=\u00a0\u00bb0&Prime; custom_padding=\u00a0\u00bb||0px|||\u00a0\u00bb ab_subject=\u00a0\u00bbon\u00a0\u00bb ab_subject_id=\u00a0\u00bb2&Prime;][\/et_pb_button][\/et_pb_column][\/et_pb_row][\/et_pb_section][et_pb_section fb_built=\u00a0\u00bb1&Prime; theme_builder_area=\u00a0\u00bbpost_content\u00a0\u00bb _builder_version=\u00a0\u00bb4.27.4&Prime; _module_preset=\u00a0\u00bbdefault\u00a0\u00bb][et_pb_row _builder_version=\u00a0\u00bb4.27.4&Prime; _module_preset=\u00a0\u00bbdefault\u00a0\u00bb theme_builder_area=\u00a0\u00bbpost_content\u00a0\u00bb column_structure=\u00a0\u00bb1_3,1_3,1_3&Prime;][et_pb_column _builder_version=\u00a0\u00bb4.27.4&Prime; _module_preset=\u00a0\u00bbdefault\u00a0\u00bb type=\u00a0\u00bb1_3&Prime; theme_builder_area=\u00a0\u00bbpost_content\u00a0\u00bb][et_pb_image src=\u00a0\u00bbhttp:\/\/supexup.formatome.fr\/2025-2026\/RPMC\/8\/wp-content\/uploads\/2025\/11\/Capture-decran-2025-11-10-a-11.19.37.png\u00a0\u00bb _builder_version=\u00a0\u00bb4.27.4&Prime; _module_preset=\u00a0\u00bbdefault\u00a0\u00bb theme_builder_area=\u00a0\u00bbpost_content\u00a0\u00bb title_text=\u00a0\u00bbCapture d\u2019\u00e9cran 2025-11-10 \u00e0 11.19.37&Prime; hover_enabled=\u00a0\u00bb0&Prime; sticky_enabled=\u00a0\u00bb0&Prime; custom_margin=\u00a0\u00bb|||120px|false|false\u00a0\u00bb custom_padding=\u00a0\u00bb|0px||30px|false|false\u00a0\u00bb width=\u00a0\u00bb30%\u00a0\u00bb max_width=\u00a0\u00bb30%\u00a0\u00bb][\/et_pb_image][\/et_pb_column][et_pb_column _builder_version=\u00a0\u00bb4.27.4&Prime; _module_preset=\u00a0\u00bbdefault\u00a0\u00bb type=\u00a0\u00bb1_3&Prime; theme_builder_area=\u00a0\u00bbpost_content\u00a0\u00bb][et_pb_image src=\u00a0\u00bbhttp:\/\/supexup.formatome.fr\/2025-2026\/RPMC\/8\/wp-content\/uploads\/2025\/11\/Capture-decran-2025-11-10-a-11.19.42.png\u00a0\u00bb _builder_version=\u00a0\u00bb4.27.4&Prime; _module_preset=\u00a0\u00bbdefault\u00a0\u00bb theme_builder_area=\u00a0\u00bbpost_content\u00a0\u00bb title_text=\u00a0\u00bbCapture d\u2019\u00e9cran 2025-11-10 \u00e0 11.19.42&Prime; width=\u00a0\u00bb30%\u00a0\u00bb max_width=\u00a0\u00bb30%\u00a0\u00bb custom_margin=\u00a0\u00bb|||100px|false|false\u00a0\u00bb custom_padding=\u00a0\u00bb|||30px|false|false\u00a0\u00bb hover_enabled=\u00a0\u00bb0&Prime; sticky_enabled=\u00a0\u00bb0&Prime;][\/et_pb_image][\/et_pb_column][et_pb_column _builder_version=\u00a0\u00bb4.27.4&Prime; _module_preset=\u00a0\u00bbdefault\u00a0\u00bb type=\u00a0\u00bb1_3&Prime; theme_builder_area=\u00a0\u00bbpost_content\u00a0\u00bb][et_pb_image src=\u00a0\u00bbhttp:\/\/supexup.formatome.fr\/2025-2026\/RPMC\/8\/wp-content\/uploads\/2025\/11\/Capture-decran-2025-11-10-a-11.19.49.png\u00a0\u00bb _builder_version=\u00a0\u00bb4.27.4&Prime; _module_preset=\u00a0\u00bbdefault\u00a0\u00bb theme_builder_area=\u00a0\u00bbpost_content\u00a0\u00bb title_text=\u00a0\u00bbCapture d\u2019\u00e9cran 2025-11-10 \u00e0 11.19.49&Prime; width=\u00a0\u00bb30%\u00a0\u00bb max_width=\u00a0\u00bb30%\u00a0\u00bb custom_margin=\u00a0\u00bb|||80px|false|false\u00a0\u00bb custom_padding=\u00a0\u00bb|||30px|false|false\u00a0\u00bb hover_enabled=\u00a0\u00bb0&Prime; sticky_enabled=\u00a0\u00bb0&Prime;][\/et_pb_image][\/et_pb_column][\/et_pb_row][et_pb_row _builder_version=\u00a0\u00bb4.27.4&Prime; _module_preset=\u00a0\u00bbdefault\u00a0\u00bb theme_builder_area=\u00a0\u00bbpost_content\u00a0\u00bb column_structure=\u00a0\u00bb1_3,1_3,1_3&Prime;][et_pb_column _builder_version=\u00a0\u00bb4.27.4&Prime; _module_preset=\u00a0\u00bbdefault\u00a0\u00bb type=\u00a0\u00bb1_3&Prime; theme_builder_area=\u00a0\u00bbpost_content\u00a0\u00bb][et_pb_text _builder_version=\u00a0\u00bb4.27.4&Prime; _module_preset=\u00a0\u00bbdefault\u00a0\u00bb theme_builder_area=\u00a0\u00bbpost_content\u00a0\u00bb hover_enabled=\u00a0\u00bb0&Prime; sticky_enabled=\u00a0\u00bb0&Prime;]<\/p>\n<div class=\"et_pb_module et_pb_text et_pb_text_4  et_pb_text_align_center et_pb_bg_layout_light\">\n<div class=\"et_pb_text_inner\">\n<h2><strong>Sexoth\u00e9rapie<\/strong><\/h2>\n<\/div>\n<\/div>\n<div class=\"et_pb_module et_pb_text et_pb_text_5  et_pb_text_align_center et_pb_bg_layout_light\">\n<div class=\"et_pb_text_inner\">\n<div class=\"flex max-w-full flex-col flex-grow\">\n<div data-message-author-role=\"assistant\" data-message-id=\"a9c70c15-9222-454e-b04d-06a8558437c1\" dir=\"auto\" class=\"min-h-8 text-message flex w-full flex-col items-end gap-2 whitespace-normal break-words [.text-message+&amp;]:mt-5\" data-message-model-slug=\"gpt-4o\">\n<div class=\"flex w-full flex-col gap-1 empty:hidden first:pt-[3px]\">\n<div class=\"markdown prose w-full break-words dark:prose-invert light\">\n<p><em>D\u00e9couvrez une approche bienveillante et experte pour aborder vos questions de sexualit\u00e9 et d\u2019intimit\u00e9.<\/em><\/p>\n<p>En tant que sexoth\u00e9rapeute, je vous accompagne pour <strong>surmonter <\/strong>les blocages,<strong>retrouver<\/strong> votre \u00e9panouissement et <strong>renforcer<\/strong><strong>votre bien-\u00eatre sexuel<\/strong>. Que vous rencontriez des difficult\u00e9s comme les <strong>troubles de l\u2019\u00e9rection<\/strong>, la <strong>baisse de libido<\/strong>, ou des <strong>douleurs<\/strong>, la sexoth\u00e9rapie est l\u00e0 pour vous.<\/p>\n<p><strong>Cliquez pour en savoir plus<\/strong> sur ce chemin vers une vie intime \u00e9quilibr\u00e9e et sereine.<\/p>\n<\/div>\n<\/div>\n<\/div>\n<\/div>\n<\/div>\n<\/div>\n<p>[\/et_pb_text][et_pb_button button_text=\u00a0\u00bbEN SAVOIR PLUS \u00a0\u00bb _builder_version=\u00a0\u00bb4.27.4&Prime; _module_preset=\u00a0\u00bbdefault\u00a0\u00bb theme_builder_area=\u00a0\u00bbpost_content\u00a0\u00bb background_layout=\u00a0\u00bbdark\u00a0\u00bb custom_button=\u00a0\u00bbon\u00a0\u00bb button_text_size=\u00a0\u00bb27px\u00a0\u00bb button_bg_color=\u00a0\u00bb#6B6B6B\u00a0\u00bb box_shadow_horizontal=\u00a0\u00bb11px\u00a0\u00bb box_shadow_spread=\u00a0\u00bb13px\u00a0\u00bb box_shadow_color=\u00a0\u00bb#EDF000&Prime; transform_scale=\u00a0\u00bb49%|49%\u00a0\u00bb button_border_width=\u00a0\u00bb20px\u00a0\u00bb button_border_color=\u00a0\u00bb#6B6B6B\u00a0\u00bb button_border_radius=\u00a0\u00bb46px\u00a0\u00bb button_letter_spacing=\u00a0\u00bb0px\u00a0\u00bb button_icon_color=\u00a0\u00bb#000000&Prime; box_shadow_vertical=\u00a0\u00bb12px\u00a0\u00bb hover_enabled=\u00a0\u00bb0&Prime; sticky_enabled=\u00a0\u00bb0&Prime; animation_style=\u00a0\u00bbfade\u00a0\u00bb animation_duration=\u00a0\u00bb0ms\u00a0\u00bb][\/et_pb_button][\/et_pb_column][et_pb_column _builder_version=\u00a0\u00bb4.27.4&Prime; _module_preset=\u00a0\u00bbdefault\u00a0\u00bb type=\u00a0\u00bb1_3&Prime; theme_builder_area=\u00a0\u00bbpost_content\u00a0\u00bb][et_pb_text _builder_version=\u00a0\u00bb4.27.4&Prime; _module_preset=\u00a0\u00bbdefault\u00a0\u00bb theme_builder_area=\u00a0\u00bbpost_content\u00a0\u00bb hover_enabled=\u00a0\u00bb0&Prime; sticky_enabled=\u00a0\u00bb0&Prime;]<\/p>\n<div class=\"et_pb_module et_pb_text et_pb_text_6  et_pb_text_align_center et_pb_bg_layout_light\">\n<div class=\"et_pb_text_inner\">\n<h2><strong>Hypnoth\u00e9rapie<\/strong><\/h2>\n<\/div>\n<\/div>\n<div class=\"et_pb_module et_pb_text et_pb_text_7  et_pb_text_align_center et_pb_bg_layout_light\">\n<div class=\"et_pb_text_inner\">\n<p><em>Lib\u00e9rez-vous du stress, des phobies et des habitudes limitantes gr\u00e2ce \u00e0 l\u2019hypnoth\u00e9rapie.<\/em><\/p>\n<p>En entrant dans <strong>un \u00e9tat de relaxation profonde ou \u00e9tat de conscience modifi\u00e9,<\/strong>l\u2019hypnoth\u00e9rapie vous aide \u00e0 <strong>reprogrammer vos pens\u00e9es<\/strong> et \u00e0 atteindre <strong>vos objectifs<\/strong>, que ce soit pour l<strong>\u2019arr\u00eat du tabac<\/strong>, la <strong>gestion du stress<\/strong> ou le d\u00e9veloppement de la <strong>confiance en soi<\/strong>.<\/p>\n<p><strong>Cliquez pour d\u00e9couvrir<\/strong> comment l\u2019hypnose peut transformer votre vie.<\/p>\n<p>&nbsp;<\/p>\n<\/div>\n<\/div>\n<p>[\/et_pb_text][et_pb_button button_text=\u00a0\u00bbD\u00c9COUVRIR\u00a0\u00bb _builder_version=\u00a0\u00bb4.27.4&Prime; _module_preset=\u00a0\u00bbdefault\u00a0\u00bb theme_builder_area=\u00a0\u00bbpost_content\u00a0\u00bb box_shadow_horizontal=\u00a0\u00bb6px\u00a0\u00bb box_shadow_vertical=\u00a0\u00bb8px\u00a0\u00bb box_shadow_spread=\u00a0\u00bb4px\u00a0\u00bb custom_button=\u00a0\u00bbon\u00a0\u00bb button_border_radius=\u00a0\u00bb53px\u00a0\u00bb button_border_color=\u00a0\u00bb#6B6B6B\u00a0\u00bb button_bg_color=\u00a0\u00bb#6B6B6B\u00a0\u00bb button_letter_spacing=\u00a0\u00bb1px\u00a0\u00bb button_text_size=\u00a0\u00bb12px\u00a0\u00bb button_border_width=\u00a0\u00bb13px\u00a0\u00bb box_shadow_color=\u00a0\u00bb#EDF000&Prime; hover_enabled=\u00a0\u00bb0&Prime; sticky_enabled=\u00a0\u00bb0&Prime; button_alignment=\u00a0\u00bbcenter\u00a0\u00bb][\/et_pb_button][\/et_pb_column][et_pb_column _builder_version=\u00a0\u00bb4.27.4&Prime; _module_preset=\u00a0\u00bbdefault\u00a0\u00bb type=\u00a0\u00bb1_3&Prime; theme_builder_area=\u00a0\u00bbpost_content\u00a0\u00bb][et_pb_text _builder_version=\u00a0\u00bb4.27.4&Prime; _module_preset=\u00a0\u00bbdefault\u00a0\u00bb theme_builder_area=\u00a0\u00bbpost_content\u00a0\u00bb hover_enabled=\u00a0\u00bb0&Prime; sticky_enabled=\u00a0\u00bb0&Prime;]<\/p>\n<div class=\"et_pb_module et_pb_text et_pb_text_8  et_pb_text_align_center et_pb_bg_layout_light\">\n<div class=\"et_pb_text_inner\">\n<h2><strong>Education \u00e0 la sexualit\u00e9<\/strong><\/h2>\n<\/div>\n<\/div>\n<div class=\"et_pb_module et_pb_text et_pb_text_9  et_pb_text_align_center et_pb_bg_layout_light\">\n<div class=\"et_pb_text_inner\">\n<p><em>Apprenez \u00e0 comprendre et \u00e0 vivre une sexualit\u00e9 saine et \u00e9panouie.<\/em><\/p>\n<p>L\u2019\u00e9ducation \u00e0 la sexualit\u00e9, <strong>adapt\u00e9e pour tous les \u00e2ges,<\/strong> permet de <strong>s\u2019informer, de mieux se conna\u00eetre et de cultiver une vie affective et intime harmonieuse.<\/strong> Enfants, adolescents, ou adultes, <strong>chacun m\u00e9rite des r\u00e9ponses justes et des conseils avis\u00e9s.<\/strong><\/p>\n<p><strong>Cliquez pour allez plus loin<\/strong> et d\u00e9couvrir un accompagnement respectueux et \u00e9ducatif.<\/p>\n<p>&nbsp;<\/p>\n<\/div>\n<\/div>\n<p>[\/et_pb_text][et_pb_button button_text=\u00a0\u00bbALLEZ PLUS LOIN\u00a0\u00bb _builder_version=\u00a0\u00bb4.27.4&Prime; _module_preset=\u00a0\u00bbdefault\u00a0\u00bb theme_builder_area=\u00a0\u00bbpost_content\u00a0\u00bb box_shadow_horizontal=\u00a0\u00bb6px\u00a0\u00bb box_shadow_vertical=\u00a0\u00bb7px\u00a0\u00bb box_shadow_spread=\u00a0\u00bb0px\u00a0\u00bb box_shadow_color=\u00a0\u00bb#EDF000&Prime; custom_button=\u00a0\u00bbon\u00a0\u00bb button_bg_color=\u00a0\u00bb#6B6B6B\u00a0\u00bb button_border_color=\u00a0\u00bb#6B6B6B\u00a0\u00bb button_border_radius=\u00a0\u00bb87px\u00a0\u00bb background_layout=\u00a0\u00bbdark\u00a0\u00bb button_text_size=\u00a0\u00bb16px\u00a0\u00bb button_border_width=\u00a0\u00bb10px\u00a0\u00bb transform_scale=\u00a0\u00bb87%|87%\u00a0\u00bb hover_enabled=\u00a0\u00bb0&Prime; sticky_enabled=\u00a0\u00bb0&Prime; button_alignment=\u00a0\u00bbcenter\u00a0\u00bb][\/et_pb_button][\/et_pb_column][\/et_pb_row][\/et_pb_section]<\/p>\n","protected":false},"excerpt":{"rendered":"<p>QG TH\u00c9RAPIE Sexoth\u00e9rapie &#8211; Hypnoth\u00e9rapie &#8211; Education \u00e0 la sexualit\u00e9\u00a0 Montpellier et alentours 06.10.55.86.05 Sexoth\u00e9rapie D\u00e9couvrez une approche bienveillante et experte pour aborder vos questions de sexualit\u00e9 et d\u2019intimit\u00e9. En tant que sexoth\u00e9rapeute, je vous accompagne pour surmonter les blocages,retrouver votre \u00e9panouissement et renforcervotre bien-\u00eatre sexuel. Que vous rencontriez des difficult\u00e9s comme les troubles de [&hellip;]<\/p>\n","protected":false},"author":2,"featured_media":0,"parent":0,"menu_order":0,"comment_status":"closed","ping_status":"closed","template":"","meta":{"_et_pb_use_builder":"on","_et_pb_old_content":"","_et_gb_content_width":"","footnotes":""},"class_list":["post-67","page","type-page","status-publish","hentry"],"_links":{"self":[{"href":"https:\/\/supexup.formatome.fr\/2025-2026\/RPMC\/8\/wp-json\/wp\/v2\/pages\/67","targetHints":{"allow":["GET"]}}],"collection":[{"href":"https:\/\/supexup.formatome.fr\/2025-2026\/RPMC\/8\/wp-json\/wp\/v2\/pages"}],"about":[{"href":"https:\/\/supexup.formatome.fr\/2025-2026\/RPMC\/8\/wp-json\/wp\/v2\/types\/page"}],"author":[{"embeddable":true,"href":"https:\/\/supexup.formatome.fr\/2025-2026\/RPMC\/8\/wp-json\/wp\/v2\/users\/2"}],"replies":[{"embeddable":true,"href":"https:\/\/supexup.formatome.fr\/2025-2026\/RPMC\/8\/wp-json\/wp\/v2\/comments?post=67"}],"version-history":[{"count":2,"href":"https:\/\/supexup.formatome.fr\/2025-2026\/RPMC\/8\/wp-json\/wp\/v2\/pages\/67\/revisions"}],"predecessor-version":[{"id":76,"href":"https:\/\/supexup.formatome.fr\/2025-2026\/RPMC\/8\/wp-json\/wp\/v2\/pages\/67\/revisions\/76"}],"wp:attachment":[{"href":"https:\/\/supexup.formatome.fr\/2025-2026\/RPMC\/8\/wp-json\/wp\/v2\/media?parent=67"}],"curies":[{"name":"wp","href":"https:\/\/api.w.org\/{rel}","templated":true}]}}