{"id":384,"date":"2026-04-13T10:14:00","date_gmt":"2026-04-13T08:14:00","guid":{"rendered":"https:\/\/supexup.formatome.fr\/2025-2026\/RPMC\/5\/?post_type=product&#038;p=384"},"modified":"2026-04-13T10:21:59","modified_gmt":"2026-04-13T08:21:59","slug":"le-jardin-de-burrata","status":"publish","type":"product","link":"https:\/\/supexup.formatome.fr\/2025-2026\/RPMC\/5\/produit\/le-jardin-de-burrata\/","title":{"rendered":"Le jardin de burrata"},"content":{"rendered":"<p><em data-start=\"5003\" data-end=\"5093\">Une entr\u00e9e l\u00e9g\u00e8re et color\u00e9e, qui vous transporte dans un jardin d\u2019\u00e9t\u00e9 \u00e0 chaque bouch\u00e9e.<\/em><\/p>\n","protected":false},"excerpt":{"rendered":"<p>Burrata cr\u00e9meuse, l\u00e9gumes croquants du march\u00e9, huile d\u2019olive parfum\u00e9e et basilic frais.<\/p>\n","protected":false},"featured_media":386,"comment_status":"open","ping_status":"closed","template":"","meta":{"_et_pb_use_builder":"","_et_pb_old_content":"","_et_gb_content_width":""},"product_brand":[],"product_cat":[17],"product_tag":[],"class_list":{"0":"post-384","1":"product","2":"type-product","3":"status-publish","4":"has-post-thumbnail","6":"product_cat-non-classe","8":"first","9":"instock","10":"shipping-taxable","11":"purchasable","12":"product-type-simple"},"jetpack_sharing_enabled":true,"_links":{"self":[{"href":"https:\/\/supexup.formatome.fr\/2025-2026\/RPMC\/5\/wp-json\/wp\/v2\/product\/384","targetHints":{"allow":["GET"]}}],"collection":[{"href":"https:\/\/supexup.formatome.fr\/2025-2026\/RPMC\/5\/wp-json\/wp\/v2\/product"}],"about":[{"href":"https:\/\/supexup.formatome.fr\/2025-2026\/RPMC\/5\/wp-json\/wp\/v2\/types\/product"}],"replies":[{"embeddable":true,"href":"https:\/\/supexup.formatome.fr\/2025-2026\/RPMC\/5\/wp-json\/wp\/v2\/comments?post=384"}],"wp:featuredmedia":[{"embeddable":true,"href":"https:\/\/supexup.formatome.fr\/2025-2026\/RPMC\/5\/wp-json\/wp\/v2\/media\/386"}],"wp:attachment":[{"href":"https:\/\/supexup.formatome.fr\/2025-2026\/RPMC\/5\/wp-json\/wp\/v2\/media?parent=384"}],"wp:term":[{"taxonomy":"product_brand","embeddable":true,"href":"https:\/\/supexup.formatome.fr\/2025-2026\/RPMC\/5\/wp-json\/wp\/v2\/product_brand?post=384"},{"taxonomy":"product_cat","embeddable":true,"href":"https:\/\/supexup.formatome.fr\/2025-2026\/RPMC\/5\/wp-json\/wp\/v2\/product_cat?post=384"},{"taxonomy":"product_tag","embeddable":true,"href":"https:\/\/supexup.formatome.fr\/2025-2026\/RPMC\/5\/wp-json\/wp\/v2\/product_tag?post=384"}],"curies":[{"name":"wp","href":"https:\/\/api.w.org\/{rel}","templated":true}]}}