{"id":327,"date":"2026-04-13T09:38:39","date_gmt":"2026-04-13T07:38:39","guid":{"rendered":"https:\/\/supexup.formatome.fr\/2025-2026\/RPMC\/2\/?post_type=product&#038;p=327"},"modified":"2026-04-13T09:38:39","modified_gmt":"2026-04-13T07:38:39","slug":"lechappee-bien-etre","status":"publish","type":"product","link":"https:\/\/supexup.formatome.fr\/2025-2026\/RPMC\/2\/product\/lechappee-bien-etre\/","title":{"rendered":"L&rsquo;\u00c9chapp\u00e9e Bien-\u00eatre"},"content":{"rendered":"<p data-start=\"119\" data-end=\"419\">Offrez-vous une v\u00e9ritable parenth\u00e8se de bien-\u00eatre \u00e0 deux, dans un spa soigneusement s\u00e9lectionn\u00e9 pour son atmosph\u00e8re \u00e9l\u00e9gante et apaisante.<br data-start=\"257\" data-end=\"260\" \/>Pens\u00e9e comme une exp\u00e9rience compl\u00e8te, cette \u00e9chapp\u00e9e instant vous invite \u00e0 ralentir, \u00e0 vous reconnecter et \u00e0 profiter d\u2019un moment privil\u00e9gi\u00e9 loin du quotidien.<\/p>\n<p data-start=\"421\" data-end=\"679\">D\u00e8s votre arriv\u00e9e, plongez dans un univers de d\u00e9tente avec un acc\u00e8s aux installations bien-\u00eatre : sauna, hammam et espace de relaxation.<br data-start=\"557\" data-end=\"560\" \/>Prolongez cette exp\u00e9rience par un soin ou un massage en duo, r\u00e9alis\u00e9 dans une ambiance feutr\u00e9e propice au l\u00e2cher-prise.<\/p>\n<p data-start=\"681\" data-end=\"944\">Entre lumi\u00e8re douce, silence apaisant et instants suspendus, chaque d\u00e9tail est pens\u00e9 pour cr\u00e9er une exp\u00e9rience sensorielle unique.<br data-start=\"811\" data-end=\"814\" \/>Pour parfaire ce moment, une coupe de champagne ou une boisson chaude peut \u00eatre propos\u00e9e, prolongeant cette sensation de s\u00e9r\u00e9nit\u00e9.<\/p>\n<p data-start=\"946\" data-end=\"1089\">Une \u00e9chapp\u00e9e id\u00e9ale pour se retrouver, c\u00e9l\u00e9brer un moment \u00e0 deux ou simplement s\u2019accorder une pause hors du temps, le temps de quelques heures.<\/p>\n<p data-start=\"946\" data-end=\"1089\">\u00a0Inclus dans cette \u00e9chapp\u00e9e<\/p>\n<ul data-start=\"1131\" data-end=\"1308\">\n<li data-section-id=\"tv33pm\" data-start=\"1131\" data-end=\"1179\">Acc\u00e8s au spa (sauna, hammam, espace d\u00e9tente)<\/li>\n<li data-section-id=\"1y5li2b\" data-start=\"1180\" data-end=\"1206\">Soin ou massage en duo<\/li>\n<li data-section-id=\"1dgvz4i\" data-start=\"1207\" data-end=\"1242\">Acc\u00e8s aux espaces de relaxation<\/li>\n<li data-section-id=\"1wb3u0q\" data-start=\"1243\" data-end=\"1283\">Boisson (champagne, infusion ou th\u00e9)<\/li>\n<li data-section-id=\"ste7t\" data-start=\"1284\" data-end=\"1308\">Accueil personnalis\u00e9<\/li>\n<li data-section-id=\"48sllb\" data-start=\"1335\" data-end=\"1356\">Exp\u00e9rience en duo<\/li>\n<li data-section-id=\"4mkjwp\" data-start=\"1357\" data-end=\"1386\">Cadre apaisant et \u00e9l\u00e9gant<\/li>\n<li data-section-id=\"mllp7p\" data-start=\"1387\" data-end=\"1425\">Format court, id\u00e9al pour une pause<\/li>\n<li data-section-id=\"1pipq9u\" data-start=\"1426\" data-end=\"1462\">S\u00e9lection de lieux haut de gamme<\/li>\n<\/ul>\n","protected":false},"excerpt":{"rendered":"<p data-start=\"157\" data-end=\"380\">Offrez-vous une pause hors du temps \u00e0 deux, dans un lieu d\u00e9di\u00e9 au bien-\u00eatre et \u00e0 la d\u00e9tente.<br data-start=\"249\" data-end=\"252\" \/>Cette \u00e9chapp\u00e9e instant vous invite \u00e0 ralentir, \u00e0 vous reconnecter et \u00e0 profiter d\u2019un moment privil\u00e9gi\u00e9 dans un cadre apaisant.<\/p>\n<p data-start=\"157\" data-end=\"380\">Lieu : Domaine de Verchant, Montpellier.<\/p>\n<p data-start=\"382\" data-end=\"626\">Entre acc\u00e8s au spa, instants de relaxation et ambiance feutr\u00e9e, chaque d\u00e9tail est pens\u00e9 pour cr\u00e9er une exp\u00e9rience douce et ressour\u00e7ante.<br data-start=\"518\" data-end=\"521\" \/>Une parenth\u00e8se id\u00e9ale pour s\u2019\u00e9vader le temps de quelques heures et partager un moment de s\u00e9r\u00e9nit\u00e9 \u00e0 deux.<\/p>\n","protected":false},"featured_media":142,"comment_status":"open","ping_status":"closed","template":"","meta":{"_et_pb_use_builder":"","_et_pb_old_content":"","_et_gb_content_width":""},"product_brand":[],"product_cat":[16],"product_tag":[],"class_list":{"0":"post-327","1":"product","2":"type-product","3":"status-publish","4":"has-post-thumbnail","6":"product_cat-uncategorized","8":"first","9":"instock","10":"shipping-taxable","11":"purchasable","12":"product-type-simple"},"_links":{"self":[{"href":"https:\/\/supexup.formatome.fr\/2025-2026\/RPMC\/2\/wp-json\/wp\/v2\/product\/327","targetHints":{"allow":["GET"]}}],"collection":[{"href":"https:\/\/supexup.formatome.fr\/2025-2026\/RPMC\/2\/wp-json\/wp\/v2\/product"}],"about":[{"href":"https:\/\/supexup.formatome.fr\/2025-2026\/RPMC\/2\/wp-json\/wp\/v2\/types\/product"}],"replies":[{"embeddable":true,"href":"https:\/\/supexup.formatome.fr\/2025-2026\/RPMC\/2\/wp-json\/wp\/v2\/comments?post=327"}],"wp:featuredmedia":[{"embeddable":true,"href":"https:\/\/supexup.formatome.fr\/2025-2026\/RPMC\/2\/wp-json\/wp\/v2\/media\/142"}],"wp:attachment":[{"href":"https:\/\/supexup.formatome.fr\/2025-2026\/RPMC\/2\/wp-json\/wp\/v2\/media?parent=327"}],"wp:term":[{"taxonomy":"product_brand","embeddable":true,"href":"https:\/\/supexup.formatome.fr\/2025-2026\/RPMC\/2\/wp-json\/wp\/v2\/product_brand?post=327"},{"taxonomy":"product_cat","embeddable":true,"href":"https:\/\/supexup.formatome.fr\/2025-2026\/RPMC\/2\/wp-json\/wp\/v2\/product_cat?post=327"},{"taxonomy":"product_tag","embeddable":true,"href":"https:\/\/supexup.formatome.fr\/2025-2026\/RPMC\/2\/wp-json\/wp\/v2\/product_tag?post=327"}],"curies":[{"name":"wp","href":"https:\/\/api.w.org\/{rel}","templated":true}]}}