{"id":318,"date":"2026-03-27T12:00:37","date_gmt":"2026-03-27T11:00:37","guid":{"rendered":"https:\/\/supexup.formatome.fr\/2025-2026\/RPMC\/2\/?post_type=product&#038;p=318"},"modified":"2026-03-27T12:01:13","modified_gmt":"2026-03-27T11:01:13","slug":"lechappee-forestiere","status":"publish","type":"product","link":"https:\/\/supexup.formatome.fr\/2025-2026\/RPMC\/2\/product\/lechappee-forestiere\/","title":{"rendered":"L\u2019\u00c9chapp\u00e9e Foresti\u00e8re"},"content":{"rendered":"<h2 class=\"et_pb_slide_title\"><span style=\"color: #666666; font-size: 14px;\">Offrez-vous une parenth\u00e8se au c\u0153ur de la for\u00eat de Fontainebleau, dans un g\u00eete nich\u00e9 entre rochers et pins majestueux.<\/span><\/h2>\n<div class=\"et_pb_slide_content\">\n<p data-start=\"113\" data-end=\"336\">Entre balades en pleine nature et instants de calme, chaque moment invite \u00e0 la d\u00e9connexion.<\/p>\n<p data-start=\"338\" data-end=\"513\">Le g\u00eete, chaleureux et soigneusement am\u00e9nag\u00e9, comportant un espace cuisine \u00e9quip\u00e9e, spacieux salon, 3 chambres \u00e0 coucher dont deux couchages chacune, deux salles de bain. Ce s\u00e9jour offre un cadre id\u00e9al pour se retrouver apr\u00e8s une journ\u00e9e au grand air.<br data-start=\"454\" data-end=\"457\" \/>Une escapade \u00e9l\u00e9gante et apaisante, aux portes de Paris.<\/p>\n<p data-start=\"379\" data-end=\"684\"><strong>6 pers. Max.\u00a0<\/strong><br \/>\n<strong>110,00\u20ac\/nuit\u00e9e<\/strong><\/p>\n<\/div>\n","protected":false},"excerpt":{"rendered":"<p>Le g\u00eete, chaleureux et soigneusement am\u00e9nag\u00e9, comportant un espace cuisine \u00e9quip\u00e9e, spacieux salon, 3 chambres \u00e0 coucher dont deux couchages chacune, deux salles de bain.<\/p>\n","protected":false},"featured_media":240,"comment_status":"open","ping_status":"closed","template":"","meta":{"_et_pb_use_builder":"","_et_pb_old_content":"","_et_gb_content_width":""},"product_brand":[],"product_cat":[16],"product_tag":[],"class_list":{"0":"post-318","1":"product","2":"type-product","3":"status-publish","4":"has-post-thumbnail","6":"product_cat-uncategorized","8":"first","9":"instock","10":"shipping-taxable","11":"purchasable","12":"product-type-simple"},"_links":{"self":[{"href":"https:\/\/supexup.formatome.fr\/2025-2026\/RPMC\/2\/wp-json\/wp\/v2\/product\/318","targetHints":{"allow":["GET"]}}],"collection":[{"href":"https:\/\/supexup.formatome.fr\/2025-2026\/RPMC\/2\/wp-json\/wp\/v2\/product"}],"about":[{"href":"https:\/\/supexup.formatome.fr\/2025-2026\/RPMC\/2\/wp-json\/wp\/v2\/types\/product"}],"replies":[{"embeddable":true,"href":"https:\/\/supexup.formatome.fr\/2025-2026\/RPMC\/2\/wp-json\/wp\/v2\/comments?post=318"}],"wp:featuredmedia":[{"embeddable":true,"href":"https:\/\/supexup.formatome.fr\/2025-2026\/RPMC\/2\/wp-json\/wp\/v2\/media\/240"}],"wp:attachment":[{"href":"https:\/\/supexup.formatome.fr\/2025-2026\/RPMC\/2\/wp-json\/wp\/v2\/media?parent=318"}],"wp:term":[{"taxonomy":"product_brand","embeddable":true,"href":"https:\/\/supexup.formatome.fr\/2025-2026\/RPMC\/2\/wp-json\/wp\/v2\/product_brand?post=318"},{"taxonomy":"product_cat","embeddable":true,"href":"https:\/\/supexup.formatome.fr\/2025-2026\/RPMC\/2\/wp-json\/wp\/v2\/product_cat?post=318"},{"taxonomy":"product_tag","embeddable":true,"href":"https:\/\/supexup.formatome.fr\/2025-2026\/RPMC\/2\/wp-json\/wp\/v2\/product_tag?post=318"}],"curies":[{"name":"wp","href":"https:\/\/api.w.org\/{rel}","templated":true}]}}