{"id":309,"date":"2026-03-27T11:44:04","date_gmt":"2026-03-27T10:44:04","guid":{"rendered":"https:\/\/supexup.formatome.fr\/2025-2026\/RPMC\/2\/?post_type=product&#038;p=309"},"modified":"2026-03-27T11:44:04","modified_gmt":"2026-03-27T10:44:04","slug":"lechappee-sauvage","status":"publish","type":"product","link":"https:\/\/supexup.formatome.fr\/2025-2026\/RPMC\/2\/product\/lechappee-sauvage\/","title":{"rendered":"L\u2019\u00c9chapp\u00e9e Sauvage"},"content":{"rendered":"<div class=\"et_pb_slide_content\">\n<p data-start=\"558\" data-end=\"781\">Plongez dans l\u2019atmosph\u00e8re unique de la for\u00eat des Landes, dans un g\u00eete entour\u00e9 de pins et baign\u00e9 de lumi\u00e8re.<br data-start=\"665\" data-end=\"668\" \/>Entre longues promenades, nature pr\u00e9serv\u00e9e et air pur, cette \u00e9chapp\u00e9e promet un v\u00e9ritable retour \u00e0 l\u2019essentiel.<\/p>\n<p data-start=\"783\" data-end=\"946\">Le g\u00eete, dans un chal\u00eat spacieux aux coeur de la for\u00eat et confortable, se compose de deux chambres avec 4 couchages, d&rsquo;un espace cuisine et salon, d&rsquo;une salle d&rsquo;eau. Il prolonge cette exp\u00e9rience avec une ambiance douce et reposante.<br data-start=\"880\" data-end=\"883\" \/>Une parenth\u00e8se naturelle et ressour\u00e7ante, entre for\u00eat et oc\u00e9an.<\/p>\n<p data-start=\"348\" data-end=\"640\"><strong>6 pers. Max.\u00a0<\/strong><br \/>\n<strong>81,00\u20ac\/nuit\u00e9e\u00a0<\/strong><\/p>\n<\/div>\n","protected":false},"excerpt":{"rendered":"<p>Le g\u00eete, dans un chal\u00eat spacieux aux coeur de la for\u00eat et confortable, se compose de deux chambres avec 4 couchages, d&rsquo;un espace cuisine et salon, d&rsquo;une salle d&rsquo;eau<\/p>\n","protected":false},"featured_media":239,"comment_status":"open","ping_status":"closed","template":"","meta":{"_et_pb_use_builder":"","_et_pb_old_content":"","_et_gb_content_width":""},"product_brand":[],"product_cat":[16],"product_tag":[],"class_list":{"0":"post-309","1":"product","2":"type-product","3":"status-publish","4":"has-post-thumbnail","6":"product_cat-uncategorized","8":"first","9":"instock","10":"shipping-taxable","11":"purchasable","12":"product-type-simple"},"_links":{"self":[{"href":"https:\/\/supexup.formatome.fr\/2025-2026\/RPMC\/2\/wp-json\/wp\/v2\/product\/309","targetHints":{"allow":["GET"]}}],"collection":[{"href":"https:\/\/supexup.formatome.fr\/2025-2026\/RPMC\/2\/wp-json\/wp\/v2\/product"}],"about":[{"href":"https:\/\/supexup.formatome.fr\/2025-2026\/RPMC\/2\/wp-json\/wp\/v2\/types\/product"}],"replies":[{"embeddable":true,"href":"https:\/\/supexup.formatome.fr\/2025-2026\/RPMC\/2\/wp-json\/wp\/v2\/comments?post=309"}],"wp:featuredmedia":[{"embeddable":true,"href":"https:\/\/supexup.formatome.fr\/2025-2026\/RPMC\/2\/wp-json\/wp\/v2\/media\/239"}],"wp:attachment":[{"href":"https:\/\/supexup.formatome.fr\/2025-2026\/RPMC\/2\/wp-json\/wp\/v2\/media?parent=309"}],"wp:term":[{"taxonomy":"product_brand","embeddable":true,"href":"https:\/\/supexup.formatome.fr\/2025-2026\/RPMC\/2\/wp-json\/wp\/v2\/product_brand?post=309"},{"taxonomy":"product_cat","embeddable":true,"href":"https:\/\/supexup.formatome.fr\/2025-2026\/RPMC\/2\/wp-json\/wp\/v2\/product_cat?post=309"},{"taxonomy":"product_tag","embeddable":true,"href":"https:\/\/supexup.formatome.fr\/2025-2026\/RPMC\/2\/wp-json\/wp\/v2\/product_tag?post=309"}],"curies":[{"name":"wp","href":"https:\/\/api.w.org\/{rel}","templated":true}]}}