{"id":303,"date":"2026-03-27T11:26:28","date_gmt":"2026-03-27T10:26:28","guid":{"rendered":"https:\/\/supexup.formatome.fr\/2025-2026\/RPMC\/2\/?post_type=product&#038;p=303"},"modified":"2026-03-27T11:26:50","modified_gmt":"2026-03-27T10:26:50","slug":"lechappee-insulaire","status":"publish","type":"product","link":"https:\/\/supexup.formatome.fr\/2025-2026\/RPMC\/2\/product\/lechappee-insulaire\/","title":{"rendered":"L\u2019\u00c9chapp\u00e9e Insulaire"},"content":{"rendered":"<div class=\"et_pb_slide_image\">Offrez-vous une parenth\u00e8se hors du temps sur l\u2019\u00eele de Porquerolles, dans un g\u00eete de charme nich\u00e9 entre plages turquoise et nature pr\u00e9serv\u00e9e.<\/div>\n<div class=\"et_pb_slide_description\">\n<div class=\"et_pb_slide_content\">\n<p data-start=\"119\" data-end=\"377\">Ici, les voitures laissent place au calme, aux chemins bord\u00e9s de pins et aux eaux cristallines aux airs de lagon.<\/p>\n<p data-start=\"119\" data-end=\"377\">Agr\u00e9able gite pour deux nich\u00e9 sur l&rsquo;ile de Porquerolles compos\u00e9 d&rsquo;un espace nuit, une cuisine \u00e9quip\u00e9e, un salon et une salle de bain.<\/p>\n<p data-start=\"379\" data-end=\"684\">Entre balades \u00e0 v\u00e9lo, baignades dans des criques sauvages et instants suspendus face \u00e0 la mer, chaque moment invite \u00e0 ralentir.<br data-start=\"506\" data-end=\"509\" \/>Le soir venu, retrouvez le confort de votre g\u00eete pour prolonger cette \u00e9chapp\u00e9e en toute s\u00e9r\u00e9nit\u00e9.<br data-start=\"606\" data-end=\"609\" \/>Une exp\u00e9rience rare et lumineuse, id\u00e9ale pour se reconnecter \u00e0 l\u2019essentiel.<\/p>\n<p data-start=\"379\" data-end=\"684\"><strong>2 pers. Max.\u00a0<\/strong><br \/>\n<strong>110,00\u20ac\/nuit\u00e9e<\/strong><\/p>\n<\/div>\n<\/div>\n","protected":false},"excerpt":{"rendered":"<p data-start=\"119\" data-end=\"377\">Agr\u00e9able gite pour deux nich\u00e9 sur l&rsquo;ile de Porquerolles compos\u00e9 d&rsquo;un espace nuit, une cuisine \u00e9quip\u00e9e, un salon et une salle de bain.<\/p>\n<p data-start=\"379\" data-end=\"684\">\n","protected":false},"featured_media":232,"comment_status":"open","ping_status":"closed","template":"","meta":{"_et_pb_use_builder":"","_et_pb_old_content":"","_et_gb_content_width":""},"product_brand":[],"product_cat":[16],"product_tag":[],"class_list":{"0":"post-303","1":"product","2":"type-product","3":"status-publish","4":"has-post-thumbnail","6":"product_cat-uncategorized","8":"first","9":"instock","10":"shipping-taxable","11":"purchasable","12":"product-type-simple"},"_links":{"self":[{"href":"https:\/\/supexup.formatome.fr\/2025-2026\/RPMC\/2\/wp-json\/wp\/v2\/product\/303","targetHints":{"allow":["GET"]}}],"collection":[{"href":"https:\/\/supexup.formatome.fr\/2025-2026\/RPMC\/2\/wp-json\/wp\/v2\/product"}],"about":[{"href":"https:\/\/supexup.formatome.fr\/2025-2026\/RPMC\/2\/wp-json\/wp\/v2\/types\/product"}],"replies":[{"embeddable":true,"href":"https:\/\/supexup.formatome.fr\/2025-2026\/RPMC\/2\/wp-json\/wp\/v2\/comments?post=303"}],"wp:featuredmedia":[{"embeddable":true,"href":"https:\/\/supexup.formatome.fr\/2025-2026\/RPMC\/2\/wp-json\/wp\/v2\/media\/232"}],"wp:attachment":[{"href":"https:\/\/supexup.formatome.fr\/2025-2026\/RPMC\/2\/wp-json\/wp\/v2\/media?parent=303"}],"wp:term":[{"taxonomy":"product_brand","embeddable":true,"href":"https:\/\/supexup.formatome.fr\/2025-2026\/RPMC\/2\/wp-json\/wp\/v2\/product_brand?post=303"},{"taxonomy":"product_cat","embeddable":true,"href":"https:\/\/supexup.formatome.fr\/2025-2026\/RPMC\/2\/wp-json\/wp\/v2\/product_cat?post=303"},{"taxonomy":"product_tag","embeddable":true,"href":"https:\/\/supexup.formatome.fr\/2025-2026\/RPMC\/2\/wp-json\/wp\/v2\/product_tag?post=303"}],"curies":[{"name":"wp","href":"https:\/\/api.w.org\/{rel}","templated":true}]}}