{"id":295,"date":"2026-03-27T11:20:31","date_gmt":"2026-03-27T10:20:31","guid":{"rendered":"https:\/\/supexup.formatome.fr\/2025-2026\/RPMC\/2\/?post_type=product&#038;p=295"},"modified":"2026-03-27T11:20:32","modified_gmt":"2026-03-27T10:20:32","slug":"lechappee-entre-mer-nature","status":"publish","type":"product","link":"https:\/\/supexup.formatome.fr\/2025-2026\/RPMC\/2\/product\/lechappee-entre-mer-nature\/","title":{"rendered":"L\u2019\u00c9chapp\u00e9e entre Mer &#038; Nature"},"content":{"rendered":"<div class=\"et_pb_slide_content\">\n<p data-start=\"109\" data-end=\"346\">Offrez-vous une parenth\u00e8se ensoleill\u00e9e \u00e0 Argel\u00e8s-sur-Mer, dans un g\u00eete au calme nich\u00e9 entre mer et nature.<br data-start=\"216\" data-end=\"219\" \/>Entre longues plages de sable, eaux claires et panoramas sur les Pyr\u00e9n\u00e9es, chaque journ\u00e9e invite \u00e0 la d\u00e9tente et \u00e0 l\u2019\u00e9vasion.<\/p>\n<p data-start=\"109\" data-end=\"346\">Gite familial dans un mas \u00e0 Argel\u00e8s sur Mer, compos\u00e9 de deux espaces nuits, d&rsquo;une cuisine \u00e9quip\u00e9e, d&rsquo;une salle de bain et d&rsquo;un salon confortable.<\/p>\n<p data-start=\"348\" data-end=\"640\">Profitez de balades le long du littoral, de moments de calme au soleil et de l\u2019atmosph\u00e8re chaleureuse du sud.<br data-start=\"457\" data-end=\"460\" \/>Le soir venu, retrouvez le confort de votre g\u00eete pour prolonger cette exp\u00e9rience en toute s\u00e9r\u00e9nit\u00e9. Une escapade lumineuse et ressour\u00e7ante, entre mer, nature et douceur de vivre.<\/p>\n<p data-start=\"348\" data-end=\"640\"><strong>4 pers. Max.\u00a0<\/strong><br \/>\n<strong>79,00\u20ac\/nuit\u00e9e\u00a0<\/strong><\/p>\n<\/div>\n","protected":false},"excerpt":{"rendered":"<p>Gite familial dans un mas \u00e0 Argel\u00e8s sur Mer, compos\u00e9 de deux espaces nuits, d&rsquo;une cuisine \u00e9quip\u00e9e, d&rsquo;une salle de bain et d&rsquo;un salon confortable.<\/p>\n","protected":false},"featured_media":231,"comment_status":"open","ping_status":"closed","template":"","meta":{"_et_pb_use_builder":"","_et_pb_old_content":"","_et_gb_content_width":""},"product_brand":[],"product_cat":[16],"product_tag":[],"class_list":{"0":"post-295","1":"product","2":"type-product","3":"status-publish","4":"has-post-thumbnail","6":"product_cat-uncategorized","8":"first","9":"instock","10":"shipping-taxable","11":"purchasable","12":"product-type-simple"},"_links":{"self":[{"href":"https:\/\/supexup.formatome.fr\/2025-2026\/RPMC\/2\/wp-json\/wp\/v2\/product\/295","targetHints":{"allow":["GET"]}}],"collection":[{"href":"https:\/\/supexup.formatome.fr\/2025-2026\/RPMC\/2\/wp-json\/wp\/v2\/product"}],"about":[{"href":"https:\/\/supexup.formatome.fr\/2025-2026\/RPMC\/2\/wp-json\/wp\/v2\/types\/product"}],"replies":[{"embeddable":true,"href":"https:\/\/supexup.formatome.fr\/2025-2026\/RPMC\/2\/wp-json\/wp\/v2\/comments?post=295"}],"wp:featuredmedia":[{"embeddable":true,"href":"https:\/\/supexup.formatome.fr\/2025-2026\/RPMC\/2\/wp-json\/wp\/v2\/media\/231"}],"wp:attachment":[{"href":"https:\/\/supexup.formatome.fr\/2025-2026\/RPMC\/2\/wp-json\/wp\/v2\/media?parent=295"}],"wp:term":[{"taxonomy":"product_brand","embeddable":true,"href":"https:\/\/supexup.formatome.fr\/2025-2026\/RPMC\/2\/wp-json\/wp\/v2\/product_brand?post=295"},{"taxonomy":"product_cat","embeddable":true,"href":"https:\/\/supexup.formatome.fr\/2025-2026\/RPMC\/2\/wp-json\/wp\/v2\/product_cat?post=295"},{"taxonomy":"product_tag","embeddable":true,"href":"https:\/\/supexup.formatome.fr\/2025-2026\/RPMC\/2\/wp-json\/wp\/v2\/product_tag?post=295"}],"curies":[{"name":"wp","href":"https:\/\/api.w.org\/{rel}","templated":true}]}}