{"id":288,"date":"2026-03-27T11:11:42","date_gmt":"2026-03-27T10:11:42","guid":{"rendered":"https:\/\/supexup.formatome.fr\/2025-2026\/RPMC\/2\/?post_type=product&#038;p=288"},"modified":"2026-03-27T11:11:42","modified_gmt":"2026-03-27T10:11:42","slug":"lechappee-azureenne","status":"publish","type":"product","link":"https:\/\/supexup.formatome.fr\/2025-2026\/RPMC\/2\/product\/lechappee-azureenne\/","title":{"rendered":"L&rsquo;\u00c9chapp\u00e9e Azur\u00e9enne"},"content":{"rendered":"<div class=\"et_pb_slide_image\"><\/div>\n<div class=\"et_pb_slide_description\">\n<div class=\"et_pb_slide_content\">\n<p data-start=\"117\" data-end=\"383\">Offrez-vous une parenth\u00e8se ensoleill\u00e9e au c\u0153ur d\u2019Antibes, dans un g\u00eete de charme id\u00e9alement situ\u00e9 entre mer et vieille ville.<br data-start=\"242\" data-end=\"245\" \/>Profitez des plages aux eaux turquoise, fl\u00e2nez dans les ruelles typiques et laissez-vous porter par la douceur de vivre m\u00e9diterran\u00e9enne.<\/p>\n<p data-start=\"117\" data-end=\"383\">Chaleureux Gite \u00e0 Antibes pour deux dans un cadre solaire, compos\u00e9 d&rsquo;un espace de vie avec cuisine, d&rsquo;une chambre, une salle d&rsquo;eau.<\/p>\n<p data-start=\"385\" data-end=\"596\">Apr\u00e8s une journ\u00e9e entre d\u00e9tente et d\u00e9couvertes, retrouvez le confort de votre g\u00eete pour prolonger ces instants en toute s\u00e9r\u00e9nit\u00e9.<br data-start=\"514\" data-end=\"517\" \/>Une escapade \u00e9l\u00e9gante et lumineuse, entre authenticit\u00e9 et art de vivre azur\u00e9en.<\/p>\n<p data-start=\"385\" data-end=\"596\"><strong>2 pers. Max.\u00a0<\/strong><br \/>\n<strong>69,00\u20ac\/nuit\u00e9e\u00a0<\/strong><\/p>\n<\/div>\n<\/div>\n","protected":false},"excerpt":{"rendered":"<p>Chaleureux Gite \u00e0 Antibes pour deux dans un cadre solaire, compos\u00e9 d&rsquo;un espace de vie avec cuisine, d&rsquo;une chambre, une salle d&rsquo;eau.<\/p>\n","protected":false},"featured_media":230,"comment_status":"open","ping_status":"closed","template":"","meta":{"_et_pb_use_builder":"","_et_pb_old_content":"","_et_gb_content_width":""},"product_brand":[],"product_cat":[16],"product_tag":[],"class_list":{"0":"post-288","1":"product","2":"type-product","3":"status-publish","4":"has-post-thumbnail","6":"product_cat-uncategorized","8":"first","9":"instock","10":"shipping-taxable","11":"purchasable","12":"product-type-simple"},"_links":{"self":[{"href":"https:\/\/supexup.formatome.fr\/2025-2026\/RPMC\/2\/wp-json\/wp\/v2\/product\/288","targetHints":{"allow":["GET"]}}],"collection":[{"href":"https:\/\/supexup.formatome.fr\/2025-2026\/RPMC\/2\/wp-json\/wp\/v2\/product"}],"about":[{"href":"https:\/\/supexup.formatome.fr\/2025-2026\/RPMC\/2\/wp-json\/wp\/v2\/types\/product"}],"replies":[{"embeddable":true,"href":"https:\/\/supexup.formatome.fr\/2025-2026\/RPMC\/2\/wp-json\/wp\/v2\/comments?post=288"}],"wp:featuredmedia":[{"embeddable":true,"href":"https:\/\/supexup.formatome.fr\/2025-2026\/RPMC\/2\/wp-json\/wp\/v2\/media\/230"}],"wp:attachment":[{"href":"https:\/\/supexup.formatome.fr\/2025-2026\/RPMC\/2\/wp-json\/wp\/v2\/media?parent=288"}],"wp:term":[{"taxonomy":"product_brand","embeddable":true,"href":"https:\/\/supexup.formatome.fr\/2025-2026\/RPMC\/2\/wp-json\/wp\/v2\/product_brand?post=288"},{"taxonomy":"product_cat","embeddable":true,"href":"https:\/\/supexup.formatome.fr\/2025-2026\/RPMC\/2\/wp-json\/wp\/v2\/product_cat?post=288"},{"taxonomy":"product_tag","embeddable":true,"href":"https:\/\/supexup.formatome.fr\/2025-2026\/RPMC\/2\/wp-json\/wp\/v2\/product_tag?post=288"}],"curies":[{"name":"wp","href":"https:\/\/api.w.org\/{rel}","templated":true}]}}