{"id":280,"date":"2026-03-27T11:04:58","date_gmt":"2026-03-27T10:04:58","guid":{"rendered":"https:\/\/supexup.formatome.fr\/2025-2026\/RPMC\/2\/?post_type=product&#038;p=280"},"modified":"2026-03-27T11:04:58","modified_gmt":"2026-03-27T10:04:58","slug":"lechappee-boreale","status":"publish","type":"product","link":"https:\/\/supexup.formatome.fr\/2025-2026\/RPMC\/2\/product\/lechappee-boreale\/","title":{"rendered":"L&rsquo;\u00c9chapp\u00e9e Bor\u00e9ale"},"content":{"rendered":"<h2 class=\"et_pb_slide_title\"><span style=\"color: #666666; font-size: 14px;\">Offrez-vous une parenth\u00e8se hors du commun au d\u00e9part de Reykjav\u00edk, porte d\u2019entr\u00e9e vers les paysages fascinants de l\u2019Islande. Entre cascades spectaculaires, \u00e9tendues volcaniques, sources d\u2019eau chaude naturelles et panoramas saisissants, chaque instant invite \u00e0 l\u2019\u00e9merveillement. <\/span><\/h2>\n<h2 class=\"et_pb_slide_title\"><span style=\"color: #666666; font-size: 14px;\">Gite de charme nich\u00e9 \u00e0 Reykjavik, se composant d&rsquo;une grande pi\u00e8ce \u00e0 vivre, 2 chambres doubles, 1 salle de bain.<br \/>\nLe soir venu, retrouvez le confort d\u2019un h\u00e9bergement soigneusement s\u00e9lectionn\u00e9 et laissez-vous porter par la magie du ciel nordique. Une exp\u00e9rience rare et immersive, pens\u00e9e pour d\u00e9couvrir l\u2019Islande dans toute sa puissance et sa beaut\u00e9.<\/span><\/h2>\n<div class=\"et_pb_slide_content\">\n<p><strong>4 pers. Max.\u00a0<\/strong><br \/>\n<strong>131,00\u20ac\/nuit\u00e9e\u00a0<\/strong><\/p>\n<\/div>\n<p>&nbsp;<\/p>\n","protected":false},"excerpt":{"rendered":"<h2 class=\"et_pb_slide_title\"><span style=\"color: #666666; font-size: 14px;\">Gite de charme nich\u00e9 \u00e0 Reykjavik, se composant d&rsquo;une grande pi\u00e8ce \u00e0 vivre, 2 chambres doubles, 1 salle de bain.<\/span><\/h2>\n","protected":false},"featured_media":276,"comment_status":"open","ping_status":"closed","template":"","meta":{"_et_pb_use_builder":"","_et_pb_old_content":"","_et_gb_content_width":""},"product_brand":[],"product_cat":[16],"product_tag":[],"class_list":{"0":"post-280","1":"product","2":"type-product","3":"status-publish","4":"has-post-thumbnail","6":"product_cat-uncategorized","8":"first","9":"instock","10":"shipping-taxable","11":"purchasable","12":"product-type-simple"},"_links":{"self":[{"href":"https:\/\/supexup.formatome.fr\/2025-2026\/RPMC\/2\/wp-json\/wp\/v2\/product\/280","targetHints":{"allow":["GET"]}}],"collection":[{"href":"https:\/\/supexup.formatome.fr\/2025-2026\/RPMC\/2\/wp-json\/wp\/v2\/product"}],"about":[{"href":"https:\/\/supexup.formatome.fr\/2025-2026\/RPMC\/2\/wp-json\/wp\/v2\/types\/product"}],"replies":[{"embeddable":true,"href":"https:\/\/supexup.formatome.fr\/2025-2026\/RPMC\/2\/wp-json\/wp\/v2\/comments?post=280"}],"wp:featuredmedia":[{"embeddable":true,"href":"https:\/\/supexup.formatome.fr\/2025-2026\/RPMC\/2\/wp-json\/wp\/v2\/media\/276"}],"wp:attachment":[{"href":"https:\/\/supexup.formatome.fr\/2025-2026\/RPMC\/2\/wp-json\/wp\/v2\/media?parent=280"}],"wp:term":[{"taxonomy":"product_brand","embeddable":true,"href":"https:\/\/supexup.formatome.fr\/2025-2026\/RPMC\/2\/wp-json\/wp\/v2\/product_brand?post=280"},{"taxonomy":"product_cat","embeddable":true,"href":"https:\/\/supexup.formatome.fr\/2025-2026\/RPMC\/2\/wp-json\/wp\/v2\/product_cat?post=280"},{"taxonomy":"product_tag","embeddable":true,"href":"https:\/\/supexup.formatome.fr\/2025-2026\/RPMC\/2\/wp-json\/wp\/v2\/product_tag?post=280"}],"curies":[{"name":"wp","href":"https:\/\/api.w.org\/{rel}","templated":true}]}}