{"id":266,"date":"2026-03-26T12:30:07","date_gmt":"2026-03-26T11:30:07","guid":{"rendered":"https:\/\/supexup.formatome.fr\/2025-2026\/RPMC\/2\/?post_type=product&#038;p=266"},"modified":"2026-03-26T12:30:07","modified_gmt":"2026-03-26T11:30:07","slug":"lechappee-nordique","status":"publish","type":"product","link":"https:\/\/supexup.formatome.fr\/2025-2026\/RPMC\/2\/product\/lechappee-nordique\/","title":{"rendered":"L&rsquo;\u00c9chapp\u00e9e Nordique"},"content":{"rendered":"<div class=\"et_pb_slides\">\n<div class=\"et_pb_slide et_pb_slide_1 et_pb_bg_layout_light et_pb_slide_with_image et_pb_media_alignment_center et-pb-active-slide\" data-slide-id=\"et_pb_slide_1\">\n<div class=\"et_pb_container clearfix\">\n<div class=\"et_pb_slider_container_inner\">\n<div class=\"et_pb_slide_image\">Offrez-vous une immersion au c\u0153ur du Jura, dans un d\u00e9cor aux airs de Grand Nord o\u00f9 for\u00eats enneig\u00e9es et grands espaces invitent \u00e0 la d\u00e9connexion.<\/div>\n<div class=\"et_pb_slide_description\">\n<div class=\"et_pb_slide_content\">\n<p data-start=\"146\" data-end=\"415\">Entre balades en raquettes, paysages immacul\u00e9s et silence apaisant, chaque instant devient une parenth\u00e8se hors du temps.<\/p>\n<p data-start=\"146\" data-end=\"415\">Le gite vous propose un grand espace compos\u00e9 d&rsquo;un salon, grande cuisine \u00e9quip\u00e9e, 4 chambres doubles, 2 salles de bain, un espace exterieur<\/p>\n<p data-start=\"417\" data-end=\"669\">\u00c0 la tomb\u00e9e du jour, retrouvez la chaleur d\u2019un refuge chaleureux et laissez-vous envelopper par une atmosph\u00e8re douce et r\u00e9confortante.<br data-start=\"551\" data-end=\"554\" \/>Une exp\u00e9rience authentique, entre nature brute et confort, pour ralentir, respirer et se reconnecter \u00e0 l\u2019essentiel.<\/p>\n<p data-start=\"417\" data-end=\"669\"><strong>8 pers. Max.\u00a0<\/strong><br \/>\n<strong>110,00\u20ac\/nuit\u00e9e\u00a0<\/strong><\/p>\n<\/div>\n<\/div>\n<\/div>\n<\/div>\n<\/div>\n<\/div>\n<div class=\"et-pb-slider-arrows\"><\/div>\n","protected":false},"excerpt":{"rendered":"<p>Magnifique g\u00eete nich\u00e9 au coeur du Jura pour 8 personnes<\/p>\n","protected":false},"featured_media":226,"comment_status":"open","ping_status":"closed","template":"","meta":{"_et_pb_use_builder":"","_et_pb_old_content":"","_et_gb_content_width":""},"product_brand":[],"product_cat":[16],"product_tag":[],"class_list":{"0":"post-266","1":"product","2":"type-product","3":"status-publish","4":"has-post-thumbnail","6":"product_cat-uncategorized","8":"first","9":"instock","10":"shipping-taxable","11":"purchasable","12":"product-type-simple"},"_links":{"self":[{"href":"https:\/\/supexup.formatome.fr\/2025-2026\/RPMC\/2\/wp-json\/wp\/v2\/product\/266","targetHints":{"allow":["GET"]}}],"collection":[{"href":"https:\/\/supexup.formatome.fr\/2025-2026\/RPMC\/2\/wp-json\/wp\/v2\/product"}],"about":[{"href":"https:\/\/supexup.formatome.fr\/2025-2026\/RPMC\/2\/wp-json\/wp\/v2\/types\/product"}],"replies":[{"embeddable":true,"href":"https:\/\/supexup.formatome.fr\/2025-2026\/RPMC\/2\/wp-json\/wp\/v2\/comments?post=266"}],"wp:featuredmedia":[{"embeddable":true,"href":"https:\/\/supexup.formatome.fr\/2025-2026\/RPMC\/2\/wp-json\/wp\/v2\/media\/226"}],"wp:attachment":[{"href":"https:\/\/supexup.formatome.fr\/2025-2026\/RPMC\/2\/wp-json\/wp\/v2\/media?parent=266"}],"wp:term":[{"taxonomy":"product_brand","embeddable":true,"href":"https:\/\/supexup.formatome.fr\/2025-2026\/RPMC\/2\/wp-json\/wp\/v2\/product_brand?post=266"},{"taxonomy":"product_cat","embeddable":true,"href":"https:\/\/supexup.formatome.fr\/2025-2026\/RPMC\/2\/wp-json\/wp\/v2\/product_cat?post=266"},{"taxonomy":"product_tag","embeddable":true,"href":"https:\/\/supexup.formatome.fr\/2025-2026\/RPMC\/2\/wp-json\/wp\/v2\/product_tag?post=266"}],"curies":[{"name":"wp","href":"https:\/\/api.w.org\/{rel}","templated":true}]}}