{"id":251,"date":"2026-03-26T11:52:35","date_gmt":"2026-03-26T10:52:35","guid":{"rendered":"https:\/\/supexup.formatome.fr\/2025-2026\/RPMC\/2\/?post_type=product&#038;p=251"},"modified":"2026-03-27T11:12:31","modified_gmt":"2026-03-27T10:12:31","slug":"lechappee-alpine","status":"publish","type":"product","link":"https:\/\/supexup.formatome.fr\/2025-2026\/RPMC\/2\/product\/lechappee-alpine\/","title":{"rendered":"L&rsquo;\u00c9chapp\u00e9e Alpine"},"content":{"rendered":"<div class=\"et_pb_slide_content\">\n<p>Partez pour une parenth\u00e8se au c\u0153ur des Alpes, \u00e0 Courchevel, entre randonn\u00e9es panoramiques et moments de d\u00e9tente en pleine nature. Au fil des sentiers alpins, d\u00e9couvrez des paysages majestueux, l\u2019air pur des sommets et la tranquillit\u00e9 des grands espaces. Apr\u00e8s une journ\u00e9e d\u2019exploration, retrouvez le confort d\u2019un g\u00eete chaleureux pour prolonger cette exp\u00e9rience authentique et ressour\u00e7ante.<\/p>\n<p>Nous vous proposons un gite d&rsquo;exception nich\u00e9 au c\u0153ur des Alpes, qui accueille jusqu\u2019\u00e0 4 personnes dans un cadre \u00e0 la fois chaleureux et \u00e9l\u00e9gant.<br \/>\n2 chambres doubles, une cuisine \u00e9quip\u00e9es, 1 salle de bain, une terrasse.\u00a0<br data-start=\"185\" data-end=\"188\" \/>Entre bois naturel, lumi\u00e8re douce et vue sur les sommets, chaque espace a \u00e9t\u00e9 pens\u00e9 pour allier confort et authenticit\u00e9.<br data-start=\"310\" data-end=\"313\" \/>Apr\u00e8s une journ\u00e9e en montagne, profitez d\u2019instants conviviaux dans un salon cosy ou autour d\u2019un repas partag\u00e9 face aux paysages alpins.<br data-start=\"450\" data-end=\"453\" \/>Un lieu id\u00e9al pour se retrouver, se ressourcer et vivre pleinement l\u2019exp\u00e9rience de la montagne.au coeur de la montagne<\/p>\n<p><strong>4 pers. Max.\u00a0<\/strong><br \/>\n<strong>190,00\u20ac\/nuit\u00e9e\u00a0<\/strong><\/p>\n<\/div>\n","protected":false},"excerpt":{"rendered":"<p>Gite de charme \u00e0 Courchevel<\/p>\n","protected":false},"featured_media":252,"comment_status":"open","ping_status":"closed","template":"","meta":{"_et_pb_use_builder":"","_et_pb_old_content":"","_et_gb_content_width":""},"product_brand":[],"product_cat":[16],"product_tag":[],"class_list":{"0":"post-251","1":"product","2":"type-product","3":"status-publish","4":"has-post-thumbnail","6":"product_cat-uncategorized","8":"first","9":"instock","10":"shipping-taxable","11":"purchasable","12":"product-type-simple"},"_links":{"self":[{"href":"https:\/\/supexup.formatome.fr\/2025-2026\/RPMC\/2\/wp-json\/wp\/v2\/product\/251","targetHints":{"allow":["GET"]}}],"collection":[{"href":"https:\/\/supexup.formatome.fr\/2025-2026\/RPMC\/2\/wp-json\/wp\/v2\/product"}],"about":[{"href":"https:\/\/supexup.formatome.fr\/2025-2026\/RPMC\/2\/wp-json\/wp\/v2\/types\/product"}],"replies":[{"embeddable":true,"href":"https:\/\/supexup.formatome.fr\/2025-2026\/RPMC\/2\/wp-json\/wp\/v2\/comments?post=251"}],"wp:featuredmedia":[{"embeddable":true,"href":"https:\/\/supexup.formatome.fr\/2025-2026\/RPMC\/2\/wp-json\/wp\/v2\/media\/252"}],"wp:attachment":[{"href":"https:\/\/supexup.formatome.fr\/2025-2026\/RPMC\/2\/wp-json\/wp\/v2\/media?parent=251"}],"wp:term":[{"taxonomy":"product_brand","embeddable":true,"href":"https:\/\/supexup.formatome.fr\/2025-2026\/RPMC\/2\/wp-json\/wp\/v2\/product_brand?post=251"},{"taxonomy":"product_cat","embeddable":true,"href":"https:\/\/supexup.formatome.fr\/2025-2026\/RPMC\/2\/wp-json\/wp\/v2\/product_cat?post=251"},{"taxonomy":"product_tag","embeddable":true,"href":"https:\/\/supexup.formatome.fr\/2025-2026\/RPMC\/2\/wp-json\/wp\/v2\/product_tag?post=251"}],"curies":[{"name":"wp","href":"https:\/\/api.w.org\/{rel}","templated":true}]}}