{"id":177,"date":"2026-02-12T10:03:09","date_gmt":"2026-02-12T09:03:09","guid":{"rendered":"https:\/\/supexup.formatome.fr\/2025-2026\/RPMC\/13\/?post_type=product&#038;p=177"},"modified":"2026-03-26T11:32:53","modified_gmt":"2026-03-26T10:32:53","slug":"eveil-cosmique","status":"publish","type":"product","link":"https:\/\/supexup.formatome.fr\/2025-2026\/RPMC\/13\/produit\/eveil-cosmique\/","title":{"rendered":"\u00c9veil Cosmique"},"content":{"rendered":"<p>[et_pb_section fb_built=\u00a0\u00bb1&Prime; _builder_version=\u00a0\u00bb4.16&Prime; custom_padding=\u00a0\u00bb0px||||false|false\u00a0\u00bb global_colors_info=\u00a0\u00bb{}\u00a0\u00bb][et_pb_row _builder_version=\u00a0\u00bb4.16&Prime; background_size=\u00a0\u00bbinitial\u00a0\u00bb background_position=\u00a0\u00bbtop_left\u00a0\u00bb background_repeat=\u00a0\u00bbrepeat\u00a0\u00bb width=\u00a0\u00bb100%\u00a0\u00bb custom_padding=\u00a0\u00bb0px||0px||false|false\u00a0\u00bb global_colors_info=\u00a0\u00bb{}\u00a0\u00bb][et_pb_column type=\u00a0\u00bb4_4&Prime; _builder_version=\u00a0\u00bb4.16&Prime; custom_padding=\u00a0\u00bb|||\u00a0\u00bb global_colors_info=\u00a0\u00bb{}\u00a0\u00bb custom_padding__hover=\u00a0\u00bb|||\u00a0\u00bb][et_pb_wc_breadcrumb _builder_version=\u00a0\u00bb4.16&Prime; global_colors_info=\u00a0\u00bb{}\u00a0\u00bb][\/et_pb_wc_breadcrumb][et_pb_wc_cart_notice _builder_version=\u00a0\u00bb4.27.4&Prime; content_text_color=\u00a0\u00bb#7CDA24&Prime; background_color=\u00a0\u00bb#7d896e\u00a0\u00bb custom_button=\u00a0\u00bbon\u00a0\u00bb button_text_color=\u00a0\u00bb#7d876e\u00a0\u00bb button_bg_color=\u00a0\u00bb#FFFFFF\u00a0\u00bb button_border_color=\u00a0\u00bb#7CDA24&Prime; button_icon_color=\u00a0\u00bb#7CDA24&Prime; hover_enabled=\u00a0\u00bb0&Prime; global_colors_info=\u00a0\u00bb{}\u00a0\u00bb sticky_enabled=\u00a0\u00bb0&Prime;][\/et_pb_wc_cart_notice][\/et_pb_column][\/et_pb_row][et_pb_row column_structure=\u00a0\u00bb1_2,1_2&Prime; _builder_version=\u00a0\u00bb4.16&Prime; background_size=\u00a0\u00bbinitial\u00a0\u00bb background_position=\u00a0\u00bbtop_left\u00a0\u00bb background_repeat=\u00a0\u00bbrepeat\u00a0\u00bb width=\u00a0\u00bb100%\u00a0\u00bb custom_padding=\u00a0\u00bb0px||||false|false\u00a0\u00bb global_colors_info=\u00a0\u00bb{}\u00a0\u00bb][et_pb_column type=\u00a0\u00bb1_2&Prime; _builder_version=\u00a0\u00bb4.16&Prime; custom_padding=\u00a0\u00bb|||\u00a0\u00bb global_colors_info=\u00a0\u00bb{}\u00a0\u00bb custom_padding__hover=\u00a0\u00bb|||\u00a0\u00bb][et_pb_wc_images _builder_version=\u00a0\u00bb4.16&Prime; global_colors_info=\u00a0\u00bb{}\u00a0\u00bb][\/et_pb_wc_images][\/et_pb_column][et_pb_column type=\u00a0\u00bb1_2&Prime; _builder_version=\u00a0\u00bb4.16&Prime; custom_padding=\u00a0\u00bb|||\u00a0\u00bb global_colors_info=\u00a0\u00bb{}\u00a0\u00bb custom_padding__hover=\u00a0\u00bb|||\u00a0\u00bb][et_pb_wc_title _builder_version=\u00a0\u00bb4.27.4&Prime; header_font=\u00a0\u00bbCormorant Garamond||||||||\u00a0\u00bb global_colors_info=\u00a0\u00bb{}\u00a0\u00bb][\/et_pb_wc_title][et_pb_wc_price _builder_version=\u00a0\u00bb4.27.4&Prime; body_text_color=\u00a0\u00bb#7d876e\u00a0\u00bb hover_enabled=\u00a0\u00bb0&Prime; global_colors_info=\u00a0\u00bb{}\u00a0\u00bb sticky_enabled=\u00a0\u00bb0&Prime;][\/et_pb_wc_price][et_pb_wc_description _builder_version=\u00a0\u00bb4.16&Prime; global_colors_info=\u00a0\u00bb{}\u00a0\u00bb][\/et_pb_wc_description][et_pb_wc_add_to_cart _builder_version=\u00a0\u00bb4.27.4&Prime; custom_button=\u00a0\u00bbon\u00a0\u00bb button_text_color=\u00a0\u00bb#7d876e\u00a0\u00bb hover_enabled=\u00a0\u00bb0&Prime; global_colors_info=\u00a0\u00bb{}\u00a0\u00bb sticky_enabled=\u00a0\u00bb0&Prime;][\/et_pb_wc_add_to_cart][et_pb_wc_meta _builder_version=\u00a0\u00bb4.27.4&Prime; body_text_color=\u00a0\u00bb#000000&Prime; global_colors_info=\u00a0\u00bb{}\u00a0\u00bb][\/et_pb_wc_meta][\/et_pb_column][\/et_pb_row][et_pb_row _builder_version=\u00a0\u00bb4.16&Prime; background_size=\u00a0\u00bbinitial\u00a0\u00bb background_position=\u00a0\u00bbtop_left\u00a0\u00bb background_repeat=\u00a0\u00bbrepeat\u00a0\u00bb width=\u00a0\u00bb100%\u00a0\u00bb global_colors_info=\u00a0\u00bb{}\u00a0\u00bb][et_pb_column type=\u00a0\u00bb4_4&Prime; _builder_version=\u00a0\u00bb4.16&Prime; custom_padding=\u00a0\u00bb|||\u00a0\u00bb global_colors_info=\u00a0\u00bb{}\u00a0\u00bb custom_padding__hover=\u00a0\u00bb|||\u00a0\u00bb][et_pb_wc_tabs include_tabs=\u00a0\u00bbdescription|\u00a0\u00bb _builder_version=\u00a0\u00bb4.27.4&Prime; global_colors_info=\u00a0\u00bb{}\u00a0\u00bb]\t\t\t\t\t[\/et_pb_wc_tabs][et_pb_wc_upsells _builder_version=\u00a0\u00bb4.16&Prime; global_colors_info=\u00a0\u00bb{}\u00a0\u00bb][\/et_pb_wc_upsells][et_pb_wc_related_products _builder_version=\u00a0\u00bb4.27.4&Prime; title_font=\u00a0\u00bbCormorant Garamond||||||||\u00a0\u00bb product_title_font=\u00a0\u00bbCormorant Garamond||||||||\u00a0\u00bb global_colors_info=\u00a0\u00bb{}\u00a0\u00bb][\/et_pb_wc_related_products][\/et_pb_column][\/et_pb_row][\/et_pb_section]<\/p>\n","protected":false},"excerpt":{"rendered":"<p data-start=\"229\" data-end=\"409\">Une \u0153uvre vibrante et intense o\u00f9 un \u0153il s\u2019\u00e9l\u00e8ve vers un ciel flamboyant. Une peinture originale symbolisant la transformation, la conscience et la connexion entre terre et univers.<\/p>\n","protected":false},"featured_media":179,"comment_status":"open","ping_status":"closed","template":"","meta":{"_et_pb_use_builder":"on","_et_pb_old_content":"<p data-start=\"457\" data-end=\"543\"><strong data-start=\"457\" data-end=\"475\">\u00c9veil Cosmique<\/strong> est une peinture originale r\u00e9alis\u00e9e \u00e0 l\u2019acrylique sur toile carr\u00e9e.<\/p>\r\n<p data-start=\"545\" data-end=\"819\">Au centre de la composition, un \u0153il myst\u00e9rieux repose au sommet d\u2019une forme \u00e9lanc\u00e9e, presque organique, qui semble jaillir du sol pour s\u2019\u00e9lever vers un ciel incandescent. Cette colonne fluide cr\u00e9e un lien puissant entre la terre et le cosmos, entre l\u2019ancrage et l\u2019\u00e9l\u00e9vation.<\/p>\r\n<p data-start=\"821\" data-end=\"1135\">Le contraste entre les tons chauds du ciel \u2014 rouge, orange, rose et touches lumineuses \u2014 et les nuances profondes de bleu et de violet dans la partie inf\u00e9rieure renforce la tension visuelle et \u00e9motionnelle de l\u2019\u0153uvre. Ce jeu de couleurs symbolise la dualit\u00e9 : feu et eau, mati\u00e8re et esprit, stabilit\u00e9 et mouvement.<\/p>\r\n<p data-start=\"1137\" data-end=\"1378\">Les mouvements de pinceau dynamiques apportent intensit\u00e9 et profondeur, donnant \u00e0 la toile une \u00e9nergie presque vibratoire. L\u2019\u0153il, plac\u00e9 au sommet, devient le symbole de l\u2019\u00e9veil, de la conscience sup\u00e9rieure et de la transformation int\u00e9rieure.<\/p>\r\n<p data-start=\"1380\" data-end=\"1400\">Cette \u0153uvre \u00e9voque :<\/p>\r\n<p data-start=\"1402\" data-end=\"1518\">L\u2019\u00e9veil spirituel<br data-start=\"1419\" data-end=\"1422\" \/>La transformation<br data-start=\"1439\" data-end=\"1442\" \/>La connexion entre ciel et terre<br data-start=\"1474\" data-end=\"1477\" \/>La conscience<br data-start=\"1490\" data-end=\"1493\" \/>La puissance int\u00e9rieure<\/p>\r\n<p data-start=\"1520\" data-end=\"1772\">Elle trouvera naturellement sa place dans un int\u00e9rieur contemporain, un espace artistique, un bureau cr\u00e9atif ou un lieu d\u00e9di\u00e9 au d\u00e9veloppement personnel et \u00e0 l\u2019expression de soi. V\u00e9ritable pi\u00e8ce ma\u00eetresse, elle attire le regard et suscite la r\u00e9flexion.<\/p>\r\n\r\n<ul>\r\n \t<li data-start=\"1807\" data-end=\"1842\">\r\n<p data-start=\"1809\" data-end=\"1842\">Technique : Acrylique sur toile<\/p>\r\n<\/li>\r\n \t<li data-start=\"1843\" data-end=\"1881\">\r\n<p data-start=\"1845\" data-end=\"1881\">Support : Toile mont\u00e9e sur ch\u00e2ssis<\/p>\r\n<\/li>\r\n \t<li data-start=\"1882\" data-end=\"1931\">\r\n<p data-start=\"1884\" data-end=\"1931\">Format : 20 x 20 cm (\u00e0 adapter si n\u00e9cessaire)<\/p>\r\n<\/li>\r\n \t<li data-start=\"1932\" data-end=\"1977\">\r\n<p data-start=\"1934\" data-end=\"1977\">Finition : \u0152uvre originale \u2013 pi\u00e8ce unique<\/p>\r\n<\/li>\r\n<\/ul>","_et_gb_content_width":""},"product_brand":[],"product_cat":[17],"product_tag":[],"class_list":{"0":"post-177","1":"product","2":"type-product","3":"status-publish","4":"has-post-thumbnail","6":"product_cat-non-classe","8":"first","9":"instock","10":"shipping-taxable","11":"purchasable","12":"product-type-simple"},"jetpack_sharing_enabled":true,"_links":{"self":[{"href":"https:\/\/supexup.formatome.fr\/2025-2026\/RPMC\/13\/wp-json\/wp\/v2\/product\/177","targetHints":{"allow":["GET"]}}],"collection":[{"href":"https:\/\/supexup.formatome.fr\/2025-2026\/RPMC\/13\/wp-json\/wp\/v2\/product"}],"about":[{"href":"https:\/\/supexup.formatome.fr\/2025-2026\/RPMC\/13\/wp-json\/wp\/v2\/types\/product"}],"replies":[{"embeddable":true,"href":"https:\/\/supexup.formatome.fr\/2025-2026\/RPMC\/13\/wp-json\/wp\/v2\/comments?post=177"}],"wp:featuredmedia":[{"embeddable":true,"href":"https:\/\/supexup.formatome.fr\/2025-2026\/RPMC\/13\/wp-json\/wp\/v2\/media\/179"}],"wp:attachment":[{"href":"https:\/\/supexup.formatome.fr\/2025-2026\/RPMC\/13\/wp-json\/wp\/v2\/media?parent=177"}],"wp:term":[{"taxonomy":"product_brand","embeddable":true,"href":"https:\/\/supexup.formatome.fr\/2025-2026\/RPMC\/13\/wp-json\/wp\/v2\/product_brand?post=177"},{"taxonomy":"product_cat","embeddable":true,"href":"https:\/\/supexup.formatome.fr\/2025-2026\/RPMC\/13\/wp-json\/wp\/v2\/product_cat?post=177"},{"taxonomy":"product_tag","embeddable":true,"href":"https:\/\/supexup.formatome.fr\/2025-2026\/RPMC\/13\/wp-json\/wp\/v2\/product_tag?post=177"}],"curies":[{"name":"wp","href":"https:\/\/api.w.org\/{rel}","templated":true}]}}