{"id":310,"date":"2026-03-02T11:46:54","date_gmt":"2026-03-02T10:46:54","guid":{"rendered":"https:\/\/supexup.formatome.fr\/2025-2026\/RPMC\/12\/?post_type=product&#038;p=310"},"modified":"2026-03-26T12:21:33","modified_gmt":"2026-03-26T11:21:33","slug":"lait-hydratant-pour-tatouage-250ml","status":"publish","type":"product","link":"https:\/\/supexup.formatome.fr\/2025-2026\/RPMC\/12\/produit\/lait-hydratant-pour-tatouage-250ml\/","title":{"rendered":"Lait hydratant pour tatouage 250ml"},"content":{"rendered":"<p>Au beurre de karit\u00e9 et \u00e0 l\u2019huile de coco bio.<\/p>\n<p>Hydratation quotidienne pour toutes les peaux m\u00eame sensibles. Augmentation du niveau d\u2019hydratation de la peau de 44%, 4 heures apr\u00e8s application. Hydratant des couches sup\u00e9rieures de l\u2019\u00e9piderme \u00e0 court et moyen terme.<\/p>\n<p>Le lait hydratant est id\u00e9al pour sublimer vos tatouages apr\u00e8s cicatrisation. Test\u00e9 sous contr\u00f4le dermatologique il vous offrira excellente tol\u00e9rance cutan\u00e9e m\u00eame sur peaux sensibles.<\/p>\n<p><strong>R\u00e9sultats obtenus sur les peaux tatou\u00e9es apr\u00e8s 21 jours d\u2019utilisation :<\/strong><\/p>\n<p>\u2013 Peau plus douce, plus lisse, plus souple, plus \u00e9lastique.<br \/>\n\u2013 Couleurs plus \u00e9clatantes, plus contrast\u00e9es.<\/p>\n<p><em>Source : Etude Bionos, testing efficacy<\/em><\/p>\n<p>Conservation : 12 mois apr\u00e8s ouverture<\/p>\n<p>Fabriqu\u00e9 en France<\/p>\n<p>Ingr\u00e9dients : Aqua (Water), Caprylic\/Capric Triglyceride, Glycerin, Glyceryl Stearate, Cocos Nucifera (Coconut) Oil*, Glyceryl Stearate Citrate, Dicaprylyl Ether, Xylitylglucoside, Butyrospermum Parkii (Shea) Butter, Ethylhexyl Polyhydroxystearate, Silica, Anhydroxylitol, Cetearyl Alcohol, Xylitol, Potassium Sorbate, Xanthan Gum, Tocopherol, Bisabolol, Sodium Benzoate, Glucose, Citric Acid, Sodium Hydroxide, Helianthus Annuus (Sunflower) Seed Oil, Aloe Barbadensis Leaf Juice Powder.<\/p>\n","protected":false},"excerpt":{"rendered":"<p>Lait hydratant au beurre de karit\u00e9 et huile de coco bio, id\u00e9al pour toutes les peaux, m\u00eame sensibles. Hydrate intens\u00e9ment (+44 % en 4h) et sublime les tatouages apr\u00e8s cicatrisation : peau douce, souple et couleurs \u00e9clatantes. Test\u00e9 dermatologiquement.<\/p>\n","protected":false},"featured_media":311,"comment_status":"open","ping_status":"closed","template":"","meta":{"_et_pb_use_builder":"","_et_pb_old_content":"","_et_gb_content_width":""},"product_brand":[20],"product_cat":[23],"product_tag":[],"class_list":{"0":"post-310","1":"product","2":"type-product","3":"status-publish","4":"has-post-thumbnail","6":"product_brand-otzi","7":"product_cat-hydratation","9":"first","10":"instock","11":"shipping-taxable","12":"purchasable","13":"product-type-simple"},"jetpack_sharing_enabled":true,"_links":{"self":[{"href":"https:\/\/supexup.formatome.fr\/2025-2026\/RPMC\/12\/wp-json\/wp\/v2\/product\/310","targetHints":{"allow":["GET"]}}],"collection":[{"href":"https:\/\/supexup.formatome.fr\/2025-2026\/RPMC\/12\/wp-json\/wp\/v2\/product"}],"about":[{"href":"https:\/\/supexup.formatome.fr\/2025-2026\/RPMC\/12\/wp-json\/wp\/v2\/types\/product"}],"replies":[{"embeddable":true,"href":"https:\/\/supexup.formatome.fr\/2025-2026\/RPMC\/12\/wp-json\/wp\/v2\/comments?post=310"}],"wp:featuredmedia":[{"embeddable":true,"href":"https:\/\/supexup.formatome.fr\/2025-2026\/RPMC\/12\/wp-json\/wp\/v2\/media\/311"}],"wp:attachment":[{"href":"https:\/\/supexup.formatome.fr\/2025-2026\/RPMC\/12\/wp-json\/wp\/v2\/media?parent=310"}],"wp:term":[{"taxonomy":"product_brand","embeddable":true,"href":"https:\/\/supexup.formatome.fr\/2025-2026\/RPMC\/12\/wp-json\/wp\/v2\/product_brand?post=310"},{"taxonomy":"product_cat","embeddable":true,"href":"https:\/\/supexup.formatome.fr\/2025-2026\/RPMC\/12\/wp-json\/wp\/v2\/product_cat?post=310"},{"taxonomy":"product_tag","embeddable":true,"href":"https:\/\/supexup.formatome.fr\/2025-2026\/RPMC\/12\/wp-json\/wp\/v2\/product_tag?post=310"}],"curies":[{"name":"wp","href":"https:\/\/api.w.org\/{rel}","templated":true}]}}