{"id":308,"date":"2026-03-02T11:43:31","date_gmt":"2026-03-02T10:43:31","guid":{"rendered":"https:\/\/supexup.formatome.fr\/2025-2026\/RPMC\/12\/?post_type=product&#038;p=308"},"modified":"2026-03-26T12:17:07","modified_gmt":"2026-03-26T11:17:07","slug":"creme-reparatrice-et-hydratante-apres-tatouage-4ml-sachet-individuel","status":"publish","type":"product","link":"https:\/\/supexup.formatome.fr\/2025-2026\/RPMC\/12\/produit\/creme-reparatrice-et-hydratante-apres-tatouage-4ml-sachet-individuel\/","title":{"rendered":"Cr\u00e8me r\u00e9paratrice et hydratante apr\u00e8s tatouage 4ml sachet individuel"},"content":{"rendered":"<p>D\u00e9velopp\u00e9e sp\u00e9cialement pour l\u2019entretien des tatouages, la cr\u00e8me tattoo hydrate et favorise la restructuration de la barri\u00e8re cutan\u00e9e. Elle apaise les irritations li\u00e9es au tatouage. Test\u00e9e sous contr\u00f4le dermatologique, elle offre une excellente tol\u00e9rance cutan\u00e9e. Ne colle pas et ne t\u00e2che pas.<\/p>\n<p>\u2022 Fabriqu\u00e9e en France<br \/>\n\u2022 Augmentation du taux d\u2019hydratation des couches superficielles de l\u2019\u00e9piderme de 62% apr\u00e8s la premi\u00e8re heure d\u2019application. (\u00c9tude r\u00e9alis\u00e9e par l\u2019institut dermatologique Idea)<br \/>\n\u2022 Action r\u00e9g\u00e9n\u00e9rante importante d\u00e8s 3 jours d\u2019utilisation. (Etude r\u00e9alis\u00e9e par le centre de recherche biologique Bio-ec)<br \/>\n\u2022 Activit\u00e9 restructurante tr\u00e8s importante de la barri\u00e8re cutan\u00e9e d\u00e8s 3 heures apr\u00e8s application. (Etude r\u00e9alis\u00e9e par le centre de recherche biologique Bio-ec)<\/p>\n<p>COMMENT L\u2019UTILISER ?<\/p>\n<p>\u2022 Nettoyer le tatouage avec le gel nettoyant OTZI, rincer \u00e0 l\u2019eau ti\u00e8de puis s\u00e9cher en tamponnant avec un linge propre.<br \/>\n\u2022 Appliquer la cr\u00e8me tattoo en massant l\u00e9g\u00e8rement jusqu\u2019\u00e0 p\u00e9n\u00e9tration compl\u00e8te.<br \/>\n\u2022 Renouveler l\u2019application 3 \u00e0 4 fois par jour pendant 10 jours.<\/p>\n<p>LE SAVIEZ-VOUS ?<\/p>\n<p>Le Panth\u00e9nol est un composant de la vitamine B5 indispensable \u00e0 notre organisme, associ\u00e9 au TGO (oxidized corn oil) contenu \u00e9galement dans la cr\u00e8me tattoo, il favorise la restructuration de la barri\u00e8re cutan\u00e9e et calme les peaux irrit\u00e9es.<br \/>\nCe n\u2019est pas en appliquant une quantit\u00e9 importante de cr\u00e8me que le r\u00e9sultat sera optimum. Par contre, l\u2019action m\u00e9canique du massage favorisera une bonne p\u00e9n\u00e9tration de la cr\u00e8me et ainsi une bonne restructuration de la barri\u00e8re cutan\u00e9e.<\/p>\n<p>Conservation : 12 mois apr\u00e8s ouverture<\/p>\n<p>Ingr\u00e9dients : AQUA (WATER), PARAFFINUM LIQUIDUM (MINERAL OIL), BUTYROSPERMUM PARKII (SHEA) BUTTER, OXIDIZED CORN OIL, GLYCERIN, CERA ALBA (BEESWAX), PANTHENOL,POLYGLYCERYL-3 METHYLGLUCOSE DISTEARATE, CETYL PALMITATE, GLYCERYL STEARATE, PEG-100 STEARATE, CERA MICROCRISTALLINA (MICROCRYSTALLINE WAX), POLYACRYLAMIDE, PARAFFIN , C13-14 ISOPARAFFIN, SODIUM BENZOATE, XANTHAN GUM, BISABOLOL, POTASSIUM CITRATE, CITRIC ACID, LAURETH-7,PRUNUS ARMENIACA (APRICOT) KERNEL OIL, TETRASODIUM EDTA, CALENDULA OFFICINALIS FLOWER EXTRACT.<\/p>\n","protected":false},"excerpt":{"rendered":"<p>Cr\u00e8me tattoo hydratante qui apaise les irritations et renforce la barri\u00e8re cutan\u00e9e. Sa texture non collante ne t\u00e2che pas et offre une excellente tol\u00e9rance. R\u00e9sultats prouv\u00e9s : hydratation +62 % en 1h et action r\u00e9g\u00e9n\u00e9rante rapide. Fabriqu\u00e9e en France, test\u00e9e dermatologiquement.<\/p>\n","protected":false},"featured_media":309,"comment_status":"open","ping_status":"closed","template":"","meta":{"_et_pb_use_builder":"","_et_pb_old_content":"","_et_gb_content_width":""},"product_brand":[20],"product_cat":[23],"product_tag":[],"class_list":{"0":"post-308","1":"product","2":"type-product","3":"status-publish","4":"has-post-thumbnail","6":"product_brand-otzi","7":"product_cat-hydratation","9":"first","10":"instock","11":"shipping-taxable","12":"purchasable","13":"product-type-simple"},"jetpack_sharing_enabled":true,"_links":{"self":[{"href":"https:\/\/supexup.formatome.fr\/2025-2026\/RPMC\/12\/wp-json\/wp\/v2\/product\/308","targetHints":{"allow":["GET"]}}],"collection":[{"href":"https:\/\/supexup.formatome.fr\/2025-2026\/RPMC\/12\/wp-json\/wp\/v2\/product"}],"about":[{"href":"https:\/\/supexup.formatome.fr\/2025-2026\/RPMC\/12\/wp-json\/wp\/v2\/types\/product"}],"replies":[{"embeddable":true,"href":"https:\/\/supexup.formatome.fr\/2025-2026\/RPMC\/12\/wp-json\/wp\/v2\/comments?post=308"}],"wp:featuredmedia":[{"embeddable":true,"href":"https:\/\/supexup.formatome.fr\/2025-2026\/RPMC\/12\/wp-json\/wp\/v2\/media\/309"}],"wp:attachment":[{"href":"https:\/\/supexup.formatome.fr\/2025-2026\/RPMC\/12\/wp-json\/wp\/v2\/media?parent=308"}],"wp:term":[{"taxonomy":"product_brand","embeddable":true,"href":"https:\/\/supexup.formatome.fr\/2025-2026\/RPMC\/12\/wp-json\/wp\/v2\/product_brand?post=308"},{"taxonomy":"product_cat","embeddable":true,"href":"https:\/\/supexup.formatome.fr\/2025-2026\/RPMC\/12\/wp-json\/wp\/v2\/product_cat?post=308"},{"taxonomy":"product_tag","embeddable":true,"href":"https:\/\/supexup.formatome.fr\/2025-2026\/RPMC\/12\/wp-json\/wp\/v2\/product_tag?post=308"}],"curies":[{"name":"wp","href":"https:\/\/api.w.org\/{rel}","templated":true}]}}