{"id":304,"date":"2026-03-02T11:41:02","date_gmt":"2026-03-02T10:41:02","guid":{"rendered":"https:\/\/supexup.formatome.fr\/2025-2026\/RPMC\/12\/?post_type=product&#038;p=304"},"modified":"2026-03-26T12:20:35","modified_gmt":"2026-03-26T11:20:35","slug":"kit-de-soins-apres-tatouage-125ml-100ml","status":"publish","type":"product","link":"https:\/\/supexup.formatome.fr\/2025-2026\/RPMC\/12\/produit\/kit-de-soins-apres-tatouage-125ml-100ml\/","title":{"rendered":"Kit de Soins apr\u00e8s tatouage 125ml\/100ml"},"content":{"rendered":"<p>Le kit OTZI est la premi\u00e8re solution de soins cl\u00e9 en main, con\u00e7ue sp\u00e9cialement pour optimiser l\u2019entretien et l\u2019hydratation des tatouages.<\/p>\n<p>Nettoie, hydrate et r\u00e9g\u00e9n\u00e8re votre tatouage.<\/p>\n<p><strong>Le gel nettoyant<\/strong> : Destin\u00e9 au nettoyage quotidien du tatouage, le gel nettoyant doux est sans parfum.<\/p>\n<p>Sa formule, ajust\u00e9e au pH de la peau, a un effet adoucissant limitant les irritations li\u00e9es au tatouage. Elle respecte l\u2019\u00e9quilibre de la flore cutan\u00e9e et permet un lavage fr\u00e9quent.<\/p>\n<p>La Teflose, actif du gel nettoyant se comporte comme un rev\u00eatement inhibant l\u2019adh\u00e9sion des souches bact\u00e9riennes ind\u00e9sirables ou pathog\u00e8nes \u00e0 la surface de la peau. Sa richesse en Rhamnose, un sucre impliqu\u00e9 dans la communication cellulaire, lui conf\u00e8re la capacit\u00e9 \u00e0 moduler la r\u00e9ponse inflammatoire en cas d\u2019agression.<\/p>\n<p><strong>La cr\u00e8me r\u00e9paratrice<\/strong> :D\u00e9velopp\u00e9e sp\u00e9cialement pour l\u2019entretien des tatouages, la cr\u00e8me tattoo hydrate et favorise la restructuration de la barri\u00e8re cutan\u00e9e. Elle limite les sensations de d\u00e9mangeaisons li\u00e9es au tatouage. Test\u00e9e sous contr\u00f4le dermatologique, elle offre une excellente tol\u00e9rance cutan\u00e9e. Ne colle pas et ne t\u00e2che pas.<\/p>\n<p>LE KIT OTZI CONTIENT<\/p>\n<p>\u2022 1 Gel nettoyant doux 125 ml<br \/>\n\u2022 1 Cr\u00e8me tattoo 100 ml<br \/>\n\u2022 Une notice explicative sur la boite<\/p>\n<p>LE SAVIEZ VOUS?<\/p>\n<p>L\u2019ALPHA BISABOLOL contenu dans la cr\u00e8me tattoo est un actif provenant d\u00b4un arbre du Br\u00e9sil. Il est adapt\u00e9 \u00e0 tous types de peaux de par ses propri\u00e9t\u00e9s apaisantes, r\u00e9g\u00e9n\u00e9rantes et adoucissantes.<\/p>\n<p>Conservation : 12 mois apr\u00e8s ouverture<\/p>\n<p>Fabriqu\u00e9 en France<\/p>\n<p>Ingr\u00e9dients : CREME TATTOO: AQUA (WATER), PARAFFINUM LIQUIDUM (MINERAL OIL), BUTYROSPERMUM PARKII (SHEA) BUTTER, OXIDIZED CORN OIL, GLYCERIN, CERA ALBA (BEESWAX), PANTHENOL,POLYGLYCERYL-3 METHYLGLUCOSE DISTEARATE, CETYL PALMITATE, GLYCERYL STEARATE, PEG-100 STEARATE, CERA MICROCRISTALLINA (MICROCRYSTALLINE WAX), POLYACRYLAMIDE, PARAFFIN , C13-14 ISOPARAFFIN, SODIUM BENZOATE, XANTHAN GUM, BISABOLOL, POTASSIUM CITRATE, CITRIC ACID, LAURETH-7,PRUNUS ARMENIACA (APRICOT) KERNEL OIL, TETRASODIUM EDTA, CALENDULA OFFICINALIS FLOWER EXTRACT. GEL TATTOO: Aqua (Water), Sodium Laureth Sulfate, Propylene Glycol, Cocamidopropyl Betaine, Glycerin, PEG-7 Glyceryl Cocoate, Sodium Chloride, Propanediol, Sodium Benzoate, Chlorhexidine Digluconate, Ethylhexylglycerin, PEG-150 Distearate,Styrene\/Acrylates Copolymer, Citric Acid, Rhamnose, Glucose, Glucuronic Acid, Tocopherol.<\/p>\n","protected":false},"excerpt":{"rendered":"<p>Kit complet de soins tattoo pour nettoyer, hydrater et r\u00e9g\u00e9n\u00e9rer la peau au quotidien. Il associe un gel nettoyant doux sans parfum, qui respecte l\u2019\u00e9quilibre cutan\u00e9 et prot\u00e8ge des bact\u00e9ries, \u00e0 une cr\u00e8me r\u00e9paratrice qui apaise, hydrate et r\u00e9duit les d\u00e9mangeaisons. Id\u00e9al pour un entretien optimal des tatouages.<\/p>\n","protected":false},"featured_media":305,"comment_status":"open","ping_status":"closed","template":"","meta":{"_et_pb_use_builder":"","_et_pb_old_content":"","_et_gb_content_width":""},"product_brand":[20],"product_cat":[25],"product_tag":[],"class_list":{"0":"post-304","1":"product","2":"type-product","3":"status-publish","4":"has-post-thumbnail","6":"product_brand-otzi","7":"product_cat-kitdesoins","9":"first","10":"instock","11":"shipping-taxable","12":"purchasable","13":"product-type-simple"},"jetpack_sharing_enabled":true,"_links":{"self":[{"href":"https:\/\/supexup.formatome.fr\/2025-2026\/RPMC\/12\/wp-json\/wp\/v2\/product\/304","targetHints":{"allow":["GET"]}}],"collection":[{"href":"https:\/\/supexup.formatome.fr\/2025-2026\/RPMC\/12\/wp-json\/wp\/v2\/product"}],"about":[{"href":"https:\/\/supexup.formatome.fr\/2025-2026\/RPMC\/12\/wp-json\/wp\/v2\/types\/product"}],"replies":[{"embeddable":true,"href":"https:\/\/supexup.formatome.fr\/2025-2026\/RPMC\/12\/wp-json\/wp\/v2\/comments?post=304"}],"wp:featuredmedia":[{"embeddable":true,"href":"https:\/\/supexup.formatome.fr\/2025-2026\/RPMC\/12\/wp-json\/wp\/v2\/media\/305"}],"wp:attachment":[{"href":"https:\/\/supexup.formatome.fr\/2025-2026\/RPMC\/12\/wp-json\/wp\/v2\/media?parent=304"}],"wp:term":[{"taxonomy":"product_brand","embeddable":true,"href":"https:\/\/supexup.formatome.fr\/2025-2026\/RPMC\/12\/wp-json\/wp\/v2\/product_brand?post=304"},{"taxonomy":"product_cat","embeddable":true,"href":"https:\/\/supexup.formatome.fr\/2025-2026\/RPMC\/12\/wp-json\/wp\/v2\/product_cat?post=304"},{"taxonomy":"product_tag","embeddable":true,"href":"https:\/\/supexup.formatome.fr\/2025-2026\/RPMC\/12\/wp-json\/wp\/v2\/product_tag?post=304"}],"curies":[{"name":"wp","href":"https:\/\/api.w.org\/{rel}","templated":true}]}}