{"id":302,"date":"2026-03-02T11:37:31","date_gmt":"2026-03-02T10:37:31","guid":{"rendered":"https:\/\/supexup.formatome.fr\/2025-2026\/RPMC\/12\/?post_type=product&#038;p=302"},"modified":"2026-03-26T12:20:04","modified_gmt":"2026-03-26T11:20:04","slug":"gel-nettoyant-apaisant-apres-tatouage-125ml","status":"publish","type":"product","link":"https:\/\/supexup.formatome.fr\/2025-2026\/RPMC\/12\/produit\/gel-nettoyant-apaisant-apres-tatouage-125ml\/","title":{"rendered":"Gel Nettoyant apaisant apr\u00e8s tatouage 125ml"},"content":{"rendered":"<p>Destin\u00e9 au nettoyage quotidien du tatouage, le gel nettoyant apaisant permettra de r\u00e9\u00e9quilibrer le PH de votre peau et cr\u00e9era une barri\u00e8re contre les souches bact\u00e9riennes pathog\u00e8nes.<\/p>\n<p>Sans parfum, sa formule ajust\u00e9e au pH de la peau a un effet adoucissant limitant les irritations li\u00e9es au tatouage, respecte l\u2019\u00e9quilibre de la flore cutan\u00e9e et permet un lavage fr\u00e9quent.<\/p>\n<p>La Teflose, actif du gel nettoyant se comporte comme un rev\u00eatement inhibant l\u2019adh\u00e9sion des souches bact\u00e9riennes ind\u00e9sirables ou pathog\u00e8nes \u00e0 la surface de la peau. Sa richesse en Rhamnose, un sucre impliqu\u00e9 dans la communication cellulaire, lui conf\u00e8re la capacit\u00e9 \u00e0 moduler la r\u00e9ponse inflammatoire en cas d\u2019agression.<\/p>\n<p>COMMENT L\u2019UTILISER ?<\/p>\n<p>\u2022 Se laver correctement les mains \u00e0 l\u2019eau et au gel nettoyant doux.<br \/>\n\u2022 Sur peau humide, appliquer un peu de gel nettoyant doux sur le tatouage.<br \/>\n\u2022 Nettoyer d\u00e9licatement en massant l\u00e9g\u00e8rement.<br \/>\n\u2022 Rincer \u00e0 l\u2019eau ti\u00e8de et essuyer d\u00e9licatement avec un linge propre.<\/p>\n<p>LE SAVIEZ-VOUS ?<\/p>\n<p>Il est tr\u00e8s important de nettoyer correctement le tatouage avant d\u2019appliquer une cr\u00e8me hydratante. En effet, pour une efficacit\u00e9 maximum, la cr\u00e8me doit \u00eatre appliqu\u00e9e sur une peau propre et s\u00e8che.<br \/>\nLe tatouage sera plus \u00e9clatant \u2026<\/p>\n<p>Conservation : 12 mois apr\u00e8s ouverture<\/p>\n<p>Fabriqu\u00e9 en France.<\/p>\n<p>Ingr\u00e9dients : Aqua (Water), Sodium Laureth Sulfate, Propylene Glycol, Cocamidopropyl Betaine, Glycerin, PEG-7 Glyceryl Cocoate, Sodium Chloride, Propanediol, Sodium Benzoate, Chlorhexidine Digluconate, Ethylhexylglycerin, PEG-150 Distearate,Styrene\/Acrylates Copolymer, Citric Acid, Rhamnose, Glucose, Glucuronic Acid, Tocopherol<\/p>\n","protected":false},"excerpt":{"rendered":"<p>Gel nettoyant apaisant pour tatouage, id\u00e9al au quotidien. Sans parfum et au pH \u00e9quilibr\u00e9, il nettoie en douceur, limite les irritations et prot\u00e8ge la peau des bact\u00e9ries gr\u00e2ce \u00e0 son actif Teflose.<\/p>\n","protected":false},"featured_media":303,"comment_status":"open","ping_status":"closed","template":"","meta":{"_et_pb_use_builder":"","_et_pb_old_content":"","_et_gb_content_width":""},"product_brand":[20],"product_cat":[21],"product_tag":[],"class_list":{"0":"post-302","1":"product","2":"type-product","3":"status-publish","4":"has-post-thumbnail","6":"product_brand-otzi","7":"product_cat-gelnettoyant","9":"first","10":"instock","11":"shipping-taxable","12":"purchasable","13":"product-type-simple"},"jetpack_sharing_enabled":true,"_links":{"self":[{"href":"https:\/\/supexup.formatome.fr\/2025-2026\/RPMC\/12\/wp-json\/wp\/v2\/product\/302","targetHints":{"allow":["GET"]}}],"collection":[{"href":"https:\/\/supexup.formatome.fr\/2025-2026\/RPMC\/12\/wp-json\/wp\/v2\/product"}],"about":[{"href":"https:\/\/supexup.formatome.fr\/2025-2026\/RPMC\/12\/wp-json\/wp\/v2\/types\/product"}],"replies":[{"embeddable":true,"href":"https:\/\/supexup.formatome.fr\/2025-2026\/RPMC\/12\/wp-json\/wp\/v2\/comments?post=302"}],"wp:featuredmedia":[{"embeddable":true,"href":"https:\/\/supexup.formatome.fr\/2025-2026\/RPMC\/12\/wp-json\/wp\/v2\/media\/303"}],"wp:attachment":[{"href":"https:\/\/supexup.formatome.fr\/2025-2026\/RPMC\/12\/wp-json\/wp\/v2\/media?parent=302"}],"wp:term":[{"taxonomy":"product_brand","embeddable":true,"href":"https:\/\/supexup.formatome.fr\/2025-2026\/RPMC\/12\/wp-json\/wp\/v2\/product_brand?post=302"},{"taxonomy":"product_cat","embeddable":true,"href":"https:\/\/supexup.formatome.fr\/2025-2026\/RPMC\/12\/wp-json\/wp\/v2\/product_cat?post=302"},{"taxonomy":"product_tag","embeddable":true,"href":"https:\/\/supexup.formatome.fr\/2025-2026\/RPMC\/12\/wp-json\/wp\/v2\/product_tag?post=302"}],"curies":[{"name":"wp","href":"https:\/\/api.w.org\/{rel}","templated":true}]}}