{"id":300,"date":"2026-03-02T11:33:11","date_gmt":"2026-03-02T10:33:11","guid":{"rendered":"https:\/\/supexup.formatome.fr\/2025-2026\/RPMC\/12\/?post_type=product&#038;p=300"},"modified":"2026-03-26T12:18:52","modified_gmt":"2026-03-26T11:18:52","slug":"extreme-stick-solaire-50-10g","status":"publish","type":"product","link":"https:\/\/supexup.formatome.fr\/2025-2026\/RPMC\/12\/produit\/extreme-stick-solaire-50-10g\/","title":{"rendered":"Extr\u00eame Stick Solaire 50+ 10g"},"content":{"rendered":"<p>Destin\u00e9 \u00e0 la protection du tatouage contre le soleil, le stick solaire vous assure une protection maximale gr\u00e2ce \u00e0 son indice de protection 50+. Votre tatouage pr\u00e9servera ainsi son aspect initial plus longtemps.<\/p>\n<p>Le conditionnement en stick permet une application tr\u00e8s facile et s&#8217;emporte partout. Son parfum d\u00e9licat vous donnera un aper\u00e7u des vacances&#8230;<\/p>\n<p>COMMENT L&rsquo;UTILISER ?<\/p>\n<p>\u2022 Appliquer le stick sur la zone tatou\u00e9e en d\u00e9bordant l\u00e9g\u00e8rement.<br \/>\n\u2022 Renouveler l&rsquo;application toutes les 3 heures.<\/p>\n<p>Conservation : 6 mois apr\u00e8s ouverture.<\/p>\n<p>RICINUS COMMUNIS SEED OIL, HYDROGENATED COCONUT OIL, OZOKERITE, HYDROGENATED POLYDECENE, CERA ALBA, ETHYLHEXYL METHOXYCINNAMATE, HYDROGENATED POLYISOBUTENE, HYDROGENATED MICROCRYSTALLINE WAX, BIS-ETHYLHEXYLOXYPHENOL METHOXYPHENYL TRIAZINE, BUTYL METHOXYDIBENZOYLMETHANE, BUTYROSPERMUM PARKII BUTTER, TITANIUM DIOXIDE [NANO], CAPRYLIC\/CAPRIC TRIGLYCERIDE, HELIANTHUS ANNUUS SEED OIL, ETHYLHEXYL TRIAZONE, ORYZANOL, SILICA, JOJOBA ESTERS, TOCOPHERYL ACETATE, POLYHYDROXYSTEARIC ACID, ETHYL VANILLIN, MIMOSA TENUIFLORA BARK EXTRACT, MICA, CI 77891\/ TITANIUM DIOXIDE, SACCHARIN, BHT, TOCOPHEROL.<\/p>\n","protected":false},"excerpt":{"rendered":"<p>Stick solaire SPF 50+ sp\u00e9cialement con\u00e7u pour prot\u00e9ger les tatouages et pr\u00e9server leur \u00e9clat. Format pratique, facile \u00e0 appliquer et \u00e0 emporter, avec un parfum l\u00e9ger aux notes estivales.<\/p>\n","protected":false},"featured_media":301,"comment_status":"open","ping_status":"closed","template":"","meta":{"_et_pb_use_builder":"","_et_pb_old_content":"","_et_gb_content_width":""},"product_brand":[20],"product_cat":[22],"product_tag":[],"class_list":{"0":"post-300","1":"product","2":"type-product","3":"status-publish","4":"has-post-thumbnail","6":"product_brand-otzi","7":"product_cat-stick","9":"first","10":"instock","11":"shipping-taxable","12":"purchasable","13":"product-type-simple"},"jetpack_sharing_enabled":true,"_links":{"self":[{"href":"https:\/\/supexup.formatome.fr\/2025-2026\/RPMC\/12\/wp-json\/wp\/v2\/product\/300","targetHints":{"allow":["GET"]}}],"collection":[{"href":"https:\/\/supexup.formatome.fr\/2025-2026\/RPMC\/12\/wp-json\/wp\/v2\/product"}],"about":[{"href":"https:\/\/supexup.formatome.fr\/2025-2026\/RPMC\/12\/wp-json\/wp\/v2\/types\/product"}],"replies":[{"embeddable":true,"href":"https:\/\/supexup.formatome.fr\/2025-2026\/RPMC\/12\/wp-json\/wp\/v2\/comments?post=300"}],"wp:featuredmedia":[{"embeddable":true,"href":"https:\/\/supexup.formatome.fr\/2025-2026\/RPMC\/12\/wp-json\/wp\/v2\/media\/301"}],"wp:attachment":[{"href":"https:\/\/supexup.formatome.fr\/2025-2026\/RPMC\/12\/wp-json\/wp\/v2\/media?parent=300"}],"wp:term":[{"taxonomy":"product_brand","embeddable":true,"href":"https:\/\/supexup.formatome.fr\/2025-2026\/RPMC\/12\/wp-json\/wp\/v2\/product_brand?post=300"},{"taxonomy":"product_cat","embeddable":true,"href":"https:\/\/supexup.formatome.fr\/2025-2026\/RPMC\/12\/wp-json\/wp\/v2\/product_cat?post=300"},{"taxonomy":"product_tag","embeddable":true,"href":"https:\/\/supexup.formatome.fr\/2025-2026\/RPMC\/12\/wp-json\/wp\/v2\/product_tag?post=300"}],"curies":[{"name":"wp","href":"https:\/\/api.w.org\/{rel}","templated":true}]}}