{"id":297,"date":"2026-03-02T11:27:21","date_gmt":"2026-03-02T10:27:21","guid":{"rendered":"https:\/\/supexup.formatome.fr\/2025-2026\/RPMC\/12\/?post_type=product&#038;p=297"},"modified":"2026-03-26T12:15:32","modified_gmt":"2026-03-26T11:15:32","slug":"creme-reparatrice-et-hydratante-apres-tatouage-20ml","status":"publish","type":"product","link":"https:\/\/supexup.formatome.fr\/2025-2026\/RPMC\/12\/produit\/creme-reparatrice-et-hydratante-apres-tatouage-20ml\/","title":{"rendered":"Cr\u00e8me r\u00e9paratrice et hydratante apr\u00e8s tatouage 20ml"},"content":{"rendered":"<p>Votre cr\u00e8me pr\u00e9f\u00e9r\u00e9e en petit tube format 20ml, parfait pour un flash et \u00e0 glisser dans sa poche.<\/p>\n<p>D\u00e9velopp\u00e9e sp\u00e9cialement pour l\u2019entretien des tatouages, la cr\u00e8me tattoo hydrate et favorise la restructuration de la barri\u00e8re cutan\u00e9e. Elle limite les sensations de d\u00e9mangeaisons li\u00e9es au tatouage. Test\u00e9e sous contr\u00f4le dermatologique, elle offre une excellente tol\u00e9rance cutan\u00e9e.<\/p>\n<p>\u2013 Fabriqu\u00e9e en France<br \/>\n\u2013 Augmentation du taux d\u2019hydratation des couches superficielles de l\u2019\u00e9piderme de 62% apr\u00e8s la premi\u00e8re heure d\u2019application. (\u00c9tude r\u00e9alis\u00e9e par l\u2019institut dermatologique Idea).<br \/>\n\u2013 Action r\u00e9g\u00e9n\u00e9rante importante d\u00e8s 3 jours d\u2019utilisation. (Etude r\u00e9alis\u00e9e par le centre de recherche biologique Bio-ec).<br \/>\n\u2013 Activit\u00e9 restructurante tr\u00e8s importante de la barri\u00e8re cutan\u00e9e d\u00e8s 3 heures apr\u00e8s application. (Etude r\u00e9alis\u00e9e par le centre de recherche biologique Bio-ec).<\/p>\n<p>COMMENT L\u2019UTILISER ?<\/p>\n<p>\u2022 Commencer par nettoyer votre tatouage avec le gel nettoyant OTZI, rincer \u00e0 l\u2019eau ti\u00e8de puis s\u00e9cher en tamponnant avec un linge propre.<br \/>\n\u2022 Appliquer la cr\u00e8me tattoo en massant l\u00e9g\u00e8rement jusqu\u2019\u00e0 p\u00e9n\u00e9tration compl\u00e8te.<br \/>\n\u2022 Renouveler l\u2019application 3 \u00e0 4 fois par jour pendant 10 jours.<\/p>\n<p>LE SAVIEZ-VOUS ?<\/p>\n<p>Le beurre de karit\u00e9 contenu dans la cr\u00e8me OTZI est tr\u00e8s riche en actifs : acides gras, vitamines A, D, E\u2026\u00a0 Incroyablement hydratant pour la peau, il l\u2019apaise, la prot\u00e8ge et la nourrit en profondeur. La combinaison d\u2019ingr\u00e9dients pr\u00e9cieux qu\u2019il renferme permet aussi de maintenir l\u2019\u00e9lasticit\u00e9 de la peau en stimulant la production de collag\u00e8ne. Sa teneur exceptionnelle en insaponifiables lui conf\u00e8re une action \u00e9molliente, favorisant la p\u00e9n\u00e9tration des principes actifs.<br \/>\nCe n\u2019est pas en appliquant une quantit\u00e9 importante de cr\u00e8me que le r\u00e9sultat sera optimum. Par contre, l\u2019action m\u00e9canique du massage favorisera une bonne p\u00e9n\u00e9tration de la cr\u00e8me, et ainsi une bonne restructuration de la barri\u00e8re cutan\u00e9e.<\/p>\n<p>Conservation : 12 mois apr\u00e8s ouverture<\/p>\n<p>Ingr\u00e9dients : AQUA (WATER), PARAFFINUM LIQUIDUM (MINERAL OIL), BUTYROSPERMUM PARKII (SHEA) BUTTER, OXIDIZED CORN OIL, GLYCERIN, CERA ALBA (BEESWAX), PANTHENOL,POLYGLYCERYL-3 METHYLGLUCOSE DISTEARATE, CETYL PALMITATE, GLYCERYL STEARATE, PEG-100 STEARATE, CERA MICROCRISTALLINA (MICROCRYSTALLINE WAX), POLYACRYLAMIDE, PARAFFIN , C13-14 ISOPARAFFIN, SODIUM BENZOATE, XANTHAN GUM, BISABOLOL, POTASSIUM CITRATE, CITRIC ACID, LAURETH-7,PRUNUS ARMENIACA (APRICOT) KERNEL OIL, TETRASODIUM EDTA, CALENDULA OFFICINALIS FLOWER EXTRACT.<\/p>\n","protected":false},"excerpt":{"rendered":"<p>Cr\u00e8me tattoo format 20 ml, pratique et facile \u00e0 emporter. Elle hydrate intens\u00e9ment, apaise les d\u00e9mangeaisons et aide \u00e0 r\u00e9parer la barri\u00e8re cutan\u00e9e. R\u00e9sultats prouv\u00e9s : hydratation +62 % d\u00e8s 1h et action r\u00e9g\u00e9n\u00e9rante rapide. Fabriqu\u00e9e en France, test\u00e9e dermatologiquement.<\/p>\n","protected":false},"featured_media":286,"comment_status":"open","ping_status":"closed","template":"","meta":{"_et_pb_use_builder":"","_et_pb_old_content":"","_et_gb_content_width":""},"product_brand":[20],"product_cat":[23],"product_tag":[],"class_list":{"0":"post-297","1":"product","2":"type-product","3":"status-publish","4":"has-post-thumbnail","6":"product_brand-otzi","7":"product_cat-hydratation","9":"first","10":"instock","11":"shipping-taxable","12":"purchasable","13":"product-type-simple"},"jetpack_sharing_enabled":true,"_links":{"self":[{"href":"https:\/\/supexup.formatome.fr\/2025-2026\/RPMC\/12\/wp-json\/wp\/v2\/product\/297","targetHints":{"allow":["GET"]}}],"collection":[{"href":"https:\/\/supexup.formatome.fr\/2025-2026\/RPMC\/12\/wp-json\/wp\/v2\/product"}],"about":[{"href":"https:\/\/supexup.formatome.fr\/2025-2026\/RPMC\/12\/wp-json\/wp\/v2\/types\/product"}],"replies":[{"embeddable":true,"href":"https:\/\/supexup.formatome.fr\/2025-2026\/RPMC\/12\/wp-json\/wp\/v2\/comments?post=297"}],"wp:featuredmedia":[{"embeddable":true,"href":"https:\/\/supexup.formatome.fr\/2025-2026\/RPMC\/12\/wp-json\/wp\/v2\/media\/286"}],"wp:attachment":[{"href":"https:\/\/supexup.formatome.fr\/2025-2026\/RPMC\/12\/wp-json\/wp\/v2\/media?parent=297"}],"wp:term":[{"taxonomy":"product_brand","embeddable":true,"href":"https:\/\/supexup.formatome.fr\/2025-2026\/RPMC\/12\/wp-json\/wp\/v2\/product_brand?post=297"},{"taxonomy":"product_cat","embeddable":true,"href":"https:\/\/supexup.formatome.fr\/2025-2026\/RPMC\/12\/wp-json\/wp\/v2\/product_cat?post=297"},{"taxonomy":"product_tag","embeddable":true,"href":"https:\/\/supexup.formatome.fr\/2025-2026\/RPMC\/12\/wp-json\/wp\/v2\/product_tag?post=297"}],"curies":[{"name":"wp","href":"https:\/\/api.w.org\/{rel}","templated":true}]}}