{"id":296,"date":"2026-03-02T11:22:40","date_gmt":"2026-03-02T10:22:40","guid":{"rendered":"https:\/\/supexup.formatome.fr\/2025-2026\/RPMC\/12\/?post_type=product&#038;p=296"},"modified":"2026-03-02T11:22:40","modified_gmt":"2026-03-02T10:22:40","slug":"serum-natural-apres-tatouage-30ml","status":"publish","type":"product","link":"https:\/\/supexup.formatome.fr\/2025-2026\/RPMC\/12\/produit\/serum-natural-apres-tatouage-30ml\/","title":{"rendered":"S\u00e9rum Natural apr\u00e8s tatouage 30ml"},"content":{"rendered":"<p>Le s\u00e9rum hydratant 30ml OTZI NATURAL est fabriqu\u00e9 en France. Il est conditionn\u00e9 dans un flacon en verre 100% recyclable.<\/p>\n<p>Formul\u00e9 \u00e0 base d\u2019aloe barbadensis, d\u2019huile d\u2019amande douce (issus de l\u2019agriculture biologique) et de Bisabolol, il augmente l\u2019hydratation de la peau de mani\u00e8re significative : +72% au bout de 2 heures et +59% au bout de 4 heures en comparaison\u00a0 avec une zone non trait\u00e9e.<\/p>\n<p>Fabriqu\u00e9 en France<\/p>\n<p>INGREDIENTS : Olus Oil (Vegetable Oil), Butyrospermum Parkii Oil (Butyrospemrum Parkii (Shea) Butter), Argania Spinosa Kernel Oil*, Prunus Amygdalus Dulcis (Sweet Almond) Oil*, Glycine Soja (Soybean) Oil, Bisabolol, Calendula Officinalis (Marigold) Flower Extract*, Tocopherol, Helianthus Annuus (Sunflower) Seed Oil, Aloe Barbadensis Leaf Extract * Ingr\u00e9dients issus de l\u2019agriculture biologique.<\/p>\n","protected":false},"excerpt":{"rendered":"<p>Le s\u00e9rum hydratant 30ml OTZI NATURAL est fabriqu\u00e9 en France. Il est conditionn\u00e9 dans un flacon en verre 100% recyclable. Formul\u00e9 \u00e0 base d\u2019aloe barbadensis, d\u2019huile d\u2019amande douce (issus de l\u2019agriculture biologique) et de Bisabolol, il augmente l\u2019hydratation de la peau de mani\u00e8re significative : +72% au bout de 2 heures et +59% au bout [&hellip;]<\/p>\n","protected":false},"featured_media":287,"comment_status":"open","ping_status":"closed","template":"","meta":{"_et_pb_use_builder":"","_et_pb_old_content":"","_et_gb_content_width":""},"product_brand":[20],"product_cat":[24],"product_tag":[],"class_list":{"0":"post-296","1":"product","2":"type-product","3":"status-publish","4":"has-post-thumbnail","6":"product_brand-otzi","7":"product_cat-serum","9":"first","10":"instock","11":"shipping-taxable","12":"purchasable","13":"product-type-simple"},"jetpack_sharing_enabled":true,"_links":{"self":[{"href":"https:\/\/supexup.formatome.fr\/2025-2026\/RPMC\/12\/wp-json\/wp\/v2\/product\/296","targetHints":{"allow":["GET"]}}],"collection":[{"href":"https:\/\/supexup.formatome.fr\/2025-2026\/RPMC\/12\/wp-json\/wp\/v2\/product"}],"about":[{"href":"https:\/\/supexup.formatome.fr\/2025-2026\/RPMC\/12\/wp-json\/wp\/v2\/types\/product"}],"replies":[{"embeddable":true,"href":"https:\/\/supexup.formatome.fr\/2025-2026\/RPMC\/12\/wp-json\/wp\/v2\/comments?post=296"}],"wp:featuredmedia":[{"embeddable":true,"href":"https:\/\/supexup.formatome.fr\/2025-2026\/RPMC\/12\/wp-json\/wp\/v2\/media\/287"}],"wp:attachment":[{"href":"https:\/\/supexup.formatome.fr\/2025-2026\/RPMC\/12\/wp-json\/wp\/v2\/media?parent=296"}],"wp:term":[{"taxonomy":"product_brand","embeddable":true,"href":"https:\/\/supexup.formatome.fr\/2025-2026\/RPMC\/12\/wp-json\/wp\/v2\/product_brand?post=296"},{"taxonomy":"product_cat","embeddable":true,"href":"https:\/\/supexup.formatome.fr\/2025-2026\/RPMC\/12\/wp-json\/wp\/v2\/product_cat?post=296"},{"taxonomy":"product_tag","embeddable":true,"href":"https:\/\/supexup.formatome.fr\/2025-2026\/RPMC\/12\/wp-json\/wp\/v2\/product_tag?post=296"}],"curies":[{"name":"wp","href":"https:\/\/api.w.org\/{rel}","templated":true}]}}