{"id":292,"date":"2026-03-02T11:15:46","date_gmt":"2026-03-02T10:15:46","guid":{"rendered":"https:\/\/supexup.formatome.fr\/2025-2026\/RPMC\/12\/?post_type=product&#038;p=292"},"modified":"2026-03-26T12:21:03","modified_gmt":"2026-03-26T11:21:03","slug":"kit-tattoo-flash","status":"publish","type":"product","link":"https:\/\/supexup.formatome.fr\/2025-2026\/RPMC\/12\/produit\/kit-tattoo-flash\/","title":{"rendered":"Kit Tattoo Flash"},"content":{"rendered":"<p>Les petits tattoos m\u00e9ritent aussi le meilleur soin \ud83d\udda4<\/p>\n<p>On vous pr\u00e9sente notre Kit Tattoo Flash :<br \/>\n\ud83d\udca7 Format 20ml de notre cr\u00e8me tattoo<br \/>\n\ud83e\udee7 Format 50ml de notre gel nettoyant<\/p>\n<p>Le duo parfait pour prendre soin de vos petits tattoos, du nettoyage \u00e0 l\u2019hydratation.<br \/>\nPratique, compact, efficace \u2014 id\u00e9al apr\u00e8s une s\u00e9ance flash, pour l\u2019emporter partout avec vous.<\/p>\n<p>LE KIT TATTOO FLASH CONTIENT<\/p>\n<p>\u2022 1 Gel nettoyant doux pH physio 50mL<br \/>\n\u2022 1 Cr\u00e8me tattoo 20mL<\/p>\n<p>Conservation : 12 mois apr\u00e8s ouverture<\/p>\n<p>Ingr\u00e9dients : CREME TATTOO: AQUA (WATER), PARAFFINUM LIQUIDUM (MINERAL OIL), BUTYROSPERMUM PARKII (SHEA) BUTTER, OXIDIZED CORN OIL, GLYCERIN, CERA ALBA (BEESWAX), PANTHENOL,POLYGLYCERYL-3 METHYLGLUCOSE DISTEARATE, CETYL PALMITATE, GLYCERYL STEARATE, PEG-100 STEARATE, CERA MICROCRISTALLINA (MICROCRYSTALLINE WAX), POLYACRYLAMIDE, PARAFFIN , C13-14 ISOPARAFFIN, SODIUM BENZOATE, XANTHAN GUM, BISABOLOL, POTASSIUM CITRATE, CITRIC ACID, LAURETH-7,PRUNUS ARMENIACA (APRICOT) KERNEL OIL, TETRASODIUM EDTA, CALENDULA OFFICINALIS FLOWER EXTRACT. GEL TATTOO: Aqua (Water), Sodium Laureth Sulfate, Propylene Glycol, Cocamidopropyl Betaine, Glycerin, PEG-7 Glyceryl Cocoate, Sodium Chloride, Propanediol, Sodium Benzoate, Chlorhexidine Digluconate, Ethylhexylglycerin, PEG-150 Distearate,Styrene\/Acrylates Copolymer, Citric Acid, Rhamnose, Glucose, Glucuronic Acid, Tocopherol<\/p>\n","protected":false},"excerpt":{"rendered":"<p>Kit Tattoo Flash : duo pratique pour petits tatouages \ud83d\udda4<br data-start=\"56\" data-end=\"59\" \/>\ud83d\udca7 Cr\u00e8me tattoo 20 ml pour hydrater et apaiser<br data-start=\"105\" data-end=\"108\" \/>\ud83e\udee7 Gel nettoyant 50 ml pour un lavage doux<br data-start=\"150\" data-end=\"153\" \/>Compact, efficace et facile \u00e0 emporter, parfait apr\u00e8s une s\u00e9ance flash.<\/p>\n","protected":false},"featured_media":293,"comment_status":"open","ping_status":"closed","template":"","meta":{"_et_pb_use_builder":"","_et_pb_old_content":"","_et_gb_content_width":""},"product_brand":[20],"product_cat":[25],"product_tag":[],"class_list":{"0":"post-292","1":"product","2":"type-product","3":"status-publish","4":"has-post-thumbnail","6":"product_brand-otzi","7":"product_cat-kitdesoins","9":"first","10":"instock","11":"shipping-taxable","12":"purchasable","13":"product-type-simple"},"jetpack_sharing_enabled":true,"_links":{"self":[{"href":"https:\/\/supexup.formatome.fr\/2025-2026\/RPMC\/12\/wp-json\/wp\/v2\/product\/292","targetHints":{"allow":["GET"]}}],"collection":[{"href":"https:\/\/supexup.formatome.fr\/2025-2026\/RPMC\/12\/wp-json\/wp\/v2\/product"}],"about":[{"href":"https:\/\/supexup.formatome.fr\/2025-2026\/RPMC\/12\/wp-json\/wp\/v2\/types\/product"}],"replies":[{"embeddable":true,"href":"https:\/\/supexup.formatome.fr\/2025-2026\/RPMC\/12\/wp-json\/wp\/v2\/comments?post=292"}],"wp:featuredmedia":[{"embeddable":true,"href":"https:\/\/supexup.formatome.fr\/2025-2026\/RPMC\/12\/wp-json\/wp\/v2\/media\/293"}],"wp:attachment":[{"href":"https:\/\/supexup.formatome.fr\/2025-2026\/RPMC\/12\/wp-json\/wp\/v2\/media?parent=292"}],"wp:term":[{"taxonomy":"product_brand","embeddable":true,"href":"https:\/\/supexup.formatome.fr\/2025-2026\/RPMC\/12\/wp-json\/wp\/v2\/product_brand?post=292"},{"taxonomy":"product_cat","embeddable":true,"href":"https:\/\/supexup.formatome.fr\/2025-2026\/RPMC\/12\/wp-json\/wp\/v2\/product_cat?post=292"},{"taxonomy":"product_tag","embeddable":true,"href":"https:\/\/supexup.formatome.fr\/2025-2026\/RPMC\/12\/wp-json\/wp\/v2\/product_tag?post=292"}],"curies":[{"name":"wp","href":"https:\/\/api.w.org\/{rel}","templated":true}]}}