{"id":281,"date":"2026-03-02T10:36:23","date_gmt":"2026-03-02T09:36:23","guid":{"rendered":"https:\/\/supexup.formatome.fr\/2025-2026\/RPMC\/12\/?post_type=product&#038;p=281"},"modified":"2026-03-26T12:19:26","modified_gmt":"2026-03-26T11:19:26","slug":"gel-nettoyant-200ml","status":"publish","type":"product","link":"https:\/\/supexup.formatome.fr\/2025-2026\/RPMC\/12\/produit\/gel-nettoyant-200ml\/","title":{"rendered":"Gel Nettoyant 200ml"},"content":{"rendered":"<p>Le gel nettoyant 200ml OTZI est destin\u00e9 au nettoyage quotidien du tatouage. Sa formule sans parfum, ajust\u00e9e au pH de la peau a un effet adoucissant limitant les irritations li\u00e9es au tatouage. Elle respecte l\u2019\u00e9quilibre de la flore cutan\u00e9e et permet un lavage fr\u00e9quent.<\/p>\n<p>&nbsp;<\/p>\n<p>Ingr\u00e9dients : Aqua (Water), Sodium Laureth Sulfate, Propylene Glycol, Cocamidopropyl Betaine, Glycerin, PEG-7 Glyceryl Cocoate, Sodium Chloride, Propanediol, Sodium Benzoate, Chlorhexidine Digluconate, Ethylhexylglycerin, PEG-150 Distearate,Styrene\/Acrylates Copolymer, Citric Acid, Rhamnose, Glucose, Glucuronic Acid, Tocopherol<\/p>\n","protected":false},"excerpt":{"rendered":"<p>Gel nettoyant tattoo 200 ml, id\u00e9al pour un usage quotidien. Sa formule sans parfum, au pH adapt\u00e9, nettoie en douceur, limite les irritations et respecte l\u2019\u00e9quilibre de la peau.<\/p>\n","protected":false},"featured_media":282,"comment_status":"open","ping_status":"closed","template":"","meta":{"_et_pb_use_builder":"","_et_pb_old_content":"","_et_gb_content_width":""},"product_brand":[20],"product_cat":[17],"product_tag":[],"class_list":{"0":"post-281","1":"product","2":"type-product","3":"status-publish","4":"has-post-thumbnail","6":"product_brand-otzi","7":"product_cat-non-classe","9":"first","10":"instock","11":"shipping-taxable","12":"purchasable","13":"product-type-simple"},"jetpack_sharing_enabled":true,"_links":{"self":[{"href":"https:\/\/supexup.formatome.fr\/2025-2026\/RPMC\/12\/wp-json\/wp\/v2\/product\/281","targetHints":{"allow":["GET"]}}],"collection":[{"href":"https:\/\/supexup.formatome.fr\/2025-2026\/RPMC\/12\/wp-json\/wp\/v2\/product"}],"about":[{"href":"https:\/\/supexup.formatome.fr\/2025-2026\/RPMC\/12\/wp-json\/wp\/v2\/types\/product"}],"replies":[{"embeddable":true,"href":"https:\/\/supexup.formatome.fr\/2025-2026\/RPMC\/12\/wp-json\/wp\/v2\/comments?post=281"}],"wp:featuredmedia":[{"embeddable":true,"href":"https:\/\/supexup.formatome.fr\/2025-2026\/RPMC\/12\/wp-json\/wp\/v2\/media\/282"}],"wp:attachment":[{"href":"https:\/\/supexup.formatome.fr\/2025-2026\/RPMC\/12\/wp-json\/wp\/v2\/media?parent=281"}],"wp:term":[{"taxonomy":"product_brand","embeddable":true,"href":"https:\/\/supexup.formatome.fr\/2025-2026\/RPMC\/12\/wp-json\/wp\/v2\/product_brand?post=281"},{"taxonomy":"product_cat","embeddable":true,"href":"https:\/\/supexup.formatome.fr\/2025-2026\/RPMC\/12\/wp-json\/wp\/v2\/product_cat?post=281"},{"taxonomy":"product_tag","embeddable":true,"href":"https:\/\/supexup.formatome.fr\/2025-2026\/RPMC\/12\/wp-json\/wp\/v2\/product_tag?post=281"}],"curies":[{"name":"wp","href":"https:\/\/api.w.org\/{rel}","templated":true}]}}