{"id":276,"date":"2026-03-02T10:23:57","date_gmt":"2026-03-02T09:23:57","guid":{"rendered":"https:\/\/supexup.formatome.fr\/2025-2026\/RPMC\/12\/?post_type=product&#038;p=276"},"modified":"2026-03-26T12:14:09","modified_gmt":"2026-03-26T11:14:09","slug":"coffret-natural-tattoo","status":"publish","type":"product","link":"https:\/\/supexup.formatome.fr\/2025-2026\/RPMC\/12\/produit\/coffret-natural-tattoo\/","title":{"rendered":"COFFRET NATURAL TATTOO"},"content":{"rendered":"<p>Le COFFRET NATURAL TATTOO OTZI by EASYTATTOO est le kit complet de produits de soin naturels pour prendre soin en douceur de vos nouveaux tattoos et aussi pour prot\u00e9ger, nettoyer, hydrater, r\u00e9g\u00e9n\u00e9rer et entretenir vos plus anciens tattoos sur le long terme.<\/p>\n<p>Le COFFRET NATURAL contient : 1 gel nettoyant doux naturel tattoo 200ml, 1 baume vegan tattoo 28g et 1 s\u00e9rum naturel tattoo 30 ml.<\/p>\n<p>Con\u00e7u sp\u00e9cialement pour optimiser l\u2019entretien et l\u2019hydratation des tatouages. Nettoie, Hydrate et R\u00e9g\u00e9n\u00e8re votre tatouage. Il est adapt\u00e9 \u00e0 tous types de peaux de par ses propri\u00e9t\u00e9s apaisantes, r\u00e9g\u00e9n\u00e9rantes et adoucissantes. Fabriqu\u00e9 en France. Test\u00e9 sous contr\u00f4le dermatologique.<\/p>\n<p>Offre une excellente tol\u00e9rance cutan\u00e9e. Hydrate et favorise la restructuration de la barri\u00e8re cutan\u00e9e. Apaise les irritations li\u00e9es au tatouage.<\/p>\n<p>Ingr\u00e9dients : BAUME VEGAN : OLUS OIL, HYDROGENATED VEGETABLE OIL, BUTYROSPERMUM PARKII BUTTER*, CANDELILLA CERA, PRUNUS DOMESTICA SEED OIL*, ARGANIA SPINOSA KERNEL OIL*, PRUNUS AMYGDALUS DULCIS OIL*, HELIANTHUS ANNUUS SEED OIL, BISABOLOL*, ALOE FEROX LEAF JUICE EXTRACT, CALENDULA OFFICINALIS FLOWER EXTRACT*, TOCOPHEROL * Ingr\u00e9dients issus de l\u2019Agriculture Biologique. GEL NETTOYANT : Aqua (Water), Sodium Laureth Sulfate, Propylene Glycol, Cocamidopropyl Betaine, Glycerin, PEG-7 Glyceryl Cocoate, Sodium Chloride, Propanediol, Sodium Benzoate, Chlorhexidine Digluconate, Ethylhexylglycerin, PEG-150 Distearate,Styrene\/Acrylates Copolymer, Citric Acid, Rhamnose, Glucose, Glucuronic Acid, Tocopherol. * Ingr\u00e9dients issus de l\u2019Agriculture Biologique. SERUM : Olus Oil (Vegetable Oil), Butyrospermum Parkii Oil (Butyrospemrum Parkii (Shea) Butter), Argania Spinosa Kernel Oil*, Prunus Amygdalus Dulcis (Sweet Almond) Oil*, Glycine Soja (Soybean) Oil, Bisabolol, Calendula Officinalis (Marigold) Flower Extract*, Tocopherol, Helianthus Annuus (Sunflower) Seed Oil, Aloe Barbadensis Leaf Extract * Ingr\u00e9dients issus de l\u2019Agriculture Biologique.<\/p>\n","protected":false},"excerpt":{"rendered":"<p>Coffret de soins naturels complet pour tatouages, id\u00e9al pour nettoyer, hydrater et r\u00e9g\u00e9n\u00e9rer la peau au quotidien. Contient un gel nettoyant 200 ml, un baume vegan 28 g et un s\u00e9rum 30 ml. Adapt\u00e9 \u00e0 tous types de peaux, il apaise, prot\u00e8ge et entretient les tatouages. Fabriqu\u00e9 en France, test\u00e9 dermatologiquement.<\/p>\n","protected":false},"featured_media":277,"comment_status":"open","ping_status":"closed","template":"","meta":{"_et_pb_use_builder":"","_et_pb_old_content":"","_et_gb_content_width":""},"product_brand":[20],"product_cat":[19],"product_tag":[],"class_list":{"0":"post-276","1":"product","2":"type-product","3":"status-publish","4":"has-post-thumbnail","6":"product_brand-otzi","7":"product_cat-coffret","9":"first","10":"instock","11":"shipping-taxable","12":"purchasable","13":"product-type-simple"},"jetpack_sharing_enabled":true,"_links":{"self":[{"href":"https:\/\/supexup.formatome.fr\/2025-2026\/RPMC\/12\/wp-json\/wp\/v2\/product\/276","targetHints":{"allow":["GET"]}}],"collection":[{"href":"https:\/\/supexup.formatome.fr\/2025-2026\/RPMC\/12\/wp-json\/wp\/v2\/product"}],"about":[{"href":"https:\/\/supexup.formatome.fr\/2025-2026\/RPMC\/12\/wp-json\/wp\/v2\/types\/product"}],"replies":[{"embeddable":true,"href":"https:\/\/supexup.formatome.fr\/2025-2026\/RPMC\/12\/wp-json\/wp\/v2\/comments?post=276"}],"wp:featuredmedia":[{"embeddable":true,"href":"https:\/\/supexup.formatome.fr\/2025-2026\/RPMC\/12\/wp-json\/wp\/v2\/media\/277"}],"wp:attachment":[{"href":"https:\/\/supexup.formatome.fr\/2025-2026\/RPMC\/12\/wp-json\/wp\/v2\/media?parent=276"}],"wp:term":[{"taxonomy":"product_brand","embeddable":true,"href":"https:\/\/supexup.formatome.fr\/2025-2026\/RPMC\/12\/wp-json\/wp\/v2\/product_brand?post=276"},{"taxonomy":"product_cat","embeddable":true,"href":"https:\/\/supexup.formatome.fr\/2025-2026\/RPMC\/12\/wp-json\/wp\/v2\/product_cat?post=276"},{"taxonomy":"product_tag","embeddable":true,"href":"https:\/\/supexup.formatome.fr\/2025-2026\/RPMC\/12\/wp-json\/wp\/v2\/product_tag?post=276"}],"curies":[{"name":"wp","href":"https:\/\/api.w.org\/{rel}","templated":true}]}}