{"id":273,"date":"2026-03-02T10:18:01","date_gmt":"2026-03-02T09:18:01","guid":{"rendered":"https:\/\/supexup.formatome.fr\/2025-2026\/RPMC\/12\/?post_type=product&#038;p=273"},"modified":"2026-03-26T12:04:17","modified_gmt":"2026-03-26T11:04:17","slug":"beurre-de-karite-bio-apres-tatouage-pot-25g","status":"publish","type":"product","link":"https:\/\/supexup.formatome.fr\/2025-2026\/RPMC\/12\/produit\/beurre-de-karite-bio-apres-tatouage-pot-25g\/","title":{"rendered":"Beurre de Karit\u00e9 BIO apr\u00e8s tatouage pot 25g"},"content":{"rendered":"<p>Le Beurre de Karit\u00e9\u00a0est particuli\u00e8rement adapt\u00e9 aux peaux s\u00e8ches, tiraill\u00e9es, sensibles ou fragilis\u00e9es.<\/p>\n<p>La formule OTZI by Easytattoo est r\u00e9alis\u00e9e \u00e0 partir des noix du karit\u00e9 Bio. Sa composition est riche en acides gras insatur\u00e9s et en insaponifiables, reconnus pour leurs propri\u00e9t\u00e9s nourrissantes et hydratantes.<\/p>\n<p>Conditionn\u00e9 au format 25g dans des pots s\u00e9rigraphi\u00e9s en aluminium.<\/p>\n","protected":false},"excerpt":{"rendered":"<p>Beurre de karit\u00e9 bio id\u00e9al pour les peaux s\u00e8ches, sensibles ou fragilis\u00e9es. Riche en acides gras et actifs nourrissants, il hydrate et prot\u00e8ge intens\u00e9ment la peau. Format 25 g en pot aluminium s\u00e9rigraphi\u00e9.<\/p>\n","protected":false},"featured_media":275,"comment_status":"open","ping_status":"closed","template":"","meta":{"_et_pb_use_builder":"","_et_pb_old_content":"","_et_gb_content_width":""},"product_brand":[20],"product_cat":[18],"product_tag":[],"class_list":{"0":"post-273","1":"product","2":"type-product","3":"status-publish","4":"has-post-thumbnail","6":"product_brand-otzi","7":"product_cat-beurre","9":"first","10":"instock","11":"shipping-taxable","12":"purchasable","13":"product-type-simple"},"jetpack_sharing_enabled":true,"_links":{"self":[{"href":"https:\/\/supexup.formatome.fr\/2025-2026\/RPMC\/12\/wp-json\/wp\/v2\/product\/273","targetHints":{"allow":["GET"]}}],"collection":[{"href":"https:\/\/supexup.formatome.fr\/2025-2026\/RPMC\/12\/wp-json\/wp\/v2\/product"}],"about":[{"href":"https:\/\/supexup.formatome.fr\/2025-2026\/RPMC\/12\/wp-json\/wp\/v2\/types\/product"}],"replies":[{"embeddable":true,"href":"https:\/\/supexup.formatome.fr\/2025-2026\/RPMC\/12\/wp-json\/wp\/v2\/comments?post=273"}],"wp:featuredmedia":[{"embeddable":true,"href":"https:\/\/supexup.formatome.fr\/2025-2026\/RPMC\/12\/wp-json\/wp\/v2\/media\/275"}],"wp:attachment":[{"href":"https:\/\/supexup.formatome.fr\/2025-2026\/RPMC\/12\/wp-json\/wp\/v2\/media?parent=273"}],"wp:term":[{"taxonomy":"product_brand","embeddable":true,"href":"https:\/\/supexup.formatome.fr\/2025-2026\/RPMC\/12\/wp-json\/wp\/v2\/product_brand?post=273"},{"taxonomy":"product_cat","embeddable":true,"href":"https:\/\/supexup.formatome.fr\/2025-2026\/RPMC\/12\/wp-json\/wp\/v2\/product_cat?post=273"},{"taxonomy":"product_tag","embeddable":true,"href":"https:\/\/supexup.formatome.fr\/2025-2026\/RPMC\/12\/wp-json\/wp\/v2\/product_tag?post=273"}],"curies":[{"name":"wp","href":"https:\/\/api.w.org\/{rel}","templated":true}]}}