{"id":236,"date":"2026-03-05T12:20:45","date_gmt":"2026-03-05T11:20:45","guid":{"rendered":"https:\/\/supexup.formatome.fr\/2025-2026\/RPMC\/10\/?post_type=product&#038;p=236"},"modified":"2026-03-05T12:20:45","modified_gmt":"2026-03-05T11:20:45","slug":"accompagnement-etudiants","status":"publish","type":"product","link":"https:\/\/supexup.formatome.fr\/2025-2026\/RPMC\/10\/product\/accompagnement-etudiants\/","title":{"rendered":"Accompagnement \u00e9tudiants"},"content":{"rendered":"<p data-start=\"496\" data-end=\"735\">Les services \u00e9tudiants TafTaf ont \u00e9t\u00e9 con\u00e7us pour aider chaque \u00e9tudiant \u00e0 r\u00e9ussir ses candidatures et \u00e0 acc\u00e9der aux meilleures opportunit\u00e9s professionnelles. Chaque service est propos\u00e9 <strong data-start=\"681\" data-end=\"695\">\u00e0 la carte<\/strong>, selon vos besoins et votre parcours.<\/p>\n<h3 data-start=\"737\" data-end=\"759\"><strong data-start=\"741\" data-end=\"759\">Nos services inclus\u00a0:<\/strong><\/h3>\n<ul data-start=\"761\" data-end=\"1329\">\n<li data-start=\"761\" data-end=\"900\">\n<p data-start=\"763\" data-end=\"900\"><strong data-start=\"763\" data-end=\"807\">R\u00e9daction de CV et lettres de motivation<\/strong><br data-start=\"807\" data-end=\"810\" \/>Optimisez votre profil pour les entreprises et valorisez vos comp\u00e9tences et exp\u00e9riences.<\/p>\n<\/li>\n<li data-start=\"902\" data-end=\"1012\">\n<p data-start=\"904\" data-end=\"1012\"><strong data-start=\"904\" data-end=\"934\">Pr\u00e9paration aux entretiens<\/strong><br data-start=\"934\" data-end=\"937\" \/>Simulations, conseils personnalis\u00e9s et feedback pour \u00eatre pr\u00eat le jour J.<\/p>\n<\/li>\n<li data-start=\"1014\" data-end=\"1165\">\n<p data-start=\"1016\" data-end=\"1165\"><strong data-start=\"1016\" data-end=\"1039\">Aide administrative<\/strong><br data-start=\"1039\" data-end=\"1042\" \/>Accompagnement dans vos d\u00e9marches (alternance, stage, dossier administratif\u2026) pour gagner du temps et \u00e9viter les erreurs.<\/p>\n<\/li>\n<li data-start=\"1167\" data-end=\"1329\">\n<p data-start=\"1169\" data-end=\"1329\"><strong data-start=\"1169\" data-end=\"1208\">Coaching orientation et candidature<\/strong><br data-start=\"1222\" data-end=\"1225\" \/>D\u00e9finition de vos objectifs professionnels et identification des opportunit\u00e9s adapt\u00e9es \u00e0 votre profil.<\/p>\n<\/li>\n<\/ul>\n","protected":false},"excerpt":{"rendered":"<p>Boostez votre insertion professionnelle avec l\u2019abonnement annuel TafTaf \u00e0 <strong data-start=\"218\" data-end=\"226\">89\u20ac <\/strong>. Acc\u00e9dez \u00e0 tous nos services : r\u00e9daction de CV, pr\u00e9paration aux entretiens, aide administrative et coaching. Tous les outils pour r\u00e9ussir vos candidatures, toute l\u2019ann\u00e9e.<\/p>\n","protected":false},"featured_media":237,"comment_status":"open","ping_status":"closed","template":"","meta":{"_et_pb_use_builder":"","_et_pb_old_content":"","_et_gb_content_width":""},"product_brand":[],"product_cat":[18],"product_tag":[],"class_list":{"0":"post-236","1":"product","2":"type-product","3":"status-publish","4":"has-post-thumbnail","6":"product_cat-uncategorized","8":"first","9":"instock","10":"shipping-taxable","11":"purchasable","12":"product-type-simple"},"_links":{"self":[{"href":"https:\/\/supexup.formatome.fr\/2025-2026\/RPMC\/10\/wp-json\/wp\/v2\/product\/236","targetHints":{"allow":["GET"]}}],"collection":[{"href":"https:\/\/supexup.formatome.fr\/2025-2026\/RPMC\/10\/wp-json\/wp\/v2\/product"}],"about":[{"href":"https:\/\/supexup.formatome.fr\/2025-2026\/RPMC\/10\/wp-json\/wp\/v2\/types\/product"}],"replies":[{"embeddable":true,"href":"https:\/\/supexup.formatome.fr\/2025-2026\/RPMC\/10\/wp-json\/wp\/v2\/comments?post=236"}],"wp:featuredmedia":[{"embeddable":true,"href":"https:\/\/supexup.formatome.fr\/2025-2026\/RPMC\/10\/wp-json\/wp\/v2\/media\/237"}],"wp:attachment":[{"href":"https:\/\/supexup.formatome.fr\/2025-2026\/RPMC\/10\/wp-json\/wp\/v2\/media?parent=236"}],"wp:term":[{"taxonomy":"product_brand","embeddable":true,"href":"https:\/\/supexup.formatome.fr\/2025-2026\/RPMC\/10\/wp-json\/wp\/v2\/product_brand?post=236"},{"taxonomy":"product_cat","embeddable":true,"href":"https:\/\/supexup.formatome.fr\/2025-2026\/RPMC\/10\/wp-json\/wp\/v2\/product_cat?post=236"},{"taxonomy":"product_tag","embeddable":true,"href":"https:\/\/supexup.formatome.fr\/2025-2026\/RPMC\/10\/wp-json\/wp\/v2\/product_tag?post=236"}],"curies":[{"name":"wp","href":"https:\/\/api.w.org\/{rel}","templated":true}]}}