{"id":231,"date":"2026-03-05T10:32:59","date_gmt":"2026-03-05T09:32:59","guid":{"rendered":"https:\/\/supexup.formatome.fr\/2025-2026\/RPMC\/10\/?post_type=product&#038;p=231"},"modified":"2026-03-05T11:46:06","modified_gmt":"2026-03-05T10:46:06","slug":"abonnement-entreprise","status":"publish","type":"product","link":"https:\/\/supexup.formatome.fr\/2025-2026\/RPMC\/10\/product\/abonnement-entreprise\/","title":{"rendered":"Abonnement Entreprise"},"content":{"rendered":"<p data-start=\"177\" data-end=\"345\">L\u2019abonnement entreprise TafTaf vous permet d\u2019acc\u00e9der \u00e0 une plateforme innovante d\u00e9di\u00e9e \u00e0 la mise en relation avec des \u00e9tudiants motiv\u00e9s et compatibles avec vos besoins.<\/p>\n<p data-start=\"347\" data-end=\"648\">Gr\u00e2ce \u00e0 notre syst\u00e8me de compatibilit\u00e9 intelligent, vous gagnez du temps dans votre processus de recrutement en acc\u00e9dant directement \u00e0 des profils cibl\u00e9s. TafTaf simplifie la recherche de stagiaires, d\u2019alternants ou de jeunes talents en facilitant les \u00e9changes entre votre entreprise et les \u00e9tudiants.<\/p>\n<p data-start=\"650\" data-end=\"868\">Avec cet abonnement annuel, vous b\u00e9n\u00e9ficiez d\u2019un acc\u00e8s privil\u00e9gi\u00e9 \u00e0 la plateforme afin de publier vos opportunit\u00e9s, consulter des profils pertinents et entrer en contact avec des candidats correspondant \u00e0 vos attentes.<\/p>\n<p data-start=\"870\" data-end=\"976\">TafTaf vous aide \u00e0 recruter plus efficacement tout en d\u00e9veloppant votre r\u00e9seau avec les talents de demain.<\/p>\n","protected":false},"excerpt":{"rendered":"<p>L\u2019abonnement Entreprise TafTaf donne acc\u00e8s \u00e0 une plateforme de mise en relation intelligente avec des \u00e9tudiants. Publiez vos opportunit\u00e9s, consultez des profils compatibles et \u00e9changez directement avec des candidats motiv\u00e9s. Une solution simple et efficace pour recruter plus rapidement les talents de demain.<\/p>\n","protected":false},"featured_media":233,"comment_status":"open","ping_status":"closed","template":"","meta":{"_et_pb_use_builder":"","_et_pb_old_content":"","_et_gb_content_width":""},"product_brand":[],"product_cat":[18],"product_tag":[],"class_list":{"0":"post-231","1":"product","2":"type-product","3":"status-publish","4":"has-post-thumbnail","6":"product_cat-uncategorized","8":"first","9":"instock","10":"virtual","11":"purchasable","12":"product-type-simple"},"_links":{"self":[{"href":"https:\/\/supexup.formatome.fr\/2025-2026\/RPMC\/10\/wp-json\/wp\/v2\/product\/231","targetHints":{"allow":["GET"]}}],"collection":[{"href":"https:\/\/supexup.formatome.fr\/2025-2026\/RPMC\/10\/wp-json\/wp\/v2\/product"}],"about":[{"href":"https:\/\/supexup.formatome.fr\/2025-2026\/RPMC\/10\/wp-json\/wp\/v2\/types\/product"}],"replies":[{"embeddable":true,"href":"https:\/\/supexup.formatome.fr\/2025-2026\/RPMC\/10\/wp-json\/wp\/v2\/comments?post=231"}],"wp:featuredmedia":[{"embeddable":true,"href":"https:\/\/supexup.formatome.fr\/2025-2026\/RPMC\/10\/wp-json\/wp\/v2\/media\/233"}],"wp:attachment":[{"href":"https:\/\/supexup.formatome.fr\/2025-2026\/RPMC\/10\/wp-json\/wp\/v2\/media?parent=231"}],"wp:term":[{"taxonomy":"product_brand","embeddable":true,"href":"https:\/\/supexup.formatome.fr\/2025-2026\/RPMC\/10\/wp-json\/wp\/v2\/product_brand?post=231"},{"taxonomy":"product_cat","embeddable":true,"href":"https:\/\/supexup.formatome.fr\/2025-2026\/RPMC\/10\/wp-json\/wp\/v2\/product_cat?post=231"},{"taxonomy":"product_tag","embeddable":true,"href":"https:\/\/supexup.formatome.fr\/2025-2026\/RPMC\/10\/wp-json\/wp\/v2\/product_tag?post=231"}],"curies":[{"name":"wp","href":"https:\/\/api.w.org\/{rel}","templated":true}]}}