{"id":155,"date":"2026-01-10T14:22:19","date_gmt":"2026-01-10T14:22:19","guid":{"rendered":"https:\/\/supexup.formatome.fr\/2025-2026\/MSCM1\/6\/?page_id=155"},"modified":"2026-02-01T12:23:37","modified_gmt":"2026-02-01T12:23:37","slug":"revetement-de-sols","status":"publish","type":"page","link":"https:\/\/supexup.formatome.fr\/2025-2026\/MSCM1\/6\/?page_id=155","title":{"rendered":"Rev\u00eatement de sols"},"content":{"rendered":"<p>[et_pb_section fb_built=&#8221;1&#8243; admin_label=&#8221;Hero&#8221; _builder_version=&#8221;4.27.4&#8243; background_image=&#8221;https:\/\/supexup.formatome.fr\/2025-2026\/MSCM1\/6\/wp-content\/uploads\/2026\/01\/3.jpg&#8221; custom_padding=&#8221;16vw||16vw|&#8221; global_colors_info=&#8221;{}&#8221;][et_pb_row _builder_version=&#8221;4.27.4&#8243; background_size=&#8221;initial&#8221; background_position=&#8221;top_left&#8221; background_repeat=&#8221;repeat&#8221; global_colors_info=&#8221;{}&#8221;][et_pb_column type=&#8221;4_4&#8243; _builder_version=&#8221;4.16&#8243; custom_padding=&#8221;|||&#8221; global_colors_info=&#8221;{}&#8221; custom_padding__hover=&#8221;|||&#8221;][et_pb_cta title=&#8221;Rev\u00eatements de sols&#8221; button_url=&#8221;#top&#8221; _builder_version=&#8221;4.27.4&#8243; header_font=&#8221;&#8211;et_global_heading_font|700|||||||&#8221; header_text_color=&#8221;#c79b5c&#8221; header_font_size=&#8221;80px&#8221; header_line_height=&#8221;1.3em&#8221; body_font=&#8221;Montserrat|700|||||||&#8221; body_text_color=&#8221;#FFFFFF&#8221; body_font_size=&#8221;22px&#8221; body_line_height=&#8221;1.9em&#8221; use_background_color=&#8221;off&#8221; custom_button=&#8221;on&#8221; button_text_size=&#8221;16px&#8221; button_text_color=&#8221;#ffffff&#8221; button_bg_color=&#8221;#2f3854&#8243; button_border_width=&#8221;10px&#8221; button_border_color=&#8221;rgba(47,56,84,0)&#8221; button_border_radius=&#8221;60px&#8221; button_letter_spacing=&#8221;1px&#8221; button_font=&#8221;Montserrat|700||on|||||&#8221; button_use_icon=&#8221;off&#8221; background_layout=&#8221;light&#8221; animation_style=&#8221;zoom&#8221; animation_direction=&#8221;bottom&#8221; animation_intensity_zoom=&#8221;10%&#8221; header_font_size_tablet=&#8221;&#8221; header_font_size_phone=&#8221;50px&#8221; header_font_size_last_edited=&#8221;on|phone&#8221; body_text_shadow_style=&#8221;preset3&#8243; button_text_color_hover=&#8221;#ffffff&#8221; button_border_radius_hover=&#8221;66px&#8221; button_letter_spacing_hover=&#8221;1px&#8221; button_bg_color_hover=&#8221;rgba(47,56,84,0.9)&#8221; global_colors_info=&#8221;{}&#8221; button_text_size__hover_enabled=&#8221;off&#8221; button_one_text_size__hover_enabled=&#8221;off&#8221; button_two_text_size__hover_enabled=&#8221;off&#8221; button_text_color__hover_enabled=&#8221;on&#8221; button_text_color__hover=&#8221;#ffffff&#8221; button_one_text_color__hover_enabled=&#8221;off&#8221; button_two_text_color__hover_enabled=&#8221;off&#8221; button_border_width__hover_enabled=&#8221;off&#8221; button_one_border_width__hover_enabled=&#8221;off&#8221; button_two_border_width__hover_enabled=&#8221;off&#8221; button_border_color__hover_enabled=&#8221;off&#8221; button_one_border_color__hover_enabled=&#8221;off&#8221; button_two_border_color__hover_enabled=&#8221;off&#8221; button_border_radius__hover_enabled=&#8221;on&#8221; button_border_radius__hover=&#8221;66px&#8221; button_one_border_radius__hover_enabled=&#8221;off&#8221; button_two_border_radius__hover_enabled=&#8221;off&#8221; button_letter_spacing__hover_enabled=&#8221;on&#8221; button_letter_spacing__hover=&#8221;1px&#8221; button_one_letter_spacing__hover_enabled=&#8221;off&#8221; button_two_letter_spacing__hover_enabled=&#8221;off&#8221; button_bg_color__hover_enabled=&#8221;on&#8221; button_bg_color__hover=&#8221;rgba(47,56,84,0.9)&#8221; button_one_bg_color__hover_enabled=&#8221;off&#8221; button_two_bg_color__hover_enabled=&#8221;off&#8221;]<\/p>\n<p>Pour des espaces chaleureux<\/p>\n<p>[\/et_pb_cta][\/et_pb_column][\/et_pb_row][\/et_pb_section][et_pb_section fb_built=&#8221;1&#8243; admin_label=&#8221;Call to Actions&#8221; _builder_version=&#8221;4.16&#8243; custom_padding=&#8221;54px|0px|0px|0px&#8221; global_colors_info=&#8221;{}&#8221;][et_pb_row column_structure=&#8221;1_2,1_2&#8243; admin_label=&#8221;CTA&#8221; _builder_version=&#8221;4.16&#8243; custom_padding=&#8221;27px|0px|50px|0px&#8221; global_colors_info=&#8221;{}&#8221;][et_pb_column type=&#8221;1_2&#8243; _builder_version=&#8221;4.16&#8243; custom_padding=&#8221;|||&#8221; global_colors_info=&#8221;{}&#8221; custom_padding__hover=&#8221;|||&#8221;][et_pb_image src=&#8221;https:\/\/supexup.formatome.fr\/2025-2026\/MSCM1\/6\/wp-content\/uploads\/2026\/01\/9-1.jpg&#8221; title_text=&#8221;9&#8243; align_tablet=&#8221;center&#8221; align_phone=&#8221;center&#8221; align_last_edited=&#8221;on|desktop&#8221; _builder_version=&#8221;4.27.4&#8243; animation_style=&#8221;slide&#8221; animation_direction=&#8221;right&#8221; animation_intensity_slide=&#8221;5%&#8221; global_colors_info=&#8221;{}&#8221;][\/et_pb_image][\/et_pb_column][et_pb_column type=&#8221;1_2&#8243; _builder_version=&#8221;4.16&#8243; custom_padding=&#8221;|||&#8221; global_colors_info=&#8221;{}&#8221; custom_padding__hover=&#8221;|||&#8221;][et_pb_cta title=&#8221;Les travaux de rev\u00eatements de sols. &#8221; button_url=&#8221;#top&#8221; _builder_version=&#8221;4.27.4&#8243; header_font=&#8221;Poppins|600|||||||&#8221; header_font_size=&#8221;45px&#8221; header_line_height=&#8221;1.4em&#8221; body_font=&#8221;Montserrat|500|||||||&#8221; body_text_color=&#8221;rgba(47,56,84,0.5)&#8221; body_font_size=&#8221;16px&#8221; body_line_height=&#8221;1.9em&#8221; use_background_color=&#8221;off&#8221; custom_button=&#8221;on&#8221; button_text_size=&#8221;16px&#8221; button_text_color=&#8221;#2f3854&#8243; button_bg_color=&#8221;rgba(47,56,84,0.04)&#8221; button_border_width=&#8221;10px&#8221; button_border_color=&#8221;rgba(47,56,84,0)&#8221; button_border_radius=&#8221;60px&#8221; button_letter_spacing=&#8221;1px&#8221; button_font=&#8221;Montserrat|700||on|||||&#8221; button_use_icon=&#8221;off&#8221; button_alignment=&#8221;left&#8221; text_orientation=&#8221;left&#8221; background_layout=&#8221;light&#8221; button_text_color_hover=&#8221;#ffffff&#8221; button_border_radius_hover=&#8221;66px&#8221; button_letter_spacing_hover=&#8221;1px&#8221; button_bg_color_hover=&#8221;#2f3854&#8243; global_colors_info=&#8221;{}&#8221; button_text_size__hover_enabled=&#8221;off&#8221; button_one_text_size__hover_enabled=&#8221;off&#8221; button_two_text_size__hover_enabled=&#8221;off&#8221; button_text_color__hover_enabled=&#8221;on&#8221; button_text_color__hover=&#8221;#ffffff&#8221; button_one_text_color__hover_enabled=&#8221;off&#8221; button_two_text_color__hover_enabled=&#8221;off&#8221; button_border_width__hover_enabled=&#8221;off&#8221; button_one_border_width__hover_enabled=&#8221;off&#8221; button_two_border_width__hover_enabled=&#8221;off&#8221; button_border_color__hover_enabled=&#8221;off&#8221; button_one_border_color__hover_enabled=&#8221;off&#8221; button_two_border_color__hover_enabled=&#8221;off&#8221; button_border_radius__hover_enabled=&#8221;on&#8221; button_border_radius__hover=&#8221;66px&#8221; button_one_border_radius__hover_enabled=&#8221;off&#8221; button_two_border_radius__hover_enabled=&#8221;off&#8221; button_letter_spacing__hover_enabled=&#8221;on&#8221; button_letter_spacing__hover=&#8221;1px&#8221; button_one_letter_spacing__hover_enabled=&#8221;off&#8221; button_two_letter_spacing__hover_enabled=&#8221;off&#8221; button_bg_color__hover_enabled=&#8221;on&#8221; button_bg_color__hover=&#8221;#2f3854&#8243; button_one_bg_color__hover_enabled=&#8221;off&#8221; button_two_bg_color__hover_enabled=&#8221;off&#8221;]<\/p>\n<p><span>Les travaux de rev\u00eatements de sols permettent d\u2019am\u00e9nager ou de r\u00e9nover un int\u00e9rieur de mani\u00e8re durable et harmonieuse. Chaque intervention est r\u00e9alis\u00e9e avec soin afin d\u2019assurer un rendu propre, coh\u00e9rent et adapt\u00e9 \u00e0 l\u2019usage des lieux, qu\u2019ils soient priv\u00e9s ou professionnels.<\/span><\/p>\n<p>[\/et_pb_cta][\/et_pb_column][\/et_pb_row][\/et_pb_section][et_pb_section fb_built=&#8221;1&#8243; _builder_version=&#8221;4.27.4&#8243; _module_preset=&#8221;default&#8221; background_color=&#8221;#4a5568&#8243; custom_padding=&#8221;42px||40px|||&#8221; global_colors_info=&#8221;{}&#8221;][et_pb_row _builder_version=&#8221;4.16&#8243; width=&#8221;83.8%&#8221; global_colors_info=&#8221;{}&#8221;][et_pb_column type=&#8221;4_4&#8243; _builder_version=&#8221;4.16&#8243; custom_padding=&#8221;|||&#8221; global_colors_info=&#8221;{}&#8221; custom_padding__hover=&#8221;|||&#8221;][et_pb_text _builder_version=&#8221;4.27.4&#8243; text_font=&#8221;Montserrat|500|||||||&#8221; text_text_color=&#8221;rgba(255,255,255,0.5)&#8221; text_font_size=&#8221;16px&#8221; text_line_height=&#8221;1.9em&#8221; header_font=&#8221;||||||||&#8221; header_2_font=&#8221;Poppins|600|||||||&#8221; header_2_font_size=&#8221;50px&#8221; header_2_line_height=&#8221;1.3em&#8221; text_orientation=&#8221;center&#8221; background_layout=&#8221;dark&#8221; max_width=&#8221;700px&#8221; module_alignment=&#8221;center&#8221; custom_margin=&#8221;|330px||130px||&#8221; global_colors_info=&#8221;{}&#8221;]<\/p>\n<h2><span>Ce que comprend la prestation<\/span><\/h2>\n<p>[\/et_pb_text][\/et_pb_column][\/et_pb_row][et_pb_row column_structure=&#8221;1_2,1_2&#8243; _builder_version=&#8221;4.27.4&#8243; _module_preset=&#8221;default&#8221; global_colors_info=&#8221;{}&#8221;][et_pb_column type=&#8221;1_2&#8243; _builder_version=&#8221;4.27.4&#8243; _module_preset=&#8221;default&#8221; global_colors_info=&#8221;{}&#8221;][et_pb_blurb title=&#8221;Pose de rev\u00eatements de sols&#8221; image=&#8221;https:\/\/supexup.formatome.fr\/2025-2026\/MSCM1\/6\/wp-content\/uploads\/2026\/01\/13.png&#8221; _builder_version=&#8221;4.27.4&#8243; header_font=&#8221;Montserrat|700|||||||&#8221; header_text_align=&#8221;center&#8221; header_text_color=&#8221;#ffffff&#8221; header_font_size=&#8221;20px&#8221; header_line_height=&#8221;1.4em&#8221; body_font=&#8221;Montserrat|500|||||||&#8221; body_text_color=&#8221;rgba(255,255,255,0.5)&#8221; body_font_size=&#8221;16px&#8221; body_line_height=&#8221;1.9em&#8221; text_orientation=&#8221;center&#8221; background_layout=&#8221;dark&#8221; custom_margin=&#8221;|55px||||&#8221; animation_style=&#8221;slide&#8221; animation_direction=&#8221;bottom&#8221; animation_intensity_slide=&#8221;3%&#8221; animation=&#8221;off&#8221; global_colors_info=&#8221;{}&#8221;]<\/p>\n<p><span>Mise en \u0153uvre de rev\u00eatements adapt\u00e9s \u00e0 l\u2019usage des pi\u00e8ces afin d\u2019assurer un rendu esth\u00e9tique, confortable et durable.<\/span><\/p>\n<p>[\/et_pb_blurb][\/et_pb_column][et_pb_column type=&#8221;1_2&#8243; _builder_version=&#8221;4.27.4&#8243; _module_preset=&#8221;default&#8221; global_colors_info=&#8221;{}&#8221;][et_pb_blurb title=&#8221;Finitions et ajustements&#8221; image=&#8221;https:\/\/supexup.formatome.fr\/2025-2026\/MSCM1\/6\/wp-content\/uploads\/2026\/01\/14.png&#8221; _builder_version=&#8221;4.27.4&#8243; header_font=&#8221;Montserrat|700|||||||&#8221; header_text_align=&#8221;center&#8221; header_text_color=&#8221;#ffffff&#8221; header_font_size=&#8221;20px&#8221; header_line_height=&#8221;1.4em&#8221; body_font=&#8221;Montserrat|500|||||||&#8221; body_text_color=&#8221;rgba(255,255,255,0.5)&#8221; body_font_size=&#8221;16px&#8221; body_line_height=&#8221;1.9em&#8221; text_orientation=&#8221;center&#8221; background_layout=&#8221;dark&#8221; min_height=&#8221;209px&#8221; custom_margin=&#8221;|||72px||&#8221; custom_padding=&#8221;|||3px||&#8221; animation_style=&#8221;slide&#8221; animation_direction=&#8221;bottom&#8221; animation_delay=&#8221;100ms&#8221; animation_intensity_slide=&#8221;3%&#8221; animation=&#8221;off&#8221; global_colors_info=&#8221;{}&#8221;]<\/p>\n<p data-start=\"330\" data-end=\"432\">R\u00e9alisation de finitions soign\u00e9es pour une int\u00e9gration harmonieuse du sol dans l\u2019ensemble de l\u2019espace.<\/p>\n<p>[\/et_pb_blurb][\/et_pb_column][\/et_pb_row][\/et_pb_section][et_pb_section fb_built=&#8221;1&#8243; _builder_version=&#8221;4.27.4&#8243; _module_preset=&#8221;default&#8221; custom_padding=&#8221;18px||13px|||&#8221; global_colors_info=&#8221;{}&#8221;][et_pb_row column_structure=&#8221;1_2,1_2&#8243; _builder_version=&#8221;4.27.4&#8243; _module_preset=&#8221;default&#8221; global_colors_info=&#8221;{}&#8221;][et_pb_column type=&#8221;1_2&#8243; _builder_version=&#8221;4.27.4&#8243; _module_preset=&#8221;default&#8221; global_colors_info=&#8221;{}&#8221;][et_pb_image src=&#8221;https:\/\/supexup.formatome.fr\/2025-2026\/MSCM1\/6\/wp-content\/uploads\/2026\/01\/10.jpg&#8221; title_text=&#8221;10&#8243; align_tablet=&#8221;center&#8221; align_phone=&#8221;center&#8221; align_last_edited=&#8221;on|desktop&#8221; _builder_version=&#8221;4.27.4&#8243; animation_style=&#8221;slide&#8221; animation_direction=&#8221;right&#8221; animation_intensity_slide=&#8221;5%&#8221; global_colors_info=&#8221;{}&#8221;][\/et_pb_image][\/et_pb_column][et_pb_column type=&#8221;1_2&#8243; _builder_version=&#8221;4.27.4&#8243; _module_preset=&#8221;default&#8221; global_colors_info=&#8221;{}&#8221;][et_pb_image src=&#8221;https:\/\/supexup.formatome.fr\/2025-2026\/MSCM1\/6\/wp-content\/uploads\/2026\/01\/11.jpg&#8221; title_text=&#8221;11&#8243; align_tablet=&#8221;center&#8221; align_phone=&#8221;center&#8221; align_last_edited=&#8221;on|desktop&#8221; _builder_version=&#8221;4.27.4&#8243; animation_style=&#8221;slide&#8221; animation_direction=&#8221;right&#8221; animation_intensity_slide=&#8221;5%&#8221; global_colors_info=&#8221;{}&#8221;][\/et_pb_image][\/et_pb_column][\/et_pb_row][\/et_pb_section][et_pb_section fb_built=&#8221;1&#8243; admin_label=&#8221;Services&#8221; _builder_version=&#8221;4.16&#8243; custom_padding=&#8221;0px|0px|17px|0px||&#8221; global_colors_info=&#8221;{}&#8221;][et_pb_row _builder_version=&#8221;4.16&#8243; custom_padding=&#8221;|||&#8221; global_colors_info=&#8221;{}&#8221;][et_pb_column type=&#8221;4_4&#8243; _builder_version=&#8221;4.16&#8243; custom_padding=&#8221;|||&#8221; global_colors_info=&#8221;{}&#8221; custom_padding__hover=&#8221;|||&#8221;][et_pb_text _builder_version=&#8221;4.27.4&#8243; text_font=&#8221;Montserrat|500|||||||&#8221; text_text_color=&#8221;rgba(47,56,84,0.5)&#8221; text_font_size=&#8221;16px&#8221; text_line_height=&#8221;1.9em&#8221; header_font=&#8221;||||||||&#8221; header_2_font=&#8221;Poppins|600|||||||&#8221; header_2_font_size=&#8221;50px&#8221; header_2_line_height=&#8221;1.3em&#8221; text_orientation=&#8221;center&#8221; max_width=&#8221;700px&#8221; module_alignment=&#8221;center&#8221; global_colors_info=&#8221;{}&#8221;]<\/p>\n<h2><span>Types de projets concern\u00e9s<\/span><\/h2>\n<p>[\/et_pb_text][\/et_pb_column][\/et_pb_row][et_pb_row column_structure=&#8221;1_2,1_2&#8243; _builder_version=&#8221;4.16&#8243; custom_padding=&#8221;27px|0px|50px|0px&#8221; global_colors_info=&#8221;{}&#8221;][et_pb_column type=&#8221;1_2&#8243; _builder_version=&#8221;4.16&#8243; custom_padding=&#8221;|||&#8221; global_colors_info=&#8221;{}&#8221; custom_padding__hover=&#8221;|||&#8221;][et_pb_text admin_label=&#8221;Paragraph&#8221; _builder_version=&#8221;4.16&#8243; text_font=&#8221;Montserrat|500|||||||&#8221; text_text_color=&#8221;rgba(47,56,84,0.5)&#8221; text_font_size=&#8221;16px&#8221; text_line_height=&#8221;1.9em&#8221; header_font=&#8221;||||||||&#8221; header_2_font=&#8221;Yeseva One||||||||&#8221; header_2_text_color=&#8221;#2f3854&#8243; header_2_font_size=&#8221;50px&#8221; header_2_line_height=&#8221;1.4em&#8221; max_width=&#8221;700px&#8221; module_alignment=&#8221;center&#8221; global_colors_info=&#8221;{}&#8221;]<\/p>\n<p><span>Le rev\u00eatement de sol joue un r\u00f4le essentiel dans le confort, l\u2019esth\u00e9tique et l\u2019usage d\u2019un espace. Il participe \u00e0 l\u2019ambiance g\u00e9n\u00e9rale d\u2019une pi\u00e8ce tout en devant r\u00e9pondre \u00e0 des contraintes de r\u00e9sistance, d\u2019entretien et de circulation.<\/span><\/p>\n<p><span>Chaque chantier est men\u00e9 avec rigueur et organisation afin de garantir un d\u00e9roulement fluide des travaux. Une attention particuli\u00e8re est port\u00e9e \u00e0 la propret\u00e9 des espaces et au respect des lieux, pour une intervention ma\u00eetris\u00e9e et sereine.<\/span><\/p>\n<p><span><\/span><\/p>\n<p><span>La pose de rev\u00eatements de sols s\u2019adresse aussi bien aux particuliers qu\u2019aux professionnels souhaitant r\u00e9nover, am\u00e9nager ou am\u00e9liorer leurs espaces int\u00e9rieurs.<\/span><\/p>\n<p><span><\/span><\/p>\n<p>[\/et_pb_text][\/et_pb_column][et_pb_column type=&#8221;1_2&#8243; _builder_version=&#8221;4.16&#8243; custom_padding=&#8221;|||&#8221; global_colors_info=&#8221;{}&#8221; custom_padding__hover=&#8221;|||&#8221;][et_pb_blurb title=&#8221;La r\u00e9novation d\u2019appartements ou de maisons&#8221; use_icon=&#8221;on&#8221; font_icon=&#8221;&#xe052;||divi||400&#8243; icon_color=&#8221;#2f3854&#8243; icon_placement=&#8221;left&#8221; image_icon_width=&#8221;27px&#8221; _builder_version=&#8221;4.27.4&#8243; header_font=&#8221;Montserrat|700|||||||&#8221; header_text_color=&#8221;#2f3854&#8243; header_font_size=&#8221;16px&#8221; header_line_height=&#8221;1.9em&#8221; body_font=&#8221;Montserrat|500|||||||&#8221; body_text_color=&#8221;rgba(47,56,84,0.5)&#8221; body_line_height=&#8221;1.9em&#8221; custom_margin=&#8221;|||&#8221; custom_padding=&#8221;|||&#8221; animation_style=&#8221;zoom&#8221; animation_direction=&#8221;left&#8221; animation_intensity_zoom=&#8221;10%&#8221; icon_font_size=&#8221;27px&#8221; global_colors_info=&#8221;{}&#8221;]<\/p>\n<p><span>Pour moderniser les sols et harmoniser les espaces int\u00e9rieurs.<\/span><\/p>\n<p>[\/et_pb_blurb][et_pb_blurb title=&#8221;L\u2019am\u00e9nagement de pi\u00e8ces de vie ou de zones de passage&#8221; use_icon=&#8221;on&#8221; font_icon=&#8221;&#xe052;||divi||400&#8243; icon_color=&#8221;#2f3854&#8243; icon_placement=&#8221;left&#8221; image_icon_width=&#8221;27px&#8221; _builder_version=&#8221;4.27.4&#8243; header_font=&#8221;Montserrat|700|||||||&#8221; header_text_color=&#8221;#2f3854&#8243; header_font_size=&#8221;16px&#8221; header_line_height=&#8221;1.9em&#8221; body_font=&#8221;Montserrat|500|||||||&#8221; body_text_color=&#8221;rgba(47,56,84,0.5)&#8221; body_line_height=&#8221;1.9em&#8221; custom_margin=&#8221;|||&#8221; custom_padding=&#8221;|||&#8221; animation_style=&#8221;zoom&#8221; animation_direction=&#8221;left&#8221; animation_delay=&#8221;100ms&#8221; animation_intensity_zoom=&#8221;10%&#8221; icon_font_size=&#8221;27px&#8221; global_colors_info=&#8221;{}&#8221;]<\/p>\n<p><span>Des solutions adapt\u00e9es pour allier confort, esth\u00e9tique et r\u00e9sistance \u00e0 l\u2019usage quotidien.<\/span><\/p>\n<p>[\/et_pb_blurb][et_pb_blurb title=&#8221;Les travaux dans des logements occup\u00e9s&#8221; use_icon=&#8221;on&#8221; font_icon=&#8221;&#xe052;||divi||400&#8243; icon_color=&#8221;#2f3854&#8243; icon_placement=&#8221;left&#8221; image_icon_width=&#8221;27px&#8221; _builder_version=&#8221;4.27.4&#8243; header_font=&#8221;Montserrat|700|||||||&#8221; header_text_color=&#8221;#2f3854&#8243; header_font_size=&#8221;16px&#8221; header_line_height=&#8221;1.9em&#8221; body_font=&#8221;Montserrat|500|||||||&#8221; body_text_color=&#8221;rgba(47,56,84,0.5)&#8221; body_line_height=&#8221;1.9em&#8221; custom_margin=&#8221;|||&#8221; custom_padding=&#8221;|||&#8221; animation_style=&#8221;zoom&#8221; animation_direction=&#8221;left&#8221; animation_delay=&#8221;200ms&#8221; animation_intensity_zoom=&#8221;10%&#8221; icon_font_size=&#8221;27px&#8221; global_colors_info=&#8221;{}&#8221;]<\/p>\n<p><span>Des interventions organis\u00e9es afin de limiter les contraintes et pr\u00e9server le quotidien des occupants.<\/span><\/p>\n<p>[\/et_pb_blurb][et_pb_blurb title=&#8221;Les espaces professionnels ou lieux recevant du public&#8221; use_icon=&#8221;on&#8221; font_icon=&#8221;&#xe052;||divi||400&#8243; icon_color=&#8221;#2f3854&#8243; icon_placement=&#8221;left&#8221; image_icon_width=&#8221;27px&#8221; _builder_version=&#8221;4.27.4&#8243; header_font=&#8221;Montserrat|700|||||||&#8221; header_text_color=&#8221;#2f3854&#8243; header_font_size=&#8221;16px&#8221; header_line_height=&#8221;1.9em&#8221; body_font=&#8221;Montserrat|500|||||||&#8221; body_text_color=&#8221;rgba(47,56,84,0.5)&#8221; body_line_height=&#8221;1.9em&#8221; custom_margin=&#8221;|||&#8221; custom_padding=&#8221;|||&#8221; animation_style=&#8221;zoom&#8221; animation_direction=&#8221;left&#8221; animation_delay=&#8221;200ms&#8221; animation_intensity_zoom=&#8221;10%&#8221; icon_font_size=&#8221;27px&#8221; global_colors_info=&#8221;{}&#8221;]<\/p>\n<p>Des rev\u00eatements choisis pour r\u00e9pondre aux exigences d\u2019usage, de durabilit\u00e9 et d\u2019entretien.<\/p>\n<p>[\/et_pb_blurb][\/et_pb_column][\/et_pb_row][\/et_pb_section][et_pb_section fb_built=&#8221;1&#8243; _builder_version=&#8221;4.27.4&#8243; _module_preset=&#8221;default&#8221; custom_padding=&#8221;27px||72px|||&#8221; global_colors_info=&#8221;{}&#8221;][et_pb_row _builder_version=&#8221;4.27.4&#8243; _module_preset=&#8221;default&#8221; custom_margin=&#8221;-87px|auto||auto||&#8221; global_colors_info=&#8221;{}&#8221;][et_pb_column type=&#8221;4_4&#8243; _builder_version=&#8221;4.27.4&#8243; _module_preset=&#8221;default&#8221; global_colors_info=&#8221;{}&#8221;][et_pb_heading title=&#8221;Vous avez un projet de rev\u00eatement de sol ?&#8221; _builder_version=&#8221;4.27.4&#8243; _module_preset=&#8221;default&#8221; title_text_align=&#8221;center&#8221; hover_enabled=&#8221;0&#8243; global_colors_info=&#8221;{}&#8221; title_font=&#8221;&#8211;et_global_heading_font|600|||||||&#8221; sticky_enabled=&#8221;0&#8243;][\/et_pb_heading][et_pb_text _builder_version=&#8221;4.27.4&#8243; _module_preset=&#8221;default&#8221; header_text_align=&#8221;center&#8221; text_orientation=&#8221;center&#8221; global_colors_info=&#8221;{}&#8221;]<\/p>\n<p>Gaillard Peinture est \u00e0 votre \u00e9coute pour vous accompagner et vous proposer un devis gratuit, adapt\u00e9 \u00e0 vos besoins.<\/p>\n<p>[\/et_pb_text][\/et_pb_column][\/et_pb_row][et_pb_row _builder_version=&#8221;4.27.4&#8243; _module_preset=&#8221;default&#8221; custom_padding=&#8221;8px|||||&#8221; global_colors_info=&#8221;{}&#8221;][et_pb_column type=&#8221;4_4&#8243; _builder_version=&#8221;4.27.4&#8243; _module_preset=&#8221;default&#8221; global_colors_info=&#8221;{}&#8221;][et_pb_button button_text=&#8221;Demander un devis&#8221; button_alignment=&#8221;center&#8221; _builder_version=&#8221;4.27.4&#8243; _module_preset=&#8221;default&#8221; hover_enabled=&#8221;0&#8243; global_colors_info=&#8221;{}&#8221; button_url=&#8221;https:\/\/supexup.formatome.fr\/2025-2026\/MSCM1\/6\/?page_id=109&#8243; sticky_enabled=&#8221;0&#8243;][\/et_pb_button][\/et_pb_column][\/et_pb_row][\/et_pb_section]<\/p>\n","protected":false},"excerpt":{"rendered":"<p>Pour des espaces chaleureuxLes travaux de rev\u00eatements de sols permettent d\u2019am\u00e9nager ou de r\u00e9nover un int\u00e9rieur de mani\u00e8re durable et harmonieuse. Chaque intervention est r\u00e9alis\u00e9e avec soin afin d\u2019assurer un rendu propre, coh\u00e9rent et adapt\u00e9 \u00e0 l\u2019usage des lieux, qu\u2019ils soient priv\u00e9s ou professionnels.Ce que comprend la prestationMise en \u0153uvre de rev\u00eatements adapt\u00e9s \u00e0 l\u2019usage [&hellip;]<\/p>\n","protected":false},"author":2,"featured_media":0,"parent":0,"menu_order":0,"comment_status":"closed","ping_status":"closed","template":"","meta":{"_et_pb_use_builder":"on","_et_pb_old_content":"<!-- wp:divi\/placeholder \/-->","_et_gb_content_width":"","footnotes":""},"class_list":["post-155","page","type-page","status-publish","hentry"],"_links":{"self":[{"href":"https:\/\/supexup.formatome.fr\/2025-2026\/MSCM1\/6\/index.php?rest_route=\/wp\/v2\/pages\/155","targetHints":{"allow":["GET"]}}],"collection":[{"href":"https:\/\/supexup.formatome.fr\/2025-2026\/MSCM1\/6\/index.php?rest_route=\/wp\/v2\/pages"}],"about":[{"href":"https:\/\/supexup.formatome.fr\/2025-2026\/MSCM1\/6\/index.php?rest_route=\/wp\/v2\/types\/page"}],"author":[{"embeddable":true,"href":"https:\/\/supexup.formatome.fr\/2025-2026\/MSCM1\/6\/index.php?rest_route=\/wp\/v2\/users\/2"}],"replies":[{"embeddable":true,"href":"https:\/\/supexup.formatome.fr\/2025-2026\/MSCM1\/6\/index.php?rest_route=%2Fwp%2Fv2%2Fcomments&post=155"}],"version-history":[{"count":13,"href":"https:\/\/supexup.formatome.fr\/2025-2026\/MSCM1\/6\/index.php?rest_route=\/wp\/v2\/pages\/155\/revisions"}],"predecessor-version":[{"id":426,"href":"https:\/\/supexup.formatome.fr\/2025-2026\/MSCM1\/6\/index.php?rest_route=\/wp\/v2\/pages\/155\/revisions\/426"}],"wp:attachment":[{"href":"https:\/\/supexup.formatome.fr\/2025-2026\/MSCM1\/6\/index.php?rest_route=%2Fwp%2Fv2%2Fmedia&parent=155"}],"curies":[{"name":"wp","href":"https:\/\/api.w.org\/{rel}","templated":true}]}}