{"id":117,"date":"2026-01-07T17:31:33","date_gmt":"2026-01-07T17:31:33","guid":{"rendered":"https:\/\/supexup.formatome.fr\/2025-2026\/MSCM1\/6\/?page_id=117"},"modified":"2026-02-01T12:22:30","modified_gmt":"2026-02-01T12:22:30","slug":"peinture-exterieur","status":"publish","type":"page","link":"https:\/\/supexup.formatome.fr\/2025-2026\/MSCM1\/6\/?page_id=117","title":{"rendered":"Peinture exterieur"},"content":{"rendered":"<p>[et_pb_section fb_built=&#8221;1&#8243; admin_label=&#8221;Hero&#8221; _builder_version=&#8221;4.27.4&#8243; background_image=&#8221;https:\/\/supexup.formatome.fr\/2025-2026\/MSCM1\/6\/wp-content\/uploads\/2026\/01\/hj.jpg&#8221; custom_padding=&#8221;16vw||16vw|&#8221; global_colors_info=&#8221;{}&#8221;][et_pb_row _builder_version=&#8221;4.16&#8243; background_size=&#8221;initial&#8221; background_position=&#8221;top_left&#8221; background_repeat=&#8221;repeat&#8221; global_colors_info=&#8221;{}&#8221;][et_pb_column type=&#8221;4_4&#8243; _builder_version=&#8221;4.16&#8243; custom_padding=&#8221;|||&#8221; global_colors_info=&#8221;{}&#8221; custom_padding__hover=&#8221;|||&#8221;][et_pb_cta title=&#8221;Peinture ext\u00e9rieure&#8221; button_url=&#8221;#top&#8221; _builder_version=&#8221;4.27.4&#8243; header_font=&#8221;&#8211;et_global_heading_font|700|||||||&#8221; header_text_color=&#8221;#c79b5c&#8221; header_font_size=&#8221;80px&#8221; header_line_height=&#8221;1.3em&#8221; body_font=&#8221;Montserrat|700|||||||&#8221; body_text_color=&#8221;#FFFFFF&#8221; body_font_size=&#8221;22px&#8221; body_line_height=&#8221;1.9em&#8221; use_background_color=&#8221;off&#8221; custom_button=&#8221;on&#8221; button_text_size=&#8221;16px&#8221; button_text_color=&#8221;#ffffff&#8221; button_bg_color=&#8221;#2f3854&#8243; button_border_width=&#8221;10px&#8221; button_border_color=&#8221;rgba(47,56,84,0)&#8221; button_border_radius=&#8221;60px&#8221; button_letter_spacing=&#8221;1px&#8221; button_font=&#8221;Montserrat|700||on|||||&#8221; button_use_icon=&#8221;off&#8221; background_layout=&#8221;light&#8221; animation_style=&#8221;zoom&#8221; animation_direction=&#8221;bottom&#8221; animation_intensity_zoom=&#8221;10%&#8221; header_font_size_tablet=&#8221;&#8221; header_font_size_phone=&#8221;50px&#8221; header_font_size_last_edited=&#8221;on|phone&#8221; body_text_shadow_style=&#8221;preset3&#8243; button_text_color_hover=&#8221;#ffffff&#8221; button_border_radius_hover=&#8221;66px&#8221; button_letter_spacing_hover=&#8221;1px&#8221; button_bg_color_hover=&#8221;rgba(47,56,84,0.9)&#8221; global_colors_info=&#8221;{}&#8221; button_text_size__hover_enabled=&#8221;off&#8221; button_one_text_size__hover_enabled=&#8221;off&#8221; button_two_text_size__hover_enabled=&#8221;off&#8221; button_text_color__hover_enabled=&#8221;on&#8221; button_text_color__hover=&#8221;#ffffff&#8221; button_one_text_color__hover_enabled=&#8221;off&#8221; button_two_text_color__hover_enabled=&#8221;off&#8221; button_border_width__hover_enabled=&#8221;off&#8221; button_one_border_width__hover_enabled=&#8221;off&#8221; button_two_border_width__hover_enabled=&#8221;off&#8221; button_border_color__hover_enabled=&#8221;off&#8221; button_one_border_color__hover_enabled=&#8221;off&#8221; button_two_border_color__hover_enabled=&#8221;off&#8221; button_border_radius__hover_enabled=&#8221;on&#8221; button_border_radius__hover=&#8221;66px&#8221; button_one_border_radius__hover_enabled=&#8221;off&#8221; button_two_border_radius__hover_enabled=&#8221;off&#8221; button_letter_spacing__hover_enabled=&#8221;on&#8221; button_letter_spacing__hover=&#8221;1px&#8221; button_one_letter_spacing__hover_enabled=&#8221;off&#8221; button_two_letter_spacing__hover_enabled=&#8221;off&#8221; button_bg_color__hover_enabled=&#8221;on&#8221; button_bg_color__hover=&#8221;rgba(47,56,84,0.9)&#8221; button_one_bg_color__hover_enabled=&#8221;off&#8221; button_two_bg_color__hover_enabled=&#8221;off&#8221;]<\/p>\n<p>Pour faire revivre votre fa\u00e7ade<\/p>\n<p>[\/et_pb_cta][\/et_pb_column][\/et_pb_row][\/et_pb_section][et_pb_section fb_built=&#8221;1&#8243; admin_label=&#8221;Call to Actions&#8221; _builder_version=&#8221;4.16&#8243; custom_padding=&#8221;54px|0px|0px|0px&#8221; global_colors_info=&#8221;{}&#8221;][et_pb_row column_structure=&#8221;1_2,1_2&#8243; admin_label=&#8221;CTA&#8221; _builder_version=&#8221;4.16&#8243; custom_padding=&#8221;27px|0px|50px|0px&#8221; global_colors_info=&#8221;{}&#8221;][et_pb_column type=&#8221;1_2&#8243; _builder_version=&#8221;4.16&#8243; custom_padding=&#8221;|||&#8221; global_colors_info=&#8221;{}&#8221; custom_padding__hover=&#8221;|||&#8221;][et_pb_image src=&#8221;https:\/\/supexup.formatome.fr\/2025-2026\/MSCM1\/6\/wp-content\/uploads\/2026\/01\/6.png&#8221; title_text=&#8221;6&#8243; align_tablet=&#8221;center&#8221; align_phone=&#8221;center&#8221; align_last_edited=&#8221;on|desktop&#8221; _builder_version=&#8221;4.27.4&#8243; animation_style=&#8221;slide&#8221; animation_direction=&#8221;right&#8221; animation_intensity_slide=&#8221;5%&#8221; global_colors_info=&#8221;{}&#8221;][\/et_pb_image][\/et_pb_column][et_pb_column type=&#8221;1_2&#8243; _builder_version=&#8221;4.16&#8243; custom_padding=&#8221;|||&#8221; global_colors_info=&#8221;{}&#8221; custom_padding__hover=&#8221;|||&#8221;][et_pb_cta title=&#8221;Les travaux de peinture ext\u00e9rieur&#8221; button_url=&#8221;#top&#8221; _builder_version=&#8221;4.27.4&#8243; header_font=&#8221;Poppins|600|||||||&#8221; header_font_size=&#8221;45px&#8221; header_line_height=&#8221;1.4em&#8221; body_font=&#8221;Montserrat|500|||||||&#8221; body_text_color=&#8221;rgba(47,56,84,0.5)&#8221; body_font_size=&#8221;16px&#8221; body_line_height=&#8221;1.9em&#8221; use_background_color=&#8221;off&#8221; custom_button=&#8221;on&#8221; button_text_size=&#8221;16px&#8221; button_text_color=&#8221;#2f3854&#8243; button_bg_color=&#8221;rgba(47,56,84,0.04)&#8221; button_border_width=&#8221;10px&#8221; button_border_color=&#8221;rgba(47,56,84,0)&#8221; button_border_radius=&#8221;60px&#8221; button_letter_spacing=&#8221;1px&#8221; button_font=&#8221;Montserrat|700||on|||||&#8221; button_use_icon=&#8221;off&#8221; button_alignment=&#8221;left&#8221; text_orientation=&#8221;left&#8221; background_layout=&#8221;light&#8221; button_text_color_hover=&#8221;#ffffff&#8221; button_border_radius_hover=&#8221;66px&#8221; button_letter_spacing_hover=&#8221;1px&#8221; button_bg_color_hover=&#8221;#2f3854&#8243; global_colors_info=&#8221;{}&#8221; button_text_size__hover_enabled=&#8221;off&#8221; button_one_text_size__hover_enabled=&#8221;off&#8221; button_two_text_size__hover_enabled=&#8221;off&#8221; button_text_color__hover_enabled=&#8221;on&#8221; button_text_color__hover=&#8221;#ffffff&#8221; button_one_text_color__hover_enabled=&#8221;off&#8221; button_two_text_color__hover_enabled=&#8221;off&#8221; button_border_width__hover_enabled=&#8221;off&#8221; button_one_border_width__hover_enabled=&#8221;off&#8221; button_two_border_width__hover_enabled=&#8221;off&#8221; button_border_color__hover_enabled=&#8221;off&#8221; button_one_border_color__hover_enabled=&#8221;off&#8221; button_two_border_color__hover_enabled=&#8221;off&#8221; button_border_radius__hover_enabled=&#8221;on&#8221; button_border_radius__hover=&#8221;66px&#8221; button_one_border_radius__hover_enabled=&#8221;off&#8221; button_two_border_radius__hover_enabled=&#8221;off&#8221; button_letter_spacing__hover_enabled=&#8221;on&#8221; button_letter_spacing__hover=&#8221;1px&#8221; button_one_letter_spacing__hover_enabled=&#8221;off&#8221; button_two_letter_spacing__hover_enabled=&#8221;off&#8221; button_bg_color__hover_enabled=&#8221;on&#8221; button_bg_color__hover=&#8221;#2f3854&#8243; button_one_bg_color__hover_enabled=&#8221;off&#8221; button_two_bg_color__hover_enabled=&#8221;off&#8221;]<\/p>\n<p><span>Les travaux de peinture ext\u00e9rieure contribuent \u00e0 prolonger la dur\u00e9e de vie des supports tout en apportant un aspect soign\u00e9 et harmonieux. Chaque intervention est r\u00e9alis\u00e9e avec rigueur afin d\u2019assurer un rendu durable, adapt\u00e9 aux contraintes ext\u00e9rieures et \u00e0 l\u2019environnement du b\u00e2timent.<\/span><\/p>\n<p>[\/et_pb_cta][\/et_pb_column][\/et_pb_row][\/et_pb_section][et_pb_section fb_built=&#8221;1&#8243; _builder_version=&#8221;4.27.4&#8243; _module_preset=&#8221;default&#8221; background_color=&#8221;#4a5568&#8243; custom_padding=&#8221;16px||17px|||&#8221; global_colors_info=&#8221;{}&#8221;][et_pb_row _builder_version=&#8221;4.16&#8243; global_colors_info=&#8221;{}&#8221;][et_pb_column type=&#8221;4_4&#8243; _builder_version=&#8221;4.16&#8243; custom_padding=&#8221;|||&#8221; global_colors_info=&#8221;{}&#8221; custom_padding__hover=&#8221;|||&#8221;][et_pb_text _builder_version=&#8221;4.27.4&#8243; text_font=&#8221;Montserrat|500|||||||&#8221; text_text_color=&#8221;rgba(255,255,255,0.5)&#8221; text_font_size=&#8221;16px&#8221; text_line_height=&#8221;1.9em&#8221; header_font=&#8221;||||||||&#8221; header_2_font=&#8221;Poppins|600|||||||&#8221; header_2_font_size=&#8221;50px&#8221; header_2_line_height=&#8221;1.3em&#8221; text_orientation=&#8221;center&#8221; background_layout=&#8221;dark&#8221; max_width=&#8221;794px&#8221; module_alignment=&#8221;center&#8221; custom_margin=&#8221;|122px||||&#8221; global_colors_info=&#8221;{}&#8221;]<\/p>\n<h2><span>Ce que comprend la prestation<\/span><\/h2>\n<p>Lorem ipsum dolor sit amet, consectetur adipiscing elit, sed do eiusmod tempor incididunt ut labore et dolore magna aliqua.<\/p>\n<p>[\/et_pb_text][\/et_pb_column][\/et_pb_row][et_pb_row column_structure=&#8221;1_3,1_3,1_3&#8243; _builder_version=&#8221;4.27.4&#8243; _module_preset=&#8221;default&#8221; global_colors_info=&#8221;{}&#8221;][et_pb_column type=&#8221;1_3&#8243; _builder_version=&#8221;4.27.4&#8243; _module_preset=&#8221;default&#8221; global_colors_info=&#8221;{}&#8221;][et_pb_blurb title=&#8221;Peinture et protection des fa\u00e7ades&#8221; image=&#8221;https:\/\/supexup.formatome.fr\/2025-2026\/MSCM1\/6\/wp-content\/uploads\/2026\/01\/10.png&#8221; _builder_version=&#8221;4.27.4&#8243; header_font=&#8221;Montserrat|700|||||||&#8221; header_text_align=&#8221;center&#8221; header_text_color=&#8221;#ffffff&#8221; header_font_size=&#8221;20px&#8221; header_line_height=&#8221;1.4em&#8221; body_font=&#8221;Montserrat|500|||||||&#8221; body_text_color=&#8221;rgba(255,255,255,0.5)&#8221; body_font_size=&#8221;16px&#8221; body_line_height=&#8221;1.9em&#8221; text_orientation=&#8221;center&#8221; background_layout=&#8221;dark&#8221; animation_style=&#8221;slide&#8221; animation_direction=&#8221;bottom&#8221; animation_intensity_slide=&#8221;3%&#8221; animation=&#8221;off&#8221; global_colors_info=&#8221;{}&#8221;]<\/p>\n<p><span>Application de peintures adapt\u00e9es aux supports ext\u00e9rieurs afin de prot\u00e9ger durablement les murs contre les intemp\u00e9ries et le vieillissement.<\/span><\/p>\n<p>[\/et_pb_blurb][\/et_pb_column][et_pb_column type=&#8221;1_3&#8243; _builder_version=&#8221;4.27.4&#8243; _module_preset=&#8221;default&#8221; global_colors_info=&#8221;{}&#8221;][et_pb_blurb title=&#8221;Murs ext\u00e9rieurs et \u00e9l\u00e9ments de fa\u00e7ade&#8221; image=&#8221;https:\/\/supexup.formatome.fr\/2025-2026\/MSCM1\/6\/wp-content\/uploads\/2026\/01\/11.png&#8221; _builder_version=&#8221;4.27.4&#8243; header_font=&#8221;Montserrat|700|||||||&#8221; header_text_align=&#8221;center&#8221; header_text_color=&#8221;#ffffff&#8221; header_font_size=&#8221;20px&#8221; header_line_height=&#8221;1.4em&#8221; body_font=&#8221;Montserrat|500|||||||&#8221; body_text_color=&#8221;rgba(255,255,255,0.5)&#8221; body_font_size=&#8221;16px&#8221; body_line_height=&#8221;1.9em&#8221; text_orientation=&#8221;center&#8221; background_layout=&#8221;dark&#8221; animation_style=&#8221;slide&#8221; animation_direction=&#8221;bottom&#8221; animation_delay=&#8221;100ms&#8221; animation_intensity_slide=&#8221;3%&#8221; animation=&#8221;off&#8221; global_colors_info=&#8221;{}&#8221;]<\/p>\n<p data-start=\"1196\" data-end=\"1289\">Travaux de peinture sur murs, murets et \u00e9l\u00e9ments ext\u00e9rieurs pour un rendu uniforme et soign\u00e9.<\/p>\n<p>[\/et_pb_blurb][\/et_pb_column][et_pb_column type=&#8221;1_3&#8243; _builder_version=&#8221;4.27.4&#8243; _module_preset=&#8221;default&#8221; global_colors_info=&#8221;{}&#8221;][et_pb_blurb title=&#8221;Rafra\u00eechissement et r\u00e9novation ext\u00e9rieure&#8221; image=&#8221;https:\/\/supexup.formatome.fr\/2025-2026\/MSCM1\/6\/wp-content\/uploads\/2026\/01\/12.png&#8221; _builder_version=&#8221;4.27.4&#8243; header_font=&#8221;Montserrat|700|||||||&#8221; header_text_align=&#8221;center&#8221; header_text_color=&#8221;#ffffff&#8221; header_font_size=&#8221;20px&#8221; header_line_height=&#8221;1.4em&#8221; body_font=&#8221;Montserrat|500|||||||&#8221; body_text_color=&#8221;rgba(255,255,255,0.5)&#8221; body_font_size=&#8221;16px&#8221; body_line_height=&#8221;1.9em&#8221; text_orientation=&#8221;center&#8221; background_layout=&#8221;dark&#8221; animation_style=&#8221;slide&#8221; animation_direction=&#8221;bottom&#8221; animation_delay=&#8221;200ms&#8221; animation_intensity_slide=&#8221;3%&#8221; animation=&#8221;off&#8221; global_colors_info=&#8221;{}&#8221;]<\/p>\n<p data-start=\"1339\" data-end=\"1427\">R\u00e9novation de fa\u00e7ades existantes pour redonner de l\u2019\u00e9clat et valoriser l\u2019aspect du b\u00e2ti.<\/p>\n<p>[\/et_pb_blurb][\/et_pb_column][\/et_pb_row][\/et_pb_section][et_pb_section fb_built=&#8221;1&#8243; _builder_version=&#8221;4.27.4&#8243; _module_preset=&#8221;default&#8221; custom_padding=&#8221;||22px|||&#8221; global_colors_info=&#8221;{}&#8221;][et_pb_row column_structure=&#8221;1_2,1_2&#8243; _builder_version=&#8221;4.27.4&#8243; _module_preset=&#8221;default&#8221; custom_margin=&#8221;-90px|auto||auto||&#8221; global_colors_info=&#8221;{}&#8221;][et_pb_column type=&#8221;1_2&#8243; _builder_version=&#8221;4.27.4&#8243; _module_preset=&#8221;default&#8221; global_colors_info=&#8221;{}&#8221;][et_pb_image src=&#8221;https:\/\/supexup.formatome.fr\/2025-2026\/MSCM1\/6\/wp-content\/uploads\/2026\/01\/8.png&#8221; title_text=&#8221;8&#8243; align_tablet=&#8221;center&#8221; align_phone=&#8221;center&#8221; align_last_edited=&#8221;on|desktop&#8221; _builder_version=&#8221;4.27.4&#8243; animation_style=&#8221;slide&#8221; animation_direction=&#8221;right&#8221; animation_intensity_slide=&#8221;5%&#8221; global_colors_info=&#8221;{}&#8221;][\/et_pb_image][\/et_pb_column][et_pb_column type=&#8221;1_2&#8243; _builder_version=&#8221;4.27.4&#8243; _module_preset=&#8221;default&#8221; global_colors_info=&#8221;{}&#8221;][et_pb_image src=&#8221;https:\/\/supexup.formatome.fr\/2025-2026\/MSCM1\/6\/wp-content\/uploads\/2026\/01\/7.png&#8221; title_text=&#8221;7&#8243; align_tablet=&#8221;center&#8221; align_phone=&#8221;center&#8221; align_last_edited=&#8221;on|desktop&#8221; _builder_version=&#8221;4.27.4&#8243; animation_style=&#8221;slide&#8221; animation_direction=&#8221;right&#8221; animation_intensity_slide=&#8221;5%&#8221; global_colors_info=&#8221;{}&#8221;][\/et_pb_image][\/et_pb_column][\/et_pb_row][\/et_pb_section][et_pb_section fb_built=&#8221;1&#8243; admin_label=&#8221;Services&#8221; _builder_version=&#8221;4.16&#8243; custom_padding=&#8221;0px|0px|27px|0px||&#8221; global_colors_info=&#8221;{}&#8221;][et_pb_row _builder_version=&#8221;4.16&#8243; custom_padding=&#8221;|||&#8221; global_colors_info=&#8221;{}&#8221;][et_pb_column type=&#8221;4_4&#8243; _builder_version=&#8221;4.16&#8243; custom_padding=&#8221;|||&#8221; global_colors_info=&#8221;{}&#8221; custom_padding__hover=&#8221;|||&#8221;][et_pb_text _builder_version=&#8221;4.27.4&#8243; text_font=&#8221;Montserrat|500|||||||&#8221; text_text_color=&#8221;rgba(47,56,84,0.5)&#8221; text_font_size=&#8221;16px&#8221; text_line_height=&#8221;1.9em&#8221; header_font=&#8221;||||||||&#8221; header_2_font=&#8221;Poppins|600|||||||&#8221; header_2_font_size=&#8221;50px&#8221; header_2_line_height=&#8221;1.3em&#8221; text_orientation=&#8221;center&#8221; max_width=&#8221;700px&#8221; module_alignment=&#8221;center&#8221; global_colors_info=&#8221;{}&#8221;]<\/p>\n<h2 data-start=\"1434\" data-end=\"1467\">Types de projets concern\u00e9s<\/h2>\n<h2><\/h2>\n<p>[\/et_pb_text][\/et_pb_column][\/et_pb_row][et_pb_row column_structure=&#8221;1_2,1_2&#8243; _builder_version=&#8221;4.16&#8243; custom_margin=&#8221;|auto|-47px|auto||&#8221; custom_padding=&#8221;27px|0px|50px|0px&#8221; global_colors_info=&#8221;{}&#8221;][et_pb_column type=&#8221;1_2&#8243; _builder_version=&#8221;4.16&#8243; custom_padding=&#8221;|||&#8221; global_colors_info=&#8221;{}&#8221; custom_padding__hover=&#8221;|||&#8221;][et_pb_text admin_label=&#8221;Paragraph&#8221; _builder_version=&#8221;4.16&#8243; text_font=&#8221;Montserrat|500|||||||&#8221; text_text_color=&#8221;rgba(47,56,84,0.5)&#8221; text_font_size=&#8221;16px&#8221; text_line_height=&#8221;1.9em&#8221; header_font=&#8221;||||||||&#8221; header_2_font=&#8221;Yeseva One||||||||&#8221; header_2_text_color=&#8221;#2f3854&#8243; header_2_font_size=&#8221;50px&#8221; header_2_line_height=&#8221;1.4em&#8221; max_width=&#8221;700px&#8221; module_alignment=&#8221;center&#8221; global_colors_info=&#8221;{}&#8221;]<\/p>\n<p><span>La peinture ext\u00e9rieure joue un r\u00f4le essentiel dans la protection et la mise en valeur des b\u00e2timents. Elle permet de pr\u00e9server les fa\u00e7ades face aux agressions climatiques tout en am\u00e9liorant l\u2019esth\u00e9tique globale de l\u2019habitation ou du b\u00e2timent.<\/span><\/p>\n<p><span>Chaque chantier est r\u00e9alis\u00e9 dans le respect de l\u2019environnement et des abords du b\u00e2timent. L\u2019entreprise veille \u00e0 maintenir un chantier propre, s\u00e9curis\u00e9 et organis\u00e9 tout au long des travaux, afin de garantir une intervention ma\u00eetris\u00e9e et sereine.<\/span><span><\/span><\/p>\n<p><span>La peinture ext\u00e9rieure s\u2019adresse aussi bien aux particuliers qu\u2019aux professionnels souhaitant entretenir, r\u00e9nover ou valoriser leurs fa\u00e7ades et surfaces ext\u00e9rieures.<\/span><\/p>\n<p>[\/et_pb_text][\/et_pb_column][et_pb_column type=&#8221;1_2&#8243; _builder_version=&#8221;4.16&#8243; custom_padding=&#8221;|||&#8221; global_colors_info=&#8221;{}&#8221; custom_padding__hover=&#8221;|||&#8221;][et_pb_blurb title=&#8221;La r\u00e9novation de fa\u00e7ades de maisons ou d\u2019immeubles&#8221; use_icon=&#8221;on&#8221; font_icon=&#8221;&#xe052;||divi||400&#8243; icon_color=&#8221;#2f3854&#8243; icon_placement=&#8221;left&#8221; image_icon_width=&#8221;27px&#8221; _builder_version=&#8221;4.27.4&#8243; header_font=&#8221;Montserrat|700|||||||&#8221; header_text_color=&#8221;#2f3854&#8243; header_font_size=&#8221;16px&#8221; header_line_height=&#8221;1.9em&#8221; body_font=&#8221;Montserrat|500|||||||&#8221; body_text_color=&#8221;rgba(47,56,84,0.5)&#8221; body_line_height=&#8221;1.9em&#8221; custom_margin=&#8221;|||&#8221; custom_padding=&#8221;|||&#8221; animation_style=&#8221;zoom&#8221; animation_direction=&#8221;left&#8221; animation_intensity_zoom=&#8221;10%&#8221; icon_font_size=&#8221;27px&#8221; global_colors_info=&#8221;{}&#8221;]<\/p>\n<p><span>Pour pr\u00e9server les murs ext\u00e9rieurs et am\u00e9liorer l\u2019apparence g\u00e9n\u00e9rale du b\u00e2timent.<\/span><\/p>\n<p>[\/et_pb_blurb][et_pb_blurb title=&#8221;Le rafra\u00eechissement des murs ext\u00e9rieurs&#8221; use_icon=&#8221;on&#8221; font_icon=&#8221;&#xe052;||divi||400&#8243; icon_color=&#8221;#2f3854&#8243; icon_placement=&#8221;left&#8221; image_icon_width=&#8221;27px&#8221; _builder_version=&#8221;4.27.4&#8243; header_font=&#8221;Montserrat|700|||||||&#8221; header_text_color=&#8221;#2f3854&#8243; header_font_size=&#8221;16px&#8221; header_line_height=&#8221;1.9em&#8221; body_font=&#8221;Montserrat|500|||||||&#8221; body_text_color=&#8221;rgba(47,56,84,0.5)&#8221; body_line_height=&#8221;1.9em&#8221; custom_margin=&#8221;|||&#8221; custom_padding=&#8221;|||&#8221; animation_style=&#8221;zoom&#8221; animation_direction=&#8221;left&#8221; animation_intensity_zoom=&#8221;10%&#8221; icon_font_size=&#8221;27px&#8221; global_colors_info=&#8221;{}&#8221;]<\/p>\n<p><span>Une solution id\u00e9ale pour redonner un aspect propre et entretenu \u00e0 une fa\u00e7ade.<\/span><\/p>\n<p>[\/et_pb_blurb][et_pb_blurb title=&#8221;Les travaux en milieu occup\u00e9&#8221; use_icon=&#8221;on&#8221; font_icon=&#8221;&#xe052;||divi||400&#8243; icon_color=&#8221;#2f3854&#8243; icon_placement=&#8221;left&#8221; image_icon_width=&#8221;27px&#8221; _builder_version=&#8221;4.16&#8243; header_font=&#8221;Montserrat|700|||||||&#8221; header_text_color=&#8221;#2f3854&#8243; header_font_size=&#8221;16px&#8221; header_line_height=&#8221;1.9em&#8221; body_font=&#8221;Montserrat|500|||||||&#8221; body_text_color=&#8221;rgba(47,56,84,0.5)&#8221; body_line_height=&#8221;1.9em&#8221; custom_margin=&#8221;|||&#8221; custom_padding=&#8221;|||&#8221; animation_style=&#8221;zoom&#8221; animation_direction=&#8221;left&#8221; animation_delay=&#8221;200ms&#8221; animation_intensity_zoom=&#8221;10%&#8221; icon_font_size=&#8221;27px&#8221; global_colors_info=&#8221;{}&#8221;]<\/p>\n<p><span>Des interventions organis\u00e9es afin de limiter les nuisances et assurer la s\u00e9curit\u00e9 pendant le chantier.<\/span><\/p>\n<p>[\/et_pb_blurb][et_pb_blurb title=&#8221;Les b\u00e2timents professionnels ou lieux recevant du public&#8221; use_icon=&#8221;on&#8221; font_icon=&#8221;&#xe052;||divi||400&#8243; icon_color=&#8221;#2f3854&#8243; icon_placement=&#8221;left&#8221; image_icon_width=&#8221;27px&#8221; _builder_version=&#8221;4.27.4&#8243; header_font=&#8221;Montserrat|700|||||||&#8221; header_text_color=&#8221;#2f3854&#8243; header_font_size=&#8221;16px&#8221; header_line_height=&#8221;1.9em&#8221; body_font=&#8221;Montserrat|500|||||||&#8221; body_text_color=&#8221;rgba(47,56,84,0.5)&#8221; body_line_height=&#8221;1.9em&#8221; custom_margin=&#8221;|||&#8221; custom_padding=&#8221;|||&#8221; animation_style=&#8221;zoom&#8221; animation_direction=&#8221;left&#8221; animation_delay=&#8221;200ms&#8221; animation_intensity_zoom=&#8221;10%&#8221; icon_font_size=&#8221;27px&#8221; global_colors_info=&#8221;{}&#8221;]<\/p>\n<p><span>Des prestations adapt\u00e9es aux contraintes techniques et r\u00e9glementaires des espaces ext\u00e9rieurs professionnels.<\/span><\/p>\n<p>[\/et_pb_blurb][\/et_pb_column][\/et_pb_row][\/et_pb_section][et_pb_section fb_built=&#8221;1&#8243; _builder_version=&#8221;4.27.4&#8243; _module_preset=&#8221;default&#8221; custom_padding=&#8221;33px|||||&#8221; global_colors_info=&#8221;{}&#8221;][et_pb_row _builder_version=&#8221;4.27.4&#8243; _module_preset=&#8221;default&#8221; custom_padding=&#8221;15px||3px|||&#8221; global_colors_info=&#8221;{}&#8221;][et_pb_column type=&#8221;4_4&#8243; _builder_version=&#8221;4.27.4&#8243; _module_preset=&#8221;default&#8221; global_colors_info=&#8221;{}&#8221;][et_pb_heading title=&#8221;Vous avez un projet de peinture ext\u00e9rieur ?&#8221; _builder_version=&#8221;4.27.4&#8243; _module_preset=&#8221;default&#8221; title_text_align=&#8221;center&#8221; hover_enabled=&#8221;0&#8243; global_colors_info=&#8221;{}&#8221; title_font=&#8221;&#8211;et_global_heading_font|600|||||||&#8221; sticky_enabled=&#8221;0&#8243;][\/et_pb_heading][\/et_pb_column][\/et_pb_row][et_pb_row _builder_version=&#8221;4.27.4&#8243; _module_preset=&#8221;default&#8221; custom_padding=&#8221;1px|||||&#8221; global_colors_info=&#8221;{}&#8221;][et_pb_column type=&#8221;4_4&#8243; _builder_version=&#8221;4.27.4&#8243; _module_preset=&#8221;default&#8221; global_colors_info=&#8221;{}&#8221;][et_pb_text _builder_version=&#8221;4.27.4&#8243; _module_preset=&#8221;default&#8221; text_orientation=&#8221;center&#8221; global_colors_info=&#8221;{}&#8221;]<\/p>\n<p>Gaillard Peinture est \u00e0 votre \u00e9coute pour vous accompagner et vous proposer un devis gratuit, adapt\u00e9 \u00e0 vos besoins.<\/p>\n<p>[\/et_pb_text][\/et_pb_column][\/et_pb_row][et_pb_row _builder_version=&#8221;4.27.4&#8243; _module_preset=&#8221;default&#8221; global_colors_info=&#8221;{}&#8221;][et_pb_column type=&#8221;4_4&#8243; _builder_version=&#8221;4.27.4&#8243; _module_preset=&#8221;default&#8221; global_colors_info=&#8221;{}&#8221;][et_pb_button button_text=&#8221;Demander un devis&#8221; button_alignment=&#8221;center&#8221; _builder_version=&#8221;4.27.4&#8243; _module_preset=&#8221;default&#8221; hover_enabled=&#8221;0&#8243; global_colors_info=&#8221;{}&#8221; button_url=&#8221;https:\/\/supexup.formatome.fr\/2025-2026\/MSCM1\/6\/?page_id=109&#8243; sticky_enabled=&#8221;0&#8243;][\/et_pb_button][\/et_pb_column][\/et_pb_row][\/et_pb_section]<\/p>\n","protected":false},"excerpt":{"rendered":"<p>Pour faire revivre votre fa\u00e7adeLes travaux de peinture ext\u00e9rieure contribuent \u00e0 prolonger la dur\u00e9e de vie des supports tout en apportant un aspect soign\u00e9 et harmonieux. Chaque intervention est r\u00e9alis\u00e9e avec rigueur afin d\u2019assurer un rendu durable, adapt\u00e9 aux contraintes ext\u00e9rieures et \u00e0 l\u2019environnement du b\u00e2timent.Ce que comprend la prestation Lorem ipsum dolor sit amet, [&hellip;]<\/p>\n","protected":false},"author":2,"featured_media":0,"parent":0,"menu_order":0,"comment_status":"closed","ping_status":"closed","template":"","meta":{"_et_pb_use_builder":"on","_et_pb_old_content":"<!-- wp:divi\/placeholder \/-->","_et_gb_content_width":"","footnotes":""},"class_list":["post-117","page","type-page","status-publish","hentry"],"_links":{"self":[{"href":"https:\/\/supexup.formatome.fr\/2025-2026\/MSCM1\/6\/index.php?rest_route=\/wp\/v2\/pages\/117","targetHints":{"allow":["GET"]}}],"collection":[{"href":"https:\/\/supexup.formatome.fr\/2025-2026\/MSCM1\/6\/index.php?rest_route=\/wp\/v2\/pages"}],"about":[{"href":"https:\/\/supexup.formatome.fr\/2025-2026\/MSCM1\/6\/index.php?rest_route=\/wp\/v2\/types\/page"}],"author":[{"embeddable":true,"href":"https:\/\/supexup.formatome.fr\/2025-2026\/MSCM1\/6\/index.php?rest_route=\/wp\/v2\/users\/2"}],"replies":[{"embeddable":true,"href":"https:\/\/supexup.formatome.fr\/2025-2026\/MSCM1\/6\/index.php?rest_route=%2Fwp%2Fv2%2Fcomments&post=117"}],"version-history":[{"count":13,"href":"https:\/\/supexup.formatome.fr\/2025-2026\/MSCM1\/6\/index.php?rest_route=\/wp\/v2\/pages\/117\/revisions"}],"predecessor-version":[{"id":423,"href":"https:\/\/supexup.formatome.fr\/2025-2026\/MSCM1\/6\/index.php?rest_route=\/wp\/v2\/pages\/117\/revisions\/423"}],"wp:attachment":[{"href":"https:\/\/supexup.formatome.fr\/2025-2026\/MSCM1\/6\/index.php?rest_route=%2Fwp%2Fv2%2Fmedia&parent=117"}],"curies":[{"name":"wp","href":"https:\/\/api.w.org\/{rel}","templated":true}]}}