{"id":111,"date":"2026-01-07T17:30:57","date_gmt":"2026-01-07T17:30:57","guid":{"rendered":"https:\/\/supexup.formatome.fr\/2025-2026\/MSCM1\/6\/?page_id=111"},"modified":"2026-02-01T20:22:48","modified_gmt":"2026-02-01T20:22:48","slug":"realisations","status":"publish","type":"page","link":"https:\/\/supexup.formatome.fr\/2025-2026\/MSCM1\/6\/?page_id=111","title":{"rendered":"R\u00e9alisations"},"content":{"rendered":"<p>[et_pb_section fb_built=&#8221;1&#8243; admin_label=&#8221;Deals Section&#8221; _builder_version=&#8221;4.27.4&#8243; background_color=&#8221;#EDE6DC&#8221; custom_padding=&#8221;52px|0px|1px|0px||&#8221; global_colors_info=&#8221;{}&#8221;][et_pb_row _builder_version=&#8221;4.27.4&#8243; _module_preset=&#8221;default&#8221; module_alignment=&#8221;center&#8221; custom_margin=&#8221;-40px|auto||auto||&#8221; custom_padding=&#8221;77px|||||&#8221; global_colors_info=&#8221;{}&#8221;][et_pb_column type=&#8221;4_4&#8243; _builder_version=&#8221;4.27.4&#8243; _module_preset=&#8221;default&#8221; global_colors_info=&#8221;{}&#8221;][et_pb_heading title=&#8221;Nos r\u00e9alisations&#8221; _builder_version=&#8221;4.27.4&#8243; _module_preset=&#8221;default&#8221; title_font=&#8221;&#8211;et_global_heading_font|600|||||||&#8221; title_text_align=&#8221;center&#8221; title_text_color=&#8221;#c79b5c&#8221; title_font_size=&#8221;48px&#8221; custom_margin=&#8221;||43px|||&#8221; global_colors_info=&#8221;{}&#8221;][\/et_pb_heading][\/et_pb_column][\/et_pb_row][\/et_pb_section][et_pb_section fb_built=&#8221;1&#8243; admin_label=&#8221;Deals Section&#8221; _builder_version=&#8221;4.27.4&#8243; background_color=&#8221;#EDE6DC&#8221; custom_padding=&#8221;0px|0px|100px|0px||&#8221; global_colors_info=&#8221;{}&#8221;][et_pb_row column_structure=&#8221;1_2,1_2&#8243; use_custom_gutter=&#8221;on&#8221; gutter_width=&#8221;1&#8243; admin_label=&#8221;Deals Row&#8221; _builder_version=&#8221;4.27.4&#8243; background_color=&#8221;#4a5568&#8243; custom_padding=&#8221;0px|0px|0px|0px&#8221; global_colors_info=&#8221;{}&#8221;][et_pb_column type=&#8221;1_2&#8243; _builder_version=&#8221;4.16&#8243; custom_padding=&#8221;|||&#8221; global_colors_info=&#8221;{}&#8221; custom_padding__hover=&#8221;|||&#8221;][et_pb_cta title=&#8221;R\u00e9novation int\u00e9rieure d\u2019appartement&#8221; button_url=&#8221;#top&#8221; _builder_version=&#8221;4.27.4&#8243; header_font=&#8221;&#8211;et_global_heading_font|600|||||||&#8221; header_text_color=&#8221;#FFFFFF&#8221; header_font_size=&#8221;32px&#8221; header_line_height=&#8221;1.3em&#8221; body_font=&#8221;Montserrat||||||||&#8221; body_text_color=&#8221;#FFFFFF&#8221; body_font_size=&#8221;16px&#8221; body_line_height=&#8221;1.9em&#8221; use_background_color=&#8221;off&#8221; custom_button=&#8221;on&#8221; button_text_size=&#8221;16px&#8221; button_text_color=&#8221;#ffffff&#8221; button_bg_color=&#8221;#2f3854&#8243; button_border_width=&#8221;10px&#8221; button_border_color=&#8221;rgba(47,56,84,0)&#8221; button_border_radius=&#8221;51px&#8221; button_letter_spacing=&#8221;1px&#8221; button_font=&#8221;Montserrat|700||on|||||&#8221; button_use_icon=&#8221;off&#8221; text_orientation=&#8221;left&#8221; background_layout=&#8221;light&#8221; custom_margin=&#8221;50px|||&#8221; custom_padding=&#8221;50px|50px|50px|50px&#8221; button_text_color_hover=&#8221;#ffffff&#8221; button_border_radius_hover=&#8221;44px&#8221; button_letter_spacing_hover=&#8221;1px&#8221; button_bg_color_hover=&#8221;rgba(47,56,84,0.9)&#8221; global_colors_info=&#8221;{}&#8221; button_text_size__hover_enabled=&#8221;off&#8221; button_one_text_size__hover_enabled=&#8221;off&#8221; button_two_text_size__hover_enabled=&#8221;off&#8221; button_text_color__hover_enabled=&#8221;on&#8221; button_text_color__hover=&#8221;#ffffff&#8221; button_one_text_color__hover_enabled=&#8221;off&#8221; button_two_text_color__hover_enabled=&#8221;off&#8221; button_border_width__hover_enabled=&#8221;off&#8221; button_one_border_width__hover_enabled=&#8221;off&#8221; button_two_border_width__hover_enabled=&#8221;off&#8221; button_border_color__hover_enabled=&#8221;off&#8221; button_one_border_color__hover_enabled=&#8221;off&#8221; button_two_border_color__hover_enabled=&#8221;off&#8221; button_border_radius__hover_enabled=&#8221;on&#8221; button_border_radius__hover=&#8221;44px&#8221; button_one_border_radius__hover_enabled=&#8221;off&#8221; button_two_border_radius__hover_enabled=&#8221;off&#8221; button_letter_spacing__hover_enabled=&#8221;on&#8221; button_letter_spacing__hover=&#8221;1px&#8221; button_one_letter_spacing__hover_enabled=&#8221;off&#8221; button_two_letter_spacing__hover_enabled=&#8221;off&#8221; button_bg_color__hover_enabled=&#8221;on&#8221; button_bg_color__hover=&#8221;rgba(47,56,84,0.9)&#8221; button_one_bg_color__hover_enabled=&#8221;off&#8221; button_two_bg_color__hover_enabled=&#8221;off&#8221;]<\/p>\n<p><span>Les travaux de r\u00e9novation int\u00e9rieure comprennent la pr\u00e9paration compl\u00e8te des supports, incluant le rebouchage, l\u2019enduisage et le pon\u00e7age des surfaces. La mise en peinture est ensuite r\u00e9alis\u00e9e avec des produits adapt\u00e9s \u00e0 chaque pi\u00e8ce afin d\u2019assurer un rendu homog\u00e8ne, durable et en coh\u00e9rence avec l\u2019usage des espaces.<\/span><\/p>\n<p>[\/et_pb_cta][\/et_pb_column][et_pb_column type=&#8221;1_2&#8243; _builder_version=&#8221;4.16&#8243; custom_padding=&#8221;|||&#8221; global_colors_info=&#8221;{}&#8221; custom_padding__hover=&#8221;|||&#8221;][et_pb_image src=&#8221;https:\/\/supexup.formatome.fr\/2025-2026\/MSCM1\/6\/wp-content\/uploads\/2026\/02\/18.png&#8221; align_tablet=&#8221;center&#8221; align_phone=&#8221;center&#8221; align_last_edited=&#8221;on|desktop&#8221; admin_label=&#8221;Deal Banner&#8221; _builder_version=&#8221;4.27.4&#8243; animation_style=&#8221;slide&#8221; animation_direction=&#8221;left&#8221; animation_intensity_slide=&#8221;5%&#8221; hover_enabled=&#8221;0&#8243; always_center_on_mobile=&#8221;on&#8221; global_colors_info=&#8221;{}&#8221; title_text=&#8221;18&#8243; sticky_enabled=&#8221;0&#8243;][\/et_pb_image][\/et_pb_column][\/et_pb_row][et_pb_row column_structure=&#8221;1_2,1_2&#8243; use_custom_gutter=&#8221;on&#8221; gutter_width=&#8221;1&#8243; admin_label=&#8221;Deals Row&#8221; _builder_version=&#8221;4.27.4&#8243; background_color=&#8221;#4a5568&#8243; custom_padding=&#8221;0px|0px|0px|0px&#8221; global_colors_info=&#8221;{}&#8221;][et_pb_column type=&#8221;1_2&#8243; _builder_version=&#8221;4.16&#8243; custom_padding=&#8221;|||&#8221; global_colors_info=&#8221;{}&#8221; custom_padding__hover=&#8221;|||&#8221;][et_pb_cta title=&#8221;Rafra\u00eechissement de maison\u00a0&#8221; button_url=&#8221;#top&#8221; _builder_version=&#8221;4.27.4&#8243; header_font=&#8221;&#8211;et_global_heading_font|600|||||||&#8221; header_text_color=&#8221;#FFFFFF&#8221; header_font_size=&#8221;32px&#8221; header_line_height=&#8221;1.3em&#8221; body_font=&#8221;Montserrat||||||||&#8221; body_text_color=&#8221;#FFFFFF&#8221; body_font_size=&#8221;16px&#8221; body_line_height=&#8221;1.9em&#8221; use_background_color=&#8221;off&#8221; custom_button=&#8221;on&#8221; button_text_size=&#8221;16px&#8221; button_text_color=&#8221;#ffffff&#8221; button_bg_color=&#8221;#2f3854&#8243; button_border_width=&#8221;10px&#8221; button_border_color=&#8221;rgba(47,56,84,0)&#8221; button_border_radius=&#8221;51px&#8221; button_letter_spacing=&#8221;1px&#8221; button_font=&#8221;Montserrat|700||on|||||&#8221; button_use_icon=&#8221;off&#8221; text_orientation=&#8221;left&#8221; background_layout=&#8221;light&#8221; custom_margin=&#8221;50px|||&#8221; custom_padding=&#8221;50px|50px|50px|50px&#8221; button_text_color_hover=&#8221;#ffffff&#8221; button_border_radius_hover=&#8221;44px&#8221; button_letter_spacing_hover=&#8221;1px&#8221; button_bg_color_hover=&#8221;rgba(47,56,84,0.9)&#8221; global_colors_info=&#8221;{}&#8221; button_text_size__hover_enabled=&#8221;off&#8221; button_one_text_size__hover_enabled=&#8221;off&#8221; button_two_text_size__hover_enabled=&#8221;off&#8221; button_text_color__hover_enabled=&#8221;on&#8221; button_text_color__hover=&#8221;#ffffff&#8221; button_one_text_color__hover_enabled=&#8221;off&#8221; button_two_text_color__hover_enabled=&#8221;off&#8221; button_border_width__hover_enabled=&#8221;off&#8221; button_one_border_width__hover_enabled=&#8221;off&#8221; button_two_border_width__hover_enabled=&#8221;off&#8221; button_border_color__hover_enabled=&#8221;off&#8221; button_one_border_color__hover_enabled=&#8221;off&#8221; button_two_border_color__hover_enabled=&#8221;off&#8221; button_border_radius__hover_enabled=&#8221;on&#8221; button_border_radius__hover=&#8221;44px&#8221; button_one_border_radius__hover_enabled=&#8221;off&#8221; button_two_border_radius__hover_enabled=&#8221;off&#8221; button_letter_spacing__hover_enabled=&#8221;on&#8221; button_letter_spacing__hover=&#8221;1px&#8221; button_one_letter_spacing__hover_enabled=&#8221;off&#8221; button_two_letter_spacing__hover_enabled=&#8221;off&#8221; button_bg_color__hover_enabled=&#8221;on&#8221; button_bg_color__hover=&#8221;rgba(47,56,84,0.9)&#8221; button_one_bg_color__hover_enabled=&#8221;off&#8221; button_two_bg_color__hover_enabled=&#8221;off&#8221;]<\/p>\n<p><span>Cette intervention vise \u00e0 remettre en \u00e9tat les surfaces existantes par l\u2019application de peintures appropri\u00e9es, sans modification lourde du b\u00e2ti. Le rafra\u00eechissement permet d\u2019unifier les murs et plafonds, de corriger les imperfections visuelles et d\u2019am\u00e9liorer l\u2019aspect g\u00e9n\u00e9ral de l\u2019habitation avec des finitions propres et soign\u00e9es.<\/span><\/p>\n<p>[\/et_pb_cta][\/et_pb_column][et_pb_column type=&#8221;1_2&#8243; _builder_version=&#8221;4.16&#8243; custom_padding=&#8221;|||&#8221; global_colors_info=&#8221;{}&#8221; custom_padding__hover=&#8221;|||&#8221;][et_pb_image src=&#8221;https:\/\/supexup.formatome.fr\/2025-2026\/MSCM1\/6\/wp-content\/uploads\/2026\/02\/19.png&#8221; align_tablet=&#8221;center&#8221; align_phone=&#8221;center&#8221; align_last_edited=&#8221;on|desktop&#8221; admin_label=&#8221;Deal Banner&#8221; _builder_version=&#8221;4.27.4&#8243; animation_style=&#8221;slide&#8221; animation_direction=&#8221;left&#8221; animation_intensity_slide=&#8221;5%&#8221; hover_enabled=&#8221;0&#8243; always_center_on_mobile=&#8221;on&#8221; global_colors_info=&#8221;{}&#8221; title_text=&#8221;19&#8243; sticky_enabled=&#8221;0&#8243;][\/et_pb_image][\/et_pb_column][\/et_pb_row][et_pb_row column_structure=&#8221;1_2,1_2&#8243; use_custom_gutter=&#8221;on&#8221; gutter_width=&#8221;1&#8243; admin_label=&#8221;Deals Row&#8221; _builder_version=&#8221;4.27.4&#8243; background_color=&#8221;#4a5568&#8243; custom_padding=&#8221;0px|0px|0px|0px&#8221; global_colors_info=&#8221;{}&#8221;][et_pb_column type=&#8221;1_2&#8243; _builder_version=&#8221;4.16&#8243; custom_padding=&#8221;|||&#8221; global_colors_info=&#8221;{}&#8221; custom_padding__hover=&#8221;|||&#8221;][et_pb_cta title=&#8221;Interventions en \u00e9tablissements recevant du public&#8221; button_url=&#8221;#top&#8221; _builder_version=&#8221;4.27.4&#8243; header_font=&#8221;&#8211;et_global_heading_font|600|||||||&#8221; header_text_color=&#8221;#FFFFFF&#8221; header_font_size=&#8221;32px&#8221; header_line_height=&#8221;1.3em&#8221; body_font=&#8221;Montserrat||||||||&#8221; body_text_color=&#8221;#FFFFFF&#8221; body_font_size=&#8221;16px&#8221; body_line_height=&#8221;1.9em&#8221; use_background_color=&#8221;off&#8221; custom_button=&#8221;on&#8221; button_text_size=&#8221;16px&#8221; button_text_color=&#8221;#ffffff&#8221; button_bg_color=&#8221;#2f3854&#8243; button_border_width=&#8221;10px&#8221; button_border_color=&#8221;rgba(47,56,84,0)&#8221; button_border_radius=&#8221;51px&#8221; button_letter_spacing=&#8221;1px&#8221; button_font=&#8221;Montserrat|700||on|||||&#8221; button_use_icon=&#8221;off&#8221; text_orientation=&#8221;left&#8221; background_layout=&#8221;light&#8221; custom_margin=&#8221;50px|||&#8221; custom_padding=&#8221;50px|50px|50px|50px&#8221; button_text_color_hover=&#8221;#ffffff&#8221; button_border_radius_hover=&#8221;44px&#8221; button_letter_spacing_hover=&#8221;1px&#8221; button_bg_color_hover=&#8221;rgba(47,56,84,0.9)&#8221; global_colors_info=&#8221;{}&#8221; button_text_size__hover_enabled=&#8221;off&#8221; button_one_text_size__hover_enabled=&#8221;off&#8221; button_two_text_size__hover_enabled=&#8221;off&#8221; button_text_color__hover_enabled=&#8221;on&#8221; button_text_color__hover=&#8221;#ffffff&#8221; button_one_text_color__hover_enabled=&#8221;off&#8221; button_two_text_color__hover_enabled=&#8221;off&#8221; button_border_width__hover_enabled=&#8221;off&#8221; button_one_border_width__hover_enabled=&#8221;off&#8221; button_two_border_width__hover_enabled=&#8221;off&#8221; button_border_color__hover_enabled=&#8221;off&#8221; button_one_border_color__hover_enabled=&#8221;off&#8221; button_two_border_color__hover_enabled=&#8221;off&#8221; button_border_radius__hover_enabled=&#8221;on&#8221; button_border_radius__hover=&#8221;44px&#8221; button_one_border_radius__hover_enabled=&#8221;off&#8221; button_two_border_radius__hover_enabled=&#8221;off&#8221; button_letter_spacing__hover_enabled=&#8221;on&#8221; button_letter_spacing__hover=&#8221;1px&#8221; button_one_letter_spacing__hover_enabled=&#8221;off&#8221; button_two_letter_spacing__hover_enabled=&#8221;off&#8221; button_bg_color__hover_enabled=&#8221;on&#8221; button_bg_color__hover=&#8221;rgba(47,56,84,0.9)&#8221; button_one_bg_color__hover_enabled=&#8221;off&#8221; button_two_bg_color__hover_enabled=&#8221;off&#8221;]<\/p>\n<p><span>Les travaux r\u00e9alis\u00e9s dans des \u00e9tablissements recevant du public n\u00e9cessitent une attention particuli\u00e8re aux usages et \u00e0 la fr\u00e9quentation des lieux. Les prestations sont men\u00e9es avec des mat\u00e9riaux et des finitions adapt\u00e9s, afin d\u2019offrir des espaces accueillants, fonctionnels et conformes aux contraintes d\u2019utilisation quotidienne<\/span><span><\/span><\/p>\n<p>[\/et_pb_cta][\/et_pb_column][et_pb_column type=&#8221;1_2&#8243; _builder_version=&#8221;4.16&#8243; custom_padding=&#8221;|||&#8221; global_colors_info=&#8221;{}&#8221; custom_padding__hover=&#8221;|||&#8221;][et_pb_image src=&#8221;https:\/\/supexup.formatome.fr\/2025-2026\/MSCM1\/6\/wp-content\/uploads\/2026\/02\/22.png&#8221; align_tablet=&#8221;center&#8221; align_phone=&#8221;center&#8221; align_last_edited=&#8221;on|desktop&#8221; admin_label=&#8221;Deal Banner&#8221; _builder_version=&#8221;4.27.4&#8243; animation_style=&#8221;slide&#8221; animation_direction=&#8221;left&#8221; animation_intensity_slide=&#8221;5%&#8221; hover_enabled=&#8221;0&#8243; always_center_on_mobile=&#8221;on&#8221; global_colors_info=&#8221;{}&#8221; title_text=&#8221;22&#8243; sticky_enabled=&#8221;0&#8243;][\/et_pb_image][\/et_pb_column][\/et_pb_row][et_pb_row column_structure=&#8221;1_2,1_2&#8243; use_custom_gutter=&#8221;on&#8221; gutter_width=&#8221;1&#8243; admin_label=&#8221;Deals Row&#8221; _builder_version=&#8221;4.27.4&#8243; background_color=&#8221;#4a5568&#8243; custom_padding=&#8221;0px|0px|0px|0px&#8221; global_colors_info=&#8221;{}&#8221;][et_pb_column type=&#8221;1_2&#8243; _builder_version=&#8221;4.16&#8243; custom_padding=&#8221;|||&#8221; global_colors_info=&#8221;{}&#8221; custom_padding__hover=&#8221;|||&#8221;][et_pb_cta title=&#8221;Pose et r\u00e9novation de rev\u00eatements de sols&#8221; button_url=&#8221;#top&#8221; _builder_version=&#8221;4.27.4&#8243; header_font=&#8221;&#8211;et_global_heading_font|600|||||||&#8221; header_text_color=&#8221;#FFFFFF&#8221; header_font_size=&#8221;32px&#8221; header_line_height=&#8221;1.3em&#8221; body_font=&#8221;Montserrat||||||||&#8221; body_text_color=&#8221;#FFFFFF&#8221; body_font_size=&#8221;16px&#8221; body_line_height=&#8221;1.9em&#8221; use_background_color=&#8221;off&#8221; custom_button=&#8221;on&#8221; button_text_size=&#8221;16px&#8221; button_text_color=&#8221;#ffffff&#8221; button_bg_color=&#8221;#2f3854&#8243; button_border_width=&#8221;10px&#8221; button_border_color=&#8221;rgba(47,56,84,0)&#8221; button_border_radius=&#8221;51px&#8221; button_letter_spacing=&#8221;1px&#8221; button_font=&#8221;Montserrat|700||on|||||&#8221; button_use_icon=&#8221;off&#8221; text_orientation=&#8221;left&#8221; background_layout=&#8221;light&#8221; custom_margin=&#8221;50px|||&#8221; custom_padding=&#8221;50px|50px|50px|50px&#8221; button_text_color_hover=&#8221;#ffffff&#8221; button_border_radius_hover=&#8221;44px&#8221; button_letter_spacing_hover=&#8221;1px&#8221; button_bg_color_hover=&#8221;rgba(47,56,84,0.9)&#8221; global_colors_info=&#8221;{}&#8221; button_text_size__hover_enabled=&#8221;off&#8221; button_one_text_size__hover_enabled=&#8221;off&#8221; button_two_text_size__hover_enabled=&#8221;off&#8221; button_text_color__hover_enabled=&#8221;on&#8221; button_text_color__hover=&#8221;#ffffff&#8221; button_one_text_color__hover_enabled=&#8221;off&#8221; button_two_text_color__hover_enabled=&#8221;off&#8221; button_border_width__hover_enabled=&#8221;off&#8221; button_one_border_width__hover_enabled=&#8221;off&#8221; button_two_border_width__hover_enabled=&#8221;off&#8221; button_border_color__hover_enabled=&#8221;off&#8221; button_one_border_color__hover_enabled=&#8221;off&#8221; button_two_border_color__hover_enabled=&#8221;off&#8221; button_border_radius__hover_enabled=&#8221;on&#8221; button_border_radius__hover=&#8221;44px&#8221; button_one_border_radius__hover_enabled=&#8221;off&#8221; button_two_border_radius__hover_enabled=&#8221;off&#8221; button_letter_spacing__hover_enabled=&#8221;on&#8221; button_letter_spacing__hover=&#8221;1px&#8221; button_one_letter_spacing__hover_enabled=&#8221;off&#8221; button_two_letter_spacing__hover_enabled=&#8221;off&#8221; button_bg_color__hover_enabled=&#8221;on&#8221; button_bg_color__hover=&#8221;rgba(47,56,84,0.9)&#8221; button_one_bg_color__hover_enabled=&#8221;off&#8221; button_two_bg_color__hover_enabled=&#8221;off&#8221;]<\/p>\n<p><span>Les travaux de rev\u00eatements de sols comprennent la pr\u00e9paration des supports afin d\u2019assurer une surface plane et adapt\u00e9e \u00e0 la pose. L\u2019intervention vise \u00e0 mettre en \u0153uvre des solutions durables et esth\u00e9tiques, en tenant compte des contraintes d\u2019usage, de circulation et d\u2019entretien, pour un rendu soign\u00e9 et fonctionnel.<\/span><\/p>\n<p>[\/et_pb_cta][\/et_pb_column][et_pb_column type=&#8221;1_2&#8243; _builder_version=&#8221;4.16&#8243; custom_padding=&#8221;|||&#8221; global_colors_info=&#8221;{}&#8221; custom_padding__hover=&#8221;|||&#8221;][et_pb_image src=&#8221;https:\/\/supexup.formatome.fr\/2025-2026\/MSCM1\/6\/wp-content\/uploads\/2026\/02\/21.png&#8221; align_tablet=&#8221;center&#8221; align_phone=&#8221;center&#8221; align_last_edited=&#8221;on|desktop&#8221; admin_label=&#8221;Deal Banner&#8221; _builder_version=&#8221;4.27.4&#8243; animation_style=&#8221;slide&#8221; animation_direction=&#8221;left&#8221; animation_intensity_slide=&#8221;5%&#8221; hover_enabled=&#8221;0&#8243; always_center_on_mobile=&#8221;on&#8221; global_colors_info=&#8221;{}&#8221; title_text=&#8221;21&#8243; sticky_enabled=&#8221;0&#8243;][\/et_pb_image][\/et_pb_column][\/et_pb_row][et_pb_row column_structure=&#8221;1_2,1_2&#8243; use_custom_gutter=&#8221;on&#8221; gutter_width=&#8221;1&#8243; admin_label=&#8221;Deals Row&#8221; _builder_version=&#8221;4.27.4&#8243; background_color=&#8221;#4a5568&#8243; custom_padding=&#8221;0px|0px|0px|0px&#8221; global_colors_info=&#8221;{}&#8221;][et_pb_column type=&#8221;1_2&#8243; _builder_version=&#8221;4.16&#8243; custom_padding=&#8221;|||&#8221; global_colors_info=&#8221;{}&#8221; custom_padding__hover=&#8221;|||&#8221;][et_pb_cta title=&#8221;R\u00e9novation de fa\u00e7ade&#8221; button_url=&#8221;#top&#8221; _builder_version=&#8221;4.27.4&#8243; header_font=&#8221;&#8211;et_global_heading_font|600|||||||&#8221; header_text_color=&#8221;#FFFFFF&#8221; header_font_size=&#8221;32px&#8221; header_line_height=&#8221;1.3em&#8221; body_font=&#8221;Montserrat||||||||&#8221; body_text_color=&#8221;#FFFFFF&#8221; body_font_size=&#8221;16px&#8221; body_line_height=&#8221;1.9em&#8221; use_background_color=&#8221;off&#8221; custom_button=&#8221;on&#8221; button_text_size=&#8221;16px&#8221; button_text_color=&#8221;#ffffff&#8221; button_bg_color=&#8221;#2f3854&#8243; button_border_width=&#8221;10px&#8221; button_border_color=&#8221;rgba(47,56,84,0)&#8221; button_border_radius=&#8221;51px&#8221; button_letter_spacing=&#8221;1px&#8221; button_font=&#8221;Montserrat|700||on|||||&#8221; button_use_icon=&#8221;off&#8221; text_orientation=&#8221;left&#8221; background_layout=&#8221;light&#8221; custom_margin=&#8221;50px|||&#8221; custom_padding=&#8221;50px|50px|50px|50px&#8221; button_text_color_hover=&#8221;#ffffff&#8221; button_border_radius_hover=&#8221;44px&#8221; button_letter_spacing_hover=&#8221;1px&#8221; button_bg_color_hover=&#8221;rgba(47,56,84,0.9)&#8221; global_colors_info=&#8221;{}&#8221; button_text_size__hover_enabled=&#8221;off&#8221; button_one_text_size__hover_enabled=&#8221;off&#8221; button_two_text_size__hover_enabled=&#8221;off&#8221; button_text_color__hover_enabled=&#8221;on&#8221; button_text_color__hover=&#8221;#ffffff&#8221; button_one_text_color__hover_enabled=&#8221;off&#8221; button_two_text_color__hover_enabled=&#8221;off&#8221; button_border_width__hover_enabled=&#8221;off&#8221; button_one_border_width__hover_enabled=&#8221;off&#8221; button_two_border_width__hover_enabled=&#8221;off&#8221; button_border_color__hover_enabled=&#8221;off&#8221; button_one_border_color__hover_enabled=&#8221;off&#8221; button_two_border_color__hover_enabled=&#8221;off&#8221; button_border_radius__hover_enabled=&#8221;on&#8221; button_border_radius__hover=&#8221;44px&#8221; button_one_border_radius__hover_enabled=&#8221;off&#8221; button_two_border_radius__hover_enabled=&#8221;off&#8221; button_letter_spacing__hover_enabled=&#8221;on&#8221; button_letter_spacing__hover=&#8221;1px&#8221; button_one_letter_spacing__hover_enabled=&#8221;off&#8221; button_two_letter_spacing__hover_enabled=&#8221;off&#8221; button_bg_color__hover_enabled=&#8221;on&#8221; button_bg_color__hover=&#8221;rgba(47,56,84,0.9)&#8221; button_one_bg_color__hover_enabled=&#8221;off&#8221; button_two_bg_color__hover_enabled=&#8221;off&#8221;]<\/p>\n<p><span>Implant\u00e9e au c\u0153ur du parc naturel r\u00e9gional du Haut-Languedoc, la station thermale de Lamalou-les-Bains accueille les curistes dans un cadre propice au bien-\u00eatre et \u00e0 la r\u00e9cup\u00e9ration. Les interventions r\u00e9alis\u00e9es <\/span><span>visent \u00e0 offrir des espaces propres, r\u00e9nov\u00e9s et confortables, afin que chacun puisse se sentir \u00e0 l\u2019aise tout au long de son s\u00e9jour.<\/span><\/p>\n<p>[\/et_pb_cta][\/et_pb_column][et_pb_column type=&#8221;1_2&#8243; _builder_version=&#8221;4.16&#8243; custom_padding=&#8221;|||&#8221; global_colors_info=&#8221;{}&#8221; custom_padding__hover=&#8221;|||&#8221;][et_pb_image src=&#8221;https:\/\/supexup.formatome.fr\/2025-2026\/MSCM1\/6\/wp-content\/uploads\/2026\/02\/20.png&#8221; align_tablet=&#8221;center&#8221; align_phone=&#8221;center&#8221; align_last_edited=&#8221;on|desktop&#8221; admin_label=&#8221;Deal Banner&#8221; _builder_version=&#8221;4.27.4&#8243; animation_style=&#8221;slide&#8221; animation_direction=&#8221;left&#8221; animation_intensity_slide=&#8221;5%&#8221; hover_enabled=&#8221;0&#8243; always_center_on_mobile=&#8221;on&#8221; global_colors_info=&#8221;{}&#8221; title_text=&#8221;20&#8243; sticky_enabled=&#8221;0&#8243;][\/et_pb_image][\/et_pb_column][\/et_pb_row][et_pb_row column_structure=&#8221;1_2,1_2&#8243; use_custom_gutter=&#8221;on&#8221; gutter_width=&#8221;2&#8243; _builder_version=&#8221;4.16&#8243; custom_padding=&#8221;30px|0px|0px|0px&#8221; global_colors_info=&#8221;{}&#8221;][et_pb_column type=&#8221;1_2&#8243; _builder_version=&#8221;4.16&#8243; custom_padding=&#8221;|||&#8221; global_colors_info=&#8221;{}&#8221; custom_padding__hover=&#8221;|||&#8221;][\/et_pb_column][et_pb_column type=&#8221;1_2&#8243; _builder_version=&#8221;4.16&#8243; custom_padding=&#8221;|||&#8221; global_colors_info=&#8221;{}&#8221; custom_padding__hover=&#8221;|||&#8221;][\/et_pb_column][\/et_pb_row][\/et_pb_section]<\/p>\n","protected":false},"excerpt":{"rendered":"<p>Les travaux de r\u00e9novation int\u00e9rieure comprennent la pr\u00e9paration compl\u00e8te des supports, incluant le rebouchage, l\u2019enduisage et le pon\u00e7age des surfaces. La mise en peinture est ensuite r\u00e9alis\u00e9e avec des produits adapt\u00e9s \u00e0 chaque pi\u00e8ce afin d\u2019assurer un rendu homog\u00e8ne, durable et en coh\u00e9rence avec l\u2019usage des espaces.Cette intervention vise \u00e0 remettre en \u00e9tat les surfaces [&hellip;]<\/p>\n","protected":false},"author":2,"featured_media":0,"parent":0,"menu_order":0,"comment_status":"closed","ping_status":"closed","template":"","meta":{"_et_pb_use_builder":"on","_et_pb_old_content":"<!-- wp:divi\/placeholder \/-->","_et_gb_content_width":"","footnotes":""},"class_list":["post-111","page","type-page","status-publish","hentry"],"_links":{"self":[{"href":"https:\/\/supexup.formatome.fr\/2025-2026\/MSCM1\/6\/index.php?rest_route=\/wp\/v2\/pages\/111","targetHints":{"allow":["GET"]}}],"collection":[{"href":"https:\/\/supexup.formatome.fr\/2025-2026\/MSCM1\/6\/index.php?rest_route=\/wp\/v2\/pages"}],"about":[{"href":"https:\/\/supexup.formatome.fr\/2025-2026\/MSCM1\/6\/index.php?rest_route=\/wp\/v2\/types\/page"}],"author":[{"embeddable":true,"href":"https:\/\/supexup.formatome.fr\/2025-2026\/MSCM1\/6\/index.php?rest_route=\/wp\/v2\/users\/2"}],"replies":[{"embeddable":true,"href":"https:\/\/supexup.formatome.fr\/2025-2026\/MSCM1\/6\/index.php?rest_route=%2Fwp%2Fv2%2Fcomments&post=111"}],"version-history":[{"count":7,"href":"https:\/\/supexup.formatome.fr\/2025-2026\/MSCM1\/6\/index.php?rest_route=\/wp\/v2\/pages\/111\/revisions"}],"predecessor-version":[{"id":433,"href":"https:\/\/supexup.formatome.fr\/2025-2026\/MSCM1\/6\/index.php?rest_route=\/wp\/v2\/pages\/111\/revisions\/433"}],"wp:attachment":[{"href":"https:\/\/supexup.formatome.fr\/2025-2026\/MSCM1\/6\/index.php?rest_route=%2Fwp%2Fv2%2Fmedia&parent=111"}],"curies":[{"name":"wp","href":"https:\/\/api.w.org\/{rel}","templated":true}]}}