{"id":270,"date":"2026-01-19T21:04:24","date_gmt":"2026-01-19T21:04:24","guid":{"rendered":"https:\/\/supexup.formatome.fr\/2025-2026\/MSCM1\/5\/?page_id=270"},"modified":"2026-01-19T21:05:20","modified_gmt":"2026-01-19T21:05:20","slug":"270-2","status":"publish","type":"page","link":"https:\/\/supexup.formatome.fr\/2025-2026\/MSCM1\/5\/?page_id=270","title":{"rendered":"Politique de confidentialit\u00e9"},"content":{"rendered":"<p>[et_pb_section fb_built=\u00a0\u00bb1&Prime; theme_builder_area=\u00a0\u00bbpost_content\u00a0\u00bb _builder_version=\u00a0\u00bb4.27.5&Prime; _module_preset=\u00a0\u00bbdefault\u00a0\u00bb][et_pb_row _builder_version=\u00a0\u00bb4.27.5&Prime; _module_preset=\u00a0\u00bbdefault\u00a0\u00bb theme_builder_area=\u00a0\u00bbpost_content\u00a0\u00bb hover_enabled=\u00a0\u00bb0&Prime; sticky_enabled=\u00a0\u00bb0&Prime;][et_pb_column _builder_version=\u00a0\u00bb4.27.5&Prime; _module_preset=\u00a0\u00bbdefault\u00a0\u00bb type=\u00a0\u00bb4_4&Prime; theme_builder_area=\u00a0\u00bbpost_content\u00a0\u00bb][et_pb_heading title=\u00a0\u00bbPolitique de confidentialit\u00e9\u00a0\u00bb _builder_version=\u00a0\u00bb4.27.5&Prime; _module_preset=\u00a0\u00bbdefault\u00a0\u00bb theme_builder_area=\u00a0\u00bbpost_content\u00a0\u00bb hover_enabled=\u00a0\u00bb0&Prime; sticky_enabled=\u00a0\u00bb0&Prime; title_text_align=\u00a0\u00bbcenter\u00a0\u00bb title_text_color=\u00a0\u00bb#1E1E1E\u00a0\u00bb][\/et_pb_heading][\/et_pb_column][\/et_pb_row][\/et_pb_section][et_pb_section fb_built=\u00a0\u00bb1&Prime; theme_builder_area=\u00a0\u00bbpost_content\u00a0\u00bb _builder_version=\u00a0\u00bb4.27.5&Prime; _module_preset=\u00a0\u00bbdefault\u00a0\u00bb custom_padding=\u00a0\u00bb19px|||||\u00a0\u00bb][et_pb_row _builder_version=\u00a0\u00bb4.27.5&Prime; _module_preset=\u00a0\u00bbdefault\u00a0\u00bb theme_builder_area=\u00a0\u00bbpost_content\u00a0\u00bb custom_margin=\u00a0\u00bb-35px|auto||auto||\u00a0\u00bb][et_pb_column _builder_version=\u00a0\u00bb4.27.5&Prime; _module_preset=\u00a0\u00bbdefault\u00a0\u00bb type=\u00a0\u00bb4_4&Prime; theme_builder_area=\u00a0\u00bbpost_content\u00a0\u00bb][et_pb_text _builder_version=\u00a0\u00bb4.27.5&Prime; _module_preset=\u00a0\u00bbdefault\u00a0\u00bb theme_builder_area=\u00a0\u00bbpost_content\u00a0\u00bb hover_enabled=\u00a0\u00bb0&Prime; sticky_enabled=\u00a0\u00bb0&Prime;]<\/p>\n<h3 data-start=\"500\" data-end=\"527\">1. Donn\u00e9es collect\u00e9es<\/h3>\n<p data-start=\"528\" data-end=\"648\">Lorsque vous utilisez le formulaire de contact du site <em data-start=\"583\" data-end=\"599\">Sauve Qui Peut<\/em>, les donn\u00e9es suivantes peuvent \u00eatre collect\u00e9es :<\/p>\n<ul data-start=\"649\" data-end=\"756\">\n<li data-start=\"649\" data-end=\"656\">\n<p data-start=\"651\" data-end=\"656\">Nom<\/p>\n<\/li>\n<li data-start=\"657\" data-end=\"674\">\n<p data-start=\"659\" data-end=\"674\">Adresse email<\/p>\n<\/li>\n<li data-start=\"675\" data-end=\"720\">\n<p data-start=\"677\" data-end=\"720\">Nom de la structure ou de l\u2019\u00e9tablissement<\/p>\n<\/li>\n<li data-start=\"721\" data-end=\"756\">\n<p data-start=\"723\" data-end=\"756\">Message \/ description du projet<\/p>\n<\/li>\n<\/ul>\n<p data-start=\"758\" data-end=\"829\">Ces donn\u00e9es sont strictement n\u00e9cessaires pour r\u00e9pondre \u00e0 votre demande.<\/p>\n<hr data-start=\"831\" data-end=\"834\" \/>\n<h3 data-start=\"836\" data-end=\"868\">2. Utilisation des donn\u00e9es<\/h3>\n<p data-start=\"869\" data-end=\"924\">Les donn\u00e9es collect\u00e9es sont utilis\u00e9es uniquement pour :<\/p>\n<ul data-start=\"925\" data-end=\"1025\">\n<li data-start=\"925\" data-end=\"953\">\n<p data-start=\"927\" data-end=\"953\">r\u00e9pondre \u00e0 votre message<\/p>\n<\/li>\n<li data-start=\"954\" data-end=\"983\">\n<p data-start=\"956\" data-end=\"983\">\u00e9changer sur votre projet<\/p>\n<\/li>\n<li data-start=\"984\" data-end=\"1025\">\n<p data-start=\"986\" data-end=\"1025\">organiser une \u00e9ventuelle intervention<\/p>\n<\/li>\n<\/ul>\n<p data-start=\"1027\" data-end=\"1105\">Elles ne sont <strong data-start=\"1041\" data-end=\"1104\">ni vendues, ni c\u00e9d\u00e9es, ni utilis\u00e9es \u00e0 des fins commerciales<\/strong>.<\/p>\n<hr data-start=\"1107\" data-end=\"1110\" \/>\n<h3 data-start=\"1112\" data-end=\"1128\">3. Cookies<\/h3>\n<p data-start=\"1129\" data-end=\"1189\">Le site <em data-start=\"1137\" data-end=\"1153\">Sauve Qui Peut<\/em> utilise des cookies \u00e0 des fins de :<\/p>\n<ul data-start=\"1190\" data-end=\"1267\">\n<li data-start=\"1190\" data-end=\"1220\">\n<p data-start=\"1192\" data-end=\"1220\">bon fonctionnement du site<\/p>\n<\/li>\n<li data-start=\"1221\" data-end=\"1267\">\n<p data-start=\"1223\" data-end=\"1267\">mesure d\u2019audience et statistiques anonymes<\/p>\n<\/li>\n<\/ul>\n<p data-start=\"1269\" data-end=\"1365\">Les cookies permettent d\u2019am\u00e9liorer l\u2019exp\u00e9rience utilisateur et d\u2019analyser l\u2019utilisation du site.<\/p>\n<p data-start=\"1367\" data-end=\"1461\">Vous pouvez \u00e0 tout moment configurer votre navigateur pour refuser tout ou partie des cookies.<\/p>\n<hr data-start=\"1463\" data-end=\"1466\" \/>\n<h3 data-start=\"1468\" data-end=\"1498\">4. Dur\u00e9e de conservation<\/h3>\n<p data-start=\"1499\" data-end=\"1603\">Les donn\u00e9es sont conserv\u00e9es uniquement le temps n\u00e9cessaire au traitement de la demande, puis supprim\u00e9es.<\/p>\n<hr data-start=\"1605\" data-end=\"1608\" \/>\n<h3 data-start=\"1610\" data-end=\"1627\">5. S\u00e9curit\u00e9<\/h3>\n<p data-start=\"1628\" data-end=\"1750\">Des mesures techniques et organisationnelles sont mises en place pour prot\u00e9ger vos donn\u00e9es contre tout acc\u00e8s non autoris\u00e9.<\/p>\n<hr data-start=\"1752\" data-end=\"1755\" \/>\n<h3 data-start=\"1757\" data-end=\"1789\">6. Droits des utilisateurs<\/h3>\n<p data-start=\"1790\" data-end=\"1897\">Conform\u00e9ment au R\u00e8glement G\u00e9n\u00e9ral sur la Protection des Donn\u00e9es (RGPD), vous disposez des droits suivants :<\/p>\n<ul data-start=\"1898\" data-end=\"1967\">\n<li data-start=\"1898\" data-end=\"1915\">\n<p data-start=\"1900\" data-end=\"1915\">droit d\u2019acc\u00e8s<\/p>\n<\/li>\n<li data-start=\"1916\" data-end=\"1942\">\n<p data-start=\"1918\" data-end=\"1942\">droit de rectification<\/p>\n<\/li>\n<li data-start=\"1943\" data-end=\"1967\">\n<p data-start=\"1945\" data-end=\"1967\">droit de suppression<\/p>\n<\/li>\n<\/ul>\n<p data-start=\"1969\" data-end=\"2049\">Pour exercer vos droits, vous pouvez \u00e9crire \u00e0 :<br data-start=\"2016\" data-end=\"2019\" \/><strong data-start=\"2022\" data-end=\"2049\"><a data-start=\"2024\" data-end=\"2047\" class=\"decorated-link cursor-pointer\" rel=\"noopener\">contact@sauvequipeut.fr<\/a><\/strong><\/p>\n<p>[\/et_pb_text][\/et_pb_column][\/et_pb_row][\/et_pb_section]<\/p>\n","protected":false},"excerpt":{"rendered":"<p>1. Donn\u00e9es collect\u00e9es Lorsque vous utilisez le formulaire de contact du site Sauve Qui Peut, les donn\u00e9es suivantes peuvent \u00eatre collect\u00e9es : Nom Adresse email Nom de la structure ou de l\u2019\u00e9tablissement Message \/ description du projet Ces donn\u00e9es sont strictement n\u00e9cessaires pour r\u00e9pondre \u00e0 votre demande. 2. Utilisation des donn\u00e9es Les donn\u00e9es collect\u00e9es sont [&hellip;]<\/p>\n","protected":false},"author":2,"featured_media":0,"parent":0,"menu_order":0,"comment_status":"closed","ping_status":"closed","template":"","meta":{"_et_pb_use_builder":"on","_et_pb_old_content":"","_et_gb_content_width":"","footnotes":""},"class_list":["post-270","page","type-page","status-publish","hentry"],"_links":{"self":[{"href":"https:\/\/supexup.formatome.fr\/2025-2026\/MSCM1\/5\/index.php?rest_route=\/wp\/v2\/pages\/270","targetHints":{"allow":["GET"]}}],"collection":[{"href":"https:\/\/supexup.formatome.fr\/2025-2026\/MSCM1\/5\/index.php?rest_route=\/wp\/v2\/pages"}],"about":[{"href":"https:\/\/supexup.formatome.fr\/2025-2026\/MSCM1\/5\/index.php?rest_route=\/wp\/v2\/types\/page"}],"author":[{"embeddable":true,"href":"https:\/\/supexup.formatome.fr\/2025-2026\/MSCM1\/5\/index.php?rest_route=\/wp\/v2\/users\/2"}],"replies":[{"embeddable":true,"href":"https:\/\/supexup.formatome.fr\/2025-2026\/MSCM1\/5\/index.php?rest_route=%2Fwp%2Fv2%2Fcomments&post=270"}],"version-history":[{"count":3,"href":"https:\/\/supexup.formatome.fr\/2025-2026\/MSCM1\/5\/index.php?rest_route=\/wp\/v2\/pages\/270\/revisions"}],"predecessor-version":[{"id":274,"href":"https:\/\/supexup.formatome.fr\/2025-2026\/MSCM1\/5\/index.php?rest_route=\/wp\/v2\/pages\/270\/revisions\/274"}],"wp:attachment":[{"href":"https:\/\/supexup.formatome.fr\/2025-2026\/MSCM1\/5\/index.php?rest_route=%2Fwp%2Fv2%2Fmedia&parent=270"}],"curies":[{"name":"wp","href":"https:\/\/api.w.org\/{rel}","templated":true}]}}