{"id":238,"date":"2026-01-19T21:06:54","date_gmt":"2026-01-19T21:06:54","guid":{"rendered":"https:\/\/supexup.formatome.fr\/2025-2026\/MSCM1\/5\/?page_id=238"},"modified":"2026-01-19T21:07:23","modified_gmt":"2026-01-19T21:07:23","slug":"238-2","status":"publish","type":"page","link":"https:\/\/supexup.formatome.fr\/2025-2026\/MSCM1\/5\/?page_id=238","title":{"rendered":"CONDITIONS G\u00c9N\u00c9RALES D\u2019UTILISATION"},"content":{"rendered":"<p>[et_pb_section fb_built=\u00a0\u00bb1&Prime; theme_builder_area=\u00a0\u00bbpost_content\u00a0\u00bb _builder_version=\u00a0\u00bb4.27.5&Prime; _module_preset=\u00a0\u00bbdefault\u00a0\u00bb][et_pb_row _builder_version=\u00a0\u00bb4.27.5&Prime; _module_preset=\u00a0\u00bbdefault\u00a0\u00bb theme_builder_area=\u00a0\u00bbpost_content\u00a0\u00bb][et_pb_column _builder_version=\u00a0\u00bb4.27.5&Prime; _module_preset=\u00a0\u00bbdefault\u00a0\u00bb type=\u00a0\u00bb4_4&Prime; theme_builder_area=\u00a0\u00bbpost_content\u00a0\u00bb][et_pb_heading title=\u00a0\u00bbCONDITIONS G\u00c9N\u00c9RALES D\u2019UTILISATION\u00a0\u00bb _builder_version=\u00a0\u00bb4.27.5&Prime; _module_preset=\u00a0\u00bbdefault\u00a0\u00bb theme_builder_area=\u00a0\u00bbpost_content\u00a0\u00bb title_text_align=\u00a0\u00bbcenter\u00a0\u00bb title_text_color=\u00a0\u00bb#1E1E1E\u00a0\u00bb hover_enabled=\u00a0\u00bb0&Prime; sticky_enabled=\u00a0\u00bb0&Prime;][\/et_pb_heading][\/et_pb_column][\/et_pb_row][\/et_pb_section][et_pb_section fb_built=\u00a0\u00bb1&Prime; theme_builder_area=\u00a0\u00bbpost_content\u00a0\u00bb _builder_version=\u00a0\u00bb4.27.5&Prime; _module_preset=\u00a0\u00bbdefault\u00a0\u00bb][et_pb_row _builder_version=\u00a0\u00bb4.27.5&Prime; _module_preset=\u00a0\u00bbdefault\u00a0\u00bb theme_builder_area=\u00a0\u00bbpost_content\u00a0\u00bb custom_padding=\u00a0\u00bb0px|||||\u00a0\u00bb custom_margin=\u00a0\u00bb-88px|auto||auto||\u00a0\u00bb hover_enabled=\u00a0\u00bb0&Prime; sticky_enabled=\u00a0\u00bb0&Prime;][et_pb_column _builder_version=\u00a0\u00bb4.27.5&Prime; _module_preset=\u00a0\u00bbdefault\u00a0\u00bb type=\u00a0\u00bb4_4&Prime; theme_builder_area=\u00a0\u00bbpost_content\u00a0\u00bb][et_pb_text _builder_version=\u00a0\u00bb4.27.5&Prime; _module_preset=\u00a0\u00bbdefault\u00a0\u00bb theme_builder_area=\u00a0\u00bbpost_content\u00a0\u00bb hover_enabled=\u00a0\u00bb0&Prime; sticky_enabled=\u00a0\u00bb0&Prime;]<\/p>\n<h3 data-start=\"2212\" data-end=\"2226\">1. Objet<\/h3>\n<p data-start=\"2227\" data-end=\"2331\">Les pr\u00e9sentes conditions ont pour objet de d\u00e9finir les modalit\u00e9s d\u2019utilisation du site <em data-start=\"2314\" data-end=\"2330\">Sauve Qui Peut<\/em>.<\/p>\n<p data-start=\"2333\" data-end=\"2455\">Le site pr\u00e9sente un projet p\u00e9dagogique de sensibilisation aux gestes de premiers secours \u00e0 travers une approche immersive.<\/p>\n<hr data-start=\"2457\" data-end=\"2460\" \/>\n<h3 data-start=\"2462\" data-end=\"2484\">2. Acc\u00e8s au site<\/h3>\n<p data-start=\"2485\" data-end=\"2572\">Le site est accessible gratuitement \u00e0 tout utilisateur disposant d\u2019un acc\u00e8s \u00e0 Internet.<\/p>\n<p data-start=\"2574\" data-end=\"2666\">Les frais li\u00e9s \u00e0 l\u2019acc\u00e8s au site (connexion, mat\u00e9riel) restent \u00e0 la charge de l\u2019utilisateur.<\/p>\n<hr data-start=\"2668\" data-end=\"2671\" \/>\n<h3 data-start=\"2673\" data-end=\"2696\">3. Nature du site<\/h3>\n<p data-start=\"2697\" data-end=\"2836\">Le site <em data-start=\"2705\" data-end=\"2721\">Sauve Qui Peut<\/em> est un <strong data-start=\"2729\" data-end=\"2745\">site vitrine<\/strong>.<br data-start=\"2746\" data-end=\"2749\" \/>Aucun achat, paiement ou transaction commerciale n\u2019est r\u00e9alis\u00e9 directement via le site.<\/p>\n<p data-start=\"2838\" data-end=\"2914\">Les informations pr\u00e9sent\u00e9es ont une vocation <strong data-start=\"2883\" data-end=\"2913\">informative et p\u00e9dagogique<\/strong>.<\/p>\n<hr data-start=\"2916\" data-end=\"2919\" \/>\n<h3 data-start=\"2921\" data-end=\"2944\">4. Responsabilit\u00e9<\/h3>\n<p data-start=\"2945\" data-end=\"3077\">Les contenus propos\u00e9s ne remplacent en aucun cas une formation certifiante ou l\u2019intervention des services de secours professionnels.<\/p>\n<p data-start=\"3079\" data-end=\"3130\"><em data-start=\"3079\" data-end=\"3095\">Sauve Qui Peut<\/em> ne saurait \u00eatre tenu responsable :<\/p>\n<ul data-start=\"3131\" data-end=\"3273\">\n<li data-start=\"3131\" data-end=\"3177\">\n<p data-start=\"3133\" data-end=\"3177\">d\u2019une mauvaise interpr\u00e9tation des contenus<\/p>\n<\/li>\n<li data-start=\"3178\" data-end=\"3222\">\n<p data-start=\"3180\" data-end=\"3222\">d\u2019une utilisation hors cadre p\u00e9dagogique<\/p>\n<\/li>\n<li data-start=\"3223\" data-end=\"3273\">\n<p data-start=\"3225\" data-end=\"3273\">d\u2019un usage inadapt\u00e9 des informations diffus\u00e9es<\/p>\n<\/li>\n<\/ul>\n<hr data-start=\"3275\" data-end=\"3278\" \/>\n<h3 data-start=\"3280\" data-end=\"3314\">5. Modification des contenus<\/h3>\n<p data-start=\"3315\" data-end=\"3425\">Les contenus du site peuvent \u00eatre modifi\u00e9s \u00e0 tout moment afin de garantir leur pertinence et leur mise \u00e0 jour.<\/p>\n<hr data-start=\"3427\" data-end=\"3430\" \/>\n<h3 data-start=\"3432\" data-end=\"3457\">6. Droit applicable<\/h3>\n<p data-start=\"3458\" data-end=\"3515\">Les pr\u00e9sentes conditions sont soumises au droit fran\u00e7ais.<\/p>\n<p>[\/et_pb_text][\/et_pb_column][\/et_pb_row][\/et_pb_section]<\/p>\n","protected":false},"excerpt":{"rendered":"<p>1. Objet Les pr\u00e9sentes conditions ont pour objet de d\u00e9finir les modalit\u00e9s d\u2019utilisation du site Sauve Qui Peut. Le site pr\u00e9sente un projet p\u00e9dagogique de sensibilisation aux gestes de premiers secours \u00e0 travers une approche immersive. 2. Acc\u00e8s au site Le site est accessible gratuitement \u00e0 tout utilisateur disposant d\u2019un acc\u00e8s \u00e0 Internet. Les frais [&hellip;]<\/p>\n","protected":false},"author":2,"featured_media":0,"parent":0,"menu_order":0,"comment_status":"closed","ping_status":"closed","template":"","meta":{"_et_pb_use_builder":"on","_et_pb_old_content":"","_et_gb_content_width":"","footnotes":""},"class_list":["post-238","page","type-page","status-publish","hentry"],"_links":{"self":[{"href":"https:\/\/supexup.formatome.fr\/2025-2026\/MSCM1\/5\/index.php?rest_route=\/wp\/v2\/pages\/238","targetHints":{"allow":["GET"]}}],"collection":[{"href":"https:\/\/supexup.formatome.fr\/2025-2026\/MSCM1\/5\/index.php?rest_route=\/wp\/v2\/pages"}],"about":[{"href":"https:\/\/supexup.formatome.fr\/2025-2026\/MSCM1\/5\/index.php?rest_route=\/wp\/v2\/types\/page"}],"author":[{"embeddable":true,"href":"https:\/\/supexup.formatome.fr\/2025-2026\/MSCM1\/5\/index.php?rest_route=\/wp\/v2\/users\/2"}],"replies":[{"embeddable":true,"href":"https:\/\/supexup.formatome.fr\/2025-2026\/MSCM1\/5\/index.php?rest_route=%2Fwp%2Fv2%2Fcomments&post=238"}],"version-history":[{"count":3,"href":"https:\/\/supexup.formatome.fr\/2025-2026\/MSCM1\/5\/index.php?rest_route=\/wp\/v2\/pages\/238\/revisions"}],"predecessor-version":[{"id":277,"href":"https:\/\/supexup.formatome.fr\/2025-2026\/MSCM1\/5\/index.php?rest_route=\/wp\/v2\/pages\/238\/revisions\/277"}],"wp:attachment":[{"href":"https:\/\/supexup.formatome.fr\/2025-2026\/MSCM1\/5\/index.php?rest_route=%2Fwp%2Fv2%2Fmedia&parent=238"}],"curies":[{"name":"wp","href":"https:\/\/api.w.org\/{rel}","templated":true}]}}