{"id":211,"date":"2026-01-19T21:12:52","date_gmt":"2026-01-19T21:12:52","guid":{"rendered":"https:\/\/supexup.formatome.fr\/2025-2026\/MSCM1\/5\/?page_id=211"},"modified":"2026-01-19T21:14:58","modified_gmt":"2026-01-19T21:14:58","slug":"211-2","status":"publish","type":"page","link":"https:\/\/supexup.formatome.fr\/2025-2026\/MSCM1\/5\/?page_id=211","title":{"rendered":"MENTIONS L\u00c9GALES"},"content":{"rendered":"<p>[et_pb_section fb_built=\u00a0\u00bb1&Prime; theme_builder_area=\u00a0\u00bbpost_content\u00a0\u00bb _builder_version=\u00a0\u00bb4.27.5&Prime; _module_preset=\u00a0\u00bbdefault\u00a0\u00bb][et_pb_row _builder_version=\u00a0\u00bb4.27.5&Prime; _module_preset=\u00a0\u00bbdefault\u00a0\u00bb theme_builder_area=\u00a0\u00bbpost_content\u00a0\u00bb hover_enabled=\u00a0\u00bb0&Prime; sticky_enabled=\u00a0\u00bb0&Prime;][et_pb_column _builder_version=\u00a0\u00bb4.27.5&Prime; _module_preset=\u00a0\u00bbdefault\u00a0\u00bb type=\u00a0\u00bb4_4&Prime; theme_builder_area=\u00a0\u00bbpost_content\u00a0\u00bb][et_pb_heading title=\u00a0\u00bbMENTIONS L\u00c9GALES\u00a0\u00a0\u00bb _builder_version=\u00a0\u00bb4.27.5&Prime; _module_preset=\u00a0\u00bbdefault\u00a0\u00bb theme_builder_area=\u00a0\u00bbpost_content\u00a0\u00bb hover_enabled=\u00a0\u00bb0&Prime; sticky_enabled=\u00a0\u00bb0&Prime; title_text_align=\u00a0\u00bbcenter\u00a0\u00bb title_text_color=\u00a0\u00bb#1E1E1E\u00a0\u00bb][\/et_pb_heading][\/et_pb_column][\/et_pb_row][\/et_pb_section][et_pb_section fb_built=\u00a0\u00bb1&Prime; theme_builder_area=\u00a0\u00bbpost_content\u00a0\u00bb _builder_version=\u00a0\u00bb4.27.5&Prime; _module_preset=\u00a0\u00bbdefault\u00a0\u00bb custom_padding=\u00a0\u00bb0px|||||\u00a0\u00bb][et_pb_row _builder_version=\u00a0\u00bb4.27.5&Prime; _module_preset=\u00a0\u00bbdefault\u00a0\u00bb theme_builder_area=\u00a0\u00bbpost_content\u00a0\u00bb custom_padding=\u00a0\u00bb0px|||||\u00a0\u00bb][et_pb_column _builder_version=\u00a0\u00bb4.27.5&Prime; _module_preset=\u00a0\u00bbdefault\u00a0\u00bb type=\u00a0\u00bb4_4&Prime; theme_builder_area=\u00a0\u00bbpost_content\u00a0\u00bb][et_pb_text _builder_version=\u00a0\u00bb4.27.5&Prime; _module_preset=\u00a0\u00bbdefault\u00a0\u00bb theme_builder_area=\u00a0\u00bbpost_content\u00a0\u00bb hover_enabled=\u00a0\u00bb0&Prime; sticky_enabled=\u00a0\u00bb0&Prime; custom_padding=\u00a0\u00bb0px|||||\u00a0\u00bb]<\/p>\n<h3 data-start=\"740\" data-end=\"761\">\u00c9diteur du site<\/h3>\n<p data-start=\"762\" data-end=\"830\">Le pr\u00e9sent site, accessible \u00e0 l\u2019adresse <em data-start=\"802\" data-end=\"813\">[https:\/\/supexup.formatome.fr\/2025-2026\/MSCM1\/5\/]<\/em>, est \u00e9dit\u00e9 par :<\/p>\n<p data-start=\"832\" data-end=\"1011\"><strong data-start=\"832\" data-end=\"851\">Nom du projet :<\/strong> Sauve Qui Peut<br data-start=\"866\" data-end=\"869\" \/><strong data-start=\"869\" data-end=\"901\">Responsable de publication :<\/strong> Elsa Cabiddu<br data-start=\"914\" data-end=\"917\" \/><strong data-start=\"917\" data-end=\"929\">Statut :<\/strong> Projet p\u00e9dagogique \/ site vitrine<br data-start=\"963\" data-end=\"966\" \/><strong data-start=\"966\" data-end=\"985\">Adresse email :<\/strong> <a data-start=\"986\" data-end=\"1009\" class=\"decorated-link cursor-pointer\" rel=\"noopener\">contact@sauvequipeut.fr<span aria-hidden=\"true\" class=\"ms-0.5 inline-block align-middle leading-none\"><svg xmlns=\"http:\/\/www.w3.org\/2000\/svg\" width=\"20\" height=\"20\" aria-hidden=\"true\" data-rtl-flip=\"\" class=\"block h-[0.75em] w-[0.75em] stroke-current stroke-[0.75]\"><use href=\"\/cdn\/assets\/sprites-core-k5zux585.svg#304883\" fill=\"currentColor\"><\/use><\/svg><\/span><\/a><\/p>\n<hr data-start=\"1013\" data-end=\"1016\" \/>\n<h3 data-start=\"1018\" data-end=\"1035\">H\u00e9bergement<\/h3>\n<p data-start=\"1036\" data-end=\"1061\">Le site est h\u00e9berg\u00e9 par :<\/p>\n<p data-start=\"1063\" data-end=\"1181\"><strong data-start=\"1063\" data-end=\"1075\">OVHcloud<\/strong><br data-start=\"1075\" data-end=\"1078\" \/>2 rue Kellermann<br data-start=\"1094\" data-end=\"1097\" \/>59100 Roubaix \u2013 France<br data-start=\"1119\" data-end=\"1122\" \/>T\u00e9l\u00e9phone : +33 (0)9 72 10 10 07<br data-start=\"1154\" data-end=\"1157\" \/>Site web : <a data-start=\"1168\" data-end=\"1179\" rel=\"noopener\" target=\"_new\" class=\"decorated-link cursor-pointer\">www.ovh.com<span aria-hidden=\"true\" class=\"ms-0.5 inline-block align-middle leading-none\"><svg xmlns=\"http:\/\/www.w3.org\/2000\/svg\" width=\"20\" height=\"20\" aria-hidden=\"true\" data-rtl-flip=\"\" class=\"block h-[0.75em] w-[0.75em] stroke-current stroke-[0.75]\"><use href=\"\/cdn\/assets\/sprites-core-k5zux585.svg#304883\" fill=\"currentColor\"><\/use><\/svg><\/span><\/a><\/p>\n<hr data-start=\"1183\" data-end=\"1186\" \/>\n<h3 data-start=\"1188\" data-end=\"1219\">Conception et r\u00e9alisation<\/h3>\n<p data-start=\"1220\" data-end=\"1355\">Le site <em data-start=\"1228\" data-end=\"1244\">Sauve Qui Peut<\/em> a \u00e9t\u00e9 con\u00e7u et r\u00e9alis\u00e9 dans le cadre d\u2019un <strong data-start=\"1287\" data-end=\"1309\">projet p\u00e9dagogique<\/strong>, utilisant le CMS WordPress et le th\u00e8me Divi.<\/p>\n<hr data-start=\"1357\" data-end=\"1360\" \/>\n<h3 data-start=\"1362\" data-end=\"1392\">Propri\u00e9t\u00e9 intellectuelle<\/h3>\n<p data-start=\"1393\" data-end=\"1589\">L\u2019ensemble des contenus pr\u00e9sents sur le site <em data-start=\"1438\" data-end=\"1454\">Sauve Qui Peut<\/em> (textes, images, illustrations, logos, vid\u00e9os, graphismes, structure du site) est prot\u00e9g\u00e9 par le droit de la propri\u00e9t\u00e9 intellectuelle.<\/p>\n<p data-start=\"1591\" data-end=\"1806\">Toute reproduction, repr\u00e9sentation, modification, publication ou adaptation, totale ou partielle, des \u00e9l\u00e9ments du site, quel que soit le moyen ou le proc\u00e9d\u00e9 utilis\u00e9, est interdite sans autorisation \u00e9crite pr\u00e9alable.<\/p>\n<hr data-start=\"1808\" data-end=\"1811\" \/>\n<h3 data-start=\"1813\" data-end=\"1847\">Limitation de responsabilit\u00e9<\/h3>\n<p data-start=\"1848\" data-end=\"1952\">Les informations diffus\u00e9es sur le site <em data-start=\"1887\" data-end=\"1903\">Sauve Qui Peut<\/em> sont fournies \u00e0 titre informatif et p\u00e9dagogique.<\/p>\n<p data-start=\"1954\" data-end=\"1989\">Elles ne constituent en aucun cas :<\/p>\n<ul data-start=\"1990\" data-end=\"2084\">\n<li data-start=\"1990\" data-end=\"2018\">\n<p data-start=\"1992\" data-end=\"2018\">une formation certifiante,<\/p>\n<\/li>\n<li data-start=\"2019\" data-end=\"2037\">\n<p data-start=\"2021\" data-end=\"2037\">un avis m\u00e9dical,<\/p>\n<\/li>\n<li data-start=\"2038\" data-end=\"2084\">\n<p data-start=\"2040\" data-end=\"2084\">ni une intervention des services de secours.<\/p>\n<\/li>\n<\/ul>\n<p data-start=\"2086\" data-end=\"2210\">Le responsable du site ne saurait \u00eatre tenu responsable de l\u2019utilisation qui pourrait \u00eatre faite des informations diffus\u00e9es.<\/p>\n<hr data-start=\"2212\" data-end=\"2215\" \/>\n<h3 data-start=\"2217\" data-end=\"2240\">Liens hypertextes<\/h3>\n<p data-start=\"2241\" data-end=\"2457\">Le site <em data-start=\"2249\" data-end=\"2265\">Sauve Qui Peut<\/em> peut contenir des liens hypertextes vers d\u2019autres sites.<br data-start=\"2322\" data-end=\"2325\" \/>Le responsable du site ne dispose d\u2019aucun contr\u00f4le sur le contenu de ces sites et d\u00e9cline toute responsabilit\u00e9 quant \u00e0 leur contenu.<\/p>\n<hr data-start=\"2459\" data-end=\"2462\" \/>\n<h3 data-start=\"2464\" data-end=\"2490\">Donn\u00e9es personnelles<\/h3>\n<p data-start=\"2491\" data-end=\"2658\">Les informations personnelles pouvant \u00eatre collect\u00e9es sur le site sont trait\u00e9es conform\u00e9ment \u00e0 la <strong data-start=\"2589\" data-end=\"2621\">Politique de confidentialit\u00e9<\/strong> accessible depuis le footer du site.<\/p>\n<hr data-start=\"2660\" data-end=\"2663\" \/>\n<h3 data-start=\"2665\" data-end=\"2686\">Cadre du projet<\/h3>\n<p data-start=\"2687\" data-end=\"2892\">Le projet <em data-start=\"2697\" data-end=\"2713\">Sauve Qui Peut<\/em> s\u2019inscrit dans un <strong data-start=\"2732\" data-end=\"2769\">cadre p\u00e9dagogique et exp\u00e9rimental<\/strong>.<br data-start=\"2770\" data-end=\"2773\" \/>Il vise \u00e0 sensibiliser diff\u00e9rents publics aux gestes de premiers secours \u00e0 travers une approche immersive et \u00e9ducative.<\/p>\n<hr data-start=\"2894\" data-end=\"2897\" \/>\n<h3 data-start=\"2899\" data-end=\"2921\">Droit applicable<\/h3>\n<p data-start=\"2922\" data-end=\"3062\">Le site est soumis au droit fran\u00e7ais.<br data-start=\"2959\" data-end=\"2962\" \/>En cas de litige, et \u00e0 d\u00e9faut de r\u00e9solution amiable, les tribunaux fran\u00e7ais seront seuls comp\u00e9tents.<\/p>\n<p>[\/et_pb_text][\/et_pb_column][\/et_pb_row][\/et_pb_section]<\/p>\n","protected":false},"excerpt":{"rendered":"<p>\u00c9diteur du site Le pr\u00e9sent site, accessible \u00e0 l\u2019adresse [https:\/\/supexup.formatome.fr\/2025-2026\/MSCM1\/5\/], est \u00e9dit\u00e9 par : Nom du projet : Sauve Qui PeutResponsable de publication : Elsa CabidduStatut : Projet p\u00e9dagogique \/ site vitrineAdresse email : contact@sauvequipeut.fr H\u00e9bergement Le site est h\u00e9berg\u00e9 par : OVHcloud2 rue Kellermann59100 Roubaix \u2013 FranceT\u00e9l\u00e9phone : +33 (0)9 72 10 10 07Site [&hellip;]<\/p>\n","protected":false},"author":2,"featured_media":0,"parent":0,"menu_order":0,"comment_status":"closed","ping_status":"closed","template":"","meta":{"_et_pb_use_builder":"on","_et_pb_old_content":"","_et_gb_content_width":"","footnotes":""},"class_list":["post-211","page","type-page","status-publish","hentry"],"_links":{"self":[{"href":"https:\/\/supexup.formatome.fr\/2025-2026\/MSCM1\/5\/index.php?rest_route=\/wp\/v2\/pages\/211","targetHints":{"allow":["GET"]}}],"collection":[{"href":"https:\/\/supexup.formatome.fr\/2025-2026\/MSCM1\/5\/index.php?rest_route=\/wp\/v2\/pages"}],"about":[{"href":"https:\/\/supexup.formatome.fr\/2025-2026\/MSCM1\/5\/index.php?rest_route=\/wp\/v2\/types\/page"}],"author":[{"embeddable":true,"href":"https:\/\/supexup.formatome.fr\/2025-2026\/MSCM1\/5\/index.php?rest_route=\/wp\/v2\/users\/2"}],"replies":[{"embeddable":true,"href":"https:\/\/supexup.formatome.fr\/2025-2026\/MSCM1\/5\/index.php?rest_route=%2Fwp%2Fv2%2Fcomments&post=211"}],"version-history":[{"count":3,"href":"https:\/\/supexup.formatome.fr\/2025-2026\/MSCM1\/5\/index.php?rest_route=\/wp\/v2\/pages\/211\/revisions"}],"predecessor-version":[{"id":280,"href":"https:\/\/supexup.formatome.fr\/2025-2026\/MSCM1\/5\/index.php?rest_route=\/wp\/v2\/pages\/211\/revisions\/280"}],"wp:attachment":[{"href":"https:\/\/supexup.formatome.fr\/2025-2026\/MSCM1\/5\/index.php?rest_route=%2Fwp%2Fv2%2Fmedia&parent=211"}],"curies":[{"name":"wp","href":"https:\/\/api.w.org\/{rel}","templated":true}]}}