{"id":167,"date":"2026-01-26T14:25:08","date_gmt":"2026-01-26T14:25:08","guid":{"rendered":"https:\/\/supexup.formatome.fr\/2025-2026\/MSCM1\/3\/?page_id=167"},"modified":"2026-01-29T18:54:22","modified_gmt":"2026-01-29T18:54:22","slug":"competences","status":"publish","type":"page","link":"https:\/\/supexup.formatome.fr\/2025-2026\/MSCM1\/3\/?page_id=167","title":{"rendered":"Comp\u00e9tences"},"content":{"rendered":"<p>[et_pb_section fb_built=\u00a0\u00bb1&Prime; admin_label=\u00a0\u00bbHeader\u00a0\u00bb _builder_version=\u00a0\u00bb4.20.0&Prime; _module_preset=\u00a0\u00bbdefault\u00a0\u00bb custom_padding=\u00a0\u00bb42px||1px|||\u00a0\u00bb collapsed=\u00a0\u00bbon\u00a0\u00bb global_colors_info=\u00a0\u00bb{}\u00a0\u00bb][et_pb_row _builder_version=\u00a0\u00bb4.20.0&Prime; _module_preset=\u00a0\u00bbdefault\u00a0\u00bb global_colors_info=\u00a0\u00bb{}\u00a0\u00bb][et_pb_column type=\u00a0\u00bb4_4&Prime; _builder_version=\u00a0\u00bb4.20.0&Prime; _module_preset=\u00a0\u00bbdefault\u00a0\u00bb global_colors_info=\u00a0\u00bb{}\u00a0\u00bb][et_pb_text _builder_version=\u00a0\u00bb4.20.0&Prime; _module_preset=\u00a0\u00bbc13f29bd-6fab-46a9-81bb-920fed51b660&Prime; text_orientation=\u00a0\u00bbcenter\u00a0\u00bb global_colors_info=\u00a0\u00bb{}\u00a0\u00bb]<\/p>\n<h1><span>Mes comp\u00e9tences<\/span><\/h1>\n<p>[\/et_pb_text][\/et_pb_column][\/et_pb_row][\/et_pb_section][et_pb_section fb_built=\u00a0\u00bb1&Prime; admin_label=\u00a0\u00bbPackages\u00a0\u00bb _builder_version=\u00a0\u00bb4.20.0&Prime; _module_preset=\u00a0\u00bbdefault\u00a0\u00bb collapsed=\u00a0\u00bbon\u00a0\u00bb global_colors_info=\u00a0\u00bb{}\u00a0\u00bb][et_pb_row column_structure=\u00a0\u00bb1_2,1_2&Prime; _builder_version=\u00a0\u00bb4.20.0&Prime; _module_preset=\u00a0\u00bbdefault\u00a0\u00bb custom_margin=\u00a0\u00bb-59px|auto||auto||\u00a0\u00bb global_colors_info=\u00a0\u00bb{}\u00a0\u00bb][et_pb_column type=\u00a0\u00bb1_2&Prime; _builder_version=\u00a0\u00bb4.20.0&Prime; _module_preset=\u00a0\u00bbdefault\u00a0\u00bb custom_padding=\u00a0\u00bb|40px||40px|true|true\u00a0\u00bb custom_padding_tablet=\u00a0\u00bb|||0px|false|false\u00a0\u00bb custom_padding_phone=\u00a0\u00bb||||false|false\u00a0\u00bb custom_padding_last_edited=\u00a0\u00bbon|phone\u00a0\u00bb global_colors_info=\u00a0\u00bb{}\u00a0\u00bb][et_pb_image src=\u00a0\u00bbhttps:\/\/supexup.formatome.fr\/2025-2026\/MSCM1\/3\/wp-content\/uploads\/2026\/01\/Capture-decran-2026-01-26-a-17.04.18.png\u00a0\u00bb _builder_version=\u00a0\u00bb4.27.4&Prime; _module_preset=\u00a0\u00bbdefault\u00a0\u00bb custom_margin=\u00a0\u00bb30px||||false|false\u00a0\u00bb hover_enabled=\u00a0\u00bb0&Prime; locked=\u00a0\u00bboff\u00a0\u00bb global_colors_info=\u00a0\u00bb{}\u00a0\u00bb sticky_enabled=\u00a0\u00bb0&Prime;][\/et_pb_image][et_pb_text _builder_version=\u00a0\u00bb4.27.4&Prime; _module_preset=\u00a0\u00bbcb02b6f5-5b7c-434e-b02d-5f5927a7c95c\u00a0\u00bb custom_margin=\u00a0\u00bb||10px||false|false\u00a0\u00bb global_colors_info=\u00a0\u00bb{}\u00a0\u00bb]<\/p>\n<h4><span>\u00c9V\u00c9NEMENTIEL <\/span><\/h4>\n<p>[\/et_pb_text][et_pb_text _builder_version=\u00a0\u00bb4.27.4&Prime; _module_preset=\u00a0\u00bbcc436c99-abeb-45a3-9a5e-10c2adba0883&Prime; header_4_letter_spacing=\u00a0\u00bb0em\u00a0\u00bb custom_margin=\u00a0\u00bb||10px||false|false\u00a0\u00bb custom_padding=\u00a0\u00bb0px||0px|||\u00a0\u00bb global_colors_info=\u00a0\u00bb{}\u00a0\u00bb]<\/p>\n<h4>Organisation d&rsquo;\u00e9venements<\/h4>\n<p>[\/et_pb_text][et_pb_text _builder_version=\u00a0\u00bb4.20.0&Prime; _module_preset=\u00a0\u00bb62950639-4061-4129-acc2-091988cf1afc\u00a0\u00bb custom_margin=\u00a0\u00bb-18px||0px||false|false\u00a0\u00bb custom_padding=\u00a0\u00bb0px||0px|||\u00a0\u00bb global_colors_info=\u00a0\u00bb{}\u00a0\u00bb]<\/p>\n<p><span>Conception, planification et coordination d\u2019\u00e9v\u00e9nements.<\/span><\/p>\n<p>[\/et_pb_text][et_pb_text _builder_version=\u00a0\u00bb4.27.4&Prime; _module_preset=\u00a0\u00bbcc436c99-abeb-45a3-9a5e-10c2adba0883&Prime; header_4_letter_spacing=\u00a0\u00bb0em\u00a0\u00bb custom_margin=\u00a0\u00bb||10px||false|false\u00a0\u00bb custom_padding=\u00a0\u00bb10px||0px|||\u00a0\u00bb global_colors_info=\u00a0\u00bb{}\u00a0\u00bb]<\/p>\n<h4><span>Logistique &amp; coordination<\/span><\/h4>\n<p>[\/et_pb_text][et_pb_text _builder_version=\u00a0\u00bb4.27.4&Prime; _module_preset=\u00a0\u00bb62950639-4061-4129-acc2-091988cf1afc\u00a0\u00bb custom_margin=\u00a0\u00bb-18px||0px||false|false\u00a0\u00bb custom_padding=\u00a0\u00bb0px||0px|||\u00a0\u00bb global_colors_info=\u00a0\u00bb{}\u00a0\u00bb]<\/p>\n<p><span>Gestion du timing, du mat\u00e9riel et des prestataires.<\/span><\/p>\n<p>[\/et_pb_text][et_pb_text _builder_version=\u00a0\u00bb4.27.4&Prime; _module_preset=\u00a0\u00bbcc436c99-abeb-45a3-9a5e-10c2adba0883&Prime; header_4_letter_spacing=\u00a0\u00bb0em\u00a0\u00bb custom_margin=\u00a0\u00bb||10px||false|false\u00a0\u00bb custom_padding=\u00a0\u00bb10px||0px|||\u00a0\u00bb global_colors_info=\u00a0\u00bb{}\u00a0\u00bb]<\/p>\n<h4><span>Relationnel &amp; accueil<\/span><\/h4>\n<p>[\/et_pb_text][et_pb_text _builder_version=\u00a0\u00bb4.20.0&Prime; _module_preset=\u00a0\u00bb62950639-4061-4129-acc2-091988cf1afc\u00a0\u00bb custom_margin=\u00a0\u00bb-18px||0px||false|false\u00a0\u00bb custom_padding=\u00a0\u00bb0px||1px|||\u00a0\u00bb global_colors_info=\u00a0\u00bb{}\u00a0\u00bb]<\/p>\n<p><span>Accueil des participants et gestion de l\u2019exp\u00e9rience sur le terrain.<\/span><\/p>\n<p>[\/et_pb_text][et_pb_text _builder_version=\u00a0\u00bb4.27.4&Prime; _module_preset=\u00a0\u00bbcc436c99-abeb-45a3-9a5e-10c2adba0883&Prime; header_4_letter_spacing=\u00a0\u00bb0em\u00a0\u00bb custom_margin=\u00a0\u00bb||10px||false|false\u00a0\u00bb custom_padding=\u00a0\u00bb9px||0px|||\u00a0\u00bb global_colors_info=\u00a0\u00bb{}\u00a0\u00bb]<\/p>\n<h4><span>Gestion du terrain<\/span><\/h4>\n<p>[\/et_pb_text][et_pb_text _builder_version=\u00a0\u00bb4.20.0&Prime; _module_preset=\u00a0\u00bb62950639-4061-4129-acc2-091988cf1afc\u00a0\u00bb custom_margin=\u00a0\u00bb-18px||0px||false|false\u00a0\u00bb custom_padding=\u00a0\u00bb0px||0px|||\u00a0\u00bb global_colors_info=\u00a0\u00bb{}\u00a0\u00bb]<\/p>\n<p><span>Adaptation, r\u00e9activit\u00e9 et gestion des impr\u00e9vus.<\/span><\/p>\n<p>[\/et_pb_text][\/et_pb_column][et_pb_column type=\u00a0\u00bb1_2&Prime; _builder_version=\u00a0\u00bb4.20.0&Prime; _module_preset=\u00a0\u00bbdefault\u00a0\u00bb custom_padding=\u00a0\u00bb|40px||40px|true|true\u00a0\u00bb custom_padding_tablet=\u00a0\u00bb|||0px|false|false\u00a0\u00bb custom_padding_phone=\u00a0\u00bb||||false|false\u00a0\u00bb custom_padding_last_edited=\u00a0\u00bbon|phone\u00a0\u00bb global_colors_info=\u00a0\u00bb{}\u00a0\u00bb][et_pb_image src=\u00a0\u00bbhttps:\/\/supexup.formatome.fr\/2025-2026\/MSCM1\/3\/wp-content\/uploads\/2026\/01\/Capture-decran-2026-01-26-a-19.02.56.png\u00a0\u00bb _builder_version=\u00a0\u00bb4.27.4&Prime; _module_preset=\u00a0\u00bbdefault\u00a0\u00bb custom_margin=\u00a0\u00bb30px||||false|false\u00a0\u00bb hover_enabled=\u00a0\u00bb0&Prime; locked=\u00a0\u00bboff\u00a0\u00bb global_colors_info=\u00a0\u00bb{}\u00a0\u00bb sticky_enabled=\u00a0\u00bb0&Prime;][\/et_pb_image][et_pb_text _builder_version=\u00a0\u00bb4.27.4&Prime; _module_preset=\u00a0\u00bbcb02b6f5-5b7c-434e-b02d-5f5927a7c95c\u00a0\u00bb custom_margin=\u00a0\u00bb||10px||false|false\u00a0\u00bb global_colors_info=\u00a0\u00bb{}\u00a0\u00bb]<\/p>\n<h4><span>COMMUNICATION<\/span><\/h4>\n<p>[\/et_pb_text][et_pb_text _builder_version=\u00a0\u00bb4.27.4&Prime; _module_preset=\u00a0\u00bbcc436c99-abeb-45a3-9a5e-10c2adba0883&Prime; header_4_letter_spacing=\u00a0\u00bb0em\u00a0\u00bb custom_margin=\u00a0\u00bb||10px||false|false\u00a0\u00bb locked=\u00a0\u00bboff\u00a0\u00bb global_colors_info=\u00a0\u00bb{}\u00a0\u00bb]<\/p>\n<h4><span>cr\u00e9ation de contenus<\/span><\/h4>\n<p>[\/et_pb_text][et_pb_text _builder_version=\u00a0\u00bb4.27.4&Prime; _module_preset=\u00a0\u00bb62950639-4061-4129-acc2-091988cf1afc\u00a0\u00bb custom_margin=\u00a0\u00bb-18px||0px||false|false\u00a0\u00bb custom_padding=\u00a0\u00bb0px||0px|||\u00a0\u00bb global_colors_info=\u00a0\u00bb{}\u00a0\u00bb]<\/p>\n<p><span>Visuels, supports print et digitaux.<\/span><\/p>\n<p>[\/et_pb_text][et_pb_text _builder_version=\u00a0\u00bb4.27.4&Prime; _module_preset=\u00a0\u00bbcc436c99-abeb-45a3-9a5e-10c2adba0883&Prime; header_4_letter_spacing=\u00a0\u00bb0em\u00a0\u00bb custom_margin=\u00a0\u00bb6px||10px||false|false\u00a0\u00bb locked=\u00a0\u00bboff\u00a0\u00bb global_colors_info=\u00a0\u00bb{}\u00a0\u00bb]<\/p>\n<h4><span>Identit\u00e9 visuelle<\/span><\/h4>\n<p>[\/et_pb_text][et_pb_text _builder_version=\u00a0\u00bb4.27.4&Prime; _module_preset=\u00a0\u00bb62950639-4061-4129-acc2-091988cf1afc\u00a0\u00bb custom_margin=\u00a0\u00bb-18px||0px||false|false\u00a0\u00bb custom_padding=\u00a0\u00bb0px||7px|||\u00a0\u00bb global_colors_info=\u00a0\u00bb{}\u00a0\u00bb]<\/p>\n<p><span>Cr\u00e9ation et d\u00e9clinaison de chartes graphiques.<\/span><\/p>\n<p>[\/et_pb_text][et_pb_text _builder_version=\u00a0\u00bb4.27.4&Prime; _module_preset=\u00a0\u00bbcc436c99-abeb-45a3-9a5e-10c2adba0883&Prime; header_4_letter_spacing=\u00a0\u00bb0em\u00a0\u00bb min_height=\u00a0\u00bb8px\u00a0\u00bb custom_margin=\u00a0\u00bb||10px||false|false\u00a0\u00bb custom_padding=\u00a0\u00bb||0px|||\u00a0\u00bb locked=\u00a0\u00bboff\u00a0\u00bb global_colors_info=\u00a0\u00bb{}\u00a0\u00bb]<\/p>\n<h4><span>Communication digitale<\/span><\/h4>\n<p>[\/et_pb_text][et_pb_text _builder_version=\u00a0\u00bb4.27.4&Prime; _module_preset=\u00a0\u00bb62950639-4061-4129-acc2-091988cf1afc\u00a0\u00bb custom_margin=\u00a0\u00bb-18px||0px||false|false\u00a0\u00bb custom_padding=\u00a0\u00bb0px||7px|||\u00a0\u00bb global_colors_info=\u00a0\u00bb{}\u00a0\u00bb]<\/p>\n<p><span>R\u00e9seaux sociaux et promotion d\u2019\u00e9v\u00e9nements.<\/span><\/p>\n<p>[\/et_pb_text][et_pb_text _builder_version=\u00a0\u00bb4.27.4&Prime; _module_preset=\u00a0\u00bbcc436c99-abeb-45a3-9a5e-10c2adba0883&Prime; header_4_letter_spacing=\u00a0\u00bb0em\u00a0\u00bb custom_margin=\u00a0\u00bb||10px||false|false\u00a0\u00bb locked=\u00a0\u00bboff\u00a0\u00bb global_colors_info=\u00a0\u00bb{}\u00a0\u00bb]<\/p>\n<h4><span><strong data-start=\"172\" data-end=\"204\">Communication &amp; storytelling<\/strong><\/span><\/h4>\n<p>[\/et_pb_text][et_pb_text _builder_version=\u00a0\u00bb4.27.4&Prime; _module_preset=\u00a0\u00bb62950639-4061-4129-acc2-091988cf1afc\u00a0\u00bb custom_margin=\u00a0\u00bb-18px||0px||false|false\u00a0\u00bb custom_padding=\u00a0\u00bb0px||7px|||\u00a0\u00bb global_colors_info=\u00a0\u00bb{}\u00a0\u00bb]<\/p>\n<p><span>Cr\u00e9ation de messages et d\u2019univers de marque.<\/span><\/p>\n<p>[\/et_pb_text][\/et_pb_column][\/et_pb_row][\/et_pb_section][et_pb_section fb_built=\u00a0\u00bb1&Prime; admin_label=\u00a0\u00bbPackages\u00a0\u00bb _builder_version=\u00a0\u00bb4.20.0&Prime; _module_preset=\u00a0\u00bbdefault\u00a0\u00bb collapsed=\u00a0\u00bbon\u00a0\u00bb global_colors_info=\u00a0\u00bb{}\u00a0\u00bb][et_pb_row column_structure=\u00a0\u00bb1_2,1_2&Prime; _builder_version=\u00a0\u00bb4.20.0&Prime; _module_preset=\u00a0\u00bbdefault\u00a0\u00bb custom_margin=\u00a0\u00bb-59px|auto||auto||\u00a0\u00bb global_colors_info=\u00a0\u00bb{}\u00a0\u00bb][et_pb_column type=\u00a0\u00bb1_2&Prime; _builder_version=\u00a0\u00bb4.20.0&Prime; _module_preset=\u00a0\u00bbdefault\u00a0\u00bb custom_padding=\u00a0\u00bb|40px||40px|true|true\u00a0\u00bb custom_padding_tablet=\u00a0\u00bb|||0px|false|false\u00a0\u00bb custom_padding_phone=\u00a0\u00bb||||false|false\u00a0\u00bb custom_padding_last_edited=\u00a0\u00bbon|phone\u00a0\u00bb global_colors_info=\u00a0\u00bb{}\u00a0\u00bb][et_pb_image src=\u00a0\u00bbhttps:\/\/supexup.formatome.fr\/2025-2026\/MSCM1\/3\/wp-content\/uploads\/2026\/01\/Capture-decran-2026-01-26-a-19.26.16.png\u00a0\u00bb _builder_version=\u00a0\u00bb4.27.4&Prime; _module_preset=\u00a0\u00bbdefault\u00a0\u00bb custom_margin=\u00a0\u00bb30px||||false|false\u00a0\u00bb hover_enabled=\u00a0\u00bb0&Prime; locked=\u00a0\u00bboff\u00a0\u00bb global_colors_info=\u00a0\u00bb{}\u00a0\u00bb sticky_enabled=\u00a0\u00bb0&Prime;][\/et_pb_image][et_pb_text _builder_version=\u00a0\u00bb4.27.4&Prime; _module_preset=\u00a0\u00bbcb02b6f5-5b7c-434e-b02d-5f5927a7c95c\u00a0\u00bb custom_margin=\u00a0\u00bb||10px||false|false\u00a0\u00bb global_colors_info=\u00a0\u00bb{}\u00a0\u00bb]<\/p>\n<h4><span>MARKETING<\/span><\/h4>\n<p>[\/et_pb_text][et_pb_text _builder_version=\u00a0\u00bb4.27.4&Prime; _module_preset=\u00a0\u00bbcc436c99-abeb-45a3-9a5e-10c2adba0883&Prime; header_4_letter_spacing=\u00a0\u00bb0em\u00a0\u00bb custom_margin=\u00a0\u00bb||10px||false|false\u00a0\u00bb custom_padding=\u00a0\u00bb0px||0px|||\u00a0\u00bb global_colors_info=\u00a0\u00bb{}\u00a0\u00bb]<\/p>\n<h4><span>Marketing analytique<\/span><\/h4>\n<p>[\/et_pb_text][et_pb_text _builder_version=\u00a0\u00bb4.27.4&Prime; _module_preset=\u00a0\u00bb62950639-4061-4129-acc2-091988cf1afc\u00a0\u00bb custom_margin=\u00a0\u00bb-13px||0px||false|false\u00a0\u00bb custom_padding=\u00a0\u00bb0px||0px|||\u00a0\u00bb global_colors_info=\u00a0\u00bb{}\u00a0\u00bb]<\/p>\n<p><span>Comprendre les donn\u00e9es pour orienter les d\u00e9cisions\u00a0<\/span><\/p>\n<p>[\/et_pb_text][et_pb_text _builder_version=\u00a0\u00bb4.27.4&Prime; _module_preset=\u00a0\u00bbcc436c99-abeb-45a3-9a5e-10c2adba0883&Prime; header_4_letter_spacing=\u00a0\u00bb0em\u00a0\u00bb custom_margin=\u00a0\u00bb||10px||false|false\u00a0\u00bb custom_padding=\u00a0\u00bb10px||0px|||\u00a0\u00bb global_colors_info=\u00a0\u00bb{}\u00a0\u00bb]<\/p>\n<h4><span>Marketing strat\u00e9gique<\/span><\/h4>\n<p>[\/et_pb_text][et_pb_text _builder_version=\u00a0\u00bb4.27.4&Prime; _module_preset=\u00a0\u00bb62950639-4061-4129-acc2-091988cf1afc\u00a0\u00bb custom_margin=\u00a0\u00bb-13px||0px||false|false\u00a0\u00bb custom_padding=\u00a0\u00bb0px||0px|||\u00a0\u00bb global_colors_info=\u00a0\u00bb{}\u00a0\u00bb]<\/p>\n<p><span>Penser la marque et ses actions sur le long terme.<\/span><\/p>\n<p>[\/et_pb_text][et_pb_text _builder_version=\u00a0\u00bb4.27.4&Prime; _module_preset=\u00a0\u00bbcc436c99-abeb-45a3-9a5e-10c2adba0883&Prime; header_4_letter_spacing=\u00a0\u00bb0em\u00a0\u00bb custom_margin=\u00a0\u00bb||10px||false|false\u00a0\u00bb custom_padding=\u00a0\u00bb10px||0px|||\u00a0\u00bb global_colors_info=\u00a0\u00bb{}\u00a0\u00bb]<\/p>\n<h4><span>Marketing op\u00e9rationnel &amp; cross-canal<\/span><\/h4>\n<p>[\/et_pb_text][et_pb_text _builder_version=\u00a0\u00bb4.27.4&Prime; _module_preset=\u00a0\u00bb62950639-4061-4129-acc2-091988cf1afc\u00a0\u00bb custom_margin=\u00a0\u00bb-13px||0px||false|false\u00a0\u00bb custom_padding=\u00a0\u00bb0px||0px|||\u00a0\u00bb global_colors_info=\u00a0\u00bb{}\u00a0\u00bb]<\/p>\n<p><span>Mettre en \u0153uvre des actions concr\u00e8tes et coh\u00e9rentes sur tous les canaux.<\/span><\/p>\n<p>[\/et_pb_text][\/et_pb_column][et_pb_column type=\u00a0\u00bb1_2&Prime; _builder_version=\u00a0\u00bb4.20.0&Prime; _module_preset=\u00a0\u00bbdefault\u00a0\u00bb custom_padding=\u00a0\u00bb|40px||40px|true|true\u00a0\u00bb custom_padding_tablet=\u00a0\u00bb|||0px|false|false\u00a0\u00bb custom_padding_phone=\u00a0\u00bb||||false|false\u00a0\u00bb custom_padding_last_edited=\u00a0\u00bbon|phone\u00a0\u00bb global_colors_info=\u00a0\u00bb{}\u00a0\u00bb][et_pb_image src=\u00a0\u00bbhttps:\/\/supexup.formatome.fr\/2025-2026\/MSCM1\/3\/wp-content\/uploads\/2026\/01\/Capture-decran-2026-01-26-a-19.06.36.png\u00a0\u00bb _builder_version=\u00a0\u00bb4.27.4&Prime; _module_preset=\u00a0\u00bbdefault\u00a0\u00bb custom_margin=\u00a0\u00bb30px||||false|false\u00a0\u00bb hover_enabled=\u00a0\u00bb0&Prime; locked=\u00a0\u00bboff\u00a0\u00bb global_colors_info=\u00a0\u00bb{}\u00a0\u00bb sticky_enabled=\u00a0\u00bb0&Prime;][\/et_pb_image][et_pb_text _builder_version=\u00a0\u00bb4.27.4&Prime; _module_preset=\u00a0\u00bbcb02b6f5-5b7c-434e-b02d-5f5927a7c95c\u00a0\u00bb custom_margin=\u00a0\u00bb||10px||false|false\u00a0\u00bb global_colors_info=\u00a0\u00bb{}\u00a0\u00bb]<\/p>\n<h4><strong data-start=\"363\" data-end=\"389\">Gestion&amp;organisation<\/strong><\/h4>\n<p>[\/et_pb_text][et_pb_text _builder_version=\u00a0\u00bb4.27.4&Prime; _module_preset=\u00a0\u00bbcc436c99-abeb-45a3-9a5e-10c2adba0883&Prime; header_4_letter_spacing=\u00a0\u00bb0em\u00a0\u00bb custom_margin=\u00a0\u00bb||-8px||false|false\u00a0\u00bb locked=\u00a0\u00bboff\u00a0\u00bb global_colors_info=\u00a0\u00bb{}\u00a0\u00bb]<\/p>\n<h4><span>Gestion administrative<\/span><\/h4>\n<p>[\/et_pb_text][et_pb_text _builder_version=\u00a0\u00bb4.27.4&Prime; _module_preset=\u00a0\u00bb62950639-4061-4129-acc2-091988cf1afc\u00a0\u00bb custom_margin=\u00a0\u00bb-13px||0px||false|false\u00a0\u00bb custom_padding=\u00a0\u00bb3px||1px|||\u00a0\u00bb global_colors_info=\u00a0\u00bb{}\u00a0\u00bb]<\/p>\n<p><span>Devis, factures et suivi des dossiers.<\/span><\/p>\n<p>[\/et_pb_text][et_pb_text _builder_version=\u00a0\u00bb4.27.4&Prime; _module_preset=\u00a0\u00bbcc436c99-abeb-45a3-9a5e-10c2adba0883&Prime; header_4_letter_spacing=\u00a0\u00bb0em\u00a0\u00bb custom_margin=\u00a0\u00bb||-8px||false|false\u00a0\u00bb custom_padding=\u00a0\u00bb9px||2px|||\u00a0\u00bb locked=\u00a0\u00bboff\u00a0\u00bb global_colors_info=\u00a0\u00bb{}\u00a0\u00bb]<\/p>\n<h4><span>Gestion des partenariats<\/span><\/h4>\n<p>[\/et_pb_text][et_pb_text _builder_version=\u00a0\u00bb4.27.4&Prime; _module_preset=\u00a0\u00bb62950639-4061-4129-acc2-091988cf1afc\u00a0\u00bb custom_margin=\u00a0\u00bb-13px||0px||false|false\u00a0\u00bb custom_padding=\u00a0\u00bb3px||6px|||\u00a0\u00bb global_colors_info=\u00a0\u00bb{}\u00a0\u00bb]<\/p>\n<p><span>Recherche, suivi et coordination des partenaires.\u00a0<\/span><\/p>\n<p>[\/et_pb_text][et_pb_text _builder_version=\u00a0\u00bb4.27.4&Prime; _module_preset=\u00a0\u00bbcc436c99-abeb-45a3-9a5e-10c2adba0883&Prime; header_4_letter_spacing=\u00a0\u00bb0em\u00a0\u00bb custom_margin=\u00a0\u00bb||-8px||false|false\u00a0\u00bb custom_padding=\u00a0\u00bb||2px|||\u00a0\u00bb locked=\u00a0\u00bboff\u00a0\u00bb global_colors_info=\u00a0\u00bb{}\u00a0\u00bb]<\/p>\n<h4><span><strong data-start=\"398\" data-end=\"425\">Organisation &amp; planning<\/strong><\/span><\/h4>\n<p>[\/et_pb_text][et_pb_text _builder_version=\u00a0\u00bb4.27.4&Prime; _module_preset=\u00a0\u00bb62950639-4061-4129-acc2-091988cf1afc\u00a0\u00bb custom_margin=\u00a0\u00bb-13px||0px||false|false\u00a0\u00bb custom_padding=\u00a0\u00bb3px||6px|||\u00a0\u00bb global_colors_info=\u00a0\u00bb{}\u00a0\u00bb]<\/p>\n<p><span>Planification et coordination des projets.<\/span><\/p>\n<p>[\/et_pb_text][et_pb_text _builder_version=\u00a0\u00bb4.27.4&Prime; _module_preset=\u00a0\u00bbcc436c99-abeb-45a3-9a5e-10c2adba0883&Prime; header_4_letter_spacing=\u00a0\u00bb0em\u00a0\u00bb custom_margin=\u00a0\u00bb||-8px||false|false\u00a0\u00bb custom_padding=\u00a0\u00bb||2px|||\u00a0\u00bb locked=\u00a0\u00bboff\u00a0\u00bb global_colors_info=\u00a0\u00bb{}\u00a0\u00bb]<\/p>\n<h4><span><strong data-start=\"398\" data-end=\"425\">Planning \u00e9ditorial<\/strong><\/span><\/h4>\n<p>[\/et_pb_text][et_pb_text _builder_version=\u00a0\u00bb4.27.4&Prime; _module_preset=\u00a0\u00bb62950639-4061-4129-acc2-091988cf1afc\u00a0\u00bb custom_margin=\u00a0\u00bb-13px||0px||false|false\u00a0\u00bb custom_padding=\u00a0\u00bb3px||6px|||\u00a0\u00bb global_colors_info=\u00a0\u00bb{}\u00a0\u00bb]<\/p>\n<p><span>Gestion des contenus et calendrier de publication.<\/span><\/p>\n<p>[\/et_pb_text][\/et_pb_column][\/et_pb_row][\/et_pb_section]<\/p>\n","protected":false},"excerpt":{"rendered":"<p>Mes comp\u00e9tences\u00c9V\u00c9NEMENTIEL Organisation d&rsquo;\u00e9venementsConception, planification et coordination d\u2019\u00e9v\u00e9nements.Logistique &amp; coordinationGestion du timing, du mat\u00e9riel et des prestataires.Relationnel &amp; accueilAccueil des participants et gestion de l\u2019exp\u00e9rience sur le terrain.Gestion du terrainAdaptation, r\u00e9activit\u00e9 et gestion des impr\u00e9vus.COMMUNICATIONcr\u00e9ation de contenusVisuels, supports print et digitaux.Identit\u00e9 visuelleCr\u00e9ation et d\u00e9clinaison de chartes graphiques.Communication digitaleR\u00e9seaux sociaux et promotion d\u2019\u00e9v\u00e9nements.Communication &amp; storytellingCr\u00e9ation de [&hellip;]<\/p>\n","protected":false},"author":2,"featured_media":0,"parent":0,"menu_order":0,"comment_status":"closed","ping_status":"closed","template":"","meta":{"_et_pb_use_builder":"on","_et_pb_old_content":"","_et_gb_content_width":"","footnotes":""},"class_list":["post-167","page","type-page","status-publish","hentry"],"_links":{"self":[{"href":"https:\/\/supexup.formatome.fr\/2025-2026\/MSCM1\/3\/index.php?rest_route=\/wp\/v2\/pages\/167","targetHints":{"allow":["GET"]}}],"collection":[{"href":"https:\/\/supexup.formatome.fr\/2025-2026\/MSCM1\/3\/index.php?rest_route=\/wp\/v2\/pages"}],"about":[{"href":"https:\/\/supexup.formatome.fr\/2025-2026\/MSCM1\/3\/index.php?rest_route=\/wp\/v2\/types\/page"}],"author":[{"embeddable":true,"href":"https:\/\/supexup.formatome.fr\/2025-2026\/MSCM1\/3\/index.php?rest_route=\/wp\/v2\/users\/2"}],"replies":[{"embeddable":true,"href":"https:\/\/supexup.formatome.fr\/2025-2026\/MSCM1\/3\/index.php?rest_route=%2Fwp%2Fv2%2Fcomments&post=167"}],"version-history":[{"count":11,"href":"https:\/\/supexup.formatome.fr\/2025-2026\/MSCM1\/3\/index.php?rest_route=\/wp\/v2\/pages\/167\/revisions"}],"predecessor-version":[{"id":422,"href":"https:\/\/supexup.formatome.fr\/2025-2026\/MSCM1\/3\/index.php?rest_route=\/wp\/v2\/pages\/167\/revisions\/422"}],"wp:attachment":[{"href":"https:\/\/supexup.formatome.fr\/2025-2026\/MSCM1\/3\/index.php?rest_route=%2Fwp%2Fv2%2Fmedia&parent=167"}],"curies":[{"name":"wp","href":"https:\/\/api.w.org\/{rel}","templated":true}]}}