{"id":81,"date":"2025-11-24T10:22:30","date_gmt":"2025-11-24T10:22:30","guid":{"rendered":"https:\/\/supexup.formatome.fr\/2025-2026\/MSCM1\/2\/?page_id=81"},"modified":"2026-01-27T14:50:55","modified_gmt":"2026-01-27T14:50:55","slug":"blog","status":"publish","type":"page","link":"https:\/\/supexup.formatome.fr\/2025-2026\/MSCM1\/2\/?page_id=81","title":{"rendered":"Blog"},"content":{"rendered":"<p>[et_pb_section fb_built=&#8221;1&#8243; admin_label=&#8221;Blog&#8221; _builder_version=&#8221;4.20.0&#8243; _module_preset=&#8221;default&#8221; collapsed=&#8221;on&#8221; global_colors_info=&#8221;{}&#8221;][et_pb_row _builder_version=&#8221;4.20.0&#8243; _module_preset=&#8221;default&#8221; global_colors_info=&#8221;{}&#8221;][et_pb_column type=&#8221;4_4&#8243; _builder_version=&#8221;4.20.0&#8243; _module_preset=&#8221;default&#8221; global_colors_info=&#8221;{}&#8221;][et_pb_text _builder_version=&#8221;4.27.4&#8243; _module_preset=&#8221;c9361dca-104c-433d-ab7c-94a07c5e3098&#8243; global_colors_info=&#8221;{}&#8221;]<\/p>\n<h1 style=\"text-align: center;\">My Blog<\/h1>\n<p>[\/et_pb_text][et_pb_divider show_divider=&#8221;off&#8221; _builder_version=&#8221;4.27.4&#8243; _module_preset=&#8221;default&#8221; global_colors_info=&#8221;{}&#8221;][\/et_pb_divider][\/et_pb_column][\/et_pb_row][et_pb_row column_structure=&#8221;1_2,1_2&#8243; _builder_version=&#8221;4.27.4&#8243; _module_preset=&#8221;default&#8221; global_colors_info=&#8221;{}&#8221;][et_pb_column type=&#8221;1_2&#8243; _builder_version=&#8221;4.27.4&#8243; _module_preset=&#8221;default&#8221; global_colors_info=&#8221;{}&#8221;][et_pb_text _builder_version=&#8221;4.27.4&#8243; _module_preset=&#8221;default&#8221; custom_margin=&#8221;-65px|||||&#8221; global_colors_info=&#8221;{}&#8221;]<\/p>\n<h1 style=\"text-align: center;\"><strong><span dir=\"auto\" style=\"vertical-align: inherit;\"><span dir=\"auto\" style=\"vertical-align: inherit;\"><span dir=\"auto\" style=\"vertical-align: inherit;\"><span dir=\"auto\" style=\"vertical-align: inherit;\"><span dir=\"auto\" style=\"vertical-align: inherit;\"><span dir=\"auto\" style=\"vertical-align: inherit;\">La Naissance d&#8217;Aur\u00e9a<\/span><\/span><\/span><\/span><\/span><\/span><\/strong><\/h1>\n<p>[\/et_pb_text][et_pb_divider show_divider=&#8221;off&#8221; _builder_version=&#8221;4.27.4&#8243; _module_preset=&#8221;default&#8221; custom_margin=&#8221;-29px|||||&#8221; global_colors_info=&#8221;{}&#8221;][\/et_pb_divider][et_pb_image src=&#8221;https:\/\/supexup.formatome.fr\/2025-2026\/MSCM1\/2\/wp-content\/uploads\/2026\/01\/aurea-noir-1.png&#8221; title_text=&#8221;aur\u00e9a noir&#8221; align=&#8221;center&#8221; _builder_version=&#8221;4.27.4&#8243; _module_preset=&#8221;default&#8221; global_colors_info=&#8221;{}&#8221;][\/et_pb_image][\/et_pb_column][et_pb_column type=&#8221;1_2&#8243; _builder_version=&#8221;4.27.4&#8243; _module_preset=&#8221;default&#8221; global_colors_info=&#8221;{}&#8221;][et_pb_text _builder_version=&#8221;4.27.4&#8243; _module_preset=&#8221;default&#8221; custom_margin=&#8221;19px||57px|||&#8221; global_colors_info=&#8221;{}&#8221;]<\/p>\n<h3 data-start=\"207\" data-end=\"266\" style=\"text-align: center;\"><span style=\"color: #000000;\"><strong data-start=\"209\" data-end=\"266\"><span dir=\"auto\">Quand la beaut\u00e9 s\u2019adapte enfin \u00e0 la vraie vie<\/span><\/strong><\/span><\/h3>\n<p data-start=\"268\" data-end=\"508\" style=\"text-align: center;\"><span dir=\"auto\" style=\"color: #000000;\">Dans un monde o\u00f9 tout va toujours plus vite, la beaut\u00e9 m\u00e9rite d\u2019\u00eatre un moment de plaisir, pas une contrainte.<\/span><br data-start=\"378\" data-end=\"381\" \/><span style=\"color: #000000;\"><span dir=\"auto\">C\u2019est de cette conviction qu\u2019est n\u00e9e\u00a0<\/span><strong data-start=\"418\" data-end=\"427\"><span dir=\"auto\">AUR\u00c9A<\/span><\/strong><span dir=\"auto\">\u00a0, une marque de faux cils press-on pens\u00e9e pour sublimer le regard sans compromis.<\/span><\/span><\/p>\n<p data-start=\"268\" data-end=\"508\" style=\"text-align: center;\"><span style=\"color: #000000;\"><span dir=\"auto\"><\/span><\/span><\/p>\n<p data-start=\"268\" data-end=\"508\" style=\"text-align: center;\"><span style=\"color: #000000;\"><span dir=\"auto\"><\/span><\/span><\/p>\n<h3 data-start=\"510\" data-end=\"546\" style=\"text-align: center;\"><span style=\"color: #000000;\"><strong data-start=\"513\" data-end=\"546\"><span dir=\"auto\">Une id\u00e9e n\u00e9e d\u2019un besoin r\u00e9el<\/span><\/strong><\/span><\/h3>\n<p data-start=\"548\" data-end=\"983\" style=\"text-align: center;\"><span dir=\"auto\" style=\"color: #000000;\">Pendant longtemps, je me suis retrouv\u00e9e face \u00e0 un dilemme que beaucoup de femmes connaissent.<\/span><br data-start=\"641\" data-end=\"644\" \/><span dir=\"auto\" style=\"color: #000000;\">J\u2019adore l\u2019\u00e9l\u00e9gance des extensions de cils, leur effet \u00ab regard parfait \u00bb, mais pas les rendez-vous interminables, ni le budget qu\u2019elles impliquent.<\/span><br data-start=\"793\" data-end=\"796\" \/><span dir=\"auto\" style=\"color: #000000;\">\u00c0 l\u2019inverse, les faux cils classiques promettaient une alternative rapide, mais entre la colle impr\u00e9visible, les bavures et une tenue incertaine, l\u2019exp\u00e9rience \u00e9tait rarement \u00e0 la hauteur.<\/span><\/p>\n<p data-start=\"985\" data-end=\"1097\" style=\"text-align: center;\"><span dir=\"auto\" style=\"color: #000000;\">Il manquait quelque chose.<\/span><br data-start=\"1011\" data-end=\"1014\" \/><span dir=\"auto\" style=\"color: #000000;\">Un juste milieu.<\/span><br data-start=\"1030\" data-end=\"1033\" \/><span dir=\"auto\" style=\"color: #000000;\">Une solution simple, fiable et agr\u00e9able \u00e0 utiliser au quotidien.<\/span><\/p>\n<p>[\/et_pb_text][\/et_pb_column][\/et_pb_row][et_pb_row column_structure=&#8221;2_5,3_5&#8243; _builder_version=&#8221;4.27.4&#8243; _module_preset=&#8221;default&#8221; custom_margin=&#8221;-124px|auto||auto||&#8221; global_colors_info=&#8221;{}&#8221;][et_pb_column type=&#8221;2_5&#8243; _builder_version=&#8221;4.27.4&#8243; _module_preset=&#8221;default&#8221; global_colors_info=&#8221;{}&#8221;][et_pb_text _builder_version=&#8221;4.27.4&#8243; _module_preset=&#8221;default&#8221; custom_margin=&#8221;162px|||||&#8221; global_colors_info=&#8221;{}&#8221;]<\/p>\n<h3 data-start=\"1648\" data-end=\"1679\" style=\"text-align: center;\"><strong data-start=\"1651\" data-end=\"1679\"><span dir=\"auto\" style=\"vertical-align: inherit;\">La signification d&#8217;AUR\u00c9A<\/span><\/strong><\/h3>\n<p data-start=\"1681\" data-end=\"1894\" style=\"text-align: center;\"><span dir=\"auto\" style=\"vertical-align: inherit;\">Le nom <\/span><strong data-start=\"1688\" data-end=\"1697\"><span dir=\"auto\" style=\"vertical-align: inherit;\">AUR\u00c9A<\/span><\/strong><span dir=\"auto\" style=\"vertical-align: inherit;\"> s&#8217;inspire du mot <\/span><em data-start=\"1715\" data-end=\"1724\"><span dir=\"auto\" style=\"vertical-align: inherit;\">aur\u00e9ole<\/span><\/em><span dir=\"auto\" style=\"vertical-align: inherit;\"> cette lumi\u00e8re douce et subtile qui entoure tout ce qui rayonne. <\/span><br data-start=\"1790\" data-end=\"1793\" \/><span dir=\"auto\" style=\"vertical-align: inherit;\">Il symbolise la philosophie de la marque : la beaut\u00e9 n&#8217;est pas quelque chose \u00e0 cr\u00e9er, mais \u00e0 r\u00e9v\u00e9ler.<\/span><\/p>\n<p data-start=\"1896\" data-end=\"2007\" style=\"text-align: center;\"><span dir=\"auto\" style=\"vertical-align: inherit;\">Chaque femme poss\u00e8de d\u00e9j\u00e0 sa propre lumi\u00e8re. <\/span><br data-start=\"1940\" data-end=\"1943\" \/><span dir=\"auto\" style=\"vertical-align: inherit;\">AUR\u00c9A est l\u00e0 pour la mise en valeur, avec \u00e9l\u00e9gance et naturel.<\/span><\/p>\n<h3 data-start=\"2009\" data-end=\"2065\" style=\"text-align: center;\"><\/h3>\n<p>[\/et_pb_text][\/et_pb_column][et_pb_column type=&#8221;3_5&#8243; _builder_version=&#8221;4.27.4&#8243; _module_preset=&#8221;default&#8221; global_colors_info=&#8221;{}&#8221;][et_pb_text _builder_version=&#8221;4.27.4&#8243; _module_preset=&#8221;default&#8221; custom_margin=&#8221;59px||-67px|||&#8221; global_colors_info=&#8221;{}&#8221;][\/et_pb_text][et_pb_image src=&#8221;https:\/\/supexup.formatome.fr\/2025-2026\/MSCM1\/2\/wp-content\/uploads\/2026\/01\/logo-aurea.png&#8221; title_text=&#8221;logo aur\u00e9a&#8221; _builder_version=&#8221;4.27.4&#8243; _module_preset=&#8221;default&#8221; global_colors_info=&#8221;{}&#8221;][\/et_pb_image][\/et_pb_column][\/et_pb_row][et_pb_row column_structure=&#8221;1_2,1_2&#8243; _builder_version=&#8221;4.27.4&#8243; _module_preset=&#8221;default&#8221; global_colors_info=&#8221;{}&#8221;][et_pb_column type=&#8221;1_2&#8243; _builder_version=&#8221;4.27.4&#8243; _module_preset=&#8221;default&#8221; global_colors_info=&#8221;{}&#8221;][et_pb_text _builder_version=&#8221;4.27.4&#8243; _module_preset=&#8221;default&#8221; custom_margin=&#8221;-62px|||||&#8221; global_colors_info=&#8221;{}&#8221;]<\/p>\n<h1 style=\"text-align: center;\"><strong><span dir=\"auto\" style=\"vertical-align: inherit;\"><span dir=\"auto\" style=\"vertical-align: inherit;\"><span dir=\"auto\" style=\"vertical-align: inherit;\"><span dir=\"auto\" style=\"vertical-align: inherit;\"><span dir=\"auto\" style=\"vertical-align: inherit;\"><span dir=\"auto\" style=\"vertical-align: inherit;\">Le rituel beaut\u00e9<\/span><\/span><\/span><\/span><\/span><\/span><\/strong><\/h1>\n<p>[\/et_pb_text][et_pb_divider show_divider=&#8221;off&#8221; _builder_version=&#8221;4.27.4&#8243; _module_preset=&#8221;default&#8221; global_colors_info=&#8221;{}&#8221;][\/et_pb_divider][et_pb_image src=&#8221;https:\/\/supexup.formatome.fr\/2025-2026\/MSCM1\/2\/wp-content\/uploads\/2026\/01\/confiance.jpg&#8221; title_text=&#8221;confiance&#8221; align=&#8221;center&#8221; _builder_version=&#8221;4.27.4&#8243; _module_preset=&#8221;default&#8221; global_colors_info=&#8221;{}&#8221;][\/et_pb_image][et_pb_text _builder_version=&#8221;4.27.4&#8243; _module_preset=&#8221;default&#8221; custom_margin=&#8221;100px|||||&#8221; global_colors_info=&#8221;{}&#8221;]<\/p>\n<p data-start=\"2691\" data-end=\"2822\" style=\"text-align: center;\">\n<h3 data-start=\"2824\" data-end=\"2856\" style=\"text-align: center;\"><strong data-start=\"2827\" data-end=\"2856\"><span dir=\"auto\" style=\"vertical-align: inherit;\"><span dir=\"auto\" style=\"vertical-align: inherit;\">AUR\u00c9A, plus qu&#8217;un produit<\/span><\/span><\/strong><\/h3>\n<p data-start=\"2858\" data-end=\"2985\" style=\"text-align: center;\"><span dir=\"auto\" style=\"vertical-align: inherit;\"><span dir=\"auto\" style=\"vertical-align: inherit;\">AUR\u00c9A, c&#8217;est une nouvelle mani\u00e8re de vivre la beaut\u00e9 du regard. <\/span><\/span><br data-start=\"2921\" data-end=\"2924\" \/><span dir=\"auto\" style=\"vertical-align: inherit;\"><span dir=\"auto\" style=\"vertical-align: inherit;\">Un geste simple, une exp\u00e9rience fluide, un r\u00e9sultat lumineux.<\/span><\/span><\/p>\n<p data-start=\"2987\" data-end=\"3049\" style=\"text-align: center;\"><span dir=\"auto\" style=\"vertical-align: inherit;\"><span dir=\"auto\" style=\"vertical-align: inherit;\">Parce que r\u00e9v\u00e9ler sa lumi\u00e8re, c&#8217;est aussi se r\u00e9v\u00e9ler soi-m\u00eame.<\/span><\/span><\/p>\n<p>[\/et_pb_text][\/et_pb_column][et_pb_column type=&#8221;1_2&#8243; _builder_version=&#8221;4.27.4&#8243; _module_preset=&#8221;default&#8221; global_colors_info=&#8221;{}&#8221;][et_pb_text _builder_version=&#8221;4.27.4&#8243; _module_preset=&#8221;default&#8221; custom_margin=&#8221;80px||57px|||&#8221; global_colors_info=&#8221;{}&#8221;]<\/p>\n<h3 data-start=\"1099\" data-end=\"1148\" style=\"text-align: center;\"><strong data-start=\"1102\" data-end=\"1148\"><span dir=\"auto\" style=\"vertical-align: inherit;\">Cr\u00e9er un rituel beaut\u00e9, pas une contrainte<\/span><\/strong><\/h3>\n<p data-start=\"1150\" data-end=\"1329\" style=\"text-align: center;\"><span dir=\"auto\" style=\"vertical-align: inherit;\">AUR\u00c9A est n\u00e9e de cette envie de r\u00e9inventer la pose de faux cils. <\/span><br data-start=\"1214\" data-end=\"1217\" \/><span dir=\"auto\" style=\"vertical-align: inherit;\">Un geste rapide, intuitif et s\u00fbr, qui s&#8217;int\u00e8gre naturellement dans la routine beaut\u00e9, sans stress ni technicit\u00e9.<\/span><\/p>\n<p data-start=\"1331\" data-end=\"1597\" style=\"text-align: center;\"><span dir=\"auto\" style=\"vertical-align: inherit;\">Nos faux cils press-on, avec <\/span><strong data-start=\"1360\" data-end=\"1383\"><span dir=\"auto\" style=\"vertical-align: inherit;\">colle d\u00e9j\u00e0 int\u00e9gr\u00e9e<\/span><\/strong><span dir=\"auto\" style=\"vertical-align: inherit;\"> , s&#8217;appliquent en seulement <\/span><strong data-start=\"1411\" data-end=\"1424\"><span dir=\"auto\" style=\"vertical-align: inherit;\">3 minutes<\/span><\/strong><span dir=\"auto\" style=\"vertical-align: inherit;\"> . <\/span><br data-start=\"1425\" data-end=\"1428\" \/><span dir=\"auto\" style=\"vertical-align: inherit;\">Ils offrent une <\/span><strong data-start=\"1444\" data-end=\"1482\"><span dir=\"auto\" style=\"vertical-align: inherit;\">tenue longue dur\u00e9e jusqu&#8217;\u00e0 7 jours<\/span><\/strong><span dir=\"auto\" style=\"vertical-align: inherit;\"> , tout en restant confortables et faciles \u00e0 retirer. <\/span><br data-start=\"1534\" data-end=\"1537\" \/><span dir=\"auto\" style=\"vertical-align: inherit;\">Pas de colle liquide, pas de bavures, pas de perte de temps.<\/span><\/p>\n<p data-start=\"1599\" data-end=\"1646\" style=\"text-align: center;\"><span dir=\"auto\" style=\"vertical-align: inherit;\">Juste un rituel beaut\u00e9 pens\u00e9 pour la vraie vie.<\/span><\/p>\n<p>[\/et_pb_text][\/et_pb_column][\/et_pb_row][et_pb_row column_structure=&#8221;1_2,1_2&#8243; _builder_version=&#8221;4.27.4&#8243; _module_preset=&#8221;default&#8221; global_colors_info=&#8221;{}&#8221;][et_pb_column type=&#8221;1_2&#8243; _builder_version=&#8221;4.27.4&#8243; _module_preset=&#8221;default&#8221; global_colors_info=&#8221;{}&#8221;][et_pb_divider show_divider=&#8221;off&#8221; _builder_version=&#8221;4.27.4&#8243; _module_preset=&#8221;default&#8221; global_colors_info=&#8221;{}&#8221;][\/et_pb_divider][et_pb_image src=&#8221;https:\/\/supexup.formatome.fr\/2025-2026\/MSCM1\/2\/wp-content\/uploads\/2025\/11\/2.png&#8221; title_text=&#8221;2&#8243; align=&#8221;center&#8221; _builder_version=&#8221;4.27.4&#8243; _module_preset=&#8221;default&#8221; global_colors_info=&#8221;{}&#8221;][\/et_pb_image][\/et_pb_column][et_pb_column type=&#8221;1_2&#8243; _builder_version=&#8221;4.27.4&#8243; _module_preset=&#8221;default&#8221; global_colors_info=&#8221;{}&#8221;][et_pb_text _builder_version=&#8221;4.27.4&#8243; _module_preset=&#8221;default&#8221; custom_margin=&#8221;132px||57px|||&#8221; global_colors_info=&#8221;{}&#8221;]<\/p>\n<h3 data-start=\"2009\" data-end=\"2065\" style=\"text-align: center;\"><strong data-start=\"2012\" data-end=\"2065\"><span dir=\"auto\" style=\"vertical-align: inherit;\">Des produits pens\u00e9s pour les femmes d&#8217;aujourd&#8217;hui<\/span><\/strong><\/h3>\n<p data-start=\"2067\" data-end=\"2263\" style=\"text-align: center;\"><span dir=\"auto\" style=\"vertical-align: inherit;\">AUR\u00c9A s&#8217;adresse aux femmes actives, libres et exigeantes. <\/span><br data-start=\"2124\" data-end=\"2127\" \/><span dir=\"auto\" style=\"vertical-align: inherit;\">Celles qui veulent se sentir belles sans d\u00e9pendre d&#8217;un salon, sans sacrifier leur temps, et sans compromis sur la qualit\u00e9 ou le confort.<\/span><\/p>\n<p data-start=\"2265\" data-end=\"2417\" style=\"text-align: center;\"><span dir=\"auto\" style=\"vertical-align: inherit;\">Nos collections sont con\u00e7ues pour s&#8217;adapter \u00e0 toutes les envies : <\/span><br data-start=\"2330\" data-end=\"2333\" \/><span dir=\"auto\" style=\"vertical-align: inherit;\">\u2013 naturel discret <\/span><br data-start=\"2350\" data-end=\"2353\" \/><span dir=\"auto\" style=\"vertical-align: inherit;\">\u2013 regard structur\u00e9 <\/span><br data-start=\"2371\" data-end=\"2374\" \/><span dir=\"auto\" style=\"vertical-align: inherit;\">\u2013 volume intense <\/span><br data-start=\"2390\" data-end=\"2393\" \/><span dir=\"auto\" style=\"vertical-align: inherit;\">\u2013 effet glamour assum\u00e9<\/span><\/p>\n<p data-start=\"2419\" data-end=\"2475\" style=\"text-align: center;\"><span dir=\"auto\" style=\"vertical-align: inherit;\">Parce que chaque regard raconte une histoire diff\u00e9rente.<\/span><\/p>\n<p>[\/et_pb_text][\/et_pb_column][\/et_pb_row][et_pb_row column_structure=&#8221;1_2,1_2&#8243; _builder_version=&#8221;4.27.4&#8243; _module_preset=&#8221;default&#8221; global_colors_info=&#8221;{}&#8221;][et_pb_column type=&#8221;1_2&#8243; _builder_version=&#8221;4.27.4&#8243; _module_preset=&#8221;default&#8221; global_colors_info=&#8221;{}&#8221;][et_pb_text _builder_version=&#8221;4.27.4&#8243; _module_preset=&#8221;default&#8221; global_colors_info=&#8221;{}&#8221;]<\/p>\n<h3 data-start=\"2477\" data-end=\"2519\" style=\"text-align: center;\"><strong data-start=\"2480\" data-end=\"2519\"><span dir=\"auto\" style=\"vertical-align: inherit;\">Une marque port\u00e9e par sa communaut\u00e9<\/span><\/strong><\/h3>\n<p data-start=\"2521\" data-end=\"2689\" style=\"text-align: center;\"><span dir=\"auto\" style=\"vertical-align: inherit;\">AUR\u00c9A est bien plus qu&#8217;une marque de faux cils. <\/span><br data-start=\"2568\" data-end=\"2571\" \/><span dir=\"auto\" style=\"vertical-align: inherit;\">C&#8217;est une communaut\u00e9 en construction, nourrie par les retours, les exp\u00e9riences et les envies de celles qui la portent.<\/span><\/p>\n<p data-start=\"2691\" data-end=\"2822\" style=\"text-align: center;\"><span dir=\"auto\" style=\"vertical-align: inherit;\">Nous croyons \u00e0 une beaut\u00e9 inclusive, bienveillante et accessible. <\/span><br data-start=\"2756\" data-end=\"2759\" \/><span dir=\"auto\" style=\"vertical-align: inherit;\">Une beaut\u00e9 qui accompagne, qui rassure et qui donne confiance.<\/span><\/p>\n<p>[\/et_pb_text][\/et_pb_column][et_pb_column type=&#8221;1_2&#8243; _builder_version=&#8221;4.27.4&#8243; _module_preset=&#8221;default&#8221; global_colors_info=&#8221;{}&#8221;][\/et_pb_column][\/et_pb_row][\/et_pb_section][et_pb_section fb_built=&#8221;1&#8243; admin_label=&#8221;Call to Action&#8221; _builder_version=&#8221;4.27.4&#8243; _module_preset=&#8221;default&#8221; background_image=&#8221;https:\/\/supexup.formatome.fr\/2025-2026\/MSCM1\/2\/wp-content\/uploads\/2025\/11\/Capture-decran_13-11-2025_161438_fr.pinterest.com_.jpeg&#8221; custom_padding=&#8221;8vw||8vw||true|false&#8221; locked=&#8221;off&#8221; collapsed=&#8221;on&#8221; global_colors_info=&#8221;{}&#8221;][et_pb_row _builder_version=&#8221;4.20.0&#8243; _module_preset=&#8221;default&#8221; max_width=&#8221;800px&#8221; global_colors_info=&#8221;{}&#8221;][et_pb_column type=&#8221;4_4&#8243; _builder_version=&#8221;4.20.0&#8243; _module_preset=&#8221;default&#8221; global_colors_info=&#8221;{}&#8221;][et_pb_text _builder_version=&#8221;4.20.0&#8243; _module_preset=&#8221;1a7e4406-90d5-4461-8a87-96c828ebaeb0&#8243; text_orientation=&#8221;center&#8221; global_colors_info=&#8221;{}&#8221;]<\/p>\n<h2><span style=\"color: #ffffff;\"><span dir=\"auto\" style=\"vertical-align: inherit;\"><span dir=\"auto\" style=\"vertical-align: inherit;\"><span dir=\"auto\" style=\"vertical-align: inherit;\"><span dir=\"auto\" style=\"vertical-align: inherit;\">newsletter<\/span><\/span><\/span><\/span><\/span><\/h2>\n<p><span style=\"color: #ffffff;\"><span dir=\"auto\" style=\"vertical-align: inherit;\"><span dir=\"auto\" style=\"vertical-align: inherit;\"><span dir=\"auto\" style=\"vertical-align: inherit;\"><span dir=\"auto\" style=\"vertical-align: inherit;\"><\/span><\/span><\/span><\/span><\/span><\/p>\n<p>[\/et_pb_text][et_pb_text _builder_version=&#8221;4.27.4&#8243; _module_preset=&#8221;default&#8221; global_colors_info=&#8221;{}&#8221;]<\/p>\n<p style=\"text-align: center;\"><span dir=\"auto\" style=\"vertical-align: inherit; color: #ffffff;\"><span dir=\"auto\" style=\"vertical-align: inherit;\"><span dir=\"auto\" style=\"vertical-align: inherit;\"><span dir=\"auto\" style=\"vertical-align: inherit;\">Obtenez -10% sur votre premi\u00e8re commande en vous abonnant \u00e0 notre newsletter<\/span><\/span><\/span><\/span><\/p>\n<p>[\/et_pb_text][et_pb_signup mailchimp_list=&#8221;undefined|elegantthemestest|1ea2bbd026&#8243; first_name_field=&#8221;off&#8221; last_name_field=&#8221;off&#8221; _builder_version=&#8221;4.20.0&#8243; _module_preset=&#8221;2b800073-a2a3-4a72-8ec0-5d28e27acd99&#8243; locked=&#8221;off&#8221; global_colors_info=&#8221;{}&#8221;][\/et_pb_signup][\/et_pb_column][\/et_pb_row][\/et_pb_section]<\/p>\n","protected":false},"excerpt":{"rendered":"<p>My BlogLa Naissance d&#8217;Aur\u00e9aQuand la beaut\u00e9 s\u2019adapte enfin \u00e0 la vraie vie Dans un monde o\u00f9 tout va toujours plus vite, la beaut\u00e9 m\u00e9rite d\u2019\u00eatre un moment de plaisir, pas une contrainte.C\u2019est de cette conviction qu\u2019est n\u00e9e\u00a0AUR\u00c9A\u00a0, une marque de faux cils press-on pens\u00e9e pour sublimer le regard sans compromis. Une id\u00e9e n\u00e9e d\u2019un besoin [&hellip;]<\/p>\n","protected":false},"author":3,"featured_media":0,"parent":0,"menu_order":0,"comment_status":"closed","ping_status":"closed","template":"","meta":{"_et_pb_use_builder":"on","_et_pb_old_content":"","_et_gb_content_width":"","footnotes":""},"class_list":["post-81","page","type-page","status-publish","hentry"],"_links":{"self":[{"href":"https:\/\/supexup.formatome.fr\/2025-2026\/MSCM1\/2\/index.php?rest_route=\/wp\/v2\/pages\/81","targetHints":{"allow":["GET"]}}],"collection":[{"href":"https:\/\/supexup.formatome.fr\/2025-2026\/MSCM1\/2\/index.php?rest_route=\/wp\/v2\/pages"}],"about":[{"href":"https:\/\/supexup.formatome.fr\/2025-2026\/MSCM1\/2\/index.php?rest_route=\/wp\/v2\/types\/page"}],"author":[{"embeddable":true,"href":"https:\/\/supexup.formatome.fr\/2025-2026\/MSCM1\/2\/index.php?rest_route=\/wp\/v2\/users\/3"}],"replies":[{"embeddable":true,"href":"https:\/\/supexup.formatome.fr\/2025-2026\/MSCM1\/2\/index.php?rest_route=%2Fwp%2Fv2%2Fcomments&post=81"}],"version-history":[{"count":15,"href":"https:\/\/supexup.formatome.fr\/2025-2026\/MSCM1\/2\/index.php?rest_route=\/wp\/v2\/pages\/81\/revisions"}],"predecessor-version":[{"id":317,"href":"https:\/\/supexup.formatome.fr\/2025-2026\/MSCM1\/2\/index.php?rest_route=\/wp\/v2\/pages\/81\/revisions\/317"}],"wp:attachment":[{"href":"https:\/\/supexup.formatome.fr\/2025-2026\/MSCM1\/2\/index.php?rest_route=%2Fwp%2Fv2%2Fmedia&parent=81"}],"curies":[{"name":"wp","href":"https:\/\/api.w.org\/{rel}","templated":true}]}}