{"id":597,"date":"2026-01-29T13:46:52","date_gmt":"2026-01-29T13:46:52","guid":{"rendered":"https:\/\/supexup.formatome.fr\/2025-2026\/MSCM1\/1\/?page_id=597"},"modified":"2026-01-29T13:46:59","modified_gmt":"2026-01-29T13:46:59","slug":"blazer-blanc-court","status":"publish","type":"page","link":"https:\/\/supexup.formatome.fr\/2025-2026\/MSCM1\/1\/?page_id=597","title":{"rendered":"Blazer Blanc Court"},"content":{"rendered":"<p>[et_pb_section fb_built=&#8221;1&#8243; _builder_version=&#8221;4.27.4&#8243; _module_preset=&#8221;default&#8221; global_colors_info=&#8221;{}&#8221; theme_builder_area=&#8221;post_content&#8221;][et_pb_row column_structure=&#8221;1_2,1_2&#8243; _builder_version=&#8221;4.27.4&#8243; _module_preset=&#8221;default&#8221; global_colors_info=&#8221;{}&#8221; theme_builder_area=&#8221;post_content&#8221;][et_pb_column type=&#8221;1_2&#8243; _builder_version=&#8221;4.27.4&#8243; _module_preset=&#8221;default&#8221; global_colors_info=&#8221;{}&#8221; theme_builder_area=&#8221;post_content&#8221;][et_pb_image src=&#8221;https:\/\/supexup.formatome.fr\/2025-2026\/MSCM1\/1\/wp-content\/uploads\/2026\/01\/1-3.png&#8221; title_text=&#8221;1&#8243; _builder_version=&#8221;4.27.4&#8243; _module_preset=&#8221;default&#8221; hover_enabled=&#8221;0&#8243; global_colors_info=&#8221;{}&#8221; theme_builder_area=&#8221;post_content&#8221; sticky_enabled=&#8221;0&#8243;][\/et_pb_image][et_pb_social_media_follow _builder_version=&#8221;4.27.4&#8243; _module_preset=&#8221;default&#8221; global_colors_info=&#8221;{}&#8221; theme_builder_area=&#8221;post_content&#8221;][et_pb_social_media_follow_network social_network=&#8221;facebook&#8221; _builder_version=&#8221;4.27.4&#8243; _module_preset=&#8221;default&#8221; background_color=&#8221;#3b5998&#8243; global_colors_info=&#8221;{}&#8221; theme_builder_area=&#8221;post_content&#8221; follow_button=&#8221;off&#8221; url_new_window=&#8221;on&#8221;]facebook[\/et_pb_social_media_follow_network][et_pb_social_media_follow_network social_network=&#8221;instagram&#8221; _builder_version=&#8221;4.27.4&#8243; _module_preset=&#8221;default&#8221; background_color=&#8221;#ea2c59&#8243; global_colors_info=&#8221;{}&#8221; theme_builder_area=&#8221;post_content&#8221; follow_button=&#8221;off&#8221; url_new_window=&#8221;on&#8221;]instagram[\/et_pb_social_media_follow_network][et_pb_social_media_follow_network social_network=&#8221;tiktok&#8221; _builder_version=&#8221;4.27.4&#8243; _module_preset=&#8221;default&#8221; background_color=&#8221;#fe2c55&#8243; global_colors_info=&#8221;{}&#8221; theme_builder_area=&#8221;post_content&#8221; follow_button=&#8221;off&#8221; url_new_window=&#8221;on&#8221;]tiktok[\/et_pb_social_media_follow_network][\/et_pb_social_media_follow][\/et_pb_column][et_pb_column type=&#8221;1_2&#8243; _builder_version=&#8221;4.27.4&#8243; _module_preset=&#8221;default&#8221; global_colors_info=&#8221;{}&#8221; theme_builder_area=&#8221;post_content&#8221;][et_pb_text _builder_version=&#8221;4.27.4&#8243; _module_preset=&#8221;default&#8221; text_font_size=&#8221;13px&#8221; hover_enabled=&#8221;0&#8243; global_colors_info=&#8221;{}&#8221; theme_builder_area=&#8221;post_content&#8221; sticky_enabled=&#8221;0&#8243;]<\/p>\n<h5 class=\"isSelectedEnd\"><strong>Blazer Blanc Court<\/strong><\/h5>\n<h4 class=\"isSelectedEnd\"><strong>34,99\u20ac<\/strong><\/h4>\n<p class=\"isSelectedEnd\"><strong><span>L\u2019Indispensable Chic et Minimaliste<\/span><\/strong><\/p>\n<p class=\"isSelectedEnd\"><span>Ce blazer blanc court est la pi\u00e8ce parfaite pour apporter structure et \u00e9l\u00e9gance \u00e0 toutes vos tenues. Sa coupe moderne et \u00e9pur\u00e9e en fait un incontournable du dressing f\u00e9minin, facile \u00e0 associer au quotidien ou pour des occasions plus habill\u00e9es.<\/span><\/p>\n<p class=\"isSelectedEnd\"><strong><span>Une Coupe Structur\u00e9e &amp; Moderne<\/span><\/strong><\/p>\n<p class=\"isSelectedEnd\"><span>Sa longueur courte et sa coupe ajust\u00e9e mettent en valeur la taille tout en apportant un look soign\u00e9 et contemporain. Id\u00e9al pour compl\u00e9ter une jupe, un pantalon ou un jean, il s\u2019adapte \u00e0 toutes les silhouettes.<\/span><\/p>\n<p class=\"isSelectedEnd\"><strong><span>D\u00e9tails de la pi\u00e8ce :<\/span><\/strong><\/p>\n<p class=\"isSelectedEnd\"><strong><span>Blazer Court :<\/span><\/strong><span> Coupe structur\u00e9e qui souligne la silhouette.<\/span><\/p>\n<p class=\"isSelectedEnd\"><strong><span>Couleur Blanche Intemporelle :<\/span><\/strong><span> Facile \u00e0 associer avec toutes vos tenues.<\/span><\/p>\n<p class=\"isSelectedEnd\"><strong><span>Style Polyvalent :<\/span><\/strong><span> \u00c0 porter au bureau, en sortie ou pour un look casual chic.<\/span><\/p>\n<p class=\"isSelectedEnd\"><strong><span>Look \u00c9l\u00e9gant :<\/span><\/strong><span> Minimaliste et moderne pour un effet imm\u00e9diat.<\/span><\/p>\n<p class=\"isSelectedEnd\"><strong><span>Comment le porter ?<\/span><\/strong><\/p>\n<p><span>Associez-le \u00e0 un pantalon ou une jupe de couleur neutre pour un look chic et coordonn\u00e9, ou avec un jean pour un style d\u00e9contract\u00e9 mais \u00e9l\u00e9gant. Compl\u00e9tez avec des accessoires sobres pour un rendu harmonieux.<\/span><\/p>\n<p>[\/et_pb_text][\/et_pb_column][\/et_pb_row][\/et_pb_section][et_pb_section fb_built=&#8221;1&#8243; admin_label=&#8221;Footer&#8221; _builder_version=&#8221;4.27.4&#8243; _module_preset=&#8221;default&#8221; background_color=&#8221;rgba(89,49,0,0.17)&#8221; background_enable_image=&#8221;off&#8221; saved_tabs=&#8221;all&#8221; global_colors_info=&#8221;{}&#8221; theme_builder_area=&#8221;post_content&#8221;][et_pb_row column_structure=&#8221;1_4,1_4,1_2&#8243; _builder_version=&#8221;4.16&#8243; _module_preset=&#8221;default&#8221; global_colors_info=&#8221;{}&#8221; theme_builder_area=&#8221;post_content&#8221;][et_pb_column type=&#8221;1_4&#8243; _builder_version=&#8221;4.16&#8243; _module_preset=&#8221;default&#8221; global_colors_info=&#8221;{}&#8221; theme_builder_area=&#8221;post_content&#8221;][et_pb_text _builder_version=&#8221;4.27.4&#8243; _module_preset=&#8221;29bb3e4b-c4aa-4616-b935-758c4e4734e8&#8243; header_font=&#8221;||||||||&#8221; header_3_font=&#8221;Poppins|600|||||||&#8221; header_3_text_color=&#8221;#FFFFFF&#8221; header_3_font_size=&#8221;20px&#8221; header_3_line_height=&#8221;1.5em&#8221; custom_margin=&#8221;||10px||false|false&#8221; header_3_font_size_tablet=&#8221;18px&#8221; header_3_font_size_phone=&#8221;16px&#8221; header_3_font_size_last_edited=&#8221;on|tablet&#8221; header_3_line_height_tablet=&#8221;1.7em&#8221; header_3_line_height_phone=&#8221;1.8em&#8221; header_3_line_height_last_edited=&#8221;on|phone&#8221; global_colors_info=&#8221;{}&#8221; theme_builder_area=&#8221;post_content&#8221;]<\/p>\n<h3>Closet<\/h3>\n<p>[\/et_pb_text][et_pb_text _builder_version=&#8221;4.27.4&#8243; _module_preset=&#8221;f0cf31b9-b2e7-4752-a57c-6e2f73347b36&#8243; text_font=&#8221;Poppins||||||||&#8221; text_text_color=&#8221;#FFFFFF&#8221; text_font_size=&#8221;16px&#8221; text_line_height=&#8221;1.8em&#8221; custom_margin=&#8221;||50px||false|false&#8221; custom_margin_tablet=&#8221;||30px||false|false&#8221; custom_margin_phone=&#8221;&#8221; custom_margin_last_edited=&#8221;on|phone&#8221; text_font_size_tablet=&#8221;15px&#8221; text_font_size_phone=&#8221;14px&#8221; text_font_size_last_edited=&#8221;on|phone&#8221; header_font_size_tablet=&#8221;55px&#8221; header_font_size_last_edited=&#8221;off|desktop&#8221; global_colors_info=&#8221;{}&#8221; theme_builder_area=&#8221;post_content&#8221;]<\/p>\n<p>51 rue de la dune, <br \/>34000 Montpellier\u00a0<br \/>Bat. 5 \/ 6eme \u00e9tages<\/p>\n<p>[\/et_pb_text][et_pb_social_media_follow _builder_version=&#8221;4.27.4&#8243; _module_preset=&#8221;default&#8221; custom_padding=&#8221;0px||||false|false&#8221; border_radii=&#8221;on|40px|40px|40px|40px&#8221; global_colors_info=&#8221;{}&#8221; theme_builder_area=&#8221;post_content&#8221;][et_pb_social_media_follow_network social_network=&#8221;facebook&#8221; _builder_version=&#8221;4.27.4&#8243; _module_preset=&#8221;default&#8221; background_color=&#8221;#ff6684&#8243; background_enable_color=&#8221;on&#8221; custom_padding=&#8221;10px|10px|10px|10px|true|true&#8221; global_colors_info=&#8221;{}&#8221; theme_builder_area=&#8221;post_content&#8221; follow_button=&#8221;off&#8221; url_new_window=&#8221;on&#8221;]facebook[\/et_pb_social_media_follow_network][et_pb_social_media_follow_network social_network=&#8221;tiktok&#8221; _builder_version=&#8221;4.27.4&#8243; _module_preset=&#8221;default&#8221; background_color=&#8221;#ff234f&#8221; background_enable_color=&#8221;on&#8221; custom_padding=&#8221;10px|10px|10px|10px|true|true&#8221; global_colors_info=&#8221;{}&#8221; theme_builder_area=&#8221;post_content&#8221; follow_button=&#8221;off&#8221; url_new_window=&#8221;on&#8221;]tiktok[\/et_pb_social_media_follow_network][et_pb_social_media_follow_network social_network=&#8221;instagram&#8221; _builder_version=&#8221;4.27.4&#8243; _module_preset=&#8221;default&#8221; background_color=&#8221;#ff0033&#8243; background_enable_color=&#8221;on&#8221; custom_padding=&#8221;10px|10px|10px|10px|true|true&#8221; global_colors_info=&#8221;{}&#8221; theme_builder_area=&#8221;post_content&#8221; follow_button=&#8221;off&#8221; url_new_window=&#8221;on&#8221;]instagram[\/et_pb_social_media_follow_network][\/et_pb_social_media_follow][\/et_pb_column][et_pb_column type=&#8221;1_4&#8243; _builder_version=&#8221;4.16&#8243; _module_preset=&#8221;default&#8221; global_colors_info=&#8221;{}&#8221; theme_builder_area=&#8221;post_content&#8221;][\/et_pb_column][et_pb_column type=&#8221;1_2&#8243; _builder_version=&#8221;4.16&#8243; _module_preset=&#8221;default&#8221; background_color=&#8221;#FFFFFF&#8221; custom_padding=&#8221;50px|40px|50px|40px|true|true&#8221; custom_padding_tablet=&#8221;40px|30px|40px|30px|true|true&#8221; custom_padding_phone=&#8221;30px|20px|30px|20px|true|true&#8221; custom_padding_last_edited=&#8221;on|phone&#8221; global_colors_info=&#8221;{}&#8221; theme_builder_area=&#8221;post_content&#8221;][et_pb_text _builder_version=&#8221;4.27.4&#8243; _module_preset=&#8221;b6cb9bd8-0fbd-4699-b58d-51b3d480db23&#8243; text_font=&#8221;&#8211;et_global_body_font||||||||&#8221; header_2_font=&#8221;Poppins|600|||||||&#8221; header_2_text_color=&#8221;#000763&#8243; header_2_font_size=&#8221;40px&#8221; header_2_line_height=&#8221;1.3em&#8221; header_4_font=&#8221;Alata||||||||&#8221; custom_margin=&#8221;||10px||false|false&#8221; header_2_font_size_tablet=&#8221;32px&#8221; header_2_font_size_phone=&#8221;20px&#8221; header_2_font_size_last_edited=&#8221;on|tablet&#8221; header_2_line_height_tablet=&#8221;1.4em&#8221; header_2_line_height_phone=&#8221;1.6em&#8221; header_2_line_height_last_edited=&#8221;on|tablet&#8221; global_colors_info=&#8221;{}&#8221; theme_builder_area=&#8221;post_content&#8221;]<\/p>\n<h4 _msttexthash=\"2184533\" _msthash=\"25462\"><strong>Envie d&#8217;ne pi\u00e8ce sur-mesure, upcycl\u00e9e, imagin\u00e9e pour vous ?<\/strong><\/h4>\n<h4 _msttexthash=\"2184533\" _msthash=\"25462\"><strong>Parlons en !<\/strong><\/h4>\n<p>[\/et_pb_text][et_pb_signup mailchimp_list=&#8221;elegantthemestest|1ea2bbd026&#8243; first_name_field=&#8221;off&#8221; last_name_field=&#8221;off&#8221; button_text=&#8221;Demande de devis&#8221; _builder_version=&#8221;4.27.4&#8243; _module_preset=&#8221;default&#8221; form_field_text_color=&#8221;#4F5168&#8243; form_field_font=&#8221;Poppins||||||||&#8221; form_field_font_size=&#8221;16px&#8221; form_field_line_height=&#8221;1.8em&#8221; use_background_color=&#8221;off&#8221; custom_button=&#8221;on&#8221; button_text_size=&#8221;16px&#8221; button_text_color=&#8221;#FFFFFF&#8221; button_bg_color=&#8221;#fe2c55&#8243; button_border_width=&#8221;0px&#8221; button_border_radius=&#8221;0px&#8221; button_font=&#8221;Poppins|600|||||||&#8221; button_icon=&#8221;&#x24;||divi||400&#8243; button_custom_padding=&#8221;16px|40px|16px|40px|true|true&#8221; form_field_font_size_tablet=&#8221;15px&#8221; form_field_font_size_phone=&#8221;14px&#8221; form_field_font_size_last_edited=&#8221;on|desktop&#8221; border_radii_fields=&#8221;on|0px|0px|0px|0px&#8221; border_width_all_fields=&#8221;2px&#8221; border_color_all_fields=&#8221;#000763&#8243; global_colors_info=&#8221;{}&#8221; theme_builder_area=&#8221;post_content&#8221;][\/et_pb_signup][\/et_pb_column][\/et_pb_row][\/et_pb_section]<\/p>\n","protected":false},"excerpt":{"rendered":"<p>Blazer Blanc Court 34,99\u20ac L\u2019Indispensable Chic et Minimaliste Ce blazer blanc court est la pi\u00e8ce parfaite pour apporter structure et \u00e9l\u00e9gance \u00e0 toutes vos tenues. Sa coupe moderne et \u00e9pur\u00e9e en fait un incontournable du dressing f\u00e9minin, facile \u00e0 associer au quotidien ou pour des occasions plus habill\u00e9es. Une Coupe Structur\u00e9e &amp; Moderne Sa longueur [&hellip;]<\/p>\n","protected":false},"author":2,"featured_media":0,"parent":0,"menu_order":0,"comment_status":"closed","ping_status":"closed","template":"","meta":{"_et_pb_use_builder":"on","_et_pb_old_content":"","_et_gb_content_width":"","footnotes":""},"class_list":["post-597","page","type-page","status-publish","hentry"],"jetpack_sharing_enabled":true,"_links":{"self":[{"href":"https:\/\/supexup.formatome.fr\/2025-2026\/MSCM1\/1\/index.php?rest_route=\/wp\/v2\/pages\/597","targetHints":{"allow":["GET"]}}],"collection":[{"href":"https:\/\/supexup.formatome.fr\/2025-2026\/MSCM1\/1\/index.php?rest_route=\/wp\/v2\/pages"}],"about":[{"href":"https:\/\/supexup.formatome.fr\/2025-2026\/MSCM1\/1\/index.php?rest_route=\/wp\/v2\/types\/page"}],"author":[{"embeddable":true,"href":"https:\/\/supexup.formatome.fr\/2025-2026\/MSCM1\/1\/index.php?rest_route=\/wp\/v2\/users\/2"}],"replies":[{"embeddable":true,"href":"https:\/\/supexup.formatome.fr\/2025-2026\/MSCM1\/1\/index.php?rest_route=%2Fwp%2Fv2%2Fcomments&post=597"}],"version-history":[{"count":2,"href":"https:\/\/supexup.formatome.fr\/2025-2026\/MSCM1\/1\/index.php?rest_route=\/wp\/v2\/pages\/597\/revisions"}],"predecessor-version":[{"id":599,"href":"https:\/\/supexup.formatome.fr\/2025-2026\/MSCM1\/1\/index.php?rest_route=\/wp\/v2\/pages\/597\/revisions\/599"}],"wp:attachment":[{"href":"https:\/\/supexup.formatome.fr\/2025-2026\/MSCM1\/1\/index.php?rest_route=%2Fwp%2Fv2%2Fmedia&parent=597"}],"curies":[{"name":"wp","href":"https:\/\/api.w.org\/{rel}","templated":true}]}}