{"id":7,"date":"2025-09-01T10:09:34","date_gmt":"2025-09-01T10:09:34","guid":{"rendered":"http:\/\/supexup.formatome.fr\/2025-2026\/MCO2\/9\/?page_id=7"},"modified":"2025-09-05T13:27:24","modified_gmt":"2025-09-05T13:27:24","slug":"auraled","status":"publish","type":"page","link":"https:\/\/supexup.formatome.fr\/2025-2026\/MCO2\/9\/auraled\/","title":{"rendered":"AuraLed"},"content":{"rendered":"\n<div class=\"wp-block-group alignfull is-style-section-2 has-accent-3-background-color has-background has-global-padding is-layout-constrained wp-block-group-is-layout-constrained is-style-section-2--1\" style=\"margin-top:0;margin-bottom:0;padding-top:var(--wp--preset--spacing--60);padding-bottom:var(--wp--preset--spacing--60)\">\n<div class=\"wp-block-columns alignwide is-style-section-1 has-base-color has-contrast-background-color has-text-color has-background has-link-color wp-elements-2d6450af36a820681d7514a18881c005 is-layout-flex wp-container-core-columns-is-layout-643ced6b wp-block-columns-is-layout-flex is-style-section-1--2\" style=\"border-radius:30px\">\n<div class=\"wp-block-column is-layout-flow wp-block-column-is-layout-flow\" style=\"flex-basis:40%\">\n<figure class=\"wp-block-image size-full\" style=\"margin-top:0;margin-right:0;margin-bottom:0;margin-left:0\"><img loading=\"lazy\" decoding=\"async\" width=\"828\" height=\"864\" src=\"http:\/\/supexup.formatome.fr\/2025-2026\/MCO2\/9\/wp-content\/uploads\/2025\/09\/IMG_7557.jpeg\" alt=\"\" class=\"wp-image-8\" srcset=\"https:\/\/supexup.formatome.fr\/2025-2026\/MCO2\/9\/wp-content\/uploads\/2025\/09\/IMG_7557.jpeg 828w, https:\/\/supexup.formatome.fr\/2025-2026\/MCO2\/9\/wp-content\/uploads\/2025\/09\/IMG_7557-288x300.jpeg 288w, https:\/\/supexup.formatome.fr\/2025-2026\/MCO2\/9\/wp-content\/uploads\/2025\/09\/IMG_7557-768x801.jpeg 768w\" sizes=\"auto, (max-width: 828px) 100vw, 828px\" \/><\/figure>\n<\/div>\n\n\n\n<div class=\"wp-block-column is-vertically-aligned-center is-layout-flow wp-container-core-column-is-layout-119bc444 wp-block-column-is-layout-flow\" style=\"flex-basis:60%\">\n<h2 class=\"wp-block-heading has-xx-large-font-size\">AURALED, La couleur de votre aura en un \u00e9clair<\/h2>\n\n\n\n<p>&#8221; Avec AuraLed, votre int\u00e9rieur aura l&#8217;\u00e9clat qu&#8217;il m\u00e9rite &#8221; <\/p>\n\n\n\n<div class=\"wp-block-group is-vertical is-content-justification-center is-layout-flex wp-container-core-group-is-layout-2470ec3b wp-block-group-is-layout-flex\">\n<h3 class=\"wp-block-heading has-small-font-size\" style=\"font-style:normal;font-weight:600;letter-spacing:1px;text-transform:uppercase\">Subscribe on your favorite platform<\/h3>\n\n\n\n<div class=\"wp-block-group is-layout-flex wp-block-group-is-layout-flex\">\n<p class=\"is-style-text-annotation has-text-color has-background has-link-color has-large-font-size wp-elements-78bebefd9c8164b3adf9b5e43c64725e is-style-text-annotation--3\" style=\"border-width:3px;color:#ffe500;background-color:#f9f4d6\"><a href=\"#\"><strong>Instagram<\/strong><\/a><\/p>\n<\/div>\n<\/div>\n<\/div>\n<\/div>\n<\/div>\n\n\n\n<div class=\"wp-block-group alignfull is-style-section-5 has-global-padding is-layout-constrained wp-block-group-is-layout-constrained is-style-section-5--4\" style=\"margin-top:0;margin-bottom:0;padding-top:var(--wp--preset--spacing--50);padding-bottom:var(--wp--preset--spacing--50)\">\n<div class=\"wp-block-columns alignwide are-vertically-aligned-bottom is-layout-flex wp-container-core-columns-is-layout-7ee84d44 wp-block-columns-is-layout-flex\">\n<div class=\"wp-block-column is-vertically-aligned-bottom is-layout-flow wp-block-column-is-layout-flow\" style=\"flex-basis:100%\">\n<h2 class=\"wp-block-heading\">Qui sommes-nous ? <\/h2>\n\n\n\n<p class=\"has-medium-font-size\" style=\"border-radius:0px\">Nous sommes deux \u00e9tudiants derri\u00e8re Auraled, une boutique en ligne d\u2019\u00e9clairage LED pens\u00e9e pour sublimer l\u2019esth\u00e9tique de votre int\u00e9rieur. Notre s\u00e9lection met l\u2019accent sur des \u00e9clairages au design soign\u00e9, capables de cr\u00e9er des ambiances chaleureuses, de souligner les volumes et de r\u00e9v\u00e9ler les mati\u00e8res \u2014 tout en restant \u00e9conomes en \u00e9nergie. Produits tri\u00e9s aupr\u00e8s de partenaires fiables, paiement s\u00e9curis\u00e9, suivi transparent et service client r\u00e9actif: vous \u00e9changez directement avec nous. Donnez du caract\u00e8re \u00e0 vos pi\u00e8ces avec Auraled.<\/p>\n\n\n\n<p class=\"has-medium-font-size\" style=\"border-radius:0px\"><br>Auraled \u2014 la lumi\u00e8re qui sublime votre int\u00e9rieur.<\/p>\n<\/div>\n<\/div>\n\n\n\n<figure class=\"wp-block-pullquote has-accent-1-color has-text-color has-link-color wp-elements-286266f76b40fcc5fb263791761264fa\"><blockquote><p>&#8221; Choisissez la lumi\u00e8re qui vous fera briller &#8220;<\/p><\/blockquote><\/figure>\n<\/div>\n\n\n\n<div class=\"wp-block-group alignfull is-style-section-1 has-contrast-color has-text-color has-background has-link-color wp-elements-08f55502c5757867424a675c481906db has-global-padding is-layout-constrained wp-block-group-is-layout-constrained is-style-section-1--5\" style=\"background:radial-gradient(rgb(11,146,224) 0%,rgb(155,81,224) 100%);margin-top:0;margin-bottom:0;padding-top:var(--wp--preset--spacing--80);padding-bottom:var(--wp--preset--spacing--80)\">\n<h2 class=\"wp-block-heading has-text-align-center is-style-text-annotation has-base-color has-contrast-background-color has-text-color has-background has-link-color wp-elements-9df2c484ce2cd1b58c1f7df614734009 is-style-text-annotation--6\" style=\"border-radius:50px;margin-top:0;margin-right:0;margin-bottom:0;margin-left:0;padding-right:0;padding-left:0;font-size:clamp(1.146rem, 1.146rem + ((1vw - 0.2rem) * 1.026), 1.8rem);\">D\u00e9couvrez notre gamme de produits<\/h2>\n\n\n\n<div style=\"height:var(--wp--preset--spacing--30)\" aria-hidden=\"true\" class=\"wp-block-spacer\"><\/div>\n\n\n\n<div class=\"wp-block-group alignwide is-content-justification-center is-layout-flex wp-container-core-group-is-layout-2c471116 wp-block-group-is-layout-flex\">\n<figure class=\"wp-block-image size-full is-resized has-custom-border\" style=\"margin-top:0;margin-bottom:0\"><img loading=\"lazy\" decoding=\"async\" width=\"609\" height=\"565\" src=\"http:\/\/supexup.formatome.fr\/2025-2026\/MCO2\/9\/wp-content\/uploads\/2025\/09\/IMG_7571.jpeg\" alt=\"\" class=\"wp-image-16\" style=\"border-width:3px;border-radius:50px;width:200px;height:auto\" srcset=\"https:\/\/supexup.formatome.fr\/2025-2026\/MCO2\/9\/wp-content\/uploads\/2025\/09\/IMG_7571.jpeg 609w, https:\/\/supexup.formatome.fr\/2025-2026\/MCO2\/9\/wp-content\/uploads\/2025\/09\/IMG_7571-300x278.jpeg 300w\" sizes=\"auto, (max-width: 609px) 100vw, 609px\" \/><\/figure>\n\n\n\n<figure class=\"wp-block-image size-full is-resized has-custom-border\"><img loading=\"lazy\" decoding=\"async\" width=\"583\" height=\"583\" src=\"http:\/\/supexup.formatome.fr\/2025-2026\/MCO2\/9\/wp-content\/uploads\/2025\/09\/IMG_7570.jpeg\" alt=\"\" class=\"wp-image-15\" style=\"border-width:3px;border-radius:49px;aspect-ratio:1.3333333333333333;object-fit:contain;width:232px;height:auto\" srcset=\"https:\/\/supexup.formatome.fr\/2025-2026\/MCO2\/9\/wp-content\/uploads\/2025\/09\/IMG_7570.jpeg 583w, https:\/\/supexup.formatome.fr\/2025-2026\/MCO2\/9\/wp-content\/uploads\/2025\/09\/IMG_7570-300x300.jpeg 300w, https:\/\/supexup.formatome.fr\/2025-2026\/MCO2\/9\/wp-content\/uploads\/2025\/09\/IMG_7570-150x150.jpeg 150w\" sizes=\"auto, (max-width: 583px) 100vw, 583px\" \/><\/figure>\n\n\n\n<figure class=\"wp-block-image size-full is-resized has-custom-border is-style-rounded\"><img loading=\"lazy\" decoding=\"async\" width=\"602\" height=\"584\" src=\"http:\/\/supexup.formatome.fr\/2025-2026\/MCO2\/9\/wp-content\/uploads\/2025\/09\/IMG_7572.jpeg\" alt=\"\" class=\"wp-image-14\" style=\"border-width:2px;border-radius:46px;aspect-ratio:1.3333333333333333;object-fit:contain;width:219px;height:auto\" srcset=\"https:\/\/supexup.formatome.fr\/2025-2026\/MCO2\/9\/wp-content\/uploads\/2025\/09\/IMG_7572.jpeg 602w, https:\/\/supexup.formatome.fr\/2025-2026\/MCO2\/9\/wp-content\/uploads\/2025\/09\/IMG_7572-300x291.jpeg 300w\" sizes=\"auto, (max-width: 602px) 100vw, 602px\" \/><\/figure>\n<\/div>\n<\/div>\n\n\n\n<div class=\"wp-block-group alignfull has-global-padding is-layout-constrained wp-container-core-group-is-layout-ebee8dc1 wp-block-group-is-layout-constrained\" style=\"margin-top:0;margin-bottom:0;padding-top:var(--wp--preset--spacing--50);padding-bottom:var(--wp--preset--spacing--50)\">\n<div class=\"wp-block-group alignwide is-content-justification-space-between is-layout-flex wp-container-core-group-is-layout-9366075c wp-block-group-is-layout-flex\">\n<h2 class=\"wp-block-heading alignwide has-text-align-left is-style-text-subtitle has-x-large-font-size is-style-text-subtitle--7\">Explore the episodes<\/h2>\n\n\n\n<p class=\"is-style-text-annotation is-style-text-annotation--8\">Podcast<\/p>\n<\/div>\n\n\n\n<div class=\"wp-block-group alignwide is-layout-grid wp-container-core-group-is-layout-1ce758a5 wp-block-group-is-layout-grid\">\n<figure class=\"wp-block-video\"><\/figure>\n\n\n\n<figure class=\"wp-block-video\"><\/figure>\n\n\n\n<figure class=\"wp-block-video\"><\/figure>\n\n\n\n<figure class=\"wp-block-video\"><\/figure>\n\n\n\n<figure class=\"wp-block-video\"><\/figure>\n\n\n\n<figure class=\"wp-block-video\"><\/figure>\n<\/div>\n<\/div>\n\n\n\n<aside class=\"wp-block-group alignfull is-style-section-3 has-global-padding is-layout-constrained wp-container-core-group-is-layout-f0f2a97b wp-block-group-is-layout-constrained is-style-section-3--9\" style=\"margin-top:0;margin-bottom:0;padding-top:var(--wp--preset--spacing--50);padding-right:var(--wp--preset--spacing--50);padding-bottom:var(--wp--preset--spacing--50);padding-left:var(--wp--preset--spacing--50)\">\n<div class=\"wp-block-group is-vertical is-content-justification-center is-layout-flex wp-container-core-group-is-layout-8778ca4a wp-block-group-is-layout-flex\" style=\"min-height:360px;margin-top:0;margin-bottom:0\">\n<h2 class=\"wp-block-heading has-text-align-center has-xx-large-font-size\">Sign up to get daily stories<\/h2>\n\n\n\n<p class=\"has-text-align-center is-style-text-subtitle is-style-text-subtitle--10\">Get access to a curated collection of moments in time featuring photographs from historical relevance.<\/p>\n\n\n\n<div style=\"height:0px\" aria-hidden=\"true\" class=\"wp-block-spacer wp-container-content-62aae154\"><\/div>\n\n\n\n<div class=\"wp-block-buttons is-content-justification-center is-layout-flex wp-container-core-buttons-is-layout-a89b3969 wp-block-buttons-is-layout-flex\">\n<div class=\"wp-block-button\"><a class=\"wp-block-button__link has-text-align-center wp-element-button\">Subscribe<\/a><\/div>\n<\/div>\n<\/div>\n<\/aside>\n","protected":false},"excerpt":{"rendered":"<p>AURALED, La couleur de votre aura en un \u00e9clair &#8221; Avec AuraLed, votre int\u00e9rieur aura l&#8217;\u00e9clat qu&#8217;il m\u00e9rite &#8221; Subscribe on your favorite platform Instagram Qui sommes-nous ? Nous sommes deux \u00e9tudiants derri\u00e8re Auraled, une boutique en ligne d\u2019\u00e9clairage LED pens\u00e9e pour sublimer l\u2019esth\u00e9tique de votre int\u00e9rieur. Notre s\u00e9lection met l\u2019accent sur des \u00e9clairages au [&hellip;]<\/p>\n","protected":false},"author":1,"featured_media":0,"parent":0,"menu_order":0,"comment_status":"closed","ping_status":"closed","template":"","meta":{"footnotes":""},"class_list":["post-7","page","type-page","status-publish","hentry"],"yoast_head":"<!-- This site is optimized with the Yoast SEO plugin v26.3 - https:\/\/yoast.com\/wordpress\/plugins\/seo\/ -->\n<title>AuraLed - AuraLED<\/title>\n<meta name=\"robots\" content=\"index, follow, max-snippet:-1, max-image-preview:large, max-video-preview:-1\" \/>\n<link rel=\"canonical\" href=\"https:\/\/supexup.formatome.fr\/2025-2026\/MCO2\/9\/auraled\/\" \/>\n<meta property=\"og:locale\" content=\"en_US\" \/>\n<meta property=\"og:type\" content=\"article\" \/>\n<meta property=\"og:title\" content=\"AuraLed - AuraLED\" \/>\n<meta property=\"og:description\" content=\"AURALED, La couleur de votre aura en un \u00e9clair &#8221; Avec AuraLed, votre int\u00e9rieur aura l&#8217;\u00e9clat qu&#8217;il m\u00e9rite &#8221; Subscribe on your favorite platform Instagram Qui sommes-nous ? Nous sommes deux \u00e9tudiants derri\u00e8re Auraled, une boutique en ligne d\u2019\u00e9clairage LED pens\u00e9e pour sublimer l\u2019esth\u00e9tique de votre int\u00e9rieur. Notre s\u00e9lection met l\u2019accent sur des \u00e9clairages au [&hellip;]\" \/>\n<meta property=\"og:url\" content=\"https:\/\/supexup.formatome.fr\/2025-2026\/MCO2\/9\/auraled\/\" \/>\n<meta property=\"og:site_name\" content=\"AuraLED\" \/>\n<meta property=\"article:modified_time\" content=\"2025-09-05T13:27:24+00:00\" \/>\n<meta property=\"og:image\" content=\"http:\/\/supexup.formatome.fr\/2025-2026\/MCO2\/9\/wp-content\/uploads\/2025\/09\/IMG_7557.jpeg\" \/>\n<meta name=\"twitter:card\" content=\"summary_large_image\" \/>\n<meta name=\"twitter:label1\" content=\"Est. reading time\" \/>\n\t<meta name=\"twitter:data1\" content=\"1 minute\" \/>\n<script type=\"application\/ld+json\" class=\"yoast-schema-graph\">{\"@context\":\"https:\/\/schema.org\",\"@graph\":[{\"@type\":\"WebPage\",\"@id\":\"https:\/\/supexup.formatome.fr\/2025-2026\/MCO2\/9\/auraled\/\",\"url\":\"https:\/\/supexup.formatome.fr\/2025-2026\/MCO2\/9\/auraled\/\",\"name\":\"AuraLed - AuraLED\",\"isPartOf\":{\"@id\":\"https:\/\/supexup.formatome.fr\/2025-2026\/MCO2\/9\/#website\"},\"primaryImageOfPage\":{\"@id\":\"https:\/\/supexup.formatome.fr\/2025-2026\/MCO2\/9\/auraled\/#primaryimage\"},\"image\":{\"@id\":\"https:\/\/supexup.formatome.fr\/2025-2026\/MCO2\/9\/auraled\/#primaryimage\"},\"thumbnailUrl\":\"http:\/\/supexup.formatome.fr\/2025-2026\/MCO2\/9\/wp-content\/uploads\/2025\/09\/IMG_7557.jpeg\",\"datePublished\":\"2025-09-01T10:09:34+00:00\",\"dateModified\":\"2025-09-05T13:27:24+00:00\",\"breadcrumb\":{\"@id\":\"https:\/\/supexup.formatome.fr\/2025-2026\/MCO2\/9\/auraled\/#breadcrumb\"},\"inLanguage\":\"en-US\",\"potentialAction\":[{\"@type\":\"ReadAction\",\"target\":[\"https:\/\/supexup.formatome.fr\/2025-2026\/MCO2\/9\/auraled\/\"]}]},{\"@type\":\"ImageObject\",\"inLanguage\":\"en-US\",\"@id\":\"https:\/\/supexup.formatome.fr\/2025-2026\/MCO2\/9\/auraled\/#primaryimage\",\"url\":\"https:\/\/supexup.formatome.fr\/2025-2026\/MCO2\/9\/wp-content\/uploads\/2025\/09\/IMG_7557.jpeg\",\"contentUrl\":\"https:\/\/supexup.formatome.fr\/2025-2026\/MCO2\/9\/wp-content\/uploads\/2025\/09\/IMG_7557.jpeg\",\"width\":828,\"height\":864},{\"@type\":\"BreadcrumbList\",\"@id\":\"https:\/\/supexup.formatome.fr\/2025-2026\/MCO2\/9\/auraled\/#breadcrumb\",\"itemListElement\":[{\"@type\":\"ListItem\",\"position\":1,\"name\":\"Home\",\"item\":\"https:\/\/supexup.formatome.fr\/2025-2026\/MCO2\/9\/\"},{\"@type\":\"ListItem\",\"position\":2,\"name\":\"AuraLed\"}]},{\"@type\":\"WebSite\",\"@id\":\"https:\/\/supexup.formatome.fr\/2025-2026\/MCO2\/9\/#website\",\"url\":\"https:\/\/supexup.formatome.fr\/2025-2026\/MCO2\/9\/\",\"name\":\"AuraLED\",\"description\":\"\",\"potentialAction\":[{\"@type\":\"SearchAction\",\"target\":{\"@type\":\"EntryPoint\",\"urlTemplate\":\"https:\/\/supexup.formatome.fr\/2025-2026\/MCO2\/9\/?s={search_term_string}\"},\"query-input\":{\"@type\":\"PropertyValueSpecification\",\"valueRequired\":true,\"valueName\":\"search_term_string\"}}],\"inLanguage\":\"en-US\"}]}<\/script>\n<!-- \/ Yoast SEO plugin. -->","yoast_head_json":{"title":"AuraLed - AuraLED","robots":{"index":"index","follow":"follow","max-snippet":"max-snippet:-1","max-image-preview":"max-image-preview:large","max-video-preview":"max-video-preview:-1"},"canonical":"https:\/\/supexup.formatome.fr\/2025-2026\/MCO2\/9\/auraled\/","og_locale":"en_US","og_type":"article","og_title":"AuraLed - AuraLED","og_description":"AURALED, La couleur de votre aura en un \u00e9clair &#8221; Avec AuraLed, votre int\u00e9rieur aura l&#8217;\u00e9clat qu&#8217;il m\u00e9rite &#8221; Subscribe on your favorite platform Instagram Qui sommes-nous ? Nous sommes deux \u00e9tudiants derri\u00e8re Auraled, une boutique en ligne d\u2019\u00e9clairage LED pens\u00e9e pour sublimer l\u2019esth\u00e9tique de votre int\u00e9rieur. Notre s\u00e9lection met l\u2019accent sur des \u00e9clairages au [&hellip;]","og_url":"https:\/\/supexup.formatome.fr\/2025-2026\/MCO2\/9\/auraled\/","og_site_name":"AuraLED","article_modified_time":"2025-09-05T13:27:24+00:00","og_image":[{"url":"http:\/\/supexup.formatome.fr\/2025-2026\/MCO2\/9\/wp-content\/uploads\/2025\/09\/IMG_7557.jpeg","type":"","width":"","height":""}],"twitter_card":"summary_large_image","twitter_misc":{"Est. reading time":"1 minute"},"schema":{"@context":"https:\/\/schema.org","@graph":[{"@type":"WebPage","@id":"https:\/\/supexup.formatome.fr\/2025-2026\/MCO2\/9\/auraled\/","url":"https:\/\/supexup.formatome.fr\/2025-2026\/MCO2\/9\/auraled\/","name":"AuraLed - AuraLED","isPartOf":{"@id":"https:\/\/supexup.formatome.fr\/2025-2026\/MCO2\/9\/#website"},"primaryImageOfPage":{"@id":"https:\/\/supexup.formatome.fr\/2025-2026\/MCO2\/9\/auraled\/#primaryimage"},"image":{"@id":"https:\/\/supexup.formatome.fr\/2025-2026\/MCO2\/9\/auraled\/#primaryimage"},"thumbnailUrl":"http:\/\/supexup.formatome.fr\/2025-2026\/MCO2\/9\/wp-content\/uploads\/2025\/09\/IMG_7557.jpeg","datePublished":"2025-09-01T10:09:34+00:00","dateModified":"2025-09-05T13:27:24+00:00","breadcrumb":{"@id":"https:\/\/supexup.formatome.fr\/2025-2026\/MCO2\/9\/auraled\/#breadcrumb"},"inLanguage":"en-US","potentialAction":[{"@type":"ReadAction","target":["https:\/\/supexup.formatome.fr\/2025-2026\/MCO2\/9\/auraled\/"]}]},{"@type":"ImageObject","inLanguage":"en-US","@id":"https:\/\/supexup.formatome.fr\/2025-2026\/MCO2\/9\/auraled\/#primaryimage","url":"https:\/\/supexup.formatome.fr\/2025-2026\/MCO2\/9\/wp-content\/uploads\/2025\/09\/IMG_7557.jpeg","contentUrl":"https:\/\/supexup.formatome.fr\/2025-2026\/MCO2\/9\/wp-content\/uploads\/2025\/09\/IMG_7557.jpeg","width":828,"height":864},{"@type":"BreadcrumbList","@id":"https:\/\/supexup.formatome.fr\/2025-2026\/MCO2\/9\/auraled\/#breadcrumb","itemListElement":[{"@type":"ListItem","position":1,"name":"Home","item":"https:\/\/supexup.formatome.fr\/2025-2026\/MCO2\/9\/"},{"@type":"ListItem","position":2,"name":"AuraLed"}]},{"@type":"WebSite","@id":"https:\/\/supexup.formatome.fr\/2025-2026\/MCO2\/9\/#website","url":"https:\/\/supexup.formatome.fr\/2025-2026\/MCO2\/9\/","name":"AuraLED","description":"","potentialAction":[{"@type":"SearchAction","target":{"@type":"EntryPoint","urlTemplate":"https:\/\/supexup.formatome.fr\/2025-2026\/MCO2\/9\/?s={search_term_string}"},"query-input":{"@type":"PropertyValueSpecification","valueRequired":true,"valueName":"search_term_string"}}],"inLanguage":"en-US"}]}},"_links":{"self":[{"href":"https:\/\/supexup.formatome.fr\/2025-2026\/MCO2\/9\/wp-json\/wp\/v2\/pages\/7","targetHints":{"allow":["GET"]}}],"collection":[{"href":"https:\/\/supexup.formatome.fr\/2025-2026\/MCO2\/9\/wp-json\/wp\/v2\/pages"}],"about":[{"href":"https:\/\/supexup.formatome.fr\/2025-2026\/MCO2\/9\/wp-json\/wp\/v2\/types\/page"}],"author":[{"embeddable":true,"href":"https:\/\/supexup.formatome.fr\/2025-2026\/MCO2\/9\/wp-json\/wp\/v2\/users\/1"}],"replies":[{"embeddable":true,"href":"https:\/\/supexup.formatome.fr\/2025-2026\/MCO2\/9\/wp-json\/wp\/v2\/comments?post=7"}],"version-history":[{"count":12,"href":"https:\/\/supexup.formatome.fr\/2025-2026\/MCO2\/9\/wp-json\/wp\/v2\/pages\/7\/revisions"}],"predecessor-version":[{"id":31,"href":"https:\/\/supexup.formatome.fr\/2025-2026\/MCO2\/9\/wp-json\/wp\/v2\/pages\/7\/revisions\/31"}],"wp:attachment":[{"href":"https:\/\/supexup.formatome.fr\/2025-2026\/MCO2\/9\/wp-json\/wp\/v2\/media?parent=7"}],"curies":[{"name":"wp","href":"https:\/\/api.w.org\/{rel}","templated":true}]}}