{"id":5,"date":"2025-12-10T16:18:24","date_gmt":"2025-12-10T15:18:24","guid":{"rendered":"https:\/\/supexup.formatome.fr\/2025-2026\/MCO2\/31\/?page_id=5"},"modified":"2025-12-10T17:17:14","modified_gmt":"2025-12-10T16:17:14","slug":"capco-nicolas","status":"publish","type":"page","link":"https:\/\/supexup.formatome.fr\/2025-2026\/MCO2\/31\/?page_id=5","title":{"rendered":"CapCo Nicolas BENOIT"},"content":{"rendered":"\n<!--more-->\n\n\n\n<p><strong>Reste styl\u00e9, reste au chaud.<\/strong><\/p>\n\n\n\n<div class=\"wp-block-columns are-vertically-aligned-center is-style-default is-layout-flex wp-container-core-columns-is-layout-28f84493 wp-block-columns-is-layout-flex\">\n<div class=\"wp-block-column is-vertically-aligned-center is-layout-flow wp-block-column-is-layout-flow\" style=\"flex-basis:100%\">\n<figure class=\"wp-block-gallery has-nested-images columns-default is-cropped wp-block-gallery-1 is-layout-flex wp-block-gallery-is-layout-flex\">\n<figure class=\"wp-block-image size-large\"><img loading=\"lazy\" decoding=\"async\" width=\"600\" height=\"750\" data-id=\"90\" src=\"https:\/\/supexup.formatome.fr\/2025-2026\/MCO2\/31\/wp-content\/uploads\/2025\/12\/vvvv-1.webp\" alt=\"\" class=\"wp-image-90\" srcset=\"https:\/\/supexup.formatome.fr\/2025-2026\/MCO2\/31\/wp-content\/uploads\/2025\/12\/vvvv-1.webp 600w, https:\/\/supexup.formatome.fr\/2025-2026\/MCO2\/31\/wp-content\/uploads\/2025\/12\/vvvv-1-240x300.webp 240w\" sizes=\"auto, (max-width: 600px) 100vw, 600px\" \/><\/figure>\n<\/figure>\n<\/div>\n<\/div>\n\n\n\n<blockquote class=\"wp-block-quote is-layout-flow wp-block-quote-is-layout-flow\">\n<p>D\u00e9couvrez notre collection de produit tendance, con\u00e7us pour allier confort, qualit\u00e9 et style.<\/p>\n<\/blockquote>\n\n\n\n<div class=\"wp-block-buttons is-layout-flex wp-block-buttons-is-layout-flex\">\n<div class=\"wp-block-button\"><a class=\"wp-block-button__link wp-element-button\" href=\"https:\/\/supexup.formatome.fr\/2025-2026\/MCO2\/31\/?post_type=product&amp;p=66&amp;preview=true\">Produit phare<\/a><\/div>\n\n\n\n<div class=\"wp-block-button\"><a class=\"wp-block-button__link wp-element-button\" href=\"https:\/\/supexup.formatome.fr\/2025-2026\/MCO2\/31\/wp-admin\/post.php?post=2&amp;action=edit\">A propos<\/a><\/div>\n\n\n\n<div class=\"wp-block-button\"><a class=\"wp-block-button__link wp-element-button\" href=\"https:\/\/supexup.formatome.fr\/2025-2026\/MCO2\/31\/?post_type=product&amp;p=100&amp;preview=true\">Black friday!<\/a><\/div>\n\n\n\n<div class=\"wp-block-button\"><a class=\"wp-block-button__link wp-element-button\">Service client<\/a><\/div>\n<\/div>\n\n\n\n<p><\/p>\n","protected":false},"excerpt":{"rendered":"","protected":false},"author":1,"featured_media":0,"parent":0,"menu_order":0,"comment_status":"closed","ping_status":"closed","template":"","meta":{"footnotes":""},"class_list":["post-5","page","type-page","status-publish","hentry"],"_links":{"self":[{"href":"https:\/\/supexup.formatome.fr\/2025-2026\/MCO2\/31\/index.php?rest_route=\/wp\/v2\/pages\/5","targetHints":{"allow":["GET"]}}],"collection":[{"href":"https:\/\/supexup.formatome.fr\/2025-2026\/MCO2\/31\/index.php?rest_route=\/wp\/v2\/pages"}],"about":[{"href":"https:\/\/supexup.formatome.fr\/2025-2026\/MCO2\/31\/index.php?rest_route=\/wp\/v2\/types\/page"}],"author":[{"embeddable":true,"href":"https:\/\/supexup.formatome.fr\/2025-2026\/MCO2\/31\/index.php?rest_route=\/wp\/v2\/users\/1"}],"replies":[{"embeddable":true,"href":"https:\/\/supexup.formatome.fr\/2025-2026\/MCO2\/31\/index.php?rest_route=%2Fwp%2Fv2%2Fcomments&post=5"}],"version-history":[{"count":10,"href":"https:\/\/supexup.formatome.fr\/2025-2026\/MCO2\/31\/index.php?rest_route=\/wp\/v2\/pages\/5\/revisions"}],"predecessor-version":[{"id":116,"href":"https:\/\/supexup.formatome.fr\/2025-2026\/MCO2\/31\/index.php?rest_route=\/wp\/v2\/pages\/5\/revisions\/116"}],"wp:attachment":[{"href":"https:\/\/supexup.formatome.fr\/2025-2026\/MCO2\/31\/index.php?rest_route=%2Fwp%2Fv2%2Fmedia&parent=5"}],"curies":[{"name":"wp","href":"https:\/\/api.w.org\/{rel}","templated":true}]}}