{"id":2,"date":"2025-12-10T14:00:29","date_gmt":"2025-12-10T13:00:29","guid":{"rendered":"https:\/\/supexup.formatome.fr\/2025-2026\/MCO2\/31\/?page_id=2"},"modified":"2025-12-10T16:44:45","modified_gmt":"2025-12-10T15:44:45","slug":"page-d-exemple","status":"publish","type":"page","link":"https:\/\/supexup.formatome.fr\/2025-2026\/MCO2\/31\/?page_id=2","title":{"rendered":"A PROPOS DE NOUS"},"content":{"rendered":"\n<div class=\"wp-block-group is-nowrap is-layout-flex wp-container-core-group-is-layout-6c531013 wp-block-group-is-layout-flex\">\n<p class=\"has-text-align-left\">Chez CapCo, notre mission est de fusionner style et soin. Nous cr\u00e9ons des v\u00eatements et accessoire innovants qui vous habillent avec \u00e9l\u00e9gance tout en prot\u00e9geant vos cheveux.<\/p>\n<\/div>\n\n\n\n<div class=\"wp-block-cover alignleft has-custom-content-position is-position-top-left\" style=\"min-height:400px;aspect-ratio:unset;\"><img loading=\"lazy\" decoding=\"async\" width=\"819\" height=\"1024\" class=\"wp-block-cover__image-background wp-image-101\" alt=\"\" src=\"https:\/\/supexup.formatome.fr\/2025-2026\/MCO2\/31\/wp-content\/uploads\/2025\/12\/HOODIES_1-819x1024.webp\" data-object-fit=\"cover\" srcset=\"https:\/\/supexup.formatome.fr\/2025-2026\/MCO2\/31\/wp-content\/uploads\/2025\/12\/HOODIES_1-819x1024.webp 819w, https:\/\/supexup.formatome.fr\/2025-2026\/MCO2\/31\/wp-content\/uploads\/2025\/12\/HOODIES_1-240x300.webp 240w, https:\/\/supexup.formatome.fr\/2025-2026\/MCO2\/31\/wp-content\/uploads\/2025\/12\/HOODIES_1-768x960.webp 768w, https:\/\/supexup.formatome.fr\/2025-2026\/MCO2\/31\/wp-content\/uploads\/2025\/12\/HOODIES_1-600x750.webp 600w, https:\/\/supexup.formatome.fr\/2025-2026\/MCO2\/31\/wp-content\/uploads\/2025\/12\/HOODIES_1.webp 1000w\" sizes=\"auto, (max-width: 819px) 100vw, 819px\" \/><span aria-hidden=\"true\" class=\"wp-block-cover__background has-background-dim\"><\/span><div class=\"wp-block-cover__inner-container is-layout-flow wp-block-cover-is-layout-flow\">\n<p><\/p>\n<\/div><\/div>\n\n\n\n<p class=\"has-text-align-left\">Nos produits sont con\u00e7us par des experts pour r\u00e9pondre aux besoins sp\u00e9cifiques de vos cheveux, tout en offrant un style unique et moderne. CapCo vous accompagne partout, alliant mode et fonctionnalit\u00e9. Rejoignez notre communaut\u00e9 et adoptez un style qui inspire confiance.<\/p>\n\n\n\n<div class=\"wp-block-group is-nowrap is-layout-flex wp-container-core-group-is-layout-6c531013 wp-block-group-is-layout-flex\">\n<p class=\"has-text-align-left\">CapCo est n\u00e9e de la volont\u00e9 de cr\u00e9er des produits innovants et styl\u00e9s, inspir\u00e9s par les d\u00e9fis capillaires quotidiens rencontr\u00e9s par la communaut\u00e9 afro. Nos fondateurs, issus de cette communaut\u00e9 et ayant eux-m\u00eames fait face \u00e0 ces d\u00e9fis, ont compris l&rsquo;importance de solutions pratiques et \u00e9l\u00e9gantes. Nous sommes motiv\u00e9s par notre vision de r\u00e9volutionner la mode avec des produits qui prennent soin de vous, con\u00e7us par une communaut\u00e9 passionn\u00e9e de style et d&rsquo;innovation.<\/p>\n<\/div>\n\n\n\n<p><\/p>\n","protected":false},"excerpt":{"rendered":"<p>Chez CapCo, notre mission est de fusionner style et soin. Nous cr\u00e9ons des v\u00eatements et accessoire innovants qui vous habillent avec \u00e9l\u00e9gance tout en prot\u00e9geant vos cheveux. Nos produits sont con\u00e7us par des experts pour r\u00e9pondre aux besoins sp\u00e9cifiques de vos cheveux, tout en offrant un style unique et moderne. CapCo vous accompagne partout, alliant [&hellip;]<\/p>\n","protected":false},"author":1,"featured_media":0,"parent":0,"menu_order":0,"comment_status":"closed","ping_status":"open","template":"","meta":{"footnotes":""},"class_list":["post-2","page","type-page","status-publish","hentry"],"_links":{"self":[{"href":"https:\/\/supexup.formatome.fr\/2025-2026\/MCO2\/31\/index.php?rest_route=\/wp\/v2\/pages\/2","targetHints":{"allow":["GET"]}}],"collection":[{"href":"https:\/\/supexup.formatome.fr\/2025-2026\/MCO2\/31\/index.php?rest_route=\/wp\/v2\/pages"}],"about":[{"href":"https:\/\/supexup.formatome.fr\/2025-2026\/MCO2\/31\/index.php?rest_route=\/wp\/v2\/types\/page"}],"author":[{"embeddable":true,"href":"https:\/\/supexup.formatome.fr\/2025-2026\/MCO2\/31\/index.php?rest_route=\/wp\/v2\/users\/1"}],"replies":[{"embeddable":true,"href":"https:\/\/supexup.formatome.fr\/2025-2026\/MCO2\/31\/index.php?rest_route=%2Fwp%2Fv2%2Fcomments&post=2"}],"version-history":[{"count":3,"href":"https:\/\/supexup.formatome.fr\/2025-2026\/MCO2\/31\/index.php?rest_route=\/wp\/v2\/pages\/2\/revisions"}],"predecessor-version":[{"id":103,"href":"https:\/\/supexup.formatome.fr\/2025-2026\/MCO2\/31\/index.php?rest_route=\/wp\/v2\/pages\/2\/revisions\/103"}],"wp:attachment":[{"href":"https:\/\/supexup.formatome.fr\/2025-2026\/MCO2\/31\/index.php?rest_route=%2Fwp%2Fv2%2Fmedia&parent=2"}],"curies":[{"name":"wp","href":"https:\/\/api.w.org\/{rel}","templated":true}]}}