{"id":2,"date":"2025-12-10T14:00:46","date_gmt":"2025-12-10T13:00:46","guid":{"rendered":"https:\/\/supexup.formatome.fr\/2025-2026\/MCO2\/30\/?page_id=2"},"modified":"2025-12-10T16:48:28","modified_gmt":"2025-12-10T15:48:28","slug":"page-d-exemple","status":"publish","type":"page","link":"https:\/\/supexup.formatome.fr\/2025-2026\/MCO2\/30\/?page_id=2","title":{"rendered":"Page bonus camilo sanseigne"},"content":{"rendered":"\n<p>Le concept de \u00ab\u00a0pop the baloon or find your love\u00a0\u00bb,<br>est avant tout am\u00e9ricain, donc il faut prendre du recul et se dire que c&rsquo;est 100% de la faute des am\u00e9ricains si l&rsquo;humanit\u00e9 r\u00e9gresse.<\/p>\n\n\n\n<p>Citation de WILL Smith pendant son discours du prix Nobel de la bagarre.<\/p>\n\n\n\n<figure class=\"wp-block-embed is-type-video is-provider-youtube wp-block-embed-youtube wp-embed-aspect-16-9 wp-has-aspect-ratio\"><div class=\"wp-block-embed__wrapper\">\n<iframe loading=\"lazy\" title=\"JE REACT A POP THE BALOON OR FIND YOUR LOVE (le plus marrant)\" width=\"500\" height=\"281\" src=\"https:\/\/www.youtube.com\/embed\/tpCcqxoAiE4?feature=oembed\" frameborder=\"0\" allow=\"accelerometer; autoplay; clipboard-write; encrypted-media; gyroscope; picture-in-picture; web-share\" referrerpolicy=\"strict-origin-when-cross-origin\" allowfullscreen><\/iframe>\n<\/div><\/figure>\n","protected":false},"excerpt":{"rendered":"<p>Le concept de \u00ab\u00a0pop the baloon or find your love\u00a0\u00bb,est avant tout am\u00e9ricain, donc il faut prendre du recul et se dire que c&rsquo;est 100% de la faute des am\u00e9ricains si l&rsquo;humanit\u00e9 r\u00e9gresse. Citation de WILL Smith pendant son discours du prix Nobel de la bagarre.<\/p>\n","protected":false},"author":1,"featured_media":0,"parent":0,"menu_order":0,"comment_status":"closed","ping_status":"open","template":"","meta":{"footnotes":""},"class_list":["post-2","page","type-page","status-publish","hentry"],"_links":{"self":[{"href":"https:\/\/supexup.formatome.fr\/2025-2026\/MCO2\/30\/index.php?rest_route=\/wp\/v2\/pages\/2","targetHints":{"allow":["GET"]}}],"collection":[{"href":"https:\/\/supexup.formatome.fr\/2025-2026\/MCO2\/30\/index.php?rest_route=\/wp\/v2\/pages"}],"about":[{"href":"https:\/\/supexup.formatome.fr\/2025-2026\/MCO2\/30\/index.php?rest_route=\/wp\/v2\/types\/page"}],"author":[{"embeddable":true,"href":"https:\/\/supexup.formatome.fr\/2025-2026\/MCO2\/30\/index.php?rest_route=\/wp\/v2\/users\/1"}],"replies":[{"embeddable":true,"href":"https:\/\/supexup.formatome.fr\/2025-2026\/MCO2\/30\/index.php?rest_route=%2Fwp%2Fv2%2Fcomments&post=2"}],"version-history":[{"count":2,"href":"https:\/\/supexup.formatome.fr\/2025-2026\/MCO2\/30\/index.php?rest_route=\/wp\/v2\/pages\/2\/revisions"}],"predecessor-version":[{"id":112,"href":"https:\/\/supexup.formatome.fr\/2025-2026\/MCO2\/30\/index.php?rest_route=\/wp\/v2\/pages\/2\/revisions\/112"}],"wp:attachment":[{"href":"https:\/\/supexup.formatome.fr\/2025-2026\/MCO2\/30\/index.php?rest_route=%2Fwp%2Fv2%2Fmedia&parent=2"}],"curies":[{"name":"wp","href":"https:\/\/api.w.org\/{rel}","templated":true}]}}