{"id":105,"date":"2026-01-21T16:40:38","date_gmt":"2026-01-21T15:40:38","guid":{"rendered":"https:\/\/supexup.formatome.fr\/2025-2026\/MCO1B\/8\/?page_id=105"},"modified":"2026-01-21T16:40:38","modified_gmt":"2026-01-21T15:40:38","slug":"check-la-compatibilite-de-nos-etuis-pills-keep-avec-ton-telephone","status":"publish","type":"page","link":"https:\/\/supexup.formatome.fr\/2025-2026\/MCO1B\/8\/?page_id=105","title":{"rendered":"CHECK LA COMPATIBILIT\u00c9 DE NOS \u00c9TUIS PILLS KEEP AVEC TON T\u00c9L\u00c9PHONE"},"content":{"rendered":"\n<div class=\"wp-block-columns is-layout-flex wp-container-core-columns-is-layout-28f84493 wp-block-columns-is-layout-flex\">\n<div class=\"wp-block-column is-layout-flow wp-block-column-is-layout-flow\">\n<h2 class=\"wp-block-heading has-text-align-center\">APPLE<\/h2>\n\n\n\n<p><em>iPhone 11 &#8211; 12 &#8211; 13 &#8211; SE &#8211; 14 &#8211; 14Pro &#8211; 14ProMax &#8211; 15 &#8211; 15Plus &#8211; 15Pro &#8211; 15ProMax &#8211; 16 &#8211; 16Pro &#8211; 16ProMax &#8211; 17 &#8211; 17 Pro &#8211; 17ProMax<\/em><\/p>\n<\/div>\n\n\n\n<div class=\"wp-block-column is-layout-flow wp-block-column-is-layout-flow\">\n<h2 class=\"wp-block-heading has-text-align-center\">SAMSUNG<\/h2>\n\n\n\n<p><em>Galaxy S23 Ultra &#8211; S24 &#8211; S20 &#8211; S23FE &#8211; A05S &#8211; A15 &#8211;&nbsp;<\/em>A16 &#8211; A17<em>&#8211; A25-&nbsp;<\/em>A26 &#8211;&nbsp;<em>A34 &#8211; A35 &#8211;&nbsp;<\/em>A36 &#8211;&nbsp;<em>A55 &#8211; A54 REC L<\/em>&nbsp;&#8211; A56 &#8211; S25 &#8211; Z FOLD7<\/p>\n<\/div>\n<\/div>\n\n\n\n<div class=\"wp-block-columns is-layout-flex wp-container-core-columns-is-layout-28f84493 wp-block-columns-is-layout-flex\">\n<div class=\"wp-block-column is-layout-flow wp-block-column-is-layout-flow\">\n<h2 class=\"wp-block-heading has-text-align-center\">AUTRES<\/h2>\n\n\n\n<p class=\"has-text-align-center\">HONOR 200 Lite &#8211; 90 Smart &#8211; Pack 6 Lite &#8211; Honor X 7A &#8211; MAGIC 6 Lite<\/p>\n\n\n\n<p class=\"has-text-align-center\">Xiaomi Redmi Note 13 Pro Plus &#8211; 13 Pro &#8211; 13<\/p>\n\n\n\n<p class=\"has-text-align-center\">Xiaomi Redmi 12 &#8211; 12Pro &#8211; 9C &#8211; 13C<\/p>\n\n\n\n<p class=\"has-text-align-center\">Xiaomi 13T &#8211; 13T PRO<\/p>\n\n\n\n<p class=\"has-text-align-center\">Google Pixel 7A &#8211; 8 &#8211; 8A &#8211; 8Pro &#8211; 9 &#8211; 9A &#8211; 9 Pro XL<\/p>\n\n\n\n<p class=\"has-text-align-center\">DORO 8220 &#8211; Fairphone 5 &#8211; Crosscall Action X5 &#8211; Stellar X5<\/p>\n\n\n\n<p class=\"has-text-align-center\">Motorola G24 &#8211; NOTHING Phone (2)<\/p>\n<\/div>\n<\/div>\n\n\n\n<p style=\"font-size:56px\">Alors \u00e7a match ?<\/p>\n\n\n\n<p><\/p>\n","protected":false},"excerpt":{"rendered":"<p>APPLE iPhone 11 &#8211; 12 &#8211; 13 &#8211; SE &#8211; 14 &#8211; 14Pro &#8211; 14ProMax &#8211; 15 &#8211; 15Plus &#8211; [&hellip;]<\/p>\n","protected":false},"author":1,"featured_media":0,"parent":0,"menu_order":0,"comment_status":"closed","ping_status":"closed","template":"","meta":{"site-sidebar-layout":"default","site-content-layout":"","ast-site-content-layout":"default","site-content-style":"default","site-sidebar-style":"default","ast-global-header-display":"","ast-banner-title-visibility":"","ast-main-header-display":"","ast-hfb-above-header-display":"","ast-hfb-below-header-display":"","ast-hfb-mobile-header-display":"","site-post-title":"","ast-breadcrumbs-content":"","ast-featured-img":"","footer-sml-layout":"","theme-transparent-header-meta":"","adv-header-id-meta":"","stick-header-meta":"","header-above-stick-meta":"","header-main-stick-meta":"","header-below-stick-meta":"","astra-migrate-meta-layouts":"default","ast-page-background-enabled":"default","ast-page-background-meta":{"desktop":{"background-color":"var(--ast-global-color-5)","background-image":"","background-repeat":"repeat","background-position":"center center","background-size":"auto","background-attachment":"scroll","background-type":"","background-media":"","overlay-type":"","overlay-color":"","overlay-opacity":"","overlay-gradient":""},"tablet":{"background-color":"","background-image":"","background-repeat":"repeat","background-position":"center center","background-size":"auto","background-attachment":"scroll","background-type":"","background-media":"","overlay-type":"","overlay-color":"","overlay-opacity":"","overlay-gradient":""},"mobile":{"background-color":"","background-image":"","background-repeat":"repeat","background-position":"center center","background-size":"auto","background-attachment":"scroll","background-type":"","background-media":"","overlay-type":"","overlay-color":"","overlay-opacity":"","overlay-gradient":""}},"ast-content-background-meta":{"desktop":{"background-color":"var(--ast-global-color-4)","background-image":"","background-repeat":"repeat","background-position":"center center","background-size":"auto","background-attachment":"scroll","background-type":"","background-media":"","overlay-type":"","overlay-color":"","overlay-opacity":"","overlay-gradient":""},"tablet":{"background-color":"var(--ast-global-color-4)","background-image":"","background-repeat":"repeat","background-position":"center center","background-size":"auto","background-attachment":"scroll","background-type":"","background-media":"","overlay-type":"","overlay-color":"","overlay-opacity":"","overlay-gradient":""},"mobile":{"background-color":"var(--ast-global-color-4)","background-image":"","background-repeat":"repeat","background-position":"center center","background-size":"auto","background-attachment":"scroll","background-type":"","background-media":"","overlay-type":"","overlay-color":"","overlay-opacity":"","overlay-gradient":""}},"footnotes":""},"class_list":["post-105","page","type-page","status-publish","hentry"],"_links":{"self":[{"href":"https:\/\/supexup.formatome.fr\/2025-2026\/MCO1B\/8\/index.php?rest_route=\/wp\/v2\/pages\/105","targetHints":{"allow":["GET"]}}],"collection":[{"href":"https:\/\/supexup.formatome.fr\/2025-2026\/MCO1B\/8\/index.php?rest_route=\/wp\/v2\/pages"}],"about":[{"href":"https:\/\/supexup.formatome.fr\/2025-2026\/MCO1B\/8\/index.php?rest_route=\/wp\/v2\/types\/page"}],"author":[{"embeddable":true,"href":"https:\/\/supexup.formatome.fr\/2025-2026\/MCO1B\/8\/index.php?rest_route=\/wp\/v2\/users\/1"}],"replies":[{"embeddable":true,"href":"https:\/\/supexup.formatome.fr\/2025-2026\/MCO1B\/8\/index.php?rest_route=%2Fwp%2Fv2%2Fcomments&post=105"}],"version-history":[{"count":1,"href":"https:\/\/supexup.formatome.fr\/2025-2026\/MCO1B\/8\/index.php?rest_route=\/wp\/v2\/pages\/105\/revisions"}],"predecessor-version":[{"id":106,"href":"https:\/\/supexup.formatome.fr\/2025-2026\/MCO1B\/8\/index.php?rest_route=\/wp\/v2\/pages\/105\/revisions\/106"}],"wp:attachment":[{"href":"https:\/\/supexup.formatome.fr\/2025-2026\/MCO1B\/8\/index.php?rest_route=%2Fwp%2Fv2%2Fmedia&parent=105"}],"curies":[{"name":"wp","href":"https:\/\/api.w.org\/{rel}","templated":true}]}}