{"id":140,"date":"2026-01-22T09:31:52","date_gmt":"2026-01-22T08:31:52","guid":{"rendered":"https:\/\/supexup.formatome.fr\/2025-2026\/MCO1B\/7\/?post_type=product&#038;p=140"},"modified":"2026-01-22T09:35:00","modified_gmt":"2026-01-22T08:35:00","slug":"montre-fossil-raquel-en-acier-et-pvd-dore","status":"publish","type":"product","link":"https:\/\/supexup.formatome.fr\/2025-2026\/MCO1B\/7\/?product=montre-fossil-raquel-en-acier-et-pvd-dore","title":{"rendered":"Montre Fossil Raquel en Acier et PVD Dor\u00e9"},"content":{"rendered":"<p>Lumineuse et glamour, la montre Raquel ES5220 sign\u00e9e Fossil est tr\u00e8s facile \u00e0 porter, et nous \u00e9blouit par le soin apport\u00e9 \u00e0 ses d\u00e9tails tr\u00e8s sophistiqu\u00e9s. Pour un look plein de modernit\u00e9, elle choisit de s&rsquo;habiller presque enti\u00e8rement d&rsquo;acier dor\u00e9. Son cadran rectangulaire se pare de blanc et s&rsquo;accompagne d&rsquo;une ronde d&rsquo;index en chiffres romains et d&rsquo;un guichet date. Ces \u00e9l\u00e9ments minimalistes aux d\u00e9tails dor\u00e9s contrastent \u00e9l\u00e9gamment avec ce fond \u00e9pur\u00e9. Le mod\u00e8le Raquel base son fonctionnement sur un mouvement \u00e0 quartz et habille votre poignet en misant pour une ind\u00e9modable maille dor\u00e9e, confortable et tendance. &#8211; mouvement \u00e0 quartz &#8211; verre min\u00e9ral &#8211; bracelet en maille dor\u00e9e &#8211; boucle d\u00e9ployante &#8211; guichet date &#8211; \u00e9tanch\u00e9it\u00e9 jusqu&rsquo;\u00e0 50 m\u00e8tres.<\/p>\n","protected":false},"excerpt":{"rendered":"<div id=\"synalia_pickup_store\" class=\"item d-flex align-items-baseline mt-2 pt-1\">\n<p><img decoding=\"async\" src=\"https:\/\/www.montresandco.com\/themes\/synalia\/assets\/img\/checkVert.webp\" alt=\"En stock\" \/><\/p>\n<div class=\"d-flex flex-column\">\n<div class=\"d-flex flex-column\">\n<div class=\"d-flex flex-column\"><\/div>\n<\/div>\n<\/div>\n<div class=\"d-flex flex-column\">\n<p class=\"text-uppercase fw-bold ms-2 fs-extra-small fs-lg-paragraph-middle text-success\">Retrait en magasin<\/p>\n<\/div>\n<\/div>\n<div id=\"synalia_delivery_place\" class=\"item d-flex align-items-baseline mt-2 pt-1\">\n<p><img decoding=\"async\" src=\"https:\/\/www.montresandco.com\/themes\/synalia\/assets\/img\/checkVert.webp\" alt=\"En stock\" \/><\/p>\n<div class=\"d-flex flex-column\">\n<p class=\"text-uppercase fw-bold ms-2 fs-extra-small fs-lg-paragraph-middle text-success\">Livraison \u00e0 domicile ou en point relais<\/p>\n<p class=\"ms-2 me-2\"><span class=\"text-delivery col-lg-auto fs-extra-small fs-lg-paragraph-middle d-block mt-1\">\u00e0 partir du samedi 24 Janvier<\/span><\/p>\n<\/div>\n<\/div>\n","protected":false},"featured_media":142,"comment_status":"open","ping_status":"closed","template":"","meta":[],"product_brand":[],"product_cat":[17],"product_tag":[],"class_list":{"0":"post-140","1":"product","2":"type-product","3":"status-publish","4":"has-post-thumbnail","6":"product_cat-non-classe","8":"first","9":"instock","10":"shipping-taxable","11":"purchasable","12":"product-type-simple"},"_links":{"self":[{"href":"https:\/\/supexup.formatome.fr\/2025-2026\/MCO1B\/7\/index.php?rest_route=\/wp\/v2\/product\/140","targetHints":{"allow":["GET"]}}],"collection":[{"href":"https:\/\/supexup.formatome.fr\/2025-2026\/MCO1B\/7\/index.php?rest_route=\/wp\/v2\/product"}],"about":[{"href":"https:\/\/supexup.formatome.fr\/2025-2026\/MCO1B\/7\/index.php?rest_route=\/wp\/v2\/types\/product"}],"replies":[{"embeddable":true,"href":"https:\/\/supexup.formatome.fr\/2025-2026\/MCO1B\/7\/index.php?rest_route=%2Fwp%2Fv2%2Fcomments&post=140"}],"wp:featuredmedia":[{"embeddable":true,"href":"https:\/\/supexup.formatome.fr\/2025-2026\/MCO1B\/7\/index.php?rest_route=\/wp\/v2\/media\/142"}],"wp:attachment":[{"href":"https:\/\/supexup.formatome.fr\/2025-2026\/MCO1B\/7\/index.php?rest_route=%2Fwp%2Fv2%2Fmedia&parent=140"}],"wp:term":[{"taxonomy":"product_brand","embeddable":true,"href":"https:\/\/supexup.formatome.fr\/2025-2026\/MCO1B\/7\/index.php?rest_route=%2Fwp%2Fv2%2Fproduct_brand&post=140"},{"taxonomy":"product_cat","embeddable":true,"href":"https:\/\/supexup.formatome.fr\/2025-2026\/MCO1B\/7\/index.php?rest_route=%2Fwp%2Fv2%2Fproduct_cat&post=140"},{"taxonomy":"product_tag","embeddable":true,"href":"https:\/\/supexup.formatome.fr\/2025-2026\/MCO1B\/7\/index.php?rest_route=%2Fwp%2Fv2%2Fproduct_tag&post=140"}],"curies":[{"name":"wp","href":"https:\/\/api.w.org\/{rel}","templated":true}]}}