{"id":110,"date":"2026-01-22T09:25:06","date_gmt":"2026-01-22T08:25:06","guid":{"rendered":"https:\/\/supexup.formatome.fr\/2025-2026\/MCO1B\/6\/?post_type=product&#038;p=110"},"modified":"2026-01-22T09:25:06","modified_gmt":"2026-01-22T08:25:06","slug":"montre-automatique-pierre-lannier-automatic-en-acier-bleu","status":"publish","type":"product","link":"https:\/\/supexup.formatome.fr\/2025-2026\/MCO1B\/6\/?product=montre-automatique-pierre-lannier-automatic-en-acier-bleu","title":{"rendered":"Montre Automatique Pierre Lannier Automatic en Acier Bleu"},"content":{"rendered":"<p>D\u00e9j\u00e0 bien fournie, la collection de montres automatiques Pierre Lannier continue de s&rsquo;agrandir ! Cette saison, elle accueille dans ses rangs un mod\u00e8le au look audacieux, domin\u00e9 par la pr\u00e9sence d&rsquo;un t\u00e9n\u00e9breux bleu. Sur le large bo\u00eetier, le cadran soleill\u00e9 ou encore le bracelet milanais : cette teinte originale et tendance s&rsquo;invite sur chaque d\u00e9tail de l&rsquo;\u00e9l\u00e9gante silhouette du mod\u00e8le. Survol\u00e9 par des aiguilles visibles dans l&rsquo;obscurit\u00e9 et orn\u00e9 d&rsquo;une ronde d&rsquo;index en chiffres romains dor\u00e9s, le cadran de cette montre Pierre Lannier pour hommes aussi a de quoi nous subjuguer&#8230; Par transparence, il laisse appara\u00eetre l&rsquo;incroyable enchev\u00eatrement de rouages qui met le mod\u00e8le en marche ! &#8211; mouvement automatique &#8211; superbe cadran fa\u00e7on\u00a0\u00bbsquelette\u00a0\u00bb &#8211; aiguilles \u00e0 rev\u00eatement luminescent &#8211; silhouette bleue audacieuse et tendance &#8211; ronde d&rsquo;\u00e9l\u00e9gants index en chiffres romains<\/p>\n","protected":false},"excerpt":{"rendered":"<div class=\"d-flex justify-content-between mt-2\">\n<div id=\"cc-information\" class=\"flex-grow-1 block-about me-2\" data-product_availability=\"available\" data-action=\"https:\/\/www.montresandco.com\/module\/sy_clickandcollect\/refresh\">\n<div class=\"cc-info\">\n<div id=\"synalia_pickup_store\" class=\"item d-flex align-items-baseline mt-2 pt-1\">\n<div class=\"d-flex flex-column\">\n<p class=\"text-uppercase fw-bold ms-2 fs-extra-small fs-lg-paragraph-middle text-success\">Retrait en magasin<\/p>\n<\/div>\n<\/div>\n<div id=\"synalia_delivery_place\" class=\"item d-flex align-items-baseline mt-2 pt-1\"><img decoding=\"async\" src=\"https:\/\/www.montresandco.com\/themes\/synalia\/assets\/img\/checkVert.webp\" alt=\"En stock\" \/><\/p>\n<div class=\"d-flex flex-column\">\n<p class=\"text-uppercase fw-bold ms-2 fs-extra-small fs-lg-paragraph-middle text-success\">Livraison \u00e0 domicile ou en point relais<\/p>\n<p class=\"ms-2 me-2\"><span class=\"text-delivery col-lg-auto fs-extra-small fs-lg-paragraph-middle d-block mt-1\">\u00e0 partir du samedi 24 Janvier<\/span><\/p>\n<\/div>\n<\/div>\n<\/div>\n<\/div>\n<div class=\"product-prices d-flex flex-column justify-content-center no-wrap mt-3\">\n<div class=\"d-flex align-items-center cnt-text-oney flex-wrap flex-lg-nowrap\">OU PAYEZ EN<img decoding=\"async\" src=\"https:\/\/www.montresandco.com\/modules\/oney\/views\/img\/3xPastille.webp\" \/>OU<img decoding=\"async\" src=\"https:\/\/www.montresandco.com\/modules\/oney\/views\/img\/4xPastille.webp\" \/>PAR CARTE BANCAIRE\u00a0<button class=\"btn border-0 p-0 m-0\" type=\"button\" data-bs-toggle=\"modal\" data-bs-backdrop=\"false\" data-bs-target=\"#popupOney\"><\/button><\/div>\n<\/div>\n<\/div>\n","protected":false},"featured_media":111,"comment_status":"open","ping_status":"closed","template":"","meta":{"site-sidebar-layout":"default","site-content-layout":"","ast-site-content-layout":"default","site-content-style":"default","site-sidebar-style":"default","ast-global-header-display":"","ast-banner-title-visibility":"","ast-main-header-display":"","ast-hfb-above-header-display":"","ast-hfb-below-header-display":"","ast-hfb-mobile-header-display":"","site-post-title":"","ast-breadcrumbs-content":"","ast-featured-img":"","footer-sml-layout":"","theme-transparent-header-meta":"default","adv-header-id-meta":"","stick-header-meta":"","header-above-stick-meta":"","header-main-stick-meta":"","header-below-stick-meta":"","astra-migrate-meta-layouts":"set","ast-page-background-enabled":"default","ast-page-background-meta":{"desktop":{"background-color":"var(--ast-global-color-5)","background-image":"","background-repeat":"repeat","background-position":"center center","background-size":"auto","background-attachment":"scroll","background-type":"","background-media":"","overlay-type":"","overlay-color":"","overlay-opacity":"","overlay-gradient":""},"tablet":{"background-color":"","background-image":"","background-repeat":"repeat","background-position":"center center","background-size":"auto","background-attachment":"scroll","background-type":"","background-media":"","overlay-type":"","overlay-color":"","overlay-opacity":"","overlay-gradient":""},"mobile":{"background-color":"","background-image":"","background-repeat":"repeat","background-position":"center center","background-size":"auto","background-attachment":"scroll","background-type":"","background-media":"","overlay-type":"","overlay-color":"","overlay-opacity":"","overlay-gradient":""}},"ast-content-background-meta":{"desktop":{"background-color":"var(--ast-global-color-4)","background-image":"","background-repeat":"repeat","background-position":"center center","background-size":"auto","background-attachment":"scroll","background-type":"","background-media":"","overlay-type":"","overlay-color":"","overlay-opacity":"","overlay-gradient":""},"tablet":{"background-color":"var(--ast-global-color-4)","background-image":"","background-repeat":"repeat","background-position":"center center","background-size":"auto","background-attachment":"scroll","background-type":"","background-media":"","overlay-type":"","overlay-color":"","overlay-opacity":"","overlay-gradient":""},"mobile":{"background-color":"var(--ast-global-color-4)","background-image":"","background-repeat":"repeat","background-position":"center center","background-size":"auto","background-attachment":"scroll","background-type":"","background-media":"","overlay-type":"","overlay-color":"","overlay-opacity":"","overlay-gradient":""}}},"product_brand":[],"product_cat":[16],"product_tag":[],"class_list":{"0":"post-110","1":"product","2":"type-product","3":"status-publish","4":"has-post-thumbnail","6":"product_cat-non-classe","7":"desktop-align-left","8":"tablet-align-left","9":"mobile-align-left","11":"first","12":"instock","13":"shipping-taxable","14":"purchasable","15":"product-type-simple"},"_links":{"self":[{"href":"https:\/\/supexup.formatome.fr\/2025-2026\/MCO1B\/6\/index.php?rest_route=\/wp\/v2\/product\/110","targetHints":{"allow":["GET"]}}],"collection":[{"href":"https:\/\/supexup.formatome.fr\/2025-2026\/MCO1B\/6\/index.php?rest_route=\/wp\/v2\/product"}],"about":[{"href":"https:\/\/supexup.formatome.fr\/2025-2026\/MCO1B\/6\/index.php?rest_route=\/wp\/v2\/types\/product"}],"replies":[{"embeddable":true,"href":"https:\/\/supexup.formatome.fr\/2025-2026\/MCO1B\/6\/index.php?rest_route=%2Fwp%2Fv2%2Fcomments&post=110"}],"wp:featuredmedia":[{"embeddable":true,"href":"https:\/\/supexup.formatome.fr\/2025-2026\/MCO1B\/6\/index.php?rest_route=\/wp\/v2\/media\/111"}],"wp:attachment":[{"href":"https:\/\/supexup.formatome.fr\/2025-2026\/MCO1B\/6\/index.php?rest_route=%2Fwp%2Fv2%2Fmedia&parent=110"}],"wp:term":[{"taxonomy":"product_brand","embeddable":true,"href":"https:\/\/supexup.formatome.fr\/2025-2026\/MCO1B\/6\/index.php?rest_route=%2Fwp%2Fv2%2Fproduct_brand&post=110"},{"taxonomy":"product_cat","embeddable":true,"href":"https:\/\/supexup.formatome.fr\/2025-2026\/MCO1B\/6\/index.php?rest_route=%2Fwp%2Fv2%2Fproduct_cat&post=110"},{"taxonomy":"product_tag","embeddable":true,"href":"https:\/\/supexup.formatome.fr\/2025-2026\/MCO1B\/6\/index.php?rest_route=%2Fwp%2Fv2%2Fproduct_tag&post=110"}],"curies":[{"name":"wp","href":"https:\/\/api.w.org\/{rel}","templated":true}]}}