{"id":104,"date":"2026-01-22T09:20:10","date_gmt":"2026-01-22T08:20:10","guid":{"rendered":"https:\/\/supexup.formatome.fr\/2025-2026\/MCO1B\/6\/?post_type=product&#038;p=104"},"modified":"2026-01-22T09:20:10","modified_gmt":"2026-01-22T08:20:10","slug":"montre-festina-en-metal-argente","status":"publish","type":"product","link":"https:\/\/supexup.formatome.fr\/2025-2026\/MCO1B\/6\/?product=montre-festina-en-metal-argente","title":{"rendered":"Montre Festina en M\u00e9tal Argent\u00e9"},"content":{"rendered":"<p>Festina a bien compris les femmes et n\u2019a pas son pareil pour les charmer. Pour les adeptes de la qualit\u00e9, de la fiabilit\u00e9 et de l\u2019\u00e9l\u00e9gance, cette montre femme en acier inoxydable gris argent\u00e9 sera \u00e0 coup s\u00fbr votre alli\u00e9 beaut\u00e9. Pens\u00e9e pour les femmes actives et soucieuses de leur allure, la marque, sponsor de nombreux \u00e9v\u00e8nements, a cr\u00e9\u00e9 cette collection de montres analogiques, haute en couleur. Son cadran bross\u00e9 vert \u00e9meraude nous attire irr\u00e9sistiblement et nous s\u00e9duit par sa simplicit\u00e9. Pour une lecture optimis\u00e9e de l\u2019heure, et ce, m\u00eame dans l\u2019obscurit\u00e9, Festina a int\u00e9gr\u00e9 des index et aiguilles luminescents.<\/p>\n","protected":false},"excerpt":{"rendered":"<div id=\"synalia_pickup_store\" class=\"item d-flex align-items-baseline mt-2 pt-1\">\n<div class=\"d-flex flex-column\">\n<p class=\"text-uppercase fw-bold ms-2 fs-extra-small fs-lg-paragraph-middle text-success\">Retrait en magasin<\/p>\n<\/div>\n<\/div>\n<div id=\"synalia_delivery_place\" class=\"item d-flex align-items-baseline mt-2 pt-1\"><img decoding=\"async\" src=\"https:\/\/www.montresandco.com\/themes\/synalia\/assets\/img\/checkVert.webp\" alt=\"En stock\" \/><\/p>\n<div class=\"d-flex flex-column\">\n<p class=\"text-uppercase fw-bold ms-2 fs-extra-small fs-lg-paragraph-middle text-success\">Livraison \u00e0 domicile ou en point relais<\/p>\n<p class=\"ms-2 me-2\"><span class=\"text-delivery col-lg-auto fs-extra-small fs-lg-paragraph-middle d-block mt-1\">\u00e0 partir du samedi 24 Janvier<\/span><\/p>\n<\/div>\n<\/div>\n","protected":false},"featured_media":105,"comment_status":"open","ping_status":"closed","template":"","meta":{"site-sidebar-layout":"default","site-content-layout":"","ast-site-content-layout":"default","site-content-style":"default","site-sidebar-style":"default","ast-global-header-display":"","ast-banner-title-visibility":"","ast-main-header-display":"","ast-hfb-above-header-display":"","ast-hfb-below-header-display":"","ast-hfb-mobile-header-display":"","site-post-title":"","ast-breadcrumbs-content":"","ast-featured-img":"","footer-sml-layout":"","theme-transparent-header-meta":"default","adv-header-id-meta":"","stick-header-meta":"","header-above-stick-meta":"","header-main-stick-meta":"","header-below-stick-meta":"","astra-migrate-meta-layouts":"set","ast-page-background-enabled":"default","ast-page-background-meta":{"desktop":{"background-color":"var(--ast-global-color-5)","background-image":"","background-repeat":"repeat","background-position":"center center","background-size":"auto","background-attachment":"scroll","background-type":"","background-media":"","overlay-type":"","overlay-color":"","overlay-opacity":"","overlay-gradient":""},"tablet":{"background-color":"","background-image":"","background-repeat":"repeat","background-position":"center center","background-size":"auto","background-attachment":"scroll","background-type":"","background-media":"","overlay-type":"","overlay-color":"","overlay-opacity":"","overlay-gradient":""},"mobile":{"background-color":"","background-image":"","background-repeat":"repeat","background-position":"center center","background-size":"auto","background-attachment":"scroll","background-type":"","background-media":"","overlay-type":"","overlay-color":"","overlay-opacity":"","overlay-gradient":""}},"ast-content-background-meta":{"desktop":{"background-color":"var(--ast-global-color-4)","background-image":"","background-repeat":"repeat","background-position":"center center","background-size":"auto","background-attachment":"scroll","background-type":"","background-media":"","overlay-type":"","overlay-color":"","overlay-opacity":"","overlay-gradient":""},"tablet":{"background-color":"var(--ast-global-color-4)","background-image":"","background-repeat":"repeat","background-position":"center center","background-size":"auto","background-attachment":"scroll","background-type":"","background-media":"","overlay-type":"","overlay-color":"","overlay-opacity":"","overlay-gradient":""},"mobile":{"background-color":"var(--ast-global-color-4)","background-image":"","background-repeat":"repeat","background-position":"center center","background-size":"auto","background-attachment":"scroll","background-type":"","background-media":"","overlay-type":"","overlay-color":"","overlay-opacity":"","overlay-gradient":""}}},"product_brand":[],"product_cat":[16],"product_tag":[],"class_list":{"0":"post-104","1":"product","2":"type-product","3":"status-publish","4":"has-post-thumbnail","6":"product_cat-non-classe","7":"desktop-align-left","8":"tablet-align-left","9":"mobile-align-left","11":"first","12":"instock","13":"shipping-taxable","14":"purchasable","15":"product-type-simple"},"_links":{"self":[{"href":"https:\/\/supexup.formatome.fr\/2025-2026\/MCO1B\/6\/index.php?rest_route=\/wp\/v2\/product\/104","targetHints":{"allow":["GET"]}}],"collection":[{"href":"https:\/\/supexup.formatome.fr\/2025-2026\/MCO1B\/6\/index.php?rest_route=\/wp\/v2\/product"}],"about":[{"href":"https:\/\/supexup.formatome.fr\/2025-2026\/MCO1B\/6\/index.php?rest_route=\/wp\/v2\/types\/product"}],"replies":[{"embeddable":true,"href":"https:\/\/supexup.formatome.fr\/2025-2026\/MCO1B\/6\/index.php?rest_route=%2Fwp%2Fv2%2Fcomments&post=104"}],"wp:featuredmedia":[{"embeddable":true,"href":"https:\/\/supexup.formatome.fr\/2025-2026\/MCO1B\/6\/index.php?rest_route=\/wp\/v2\/media\/105"}],"wp:attachment":[{"href":"https:\/\/supexup.formatome.fr\/2025-2026\/MCO1B\/6\/index.php?rest_route=%2Fwp%2Fv2%2Fmedia&parent=104"}],"wp:term":[{"taxonomy":"product_brand","embeddable":true,"href":"https:\/\/supexup.formatome.fr\/2025-2026\/MCO1B\/6\/index.php?rest_route=%2Fwp%2Fv2%2Fproduct_brand&post=104"},{"taxonomy":"product_cat","embeddable":true,"href":"https:\/\/supexup.formatome.fr\/2025-2026\/MCO1B\/6\/index.php?rest_route=%2Fwp%2Fv2%2Fproduct_cat&post=104"},{"taxonomy":"product_tag","embeddable":true,"href":"https:\/\/supexup.formatome.fr\/2025-2026\/MCO1B\/6\/index.php?rest_route=%2Fwp%2Fv2%2Fproduct_tag&post=104"}],"curies":[{"name":"wp","href":"https:\/\/api.w.org\/{rel}","templated":true}]}}