{"id":135,"date":"2026-01-22T09:45:32","date_gmt":"2026-01-22T08:45:32","guid":{"rendered":"https:\/\/supexup.formatome.fr\/2025-2026\/MCO1B\/4\/?post_type=product&#038;p=135"},"modified":"2026-01-22T09:46:14","modified_gmt":"2026-01-22T08:46:14","slug":"montre-boss-trace-en-metal-dore","status":"publish","type":"product","link":"https:\/\/supexup.formatome.fr\/2025-2026\/MCO1B\/4\/?product=montre-boss-trace-en-metal-dore","title":{"rendered":"Montre Boss Trace en M\u00e9tal Dor\u00e9"},"content":{"rendered":"<p>Avec son allure sportive chic et ses finitions somptueuses, la montre Trace 1514006 habille votre poignet avec caract\u00e8re et vous assure une grande fonctionnalit\u00e9 au quotidien. Son grand cadran \u00e0 affichages multiples r\u00e9v\u00e8le un superbe contraste caract\u00e9ris\u00e9 par un fond sombre et des d\u00e9tails en acier dor\u00e9 et\/ou blancs. Survolant sa superficie au rythme d&rsquo;un mouvement \u00e0 quartz, trois aiguilles se chargent d&rsquo;indiquer l&rsquo;heure avec une clart\u00e9 infinie. Afin de prot\u00e9ger ce magnifique cadran des \u00e9ventuelles rayures et chocs, un verre min\u00e9ral le surplombe. Pour habiller votre poignet, le bracelet se pare d&rsquo;acier inoxydable dor\u00e9 sous la forme de mailles tr\u00e8s tendances, et se ferme gr\u00e2ce \u00e0 une boucle d\u00e9ployante. Avec une \u00e9tanch\u00e9it\u00e9 de 5 ATM, soit 50 m\u00e8tres, cette montre vous accompagnera au quotidien avec style et audace. &#8211; mouvement \u00e0 quartz &#8211; bracelet en acier &#8211; boucle d\u00e9ployante &#8211; 3 compteurs de chronographes &#8211; verre min\u00e9ral protecteur &#8211; \u00e9tanch\u00e9it\u00e9 jusqu&rsquo;\u00e0 50 m\u00e8tres.<\/p>\n","protected":false},"excerpt":{"rendered":"<p>Avec son allure sportive chic et ses finitions somptueuses, la montre Trace 1514006 habille votre poignet avec caract\u00e8re et vous [&hellip;]<\/p>\n","protected":false},"featured_media":122,"comment_status":"open","ping_status":"closed","template":"","meta":{"site-sidebar-layout":"default","site-content-layout":"","ast-site-content-layout":"default","site-content-style":"default","site-sidebar-style":"default","ast-global-header-display":"","ast-banner-title-visibility":"","ast-main-header-display":"","ast-hfb-above-header-display":"","ast-hfb-below-header-display":"","ast-hfb-mobile-header-display":"","site-post-title":"","ast-breadcrumbs-content":"","ast-featured-img":"","footer-sml-layout":"","theme-transparent-header-meta":"default","adv-header-id-meta":"","stick-header-meta":"","header-above-stick-meta":"","header-main-stick-meta":"","header-below-stick-meta":"","astra-migrate-meta-layouts":"set","ast-page-background-enabled":"default","ast-page-background-meta":{"desktop":{"background-color":"var(--ast-global-color-5)","background-image":"","background-repeat":"repeat","background-position":"center center","background-size":"auto","background-attachment":"scroll","background-type":"","background-media":"","overlay-type":"","overlay-color":"","overlay-opacity":"","overlay-gradient":""},"tablet":{"background-color":"","background-image":"","background-repeat":"repeat","background-position":"center center","background-size":"auto","background-attachment":"scroll","background-type":"","background-media":"","overlay-type":"","overlay-color":"","overlay-opacity":"","overlay-gradient":""},"mobile":{"background-color":"","background-image":"","background-repeat":"repeat","background-position":"center center","background-size":"auto","background-attachment":"scroll","background-type":"","background-media":"","overlay-type":"","overlay-color":"","overlay-opacity":"","overlay-gradient":""}},"ast-content-background-meta":{"desktop":{"background-color":"var(--ast-global-color-4)","background-image":"","background-repeat":"repeat","background-position":"center center","background-size":"auto","background-attachment":"scroll","background-type":"","background-media":"","overlay-type":"","overlay-color":"","overlay-opacity":"","overlay-gradient":""},"tablet":{"background-color":"var(--ast-global-color-4)","background-image":"","background-repeat":"repeat","background-position":"center center","background-size":"auto","background-attachment":"scroll","background-type":"","background-media":"","overlay-type":"","overlay-color":"","overlay-opacity":"","overlay-gradient":""},"mobile":{"background-color":"var(--ast-global-color-4)","background-image":"","background-repeat":"repeat","background-position":"center center","background-size":"auto","background-attachment":"scroll","background-type":"","background-media":"","overlay-type":"","overlay-color":"","overlay-opacity":"","overlay-gradient":""}}},"product_brand":[],"product_cat":[16],"product_tag":[],"class_list":{"0":"post-135","1":"product","2":"type-product","3":"status-publish","4":"has-post-thumbnail","6":"product_cat-non-classe","7":"desktop-align-left","8":"tablet-align-left","9":"mobile-align-left","11":"first","12":"instock","13":"sale","14":"shipping-taxable","15":"purchasable","16":"product-type-simple"},"_links":{"self":[{"href":"https:\/\/supexup.formatome.fr\/2025-2026\/MCO1B\/4\/index.php?rest_route=\/wp\/v2\/product\/135","targetHints":{"allow":["GET"]}}],"collection":[{"href":"https:\/\/supexup.formatome.fr\/2025-2026\/MCO1B\/4\/index.php?rest_route=\/wp\/v2\/product"}],"about":[{"href":"https:\/\/supexup.formatome.fr\/2025-2026\/MCO1B\/4\/index.php?rest_route=\/wp\/v2\/types\/product"}],"replies":[{"embeddable":true,"href":"https:\/\/supexup.formatome.fr\/2025-2026\/MCO1B\/4\/index.php?rest_route=%2Fwp%2Fv2%2Fcomments&post=135"}],"wp:featuredmedia":[{"embeddable":true,"href":"https:\/\/supexup.formatome.fr\/2025-2026\/MCO1B\/4\/index.php?rest_route=\/wp\/v2\/media\/122"}],"wp:attachment":[{"href":"https:\/\/supexup.formatome.fr\/2025-2026\/MCO1B\/4\/index.php?rest_route=%2Fwp%2Fv2%2Fmedia&parent=135"}],"wp:term":[{"taxonomy":"product_brand","embeddable":true,"href":"https:\/\/supexup.formatome.fr\/2025-2026\/MCO1B\/4\/index.php?rest_route=%2Fwp%2Fv2%2Fproduct_brand&post=135"},{"taxonomy":"product_cat","embeddable":true,"href":"https:\/\/supexup.formatome.fr\/2025-2026\/MCO1B\/4\/index.php?rest_route=%2Fwp%2Fv2%2Fproduct_cat&post=135"},{"taxonomy":"product_tag","embeddable":true,"href":"https:\/\/supexup.formatome.fr\/2025-2026\/MCO1B\/4\/index.php?rest_route=%2Fwp%2Fv2%2Fproduct_tag&post=135"}],"curies":[{"name":"wp","href":"https:\/\/api.w.org\/{rel}","templated":true}]}}