{"id":115,"date":"2026-01-22T09:35:02","date_gmt":"2026-01-22T08:35:02","guid":{"rendered":"https:\/\/supexup.formatome.fr\/2025-2026\/MCO1B\/14\/?post_type=product&#038;p=115"},"modified":"2026-01-22T09:37:59","modified_gmt":"2026-01-22T08:37:59","slug":"montre-automatique-pierre-lannier-automatic-en-acier-bleu","status":"publish","type":"product","link":"https:\/\/supexup.formatome.fr\/2025-2026\/MCO1B\/14\/?product=montre-automatique-pierre-lannier-automatic-en-acier-bleu","title":{"rendered":"Montre Automatique Pierre Lannier Automatic en Acier Bleu"},"content":{"rendered":"<p>D\u00e9j\u00e0 bien fournie, la collection de montres automatiques Pierre Lannier continue de s&rsquo;agrandir ! Cette saison, elle accueille dans ses rangs un mod\u00e8le au look audacieux, domin\u00e9 par la pr\u00e9sence d&rsquo;un t\u00e9n\u00e9breux bleu. Sur le large bo\u00eetier, le cadran soleill\u00e9 ou encore le bracelet milanais : cette teinte originale et tendance s&rsquo;invite sur chaque d\u00e9tail de l&rsquo;\u00e9l\u00e9gante silhouette du mod\u00e8le. Survol\u00e9 par des aiguilles visibles dans l&rsquo;obscurit\u00e9 et orn\u00e9 d&rsquo;une ronde d&rsquo;index en chiffres romains dor\u00e9s, le cadran de cette montre Pierre Lannier pour hommes aussi a de quoi nous subjuguer&#8230; Par transparence, il laisse appara\u00eetre l&rsquo;incroyable enchev\u00eatrement de rouages qui met le mod\u00e8le en marche ! &#8211; mouvement automatique &#8211; superbe cadran fa\u00e7on\u00a0\u00bbsquelette\u00a0\u00bb &#8211; aiguilles \u00e0 rev\u00eatement luminescent &#8211; silhouette bleue audacieuse et tendance &#8211; ronde d&rsquo;\u00e9l\u00e9gants index en chiffres romain<\/p>\n","protected":false},"excerpt":{"rendered":"<div class=\"float-start col-12 col-md-6 pe-md-5\">\n<section id=\"content\" class=\"page-content position-relative\">\n<div class=\"images-container\">\n<div class=\"product-cover position-relative p-md-3\">\n<p><span style=\"font-size: 16px;\">7 autres couleurs disponibles<\/span><\/p>\n<\/div>\n<\/div>\n<\/section>\n<\/div>\n<div class=\"product-attribute-details float-end col-12 col-md-6 ps-md-1\">\n<div class=\"product-actions\">\n<form id=\"add-to-cart-or-refresh\" action=\"https:\/\/www.montresandco.com\/panier\" method=\"post\">\n<div class=\"w-100 ms-lg-4 ms-xxl-5 \">\n<div id=\"variant-color-link\" class=\"owl-carousel owl-theme d-flex align-items-center owl-loaded owl-drag\">\n<div class=\"owl-stage-outer\">\n<div class=\"owl-stage\">\n<div class=\"owl-item active\"><\/div>\n<div class=\"owl-item active\"><\/div>\n<div class=\"owl-item\"><\/div>\n<\/div>\n<\/div>\n<div class=\"owl-nav\"><\/div>\n<\/div>\n<\/div>\n<div class=\"\">\n<div class=\"separator my-4\"><\/div>\n<\/div>\n<div class=\"product-variants ms-3 ms-lg-4 ms-xxl-5\">\n<div id=\"product-availability\" class=\"mt-3 stock-ok\"><\/div>\n<\/div>\n<div class=\"separator mt-4 bgSep ms-3 ms-lg-4 ms-xxl-5\"><\/div>\n<div class=\"product-cta pt-0 ps-3 ps-lg-4 ps-xxl-5\">\n<div class=\"d-flex justify-content-between mt-2\">\n<div id=\"cc-information\" class=\"flex-grow-1 block-about me-2\" data-product_availability=\"available\" data-action=\"https:\/\/www.montresandco.com\/module\/sy_clickandcollect\/refresh\">\n<div class=\"cc-info\">\n<div id=\"synalia_pickup_store\" class=\"item d-flex align-items-baseline mt-2 pt-1\">\n<p><img decoding=\"async\" src=\"https:\/\/www.montresandco.com\/themes\/synalia\/assets\/img\/checkVert.webp\" alt=\"En stock\" \/><\/p>\n<div class=\"d-flex flex-column\">\n<p class=\"text-uppercase fw-bold ms-2 fs-extra-small fs-lg-paragraph-middle text-success\">Retrait en magasin<\/p>\n<\/div>\n<\/div>\n<div id=\"synalia_delivery_place\" class=\"item d-flex align-items-baseline mt-2 pt-1\">\n<p><img decoding=\"async\" src=\"https:\/\/www.montresandco.com\/themes\/synalia\/assets\/img\/checkVert.webp\" alt=\"En stock\" \/><\/p>\n<div class=\"d-flex flex-column\">\n<p class=\"text-uppercase fw-bold ms-2 fs-extra-small fs-lg-paragraph-middle text-success\">Livraison \u00e0 domicile ou en point relais<\/p>\n<p class=\"ms-2 me-2\"><span class=\"text-delivery col-lg-auto fs-extra-small fs-lg-paragraph-middle d-block mt-1\">\u00e0 partir du vendredi 23 Janvier<\/span><\/p>\n<\/div>\n<\/div>\n<\/div>\n<\/div>\n<div class=\"product-prices d-flex flex-column justify-content-center no-wrap mt-3\">\n<div class=\"d-flex product-price h5 justify-content-end \"><\/div>\n<\/div>\n<\/div>\n<\/div>\n<\/form>\n<\/div>\n<\/div>\n","protected":false},"featured_media":117,"comment_status":"open","ping_status":"closed","template":"","meta":{"site-sidebar-layout":"default","site-content-layout":"","ast-site-content-layout":"default","site-content-style":"default","site-sidebar-style":"default","ast-global-header-display":"","ast-banner-title-visibility":"","ast-main-header-display":"","ast-hfb-above-header-display":"","ast-hfb-below-header-display":"","ast-hfb-mobile-header-display":"","site-post-title":"","ast-breadcrumbs-content":"","ast-featured-img":"","footer-sml-layout":"","theme-transparent-header-meta":"default","adv-header-id-meta":"","stick-header-meta":"","header-above-stick-meta":"","header-main-stick-meta":"","header-below-stick-meta":"","astra-migrate-meta-layouts":"set","ast-page-background-enabled":"default","ast-page-background-meta":{"desktop":{"background-color":"var(--ast-global-color-5)","background-image":"","background-repeat":"repeat","background-position":"center center","background-size":"auto","background-attachment":"scroll","background-type":"","background-media":"","overlay-type":"","overlay-color":"","overlay-opacity":"","overlay-gradient":""},"tablet":{"background-color":"","background-image":"","background-repeat":"repeat","background-position":"center center","background-size":"auto","background-attachment":"scroll","background-type":"","background-media":"","overlay-type":"","overlay-color":"","overlay-opacity":"","overlay-gradient":""},"mobile":{"background-color":"","background-image":"","background-repeat":"repeat","background-position":"center center","background-size":"auto","background-attachment":"scroll","background-type":"","background-media":"","overlay-type":"","overlay-color":"","overlay-opacity":"","overlay-gradient":""}},"ast-content-background-meta":{"desktop":{"background-color":"var(--ast-global-color-4)","background-image":"","background-repeat":"repeat","background-position":"center center","background-size":"auto","background-attachment":"scroll","background-type":"","background-media":"","overlay-type":"","overlay-color":"","overlay-opacity":"","overlay-gradient":""},"tablet":{"background-color":"var(--ast-global-color-4)","background-image":"","background-repeat":"repeat","background-position":"center center","background-size":"auto","background-attachment":"scroll","background-type":"","background-media":"","overlay-type":"","overlay-color":"","overlay-opacity":"","overlay-gradient":""},"mobile":{"background-color":"var(--ast-global-color-4)","background-image":"","background-repeat":"repeat","background-position":"center center","background-size":"auto","background-attachment":"scroll","background-type":"","background-media":"","overlay-type":"","overlay-color":"","overlay-opacity":"","overlay-gradient":""}}},"product_brand":[],"product_cat":[17],"product_tag":[],"class_list":{"0":"post-115","1":"product","2":"type-product","3":"status-publish","4":"has-post-thumbnail","6":"product_cat-non-classe","7":"desktop-align-left","8":"tablet-align-left","9":"mobile-align-left","11":"first","12":"instock","13":"shipping-taxable","14":"purchasable","15":"product-type-simple"},"_links":{"self":[{"href":"https:\/\/supexup.formatome.fr\/2025-2026\/MCO1B\/14\/index.php?rest_route=\/wp\/v2\/product\/115","targetHints":{"allow":["GET"]}}],"collection":[{"href":"https:\/\/supexup.formatome.fr\/2025-2026\/MCO1B\/14\/index.php?rest_route=\/wp\/v2\/product"}],"about":[{"href":"https:\/\/supexup.formatome.fr\/2025-2026\/MCO1B\/14\/index.php?rest_route=\/wp\/v2\/types\/product"}],"replies":[{"embeddable":true,"href":"https:\/\/supexup.formatome.fr\/2025-2026\/MCO1B\/14\/index.php?rest_route=%2Fwp%2Fv2%2Fcomments&post=115"}],"wp:featuredmedia":[{"embeddable":true,"href":"https:\/\/supexup.formatome.fr\/2025-2026\/MCO1B\/14\/index.php?rest_route=\/wp\/v2\/media\/117"}],"wp:attachment":[{"href":"https:\/\/supexup.formatome.fr\/2025-2026\/MCO1B\/14\/index.php?rest_route=%2Fwp%2Fv2%2Fmedia&parent=115"}],"wp:term":[{"taxonomy":"product_brand","embeddable":true,"href":"https:\/\/supexup.formatome.fr\/2025-2026\/MCO1B\/14\/index.php?rest_route=%2Fwp%2Fv2%2Fproduct_brand&post=115"},{"taxonomy":"product_cat","embeddable":true,"href":"https:\/\/supexup.formatome.fr\/2025-2026\/MCO1B\/14\/index.php?rest_route=%2Fwp%2Fv2%2Fproduct_cat&post=115"},{"taxonomy":"product_tag","embeddable":true,"href":"https:\/\/supexup.formatome.fr\/2025-2026\/MCO1B\/14\/index.php?rest_route=%2Fwp%2Fv2%2Fproduct_tag&post=115"}],"curies":[{"name":"wp","href":"https:\/\/api.w.org\/{rel}","templated":true}]}}