{"id":124,"date":"2026-01-22T09:40:00","date_gmt":"2026-01-22T08:40:00","guid":{"rendered":"https:\/\/supexup.formatome.fr\/2025-2026\/MCO1B\/13\/?post_type=product&#038;p=124"},"modified":"2026-01-22T09:40:01","modified_gmt":"2026-01-22T08:40:01","slug":"montre-calypso-en-caoutchouc-rose","status":"publish","type":"product","link":"https:\/\/supexup.formatome.fr\/2025-2026\/MCO1B\/13\/?product=montre-calypso-en-caoutchouc-rose","title":{"rendered":"Montre Calypso en Caoutchouc Rose"},"content":{"rendered":"<h2 class=\"titleTab d-flex justify-content-between\">Description<\/h2>\n<div class=\"product-description paragraph-normal\">Montre Calyspo enfants &#8211; Sweet Time K5797\/1 Tendance et color\u00e9e, cette montre Calypso junior accompagnera nos enfants avec entrain dans leur quotidien ! Fabriqu\u00e9e dans une r\u00e9sine l\u00e9g\u00e8re et agr\u00e9able \u00e0 porter, elle est v\u00eatue de rose du bracelet jusqu&rsquo;au bo\u00eetier. Surmont\u00e9 d&rsquo;une lunette gradu\u00e9e, ce dernier affiche un style d\u00e9contract\u00e9 et sportif qui plaira \u00e0 toutes les petites filles ! Survol\u00e9 en rythme par trois aiguilles, le cadran de ce chouette mod\u00e8le affiche l&rsquo;heure avec un luxe de d\u00e9tails (minuterie et index en chiffres arabes). Agr\u00e9able \u00e0 porter gr\u00e2ce \u00e0 son d\u00e9licat bracelet travers\u00e9 de rayures horizontales, cette montre pour enfants pr\u00e9sente aussi l&rsquo;avantage d&rsquo;\u00eatre \u00e9tanche. &#8211; silhouette rose girly &#8211; mouvement trois aiguilles &#8211; bracelet textur\u00e9 agr\u00e9able \u00e0 porter &#8211; cadran clair au confort de lecture id\u00e9al &#8211; lunette gradu\u00e9e au \u00e0 l&rsquo;allure d\u00e9contract\u00e9e<\/div>\n","protected":false},"excerpt":{"rendered":"<div class=\"d-flex justify-content-between mt-2\">\n<div id=\"cc-information\" class=\"flex-grow-1 block-about me-2\" data-product_availability=\"last_remaining_items\" data-action=\"https:\/\/www.montresandco.com\/module\/sy_clickandcollect\/refresh\">\n<div class=\"cc-info\">\n<div id=\"synalia_pickup_store\" class=\"item d-flex align-items-baseline mt-2 pt-1\"><img decoding=\"async\" src=\"https:\/\/www.montresandco.com\/themes\/synalia\/assets\/img\/checkVert.webp\" alt=\"En stock\" \/><\/p>\n<div class=\"d-flex flex-column\">\n<p class=\"text-uppercase fw-bold ms-2 fs-extra-small fs-lg-paragraph-middle text-success\">Retrait en magasin<\/p>\n<\/div>\n<\/div>\n<div id=\"synalia_delivery_place\" class=\"item d-flex align-items-baseline mt-2 pt-1\"><img decoding=\"async\" src=\"https:\/\/www.montresandco.com\/themes\/synalia\/assets\/img\/checkVert.webp\" alt=\"En stock\" \/><\/p>\n<div class=\"d-flex flex-column\">\n<p class=\"text-uppercase fw-bold ms-2 fs-extra-small fs-lg-paragraph-middle text-success\">Livraison \u00e0 domicile ou en point relais<\/p>\n<p class=\"ms-2 me-2\"><span class=\"text-delivery col-lg-auto fs-extra-small fs-lg-paragraph-middle d-block mt-1\">\u00e0 partir du samedi 24 Janvier<\/span><\/p>\n<\/div>\n<\/div>\n<\/div>\n<\/div>\n<div class=\"product-prices d-flex flex-column justify-content-center no-wrap mt-3\">\n<div class=\"d-flex product-price h5 justify-content-end \"><\/div>\n<\/div>\n<\/div>\n","protected":false},"featured_media":125,"comment_status":"open","ping_status":"closed","template":"","meta":{"site-sidebar-layout":"default","site-content-layout":"","ast-site-content-layout":"default","site-content-style":"default","site-sidebar-style":"default","ast-global-header-display":"","ast-banner-title-visibility":"","ast-main-header-display":"","ast-hfb-above-header-display":"","ast-hfb-below-header-display":"","ast-hfb-mobile-header-display":"","site-post-title":"","ast-breadcrumbs-content":"","ast-featured-img":"","footer-sml-layout":"","theme-transparent-header-meta":"default","adv-header-id-meta":"","stick-header-meta":"","header-above-stick-meta":"","header-main-stick-meta":"","header-below-stick-meta":"","astra-migrate-meta-layouts":"set","ast-page-background-enabled":"default","ast-page-background-meta":{"desktop":{"background-color":"var(--ast-global-color-5)","background-image":"","background-repeat":"repeat","background-position":"center center","background-size":"auto","background-attachment":"scroll","background-type":"","background-media":"","overlay-type":"","overlay-color":"","overlay-opacity":"","overlay-gradient":""},"tablet":{"background-color":"","background-image":"","background-repeat":"repeat","background-position":"center center","background-size":"auto","background-attachment":"scroll","background-type":"","background-media":"","overlay-type":"","overlay-color":"","overlay-opacity":"","overlay-gradient":""},"mobile":{"background-color":"","background-image":"","background-repeat":"repeat","background-position":"center center","background-size":"auto","background-attachment":"scroll","background-type":"","background-media":"","overlay-type":"","overlay-color":"","overlay-opacity":"","overlay-gradient":""}},"ast-content-background-meta":{"desktop":{"background-color":"var(--ast-global-color-4)","background-image":"","background-repeat":"repeat","background-position":"center center","background-size":"auto","background-attachment":"scroll","background-type":"","background-media":"","overlay-type":"","overlay-color":"","overlay-opacity":"","overlay-gradient":""},"tablet":{"background-color":"var(--ast-global-color-4)","background-image":"","background-repeat":"repeat","background-position":"center center","background-size":"auto","background-attachment":"scroll","background-type":"","background-media":"","overlay-type":"","overlay-color":"","overlay-opacity":"","overlay-gradient":""},"mobile":{"background-color":"var(--ast-global-color-4)","background-image":"","background-repeat":"repeat","background-position":"center center","background-size":"auto","background-attachment":"scroll","background-type":"","background-media":"","overlay-type":"","overlay-color":"","overlay-opacity":"","overlay-gradient":""}}},"product_brand":[],"product_cat":[17],"product_tag":[],"class_list":{"0":"post-124","1":"product","2":"type-product","3":"status-publish","4":"has-post-thumbnail","6":"product_cat-non-classe","7":"desktop-align-left","8":"tablet-align-left","9":"mobile-align-left","11":"first","12":"instock","13":"shipping-taxable","14":"purchasable","15":"product-type-simple"},"_links":{"self":[{"href":"https:\/\/supexup.formatome.fr\/2025-2026\/MCO1B\/13\/index.php?rest_route=\/wp\/v2\/product\/124","targetHints":{"allow":["GET"]}}],"collection":[{"href":"https:\/\/supexup.formatome.fr\/2025-2026\/MCO1B\/13\/index.php?rest_route=\/wp\/v2\/product"}],"about":[{"href":"https:\/\/supexup.formatome.fr\/2025-2026\/MCO1B\/13\/index.php?rest_route=\/wp\/v2\/types\/product"}],"replies":[{"embeddable":true,"href":"https:\/\/supexup.formatome.fr\/2025-2026\/MCO1B\/13\/index.php?rest_route=%2Fwp%2Fv2%2Fcomments&post=124"}],"wp:featuredmedia":[{"embeddable":true,"href":"https:\/\/supexup.formatome.fr\/2025-2026\/MCO1B\/13\/index.php?rest_route=\/wp\/v2\/media\/125"}],"wp:attachment":[{"href":"https:\/\/supexup.formatome.fr\/2025-2026\/MCO1B\/13\/index.php?rest_route=%2Fwp%2Fv2%2Fmedia&parent=124"}],"wp:term":[{"taxonomy":"product_brand","embeddable":true,"href":"https:\/\/supexup.formatome.fr\/2025-2026\/MCO1B\/13\/index.php?rest_route=%2Fwp%2Fv2%2Fproduct_brand&post=124"},{"taxonomy":"product_cat","embeddable":true,"href":"https:\/\/supexup.formatome.fr\/2025-2026\/MCO1B\/13\/index.php?rest_route=%2Fwp%2Fv2%2Fproduct_cat&post=124"},{"taxonomy":"product_tag","embeddable":true,"href":"https:\/\/supexup.formatome.fr\/2025-2026\/MCO1B\/13\/index.php?rest_route=%2Fwp%2Fv2%2Fproduct_tag&post=124"}],"curies":[{"name":"wp","href":"https:\/\/api.w.org\/{rel}","templated":true}]}}