{"id":120,"date":"2026-01-22T09:36:14","date_gmt":"2026-01-22T08:36:14","guid":{"rendered":"https:\/\/supexup.formatome.fr\/2025-2026\/MCO1B\/13\/?post_type=product&#038;p=120"},"modified":"2026-01-22T09:36:58","modified_gmt":"2026-01-22T08:36:58","slug":"montre-fossil-jesse-en-acier-dore-rose","status":"publish","type":"product","link":"https:\/\/supexup.formatome.fr\/2025-2026\/MCO1B\/13\/?product=montre-fossil-jesse-en-acier-dore-rose","title":{"rendered":"Montre Fossil Jesse en Acier Dor\u00e9 Rose"},"content":{"rendered":"<h2 class=\"titleTab d-flex justify-content-between\">Description<\/h2>\n<div class=\"product-description paragraph-normal\">Montre Fossil femmes &#8211; Jesse ES3020 Tout juste arriv\u00e9e au sein de la famille Fossil, la montre Jesse a trouv\u00e9 la recette parfaite pour s\u00e9duire ! Facile \u00e0 porter en raison du diam\u00e8tre plut\u00f4t discret de son bo\u00eetier, elle ne manquera pourtant pas de se faire remarquer \u00e0 notre poignet. Sa silhouette est en effet habill\u00e9e d&rsquo;un rose gold ultra tendance, tandis que de superbes finitions polies lui donnent un \u00e9clat irr\u00e9sistible. Mais l&rsquo;atout majeur de cette montre Fossil pour femmes reste bien s\u00fbr son go\u00fbt sans limite pour tout ce qui brille ! Index, lunette, ou encore maillons du bracelet: autant d&rsquo;\u00e9l\u00e9ments qui sont recouverts de tr\u00e8s larges cristaux. Scintillant de mani\u00e8re envo\u00fbtante d\u00e8s que le poignet se met en mouvement, ils apportent une note f\u00e9minine et glamour \u00e0 l&rsquo;ensemble. &#8211; index en strass \u00e0 12h &#8211; bo\u00eetier de taille moyenne &#8211; cadran d\u00e9cor\u00e9 d&rsquo;un motif ondul\u00e9 &#8211; lunette et bracelet orn\u00e9s de cristaux &#8211; silhouette rose gold au top de la tendance<\/div>\n","protected":false},"excerpt":{"rendered":"<div class=\"d-flex justify-content-between mt-2\">\n<div id=\"cc-information\" class=\"flex-grow-1 block-about me-2\" data-product_availability=\"available\" data-action=\"https:\/\/www.montresandco.com\/module\/sy_clickandcollect\/refresh\">\n<div class=\"cc-info\">\n<div id=\"synalia_pickup_store\" class=\"item d-flex align-items-baseline mt-2 pt-1\">\n<div class=\"d-flex flex-column\">\n<p class=\"text-uppercase fw-bold ms-2 fs-extra-small fs-lg-paragraph-middle text-success\">Retrait en magasin<\/p>\n<\/div>\n<\/div>\n<div id=\"synalia_delivery_place\" class=\"item d-flex align-items-baseline mt-2 pt-1\"><img decoding=\"async\" src=\"https:\/\/www.montresandco.com\/themes\/synalia\/assets\/img\/checkVert.webp\" alt=\"En stock\" \/><\/p>\n<div class=\"d-flex flex-column\">\n<p class=\"text-uppercase fw-bold ms-2 fs-extra-small fs-lg-paragraph-middle text-success\">Livraison \u00e0 domicile ou en point relais<\/p>\n<p class=\"ms-2 me-2\"><span class=\"text-delivery col-lg-auto fs-extra-small fs-lg-paragraph-middle d-block mt-1\">\u00e0 partir du samedi 24 Janvier<\/span><\/p>\n<\/div>\n<\/div>\n<\/div>\n<\/div>\n<div class=\"product-prices d-flex flex-column justify-content-center no-wrap mt-3\">\n<div class=\"d-flex align-items-center cnt-text-oney flex-wrap flex-lg-nowrap\">OU PAYEZ EN<img decoding=\"async\" src=\"https:\/\/www.montresandco.com\/modules\/oney\/views\/img\/3xPastille.webp\" \/>OU<img decoding=\"async\" src=\"https:\/\/www.montresandco.com\/modules\/oney\/views\/img\/4xPastille.webp\" \/>PAR CARTE BANCAIRE\u00a0<button class=\"btn border-0 p-0 m-0\" type=\"button\" data-bs-toggle=\"modal\" data-bs-backdrop=\"false\" data-bs-target=\"#popupOney\"><\/button><\/div>\n<\/div>\n<\/div>\n","protected":false},"featured_media":121,"comment_status":"open","ping_status":"closed","template":"","meta":{"site-sidebar-layout":"default","site-content-layout":"","ast-site-content-layout":"default","site-content-style":"default","site-sidebar-style":"default","ast-global-header-display":"","ast-banner-title-visibility":"","ast-main-header-display":"","ast-hfb-above-header-display":"","ast-hfb-below-header-display":"","ast-hfb-mobile-header-display":"","site-post-title":"","ast-breadcrumbs-content":"","ast-featured-img":"","footer-sml-layout":"","theme-transparent-header-meta":"default","adv-header-id-meta":"","stick-header-meta":"","header-above-stick-meta":"","header-main-stick-meta":"","header-below-stick-meta":"","astra-migrate-meta-layouts":"set","ast-page-background-enabled":"default","ast-page-background-meta":{"desktop":{"background-color":"var(--ast-global-color-5)","background-image":"","background-repeat":"repeat","background-position":"center center","background-size":"auto","background-attachment":"scroll","background-type":"","background-media":"","overlay-type":"","overlay-color":"","overlay-opacity":"","overlay-gradient":""},"tablet":{"background-color":"","background-image":"","background-repeat":"repeat","background-position":"center center","background-size":"auto","background-attachment":"scroll","background-type":"","background-media":"","overlay-type":"","overlay-color":"","overlay-opacity":"","overlay-gradient":""},"mobile":{"background-color":"","background-image":"","background-repeat":"repeat","background-position":"center center","background-size":"auto","background-attachment":"scroll","background-type":"","background-media":"","overlay-type":"","overlay-color":"","overlay-opacity":"","overlay-gradient":""}},"ast-content-background-meta":{"desktop":{"background-color":"var(--ast-global-color-4)","background-image":"","background-repeat":"repeat","background-position":"center center","background-size":"auto","background-attachment":"scroll","background-type":"","background-media":"","overlay-type":"","overlay-color":"","overlay-opacity":"","overlay-gradient":""},"tablet":{"background-color":"var(--ast-global-color-4)","background-image":"","background-repeat":"repeat","background-position":"center center","background-size":"auto","background-attachment":"scroll","background-type":"","background-media":"","overlay-type":"","overlay-color":"","overlay-opacity":"","overlay-gradient":""},"mobile":{"background-color":"var(--ast-global-color-4)","background-image":"","background-repeat":"repeat","background-position":"center center","background-size":"auto","background-attachment":"scroll","background-type":"","background-media":"","overlay-type":"","overlay-color":"","overlay-opacity":"","overlay-gradient":""}}},"product_brand":[],"product_cat":[17],"product_tag":[],"class_list":{"0":"post-120","1":"product","2":"type-product","3":"status-publish","4":"has-post-thumbnail","6":"product_cat-non-classe","7":"desktop-align-left","8":"tablet-align-left","9":"mobile-align-left","11":"first","12":"instock","13":"shipping-taxable","14":"purchasable","15":"product-type-simple"},"_links":{"self":[{"href":"https:\/\/supexup.formatome.fr\/2025-2026\/MCO1B\/13\/index.php?rest_route=\/wp\/v2\/product\/120","targetHints":{"allow":["GET"]}}],"collection":[{"href":"https:\/\/supexup.formatome.fr\/2025-2026\/MCO1B\/13\/index.php?rest_route=\/wp\/v2\/product"}],"about":[{"href":"https:\/\/supexup.formatome.fr\/2025-2026\/MCO1B\/13\/index.php?rest_route=\/wp\/v2\/types\/product"}],"replies":[{"embeddable":true,"href":"https:\/\/supexup.formatome.fr\/2025-2026\/MCO1B\/13\/index.php?rest_route=%2Fwp%2Fv2%2Fcomments&post=120"}],"wp:featuredmedia":[{"embeddable":true,"href":"https:\/\/supexup.formatome.fr\/2025-2026\/MCO1B\/13\/index.php?rest_route=\/wp\/v2\/media\/121"}],"wp:attachment":[{"href":"https:\/\/supexup.formatome.fr\/2025-2026\/MCO1B\/13\/index.php?rest_route=%2Fwp%2Fv2%2Fmedia&parent=120"}],"wp:term":[{"taxonomy":"product_brand","embeddable":true,"href":"https:\/\/supexup.formatome.fr\/2025-2026\/MCO1B\/13\/index.php?rest_route=%2Fwp%2Fv2%2Fproduct_brand&post=120"},{"taxonomy":"product_cat","embeddable":true,"href":"https:\/\/supexup.formatome.fr\/2025-2026\/MCO1B\/13\/index.php?rest_route=%2Fwp%2Fv2%2Fproduct_cat&post=120"},{"taxonomy":"product_tag","embeddable":true,"href":"https:\/\/supexup.formatome.fr\/2025-2026\/MCO1B\/13\/index.php?rest_route=%2Fwp%2Fv2%2Fproduct_tag&post=120"}],"curies":[{"name":"wp","href":"https:\/\/api.w.org\/{rel}","templated":true}]}}