{"id":114,"date":"2026-01-22T09:25:06","date_gmt":"2026-01-22T08:25:06","guid":{"rendered":"https:\/\/supexup.formatome.fr\/2025-2026\/MCO1B\/13\/?post_type=product&#038;p=114"},"modified":"2026-01-22T09:33:31","modified_gmt":"2026-01-22T08:33:31","slug":"montre-fossil-carlie-en-acier-dore-rose","status":"publish","type":"product","link":"https:\/\/supexup.formatome.fr\/2025-2026\/MCO1B\/13\/?product=montre-fossil-carlie-en-acier-dore-rose","title":{"rendered":"Montre Fossil Carlie en Acier Dor\u00e9 Rose"},"content":{"rendered":"<h2 class=\"titleTab d-flex justify-content-between\">Description<\/h2>\n<div class=\"product-description paragraph-normal\">Montre Fossil femmes &#8211; Carlie ES4301 Avec l&rsquo;arriv\u00e9e de Carlie au sein de la collection pour femmes, le style des montres Fossil change de cap ! Autrefois casual et r\u00e9tro, il se montre d\u00e9sormais plus glamour que jamais&#8230; Destin\u00e9 \u00e0 toutes celles qui aiment afficher des looks sophistiqu\u00e9s, ce mod\u00e8le Fossil vous s\u00e9duira d&rsquo;abord par son exquise brillance. Des finitions polies de son PVD gold rose, sans oublier les nombreux strass qui illuminent les d\u00e9tails de son irr\u00e9sistible silhouette: cette montre Fossil pour femmes d\u00e9gage un \u00e9clat sans pareil d\u00e8s que le poignet se met \u00e0 bouger. Afin d&rsquo;apporter une touche d&rsquo;\u00e9l\u00e9gance \u00e0 l&rsquo;ensemble, ses index ont parfois pris la forme d&rsquo;ind\u00e9modables chiffres romains. En d\u00e9pit d&rsquo;un harmonieux ton sur ton, ils se r\u00e9v\u00e8lent faciles \u00e0 lire, gr\u00e2ce au cadran soleill\u00e9 qui adopte des reflets changeants. &#8211; trotteuse centrale &#8211; \u00e9l\u00e9gants index romains &#8211; total look gold rose ultra glamour &#8211; lunette et maillons sertis de strass &#8211; aiguilles \u00e0 rev\u00eatement luminescent<\/div>\n","protected":false},"excerpt":{"rendered":"<div class=\"d-flex justify-content-between mt-2\">\n<div id=\"cc-information\" class=\"flex-grow-1 block-about me-2\" data-product_availability=\"available\" data-action=\"https:\/\/www.montresandco.com\/module\/sy_clickandcollect\/refresh\">\n<div class=\"cc-info\">\n<div id=\"synalia_pickup_store\" class=\"item d-flex align-items-baseline mt-2 pt-1\">\n<div class=\"d-flex flex-column\">\n<p class=\"text-uppercase fw-bold ms-2 fs-extra-small fs-lg-paragraph-middle text-success\">Retrait en magasin<\/p>\n<\/div>\n<\/div>\n<div id=\"synalia_delivery_place\" class=\"item d-flex align-items-baseline mt-2 pt-1\">\n<p><img decoding=\"async\" src=\"https:\/\/www.montresandco.com\/themes\/synalia\/assets\/img\/checkVert.webp\" alt=\"En stock\" \/><\/p>\n<div class=\"d-flex flex-column\">\n<p class=\"text-uppercase fw-bold ms-2 fs-extra-small fs-lg-paragraph-middle text-success\">Livraison \u00e0 domicile ou en point relais<\/p>\n<p class=\"ms-2 me-2\"><span class=\"text-delivery col-lg-auto fs-extra-small fs-lg-paragraph-middle d-block mt-1\">\u00e0 partir du samedi 24 Janvier<\/span><\/p>\n<\/div>\n<\/div>\n<\/div>\n<\/div>\n<div class=\"product-prices d-flex flex-column justify-content-center no-wrap mt-3\">\n<div class=\"d-flex product-price h5 justify-content-end \"><\/div>\n<div class=\"d-flex align-items-center cnt-text-oney flex-wrap flex-lg-nowrap\">OU PAYEZ EN<img decoding=\"async\" src=\"https:\/\/www.montresandco.com\/modules\/oney\/views\/img\/3xPastille.webp\" \/>OU<img decoding=\"async\" src=\"https:\/\/www.montresandco.com\/modules\/oney\/views\/img\/4xPastille.webp\" \/>PAR CARTE BANCAIRE\u00a0<button class=\"btn border-0 p-0 m-0\" type=\"button\" data-bs-toggle=\"modal\" data-bs-backdrop=\"false\" data-bs-target=\"#popupOney\"><\/button><\/div>\n<\/div>\n<\/div>\n","protected":false},"featured_media":115,"comment_status":"open","ping_status":"closed","template":"","meta":{"site-sidebar-layout":"default","site-content-layout":"","ast-site-content-layout":"default","site-content-style":"default","site-sidebar-style":"default","ast-global-header-display":"","ast-banner-title-visibility":"","ast-main-header-display":"","ast-hfb-above-header-display":"","ast-hfb-below-header-display":"","ast-hfb-mobile-header-display":"","site-post-title":"","ast-breadcrumbs-content":"","ast-featured-img":"","footer-sml-layout":"","theme-transparent-header-meta":"default","adv-header-id-meta":"","stick-header-meta":"","header-above-stick-meta":"","header-main-stick-meta":"","header-below-stick-meta":"","astra-migrate-meta-layouts":"set","ast-page-background-enabled":"default","ast-page-background-meta":{"desktop":{"background-color":"var(--ast-global-color-5)","background-image":"","background-repeat":"repeat","background-position":"center center","background-size":"auto","background-attachment":"scroll","background-type":"","background-media":"","overlay-type":"","overlay-color":"","overlay-opacity":"","overlay-gradient":""},"tablet":{"background-color":"","background-image":"","background-repeat":"repeat","background-position":"center center","background-size":"auto","background-attachment":"scroll","background-type":"","background-media":"","overlay-type":"","overlay-color":"","overlay-opacity":"","overlay-gradient":""},"mobile":{"background-color":"","background-image":"","background-repeat":"repeat","background-position":"center center","background-size":"auto","background-attachment":"scroll","background-type":"","background-media":"","overlay-type":"","overlay-color":"","overlay-opacity":"","overlay-gradient":""}},"ast-content-background-meta":{"desktop":{"background-color":"var(--ast-global-color-4)","background-image":"","background-repeat":"repeat","background-position":"center center","background-size":"auto","background-attachment":"scroll","background-type":"","background-media":"","overlay-type":"","overlay-color":"","overlay-opacity":"","overlay-gradient":""},"tablet":{"background-color":"var(--ast-global-color-4)","background-image":"","background-repeat":"repeat","background-position":"center center","background-size":"auto","background-attachment":"scroll","background-type":"","background-media":"","overlay-type":"","overlay-color":"","overlay-opacity":"","overlay-gradient":""},"mobile":{"background-color":"var(--ast-global-color-4)","background-image":"","background-repeat":"repeat","background-position":"center center","background-size":"auto","background-attachment":"scroll","background-type":"","background-media":"","overlay-type":"","overlay-color":"","overlay-opacity":"","overlay-gradient":""}}},"product_brand":[],"product_cat":[17],"product_tag":[],"class_list":{"0":"post-114","1":"product","2":"type-product","3":"status-publish","4":"has-post-thumbnail","6":"product_cat-non-classe","7":"desktop-align-left","8":"tablet-align-left","9":"mobile-align-left","11":"first","12":"instock","13":"shipping-taxable","14":"purchasable","15":"product-type-simple"},"_links":{"self":[{"href":"https:\/\/supexup.formatome.fr\/2025-2026\/MCO1B\/13\/index.php?rest_route=\/wp\/v2\/product\/114","targetHints":{"allow":["GET"]}}],"collection":[{"href":"https:\/\/supexup.formatome.fr\/2025-2026\/MCO1B\/13\/index.php?rest_route=\/wp\/v2\/product"}],"about":[{"href":"https:\/\/supexup.formatome.fr\/2025-2026\/MCO1B\/13\/index.php?rest_route=\/wp\/v2\/types\/product"}],"replies":[{"embeddable":true,"href":"https:\/\/supexup.formatome.fr\/2025-2026\/MCO1B\/13\/index.php?rest_route=%2Fwp%2Fv2%2Fcomments&post=114"}],"wp:featuredmedia":[{"embeddable":true,"href":"https:\/\/supexup.formatome.fr\/2025-2026\/MCO1B\/13\/index.php?rest_route=\/wp\/v2\/media\/115"}],"wp:attachment":[{"href":"https:\/\/supexup.formatome.fr\/2025-2026\/MCO1B\/13\/index.php?rest_route=%2Fwp%2Fv2%2Fmedia&parent=114"}],"wp:term":[{"taxonomy":"product_brand","embeddable":true,"href":"https:\/\/supexup.formatome.fr\/2025-2026\/MCO1B\/13\/index.php?rest_route=%2Fwp%2Fv2%2Fproduct_brand&post=114"},{"taxonomy":"product_cat","embeddable":true,"href":"https:\/\/supexup.formatome.fr\/2025-2026\/MCO1B\/13\/index.php?rest_route=%2Fwp%2Fv2%2Fproduct_cat&post=114"},{"taxonomy":"product_tag","embeddable":true,"href":"https:\/\/supexup.formatome.fr\/2025-2026\/MCO1B\/13\/index.php?rest_route=%2Fwp%2Fv2%2Fproduct_tag&post=114"}],"curies":[{"name":"wp","href":"https:\/\/api.w.org\/{rel}","templated":true}]}}